{"id":14728,"date":"2024-09-19T23:40:30","date_gmt":"2024-09-19T23:40:30","guid":{"rendered":"https:\/\/travelshelper.com\/staging\/?page_id=14728"},"modified":"2026-03-11T18:35:30","modified_gmt":"2026-03-11T18:35:30","slug":"grad-malaka","status":"publish","type":"page","link":"https:\/\/travelshelper.com\/sr\/destinations\/asia\/malaysia\/malacca-city\/","title":{"rendered":"Grad Malaka"},"content":{"rendered":"<p>Grad Malaka, poznat na malajskom kao Bandaraja Melaka ili Kota Melaka, zauzima uzak pojas zemlje na obe obale reke koja nosi njegovo ime, blizu mesta gde se ona uliva u Malakski moreuz. Kao najraniji urbani centar na ovom klju\u010dnom morskom putu, slojevita istorija grada odjekuje u svakoj cigli i kaldrmi. NJegove ulice \u0161apu\u0107u o bekstvu sumatranskog princa, o suparni\u010dkim carstvima koja se sukobljavaju za kontrolu nad najva\u017enijom pomorskom arterijom Azije i o bezbroj du\u0161a - trgovaca, hodo\u010dasnika, vojnika - koji su prolazili kroz njegove luke tokom vi\u0161e od \u0161est vekova.<\/p>\n\n\n\n<p>Od trenutka kada je Parame\u0161vara, pobegnuv\u0161i od kolapsa \u0160rivid\u017eaje od strane Mad\u017eapahitskih snaga, postavila temelje za ono \u0161to \u0107e postati Malakski sultanat, ovo naselje je privla\u010dilo pa\u017enju. Pod vladavinom sultana Iskandara \u0160aha i njegovih naslednika, trgova\u010dki brodovi koji su prevozili za\u010dine, tekstil, plemenite metale i porcelan nalazili su ovde sigurno uto\u010di\u0161te. Kineske d\u017eunke i arapski jedrenjaci, ju\u017enoazijski brodovi i javanski prahui slivale su se u njegovu luku, stvaraju\u0107i kosmopolitski milje bez premca u regionu. Pravni kodeks i administrativni sistem sultanata vremenom \u0107e uticati na malajska dru\u0161tva \u0161irom arhipelaga, dok je njegov dvor postao sinonim za prefinjenost i u\u010denje.<\/p>\n\n\n\n<p>To zlatno doba zavr\u0161ilo se 1511. godine, kada su portugalske snage zauzele gradsku tvr\u0111avu. Skromni ostatak tog upori\u0161ta \u2014 Porta de Santijago \u2014 i dalje stoji kao usamljeni stra\u017ear iznad obale reke, sa kamenjem obraslim mahovinom. U decenijama koje su usledile, Malaka je oscilirala izme\u0111u ambicija susednih sultanata i planova evropskih kolonizatora. Napadi A\u0107eha po\u010detkom 17. veka oslabili su portugalsku vlast, \u010dak i kada su vladari D\u017dohora, u savezu sa Holandskom isto\u010dnoindijskom kompanijom, oteli grad 1641. godine. Kada su unutra\u0161nji sporovi podelili carstvo D\u017dohor-Rijau na odvojene malajske i bugiske dr\u017eave, Britanci \u2014 zabrinuti zbog holandskog uticaja \u2014 intervenisali su. NJihova uloga u regionalnim poslovima porasla je kroz sporazume i stacioniranje trupa, \u0161to je kulminiralo uklju\u010divanjem Malake u naselja u moreuzu, pored Penanga i Singapura.<\/p>\n\n\n\n<p>Pod britanskom upravom, gradske ulice su se pro\u0161irile izvan kolonijalnog jezgra, isprepli\u0107u\u0107i kineske prodavnice, indijske hramove i d\u017eamije u pejza\u017eu slojevitih lojalnosti i isprepletanih zajednica. Ipak, modernizacija je stigla neravnomerno; veli\u010danstvene viktorijanske zgrade delile su uli\u010dni prostor sa trikolicama koje su zapregale konji, a tradicionalne kampung (seoske) ku\u0107e grani\u010dile su se sa novim saveznim putevima. Japanska okupacija od 1942. do 1945. godine donela je te\u0161ko\u0107e: mnogi stanovnici su deportovani na prisilni rad na onome \u0161to \u0107e biti poznato kao \u017deleznica smrti u Burmi. Oslobo\u0111enje je obnovilo britanski uticaj, a Malaka je povratila svoj status glavnog grada dr\u017eave sve do formiranja Malezije 1963. godine.<\/p>\n\n\n\n<p>Godine 2008, priznanje od strane UNESKO-a, zajedno sa D\u017dord\u017etaunom u Penangu, potvrdilo je \u017eivo nasle\u0111e Malake. Danas je njeno istorijsko jezgro \u2013 sa sredi\u0161tem na brdu Svetog Pavla i Holandskom trgu \u2013 za\u0161ti\u0107eno ne samo kao zbirka spomenika ve\u0107 i kao okrug u kome se svakodnevni \u017eivot odvija usred ostataka carstva. \u0160tathajs, nekada holandska gradska ve\u0107nica, sme\u0161ta Muzeje istorije i etnografije; grimizno crvena fasada Hristove crkve i dalje bdi nad ulicom Trafalgar. Na padinama Bukit Sine nalazi se jedno od najve\u0107ih kineskih groblja u jugoisto\u010dnoj Aziji, a njegovi nadgrobni spomenici obele\u017eavaju vi\u0161e od tri veka neprekidnog zato\u010denja.<\/p>\n\n\n\n<p>Savremena Malaka se prostire na vi\u0161e od svoje UNESKO zone. Projekti melioracije zemlji\u0161ta na jugu udvostru\u010dili su izgra\u0111enu povr\u0161inu grada, stvaraju\u0107i nove \u0161etali\u0161ta uz obalu i nebodere. Ravan teren, blago talasast u unutra\u0161njosti, podr\u017eava urbani otisak koji se prote\u017ee otprilike 152 kilometra od Kuala Lumpura putem. Reka Malaka, nekada krvotok trgovine, sada nosi krstarenja sa ve\u010derom ispod lu\u010dnih mostova, povezuju\u0107i pro\u0161lost i sada\u0161njost dok \u010damci obu\u010deni batikom plove pored obnovljenih skladi\u0161ta.<\/p>\n\n\n\n<p>Pod uticajem tropske ki\u0161ne \u0161ume, grad ne poznaje ni pravu su\u0161nu sezonu niti hladni period. Padavine prelaze 100 mm svakog meseca, ali ostaju malo ispod proseka poluostrva od 2.500 mm godi\u0161nje. Vla\u017enost vazduha je iznad 80 procenata tokom cele godine, vazduh je ispunjen mirisom fran\u017eipanija i morske prskalice. Takva konstanta omogu\u0107ava posetiocima da istra\u017euju bez prekida, iako iznenadni pljuskovi \u010desto zahvate krajem popodneva.<\/p>\n\n\n\n<p>Demografski gledano, grad Malaka je tapiserija nasle\u0111enih zajednica. Prema popisu iz 2010. godine, njegovih skoro pola miliona stanovnika \u010dinili su ve\u0107inu Malajci, zna\u010dajna kineska manjina, zna\u010dajan indijski i evroazijski kontingent i male grupe iseljenika. Me\u0161oviti brakovi tokom vekova doveli su do pojave naroda Peranakan (Baba NJonja), \u010citi i Kristang \u2013 svaki od njih nosi kreolske jezike i hibridne obi\u010daje. D\u017damije, hramovi i crkve stoje rame uz rame: islam, budizam, hinduizam, hri\u0161\u0107anstvo i kineske narodne religije koegzistiraju u naseljima gde se vi\u0161e molitvenih ku\u0107a susre\u0107e u \u201eUlici harmonije\u201c.<\/p>\n\n\n\n<p>Ekonomski gledano, turizam \u010dini okosnicu grada. Iz godine u godinu, me\u0111unarodne konferencije ispunjavaju dvorane Me\u0111unarodnog trgovinskog centra Malaka, dok vo\u0111ene \u0161etnje du\u017e Jonker Vok-a o\u017eivljavaju vikende. Prodavnice za\u010dina u Maloj Indiji, drveni bungalovi u portugalskom naselju ukra\u0161eni plavo-belim plo\u010dicama i verna replika Flor de la Mar u Pomorskom muzeju privla\u010de radoznale putnike. Grad se nalazi du\u017e predlo\u017eenog kineskog Pomorskog puta svile, \u0161to je znak po\u0161tovanja prema njegovoj ulozi predaka u globalnoj razmeni. Ambicije za novi trgova\u010dki centar Hang Tuah obe\u0107avaju dalju integraciju trgovine, obrazovanja i ugostiteljstva u srcu starog grada.<\/p>\n\n\n\n<p>Kretanje kroz Malaku kre\u0107e se od svakodnevnih do neobi\u010dnih. Federalni pravci se uklju\u010duju u autoput Sever-Jug; Malaka Sentral centralizuje me\u0111ugradske autobuske i taksi veze. Elegantni taksiji povezuju grad sa Singapurom, dok lokalni rik\u0161e nude nostalgi\u010dne vo\u017enje oko Holandskog trga. \u0160ine - nekada uni\u0161tene u ratno vreme - vratile su se u obliku KTM \u0161atla do Serembana i monorelske pruge u Malaki, ponovo pokrenute 2017. godine nakon godina pauze. Planovi za tramvaj na komprimovani prirodni gas i most preko moreuza do Dumaija na Sumatri povremeno su se pojavljivali, iako su samo re\u010dno krstarenje i monorelska pruga ostali pouzdani ure\u0111aji.<\/p>\n\n\n\n<p>Kulturne znamenitosti prote\u017eu se i van evropske \u010detvrti. \u010ceng Hun Teng, najstariji kineski hram u Maleziji, i dalje obavlja rituale unutar svoje rezbarene drvene fasade. Hram Sri Pojata Vinajagar Murti i d\u017eamija Kampung Kling uokviruju ukr\u0161teni verski koridor. Kratka uzbrdo vodi do ru\u0161evina crkve Svetog Pavla, gde se portugalski i holandski epitafi zamagljuju ispod mahovinom obraslih zidova. Muzeji se nalaze du\u017e ulice D\u017dalan Kota: Muzej malajskog i islamskog sveta, Muzej po\u0161tanskih markica i Muzej palate sultanata Melaka - rekonstrukcija drvene palate sultana Mansura \u0160aha iz 1985. godine - nude narativnu dubinu o bogatoj pro\u0161losti grada.<\/p>\n\n\n\n<p>Nijedan portret Malake nije potpun bez njene hrane. Peranakanske kuhinje proizvode ajam pongteh - bogato \u017eivinsko jelo kuvano u sosu od fermentisanog pasulja - i ajam buah keluak, jelo napravljeno od gorkog tropskog ora\u0161astog vo\u0107a. Prodavci pored ulice oblikuju hainanski pile\u0107i pirina\u010d u savr\u0161ene sfere, pri \u010demu je svako zrno veli\u010dine loptice za ping-pong posuda za suptilno za\u010dinjenu pile\u0107u \u010dorbu. Tezge sa sataj \u010delupom pokazuju ra\u017enji\u0107e od morskih plodova i povr\u0107a, pozivaju\u0107i goste da umo\u010de ponudu u klju\u010dali posudu sa sosom od kikirikija - zajedni\u010dku gozbu za\u010dina i smeha. U Portugalskom naselju, porodice se okupljaju uz \u0111avolske karije i tanjire sa morskim plodovima, a njihova hri\u0161\u0107anska kreolska hrana podse\u0107a na dolaske iz 16. veka.<\/p>\n\n\n\n<p>Kroz vekove previranja i obnove, grad Malaka opstaje kao ogledalo regionalne istorije. NJegove ulice i znamenitosti svedo\u010de o carstvu i razmeni, sukobu i saradnji. Pa ipak, iza ovih velikih narativa le\u017ee ritmovi svakodnevnog \u017eivota: poziv na molitvu u zoru, kliktanje plo\u010dica Mad\u017eong u ku\u0107i klana, karneval no\u0107ne pijace Jonker Voka. Ovde je sada\u0161njost neodvojiva od pro\u0161losti, a svaki kutak krije pri\u010du koja \u010deka pa\u017eljivog \u010ditaoca. U Malaki, vreme se kre\u0107e poput reke - postojano, duboko i uvek ka moru.<\/p>","protected":false},"excerpt":{"rendered":"<p>Malaka Siti, sa populacijom od 579.000 u 2019, slu\u017ei kao glavni grad malezijske dr\u017eave Malaka, koja se nalazi u okrugu Melaka Tengah. To je najstariji malezijski grad u Mala\u010dkom moreuzu, koji je stekao slavu kao prosperitetno preduze\u0107e tokom ere Mala\u010dkog sultanata. Po\u010deci grada mogu se pratiti od Paramesvare, sumatranskog vladara koji je potra\u017eio uto\u010di\u0161te na Malajskom poluostrvu nakon propasti \u0160rivijaje zbog Mad\u017eapahita. Pod njegovim vo\u0111stvom osnovan je Sultanat Malaka, koji je privukao trgovce sa Bliskog istoka, ju\u017ene Azije i isto\u010dne Azije, zajedno sa Portugalcima, koji su imali za cilj da kontroli\u0161u azijske trgova\u010dke puteve.<\/p>","protected":false},"author":1,"featured_media":2797,"parent":14710,"menu_order":0,"comment_status":"closed","ping_status":"closed","template":"elementor_theme","meta":{"_eb_attr":"","footnotes":""},"class_list":["post-14728","page","type-page","status-publish","has-post-thumbnail"],"_links":{"self":[{"href":"https:\/\/travelshelper.com\/sr\/wp-json\/wp\/v2\/pages\/14728","targetHints":{"allow":["GET"]}}],"collection":[{"href":"https:\/\/travelshelper.com\/sr\/wp-json\/wp\/v2\/pages"}],"about":[{"href":"https:\/\/travelshelper.com\/sr\/wp-json\/wp\/v2\/types\/page"}],"author":[{"embeddable":true,"href":"https:\/\/travelshelper.com\/sr\/wp-json\/wp\/v2\/users\/1"}],"replies":[{"embeddable":true,"href":"https:\/\/travelshelper.com\/sr\/wp-json\/wp\/v2\/comments?post=14728"}],"version-history":[{"count":0,"href":"https:\/\/travelshelper.com\/sr\/wp-json\/wp\/v2\/pages\/14728\/revisions"}],"up":[{"embeddable":true,"href":"https:\/\/travelshelper.com\/sr\/wp-json\/wp\/v2\/pages\/14710"}],"wp:featuredmedia":[{"embeddable":true,"href":"https:\/\/travelshelper.com\/sr\/wp-json\/wp\/v2\/media\/2797"}],"wp:attachment":[{"href":"https:\/\/travelshelper.com\/sr\/wp-json\/wp\/v2\/media?parent=14728"}],"curies":[{"name":"wp","href":"https:\/\/api.w.org\/{rel}","templated":true}]}}