{"id":14692,"date":"2024-09-19T23:02:15","date_gmt":"2024-09-19T23:02:15","guid":{"rendered":"https:\/\/travelshelper.com\/staging\/?page_id=14692"},"modified":"2026-03-11T18:14:42","modified_gmt":"2026-03-11T18:14:42","slug":"laos","status":"publish","type":"page","link":"https:\/\/travelshelper.com\/sr\/destinations\/asia\/laos\/","title":{"rendered":"Laos"},"content":{"rendered":"<p>Laos, ranije poznat kao Laoska Narodna Demokratska Republika, zauzima centralni polo\u017eaj u kontinentalnom delu jugoisto\u010dne Azije. Bez izlaza na more i definisan planinskim konturama, grani\u010di se sa Mjanmarom i Kinom na severozapadu, Vijetnamom na istoku, Kambod\u017eom na jugoistoku i Tajlandom na zapadu i jugozapadu. Reka Mekong se\u010de ve\u0107i deo njene zapadne granice, usecaju\u0107i strme obale i poplavne ravnice koje se na suprotnoj strani isti\u010du visokim Anamitskim planinskim vencem. Sa procenjenom populacijom od 7,95 miliona u 2024. godini, Laos je na 103. mestu u svetu po veli\u010dini stanovni\u0161tva, a njegov glavni grad, Vijentijan, slu\u017ei kao administrativni i kulturni centar.<\/p>\n\n\n\n<p>Teren zemlje se prirodno deli na tri regiona: surovi sever, isprekidan visoravanom Sjangkoang i vrhovima kao \u0161to je Fu Bia (2.818 m); centralni pojas, obele\u017een \u0161irokim re\u010dnim dolinama i ra\u0161trkanim kra\u0161kim formacijama; i ju\u017ene ravnice oko visoravni Bolaven, gde bazaltna tla i vodopadi oblikuju pejza\u017e. \u0160ume prekrivaju polovinu zemlje, gde se nalaze nacionalni parkovi poput Nam Et-Fu Luej, dom retkih sisara, uklju\u010duju\u0107i severnog beloobrazog gibona i saolu. Od 1993. godine, vlada je rezervisala 21 procenat teritorije za za\u0161titu. Pa ipak, Laos se tako\u0111e nalazi unutar \u201eZlatnog trougla\u201c, podru\u010dja nekada poznatog po proizvodnji opijuma, gde je uzgoj opao sa 18 km\u00b2 u 2006. na 15 km\u00b2 do 2007. godine.<\/p>\n\n\n\n<p>Klimatski obrasci prate monsunski ciklus. Od maja do oktobra, vla\u017eni vetrovi donose obilne padavine; suvi period obuhvata period od novembra do aprila, tradicionalno podeljen na hladne i tople sezone. Ovi ritmovi usmeravaju poljoprivredne aktivnosti, posebno uzgoj pirin\u010da: otprilike \u010detiri petine obradivog zemlji\u0161ta pokrivaju pirin\u010dana polja, a tri \u010detvrtine poljoprivrednih doma\u0107instava proizvode dovoljno pirin\u010da za sopstvene potrebe. Me\u0111unarodni institut za istra\u017eivanje pirin\u010da sara\u0111ivao je sa lokalnim vlastima kako bi katalogizovao \u0161irok spektar sorti pirin\u010da u zemlji.<\/p>\n\n\n\n<p>Laos vodi svoj identitet do kraljevstva Lan Ksang, osnovanog u 13. veku i trajalo je do njegove podele 1707. godine na kne\u017eevine Luang Prabang, Vijentijan i \u010campasak. Godine 1893, one su uklju\u010dene u Francusku Indokinu. Nakon kratkog japanskog nadzora tokom Drugog svetskog rata, Laos je proglasio nezavisnost 1945. godine, vratio se pod francusku kontrolu do 1949. godine, a zatim je obezbedio puni suverenitet 1953. godine pod kraljem Sisavang Vongom. Gra\u0111anski sukob iz 1959. godine zavr\u0161en je 1975. godine usponom Laoske Narodne Demokratske Republike, kojom je vladala Lao\u0161ka Narodno-revolucionarna partija. Dr\u017eava je odr\u017eavala bliske veze sa sovjetskim blokom do 1991. godine. Od tada je uvela tr\u017ei\u0161ne reforme, dok je ostala jedna od pet komunisti\u010dkih jednopartijskih dr\u017eava \u0161irom sveta. Organizacije za ljudska prava kritikovale su ograni\u010denja izra\u017eavanja i progon manjina. Politi\u010dki posmatra\u010di \u010desto nazivaju sistem autoritarnim.<\/p>\n\n\n\n<p>Ekonomska politika nagla\u0161ava regionalnu integraciju. Pokretanje \u017eeleznice Laos-Kina, duge 414 km, povezalo je Vijentijan sa Kunmingom 2021. godine, smanjuju\u0107i vreme putovanja i otvaraju\u0107i nove koridore za trgovinu. U\u010de\u0161\u0107e u programu Velikog podregiona Mekong podstaklo je prekograni\u010dne infrastrukturne i hidroenergetske projekte. Svetska banka bele\u017ei prose\u010dan godi\u0161nji rast BDP-a od 7,4 procenta od 2009. godine, pokrenut turizmom, izvozom energije i stranim investicijama. Kina je najve\u0107i strani investitor od kraja 1980-ih, a slede je Tajland i Vijetnam. Laos izvozi hidroelektri\u010dnu energiju \u2013 preko 8.000 MW od potencijalnih 18.000 MW kapaciteta je namenjeno regionalnim mre\u017eama \u2013 i \u0161alje minerale poput bakra i zlata na globalna tr\u017ei\u0161ta. Pa ipak, Ujedinjene nacije i dalje klasifikuju Laos kao najmanje razvijenu zemlju. \u010clanstvo u ASEAN-u, Svetskoj trgovinskoj organizaciji i Frankofoniji ozna\u010dava njegov diplomatski domet.<\/p>\n\n\n\n<p>Administrativno, Laos obuhvata 17 provincija i prefekturu Vijentijan. Telekomunikacije dopiru do preko 90 procenata doma\u0107instava, a pristup elektri\u010dnoj energiji je na tom nivou. Putne mre\u017ee ostaju ograni\u010dene planinama; prva \u017eeleznica u zemlji pojavila se tek 2009. godine, povezuju\u0107i Vijentijan sa Tajlandom. Re\u010dni saobra\u0107aj, posebno na Mekongu, nastavlja da opslu\u017euje izolovane zajednice.<\/p>\n\n\n\n<p>Etni\u010dka raznolikost obele\u017eava stanovni\u0161tvo Laosa. Etni\u010dki Lao, deo jezi\u010dke porodice Taj, \u010dini ne\u0161to vi\u0161e od polovine stanovnika. Grupe na srednjim padinama, nazvane Lao Teung, govore austroazijskim jezicima kao \u0161to je Khmu. Narodi na velikim nadmorskim visinama, uklju\u010duju\u0107i Hmong i Jao, zajedni\u010dki su poznati kao Lao Soung. Plemenske zajednice opstaju u udaljenim dolinama, \u010duvaju\u0107i razli\u010dite jezike i obi\u010daje. Lao je zvani\u010dni jezik i koristi pismo izvedeno iz kmerskog jezika; francuski je i dalje upotrebljiv u vladi i trgovini, dok engleski raste u gradskim \u0161kolama.<\/p>\n\n\n\n<p>Teravada budizam vodi dru\u0161tveni \u017eivot otprilike dve tre\u0107ine stanovnika Laosa. Hramovi su centralne ta\u010dke u gradovima i selima. U Luang Prabangu - nekada\u0161njem kraljevskom sedi\u0161tu i mestu svetske ba\u0161tine UNESKO-a - hramovni kompleksi se nalaze pored vila iz kolonijalnog doba du\u017e \u010distih ulica oivi\u010denih rekom. Monasi u \u0161afranovim odorama kre\u0107u se odmerenim koracima, a ritualno davanje milostinje u zoru ostaje centralni deo svakodnevne prakse. U glavnom gradu se nalazi Pa Tat Luang, pozla\u0107ena stupa iz 16. veka, koja se smatra nacionalnim simbolom. Manjinska animisti\u010dka verovanja i dalje postoje, posebno me\u0111u brdskim plemenskim grupama, \u010diji su rituali usko povezani sa zemljom i precima.<\/p>\n\n\n\n<p>Laoska kuhinja nagla\u0161ava lepljivi pirina\u010d i regionalne sosove. Larb - me\u0161avina mariniranog mesa, za\u010dina i prepe\u010denog pirin\u010da u prahu - ilustruje me\u0111usobno delovanje tekstura i suptilne ljutine. Zelenilo i re\u010dna riba prate obroke. Francuski uticaj je i dalje prisutan: bageti se pojavljuju uz kari kod uli\u010dnih prodavaca. Birlao, doma\u0107eg proizvoda, smatra se nacionalnim pi\u0107em, dok Tigrova glava nudi fla\u0161iranu vodu tretiranu radi bezbednosti.<\/p>\n\n\n\n<p>Turizam se pro\u0161irio sa 80.000 me\u0111unarodnih dolazaka 1990. godine na preko pet miliona u 2024. godini, doprinose\u0107i BDP-u sa vi\u0161e od milijardu ameri\u010dkih dolara. Atrakcije se kre\u0107u od prirodnih do kulturnih: kra\u0161ke litice u blizini Vang Vijenga, Ravnica tegli sa svojim enigmatskim kamenim posudama, hinduisti\u010dko-kmerske ru\u0161evine Vat Fua u \u010campasaku i mre\u017ea pe\u0107ina Vijeng Ksai, gde su se vo\u0111e Patet Laoa sklonile tokom ameri\u010dkog bombardovanja. Turoperatori promovi\u0161u eko-lo\u017ee i sme\u0161taj u porodicama, posebno du\u017e staze Ban Nalan severno od Luang Namte. Aktivnosti se kre\u0107u od planinarenja me\u0111u selima Khmu do vo\u017enje kajakom na delovima Mekonga. Vlasti imaju za cilj da upravljaju uticajem posetilaca kroz zoniranje i projekte zasnovane na zajednici.<\/p>\n\n\n\n<p>Prakti\u010dna razmatranja uti\u010du na putovanja. Kip je jedina legalna valuta, iako tajlandski bat i ameri\u010dki dolari cirkuli\u0161u u urbanim centrima. Bankomati rade prvenstveno u ve\u0107im gradovima; kartice rade na BCEL ma\u0161inama. Van ovih podru\u010dja, preovladava samo kip. Uslovi na putevima variraju; lokalna vo\u017enja mo\u017ee delovati nepredvidivo, a saobra\u0107ajna pravila se \u010desto ne primenjuju. Neeksplodirana ubojna sredstva ostaju opasnost u isto\u010dnim provincijama, \u0161to zahteva putovanje samo obele\u017eenim rutama. Zdravstvena za\u0161tita u Laosu nudi osnovni tretman; ozbiljni slu\u010dajevi zahtevaju evakuaciju u Tajland. Mere predostro\u017enosti protiv malarije i denge uklju\u010duju sredstvo protiv insekata i za\u0161titne mre\u017ee za krevet. Voda iz slavine je nebezbedna; fla\u0161irana voda ili tegle koje obezbe\u0111uju hramovi nude pouzdane alternative.<\/p>\n\n\n\n<p>Dru\u0161tveni obi\u010daji zahtevaju po\u0161tovanje. Posetioci treba da nose li\u010dna dokumenta, jer ih policija mo\u017ee zahtevati. Na verskim mestima va\u017ee pravila obla\u010denja: dugi rukavi i pantalone, skidanje cipela pre ulaska u hramove. Istaknuto pokazivanje stopala je uvredljivo, kao i dodirivanje ne\u010dije glave. \u017dene moraju izbegavati fizi\u010dki kontakt sa monasima. Javno pijanstvo i iskazivanje besa kr\u0161e lokalne norme. Zakoni koji se ti\u010du veza se razlikuju: preljuba nosi kazne, a za sme\u0161taj osoba koje nisu u srodstvu sa dr\u017eavljanima Laosa u svom sme\u0161taju potrebna je dozvola.<\/p>\n\n\n\n<p>Uprkos izazovima u upravljanju i infrastrukturi, Laos odr\u017eava promi\u0161ljeni tempo \u017eivota. Sela se dr\u017ee terasastih polja i drvenih ku\u0107a; pijace se otvaraju u zoru i sumrak; re\u010dni brodovi klize ispod kre\u010dnja\u010dkih litica. Razvoj se udaljava od granica, ali veliki deo zemlje ostaje definisan \u0161umama, vodenim putevima i obrisima istorije. Oni koji provode vreme ovde prevazilaze povr\u0161ne utiske kako bi shvatili kako su geografija, kultura i politika oblikovale ovu naciju. U tom prepoznavanju le\u017ei privla\u010dnost zemlje: mesto gde tradicije traju i gde se me\u0111usobno delovanje zemlje i ljudi nastavlja odvijati, tiho i bez pretvaranja.<\/p>","protected":false},"excerpt":{"rendered":"<p>Laos, formalno nazvan Laoska Narodna Demokratska Republika (LPDR), je nacija bez izlaza na more koja se nalazi u centru jugoisto\u010dne Azije. Sa populacijom od oko 7,5 miliona ljudi, Laos je strate\u0161ki lociran sa granicama sa Kinom na zapadu i jugozapadu, Vijetnamom na istoku, Kambod\u017eom na jugoistoku i Mjanmarom na severozapadu. Geografija ovog posebnog mesta bila je veoma va\u017ena u odre\u0111ivanju istorije, kulture i ekonomskog razvoja nacije.<\/p>","protected":false},"author":1,"featured_media":4313,"parent":24063,"menu_order":0,"comment_status":"closed","ping_status":"closed","template":"elementor_theme","meta":{"_eb_attr":"","footnotes":""},"class_list":["post-14692","page","type-page","status-publish","has-post-thumbnail"],"_links":{"self":[{"href":"https:\/\/travelshelper.com\/sr\/wp-json\/wp\/v2\/pages\/14692","targetHints":{"allow":["GET"]}}],"collection":[{"href":"https:\/\/travelshelper.com\/sr\/wp-json\/wp\/v2\/pages"}],"about":[{"href":"https:\/\/travelshelper.com\/sr\/wp-json\/wp\/v2\/types\/page"}],"author":[{"embeddable":true,"href":"https:\/\/travelshelper.com\/sr\/wp-json\/wp\/v2\/users\/1"}],"replies":[{"embeddable":true,"href":"https:\/\/travelshelper.com\/sr\/wp-json\/wp\/v2\/comments?post=14692"}],"version-history":[{"count":0,"href":"https:\/\/travelshelper.com\/sr\/wp-json\/wp\/v2\/pages\/14692\/revisions"}],"up":[{"embeddable":true,"href":"https:\/\/travelshelper.com\/sr\/wp-json\/wp\/v2\/pages\/24063"}],"wp:featuredmedia":[{"embeddable":true,"href":"https:\/\/travelshelper.com\/sr\/wp-json\/wp\/v2\/media\/4313"}],"wp:attachment":[{"href":"https:\/\/travelshelper.com\/sr\/wp-json\/wp\/v2\/media?parent=14692"}],"curies":[{"name":"wp","href":"https:\/\/api.w.org\/{rel}","templated":true}]}}