{"id":14490,"date":"2024-09-19T16:11:29","date_gmt":"2024-09-19T16:11:29","guid":{"rendered":"https:\/\/travelshelper.com\/staging\/?page_id=14490"},"modified":"2026-03-11T22:47:50","modified_gmt":"2026-03-11T22:47:50","slug":"dubrovnik","status":"publish","type":"page","link":"https:\/\/travelshelper.com\/sr\/destinations\/europe\/croatia\/dubrovnik\/","title":{"rendered":"Dubrovnik"},"content":{"rendered":"<p>Dubrovnik se nalazi na ju\u017enom kraju hrvatske dalmatinske obale, sa svojim drevnim bedemima koji gledaju na kobaltno-plavo more Jadrana. Odavno prepoznat kao jedna od najistaknutijih mediteranskih destinacija, grad je slu\u017eio sukcesivno kao pomorsko sredi\u0161te, nezavisna republika, a u moderno doba i kao mesto svetske ba\u0161tine UNESKO-a i centar masovnog turizma. Godine 2021, op\u0161tina Dubrovnik je brojala 41.562 stanovnika, a ipak je 2023. godine nosila odliku da ugosti skoro 27,4 posetioca po stanovniku, odnos koji isti\u010de i njegovu trajnu privla\u010dnost i pritiske prekomernog turizma.<\/p>\n<p>Poreklo grada se\u017ee do sedmog veka, kada su izbeglice iz razru\u0161enog rimskog naselja Epidaurum osnovale novu zajednicu poznatu kao Raguza. U po\u010detku pod vizantijskim okriljem, a kasnije pod mleta\u010dkim uticajem, Raguza se razvila u Ragu\u0161ku republiku izme\u0111u \u010detrnaestog i devetnaestog veka. Pomorska trgovina \u010dinila je ekonomsku okosnicu republike, omogu\u0107avaju\u0107i joj da parira Veneciji po bogatstvu i diplomatskoj finesi; do petnaestog i \u0161esnaestog veka, Raguzina flota je plovila mediteranskim vodama sa teretima soli, vune i maslinovog ulja. Istovremeno, grad se pojavio kao kolevka hrvatske knji\u017eevnosti: pesnici poput Ivana Vidali\u0107a hvalili su ga kao \u201ekrunu hrvatskih gradova\u201c, a dramski pisci i nau\u010dnici su cvetali pod njegovim pokroviteljstvom.<\/p>\n<p>Dana 6. aprila 1667. godine, ta prosperitetna republika pretrpela je gotovo potpuno razaranje kada je sna\u017ean zemljotres sravnio sa zemljom veliki deo srednjovekovnog jezgra. Napori na restauraciji, preduzeti uz razumnu \u0161tednju, stvorili su jedinstveni barokni izgled koji traje i danas, posebno du\u017e Place - tako\u0111e nazvane Stradun - \u0161iroke ulice koja se prote\u017ee istok-zapad u srcu Starog grada. NJena glatka kre\u010dnja\u010dka plo\u010da, istro\u0161ena vekovima pe\u0161a\u010dkog saobra\u0107aja, vodi od Kapije od Pila na zapadnom portalu pored gotskih i renesansnih palata koje su ponovo ro\u0111ene u baroknoj ode\u0107i. Trgova\u010dke tezge, porodi\u010dni kafi\u0107i i niski lukovi vrata \u201enalik kolenima\u201c artikuliraju uli\u010dni pejza\u017e oblikovan nu\u017eno\u0161\u0107u i otporno\u0161\u0107u.<\/p>\n<p>Napoleonske trupe su okupirale Dubrovnik 1806. godine, uni\u0161tiv\u0161i Dubrovni\u010dku republiku i uklju\u010div\u0161i njene teritorije prvo u Kraljevinu Italiju, a zatim u Ilirske provincije. Nakon toga, tokom devetnaestog veka, grad se nalazio u okviru Kraljevine Dalmacije Austrijskog carstva, a potom je u\u0161ao u Kraljevinu Jugoslaviju po njenom formiranju 1918. godine. Postao je deo Zetske banovine 1929. godine, a kasnije i Banovine Hrvatske. Tokom Drugog svetskog rata Dubrovnik je uklju\u010den u Nezavisnu Dr\u017eavu Hrvatsku, koja je bila na strani Osovine, pre nego \u0161to je ponovo ujedinila sa Socijalisti\u010dkom Republikom Hrvatskom u okviru Titove Jugoslavije.<\/p>\n<p>Krajem 1991. godine, kada je Hrvatska proglasila svoju nezavisnost, Dubrovnik je izdr\u017eao sedmomese\u010dnu opsadu Jugoslovenske narodne armije. Granatiranje je nanelo zna\u010dajnu \u0161tetu njegovim utvr\u0111enjima i gradskim spomenicima. Tokom 1990-ih i u ranim godinama novog milenijuma, mukotrpna restauracija \u2013 vo\u0111ena po standardima UNESKO-a \u2013 o\u017eivela je Stari grad. Ovi napori nisu samo popravili o\u0161te\u0107ene zidine ve\u0107 su i ponovo uspostavili kulturnu vitalnost Dubrovnika, transformi\u0161u\u0107i ga u popularnu pozornicu za me\u0111unarodne filmske i televizijske produkcije.<\/p>\n<p>Dana\u0161nji posetioci se susre\u0107u sa gradom intenzivnih kontrasta: srednjovekovni bedemi obima skoro dva kilometra, kule i tornjevi debljine \u010detiri do \u0161est metara na kopnenoj strani, a vitki na morskoj strani, okru\u017euju kompaktni Stari grad. Zidovi uklju\u010duju tvr\u0111avu Min\u010deta, za koju se pripisuju zasluge renesansnog arhitekte Juraja Dalmatinca; tvr\u0111avu Bokar okrenutu ka moru, koju je osmislio Mikeloco; i trouglastu tvr\u0111avu Svetog Jovana, u kojoj se sada nalaze Pomorski muzej i akvarijum. \u0160eta\u010di mogu po\u010deti od Vrata od Pila, popeti se bedemima u zoru ili sumrak kako bi izbegli gu\u017eve sredinom leta i videti crvene crepove koji se blistaju na jadranskom horizontu.<\/p>\n<p>Unutar zidina, gradski spomenici govore o vekovima zajedni\u010dkog identiteta. Velika Onofrijeva fontana, sme\u0161tena na boku Kapije od Pila, nekada je stajala na kraju akvadukta Onofrija dela Kave iz 1438. godine; njenih \u0161esnaest rezbarenih maskarona i dalje izbacuje slatku vodu. Manji pandanski primerak do\u010dekuje prolaznike na Trgu Lu\u017ea pored goti\u010dko-renesansne palate Sponza, jedne od retkih gra\u0111evina koje su zadr\u017eale svoj oblik pre 1667. godine, a danas je sme\u0161tena u gradskoj arhivi. U blizini, Kne\u017eeva palata prikazuje bogato ukra\u0161eno stepeni\u0161te i klaustar, svedo\u010danstvo o upravljanju gradom tokom Dubrova\u010dke republike.<\/p>\n<p>Verski objekti grada odra\u017eavaju njegovo raznoliko nasle\u0111e. Franjeva\u010dki manastir na Placi \u010duva romani\u010dki klaustar, tre\u0107u najstariju apoteku u Evropi (u funkciji od 1317. godine) i biblioteku sa 30.000 knjiga. Nasuprot njoj, barokna crkva Svetog Vlaha odaje po\u010dast dubrova\u010dkom svecu za\u0161titniku svakog 3. februara misom, procesijom i gra\u0111anskim sve\u010danostima. Katedrala posve\u0107ena Uspenju Device Marije, obnovljena nakon zemljotresa 1667. godine, \u010duva mo\u0161ti Svetog Vlaha i podr\u017eava riznicu od 138 relikvijara koji su kori\u0161\u0107eni tokom svetkovine sveca. Dalja verska mesta uklju\u010duju jezuitsku crkvu Svetog Ignacija, do koje se dolazi \u0161irokim stepeni\u0161tem po uzoru na rimske \u0160panske stepenice; dominikanski manastir nalik tvr\u0111avi, u kojem se nalazi muzej umetnosti; i malu, ali bogato obdarenu srednjovekovnu sinagogu, jednu od najstarijih u Evropi koja je jo\u0161 uvek u funkciji.<\/p>\n<p>Kulturne institucije prote\u017eu se izvan svetih podru\u010dja. Arboretum Trsteno, osnovan pre 1492. godine, ostaje najstarija javna botani\u010dka ba\u0161ta na svetu. Ostrvo Lokrum, \u0161umovito ostrvce dvanaest minuta trajektom od Stare luke, nosi ru\u0161evine benediktinskog manastira iz trinaestog veka, botani\u010dke ba\u0161te i tvr\u0111ave za koju se ka\u017ee da je sklonila Ri\u010darda Lavljeg Srca nakon njegovog brodoloma 1192. godine. Evropske izbeglice su dugo tra\u017eile azil ovde: 1544. godine, brod koji je prevozio portugalske konversose pristao je uz dubrova\u010dke dokove, oboga\u0107uju\u0107i trgova\u010dku klasu i intelektualni milje grada. 1929. godine, D\u017dord\u017e Bernard \u0160o je opisao Dubrovnik kao \u201eraj na zemlji\u201c, ose\u0107aj koji su delili kraljevska porodica, dr\u017eavnici, a poslednjih godina i producenti velike televizijske serije koja je zidine transformisala u izmi\u0161ljenu prestonicu.<\/p>\n<p>Festivali i klima oblikuju ritam grada. Svakog leta, tokom \u010detrdeset pet dana, Dubrova\u010dke letnje igre odr\u017eavaju predstave, koncerte i uli\u010dne performanse na trgovima i palatama. Doga\u0111aj je 2007. godine osvojio Zlatni me\u0111unarodni trofej za kvalitet. Klimatski, Dubrovnik spada u Kepenovu CSA zonu: leta su vru\u0107a i relativno suva, sa najvi\u0161im temperaturama u julu i avgustu oko 28 \u00b0C i no\u0107nim temperaturama blizu 23 \u00b0C, dok su zime blage, retko padaju\u0107i ispod dnevnih temperatura od 13 \u00b0C. Lokalna bura donosi hladne udare vetra od oktobra do aprila, a grmljavina mo\u017ee da poremeti letnju toplinu. Od 1961. godine, termometar je dostigao vrhunac od 38,4 \u00b0C 7. avgusta 2012. godine, a pao je na -7,0 \u00b0C 14. januara 1968. godine.<\/p>\n<p>Odmor du\u017e dalmatinske obale prote\u017ee se na nekoliko pla\u017ea. Odmah ispred Plo\u010dkih vrata, javni deo pla\u017ee Banje nudi \u0161ljun\u010dane delove, le\u017ealjke i terene za odbojku ili vaterpolo, sve ispod pogleda gradskih zidina. Dalje na zapad, poluostrvo Lapad ima pe\u0161\u010dane krivine ispresecane \u0161etali\u0161tima u hladu borova i isprekidane malim betonskim pristani\u0161tima - ostacima iz Titovog doba koji pru\u017eaju privatna mesta za sun\u010danje i merdevine za ulazak u more. Kratka obalna staza vodi do lokalnog ribljeg restorana gde vas pored vode \u010deka dnevni ulov.<\/p>\n<p>Uprkos svom javnom profilu, Dubrovnik se bori sa prekomernim turizmom. Do 2018. godine, op\u0161tinske vlasti su uvele mere za regulisanje redova vo\u017enje kruzera, a 2023. godine su zabranile prtljag na to\u010dkovima u Starom gradu kako bi se prigu\u0161ila buka sa ulice. Barske terase na Stradunu suo\u010dile su se sa privremenim zatvaranjem kako bi se sa\u010duvao mir u naselju. Pa ipak, grad nastavlja da balansira izme\u0111u o\u010duvanja nasle\u0111a i pristupa posetiocima, ciljaju\u0107i da odr\u017ei i ekonomiju i kvalitet \u017eivota.<\/p>\n<p>Muzeji unutar gradskih zidina nude prozore u vi\u0161eslojnu pri\u010du Dubrovnika. Prirodnja\u010dki muzej prikazuje primerke taksidermije iz perioda pre sto godina; Etnografski muzej, sme\u0161ten u \u017eitnici iz \u0161esnaestog veka, sakuplja narodne no\u0161nje i artefakte; a Muzej samostana Sigurata \u0161titi verske i gra\u0111anske relikvije. LJubitelji umetnosti mogu posetiti ku\u0107u Bukovac u Cavtatu i videti dela modernisti\u010dkog slikara Vlaha Bukovca, dok se fotografske izlo\u017ebe u prodavnici War Photo Limited bave temama sukoba i se\u0107anja. Muzej palate Sponza \u010duva dr\u017eavne arhive; Muzej Kne\u017eeve palate izla\u017ee name\u0161taj iz tog perioda; a Pomorski muzej u tvr\u0111avi Svetog Jovana bele\u017ei pomorska dostignu\u0107a republike.<\/p>\n<p>Svaki posetilac nailazi na kamenite ulice ugla\u010dane vekovima hodanja. Glatki kre\u010dnjak mo\u017ee biti opasan pod nogama, posebno u vla\u017enim uslovima. No\u0107u, fenjeri \u2013 mnogi od njih su dizajnirani u devetnaestom veku \u2013 osvetljavaju glavne avenije, ali manje uli\u010dice mogu ostati u senci, podse\u0107aju\u0107i putnike da budu oprezni. D\u017deparenje je retko, ali nije ne\u010duveno; op\u0161ta budnost je dovoljna da se osigura li\u010dna bezbednost.<\/p>\n<p>Gastronomski gledano, grad vi\u0161e odra\u017eava priobalnu tradiciju nego inovacije. Lokalni morski plodovi - sku\u0161a, lignje, jadranski \u0161kampi - dele stolove sa mesnim jelima kao \u0161to su pa\u0161ticada, sporo kuvani gove\u0111i gula\u0161, i zelena menestra, me\u0161avina kupusa i povr\u0107a dinstanog sa svinjetinom. Za desert, rozata sa ukusom karamele nudi blagu slatko\u0107u. Restorani se grupi\u0161u unutar granica Starog grada, a njihove visoke zakupnine se pretvaraju u povi\u0161ene cene; tokom zati\u0161ja od novembra do marta, mnogi luksuzni objekti se zatvaraju, ostavljaju\u0107i odabrane restorane gde pregovori mogu doneti sni\u017eene cene. Jelovnici na engleskom jeziku i sistemi za onlajn rezervacije prilago\u0111avaju se me\u0111unarodnoj klijenteli.<\/p>\n<p>Prevoz do me\u0111unarodnog aerodroma u Dubrovniku, koji se nalazi dvadeset kilometara jugoisto\u010dno u \u010cilipima, obezbe\u0111en je \u010destim autobusima koji polaze sa Gru\u017eom, glavnom autobuskom stanicom u gradu. Unutar gradskih granica, moderna autobuska mre\u017ea povezuje naselja od zore do pono\u0107i. Iako je \u017eelezni\u010dki saobra\u0107aj prestao 1975. godine, planovi predvi\u0111aju produ\u017eenje autoputa A1 \u2013 koji sada zavr\u0161ava kod Plo\u010da \u2013 preko nedavno zavr\u0161enog Pelje\u0161kog mosta ili kroz bosanski koridor Neum kako bi se ponovo uspostavio pristup kopnu.<\/p>\n<p>Kao \u201eKraljica Jadrana\u201c, Dubrovnik izaziva divljenje zbog svoje izdr\u017eljivosti i prilagodljivosti. Od osnivanja u sedmom veku, kroz vekove republikanske autonomije, carskih interludija i ratnih isku\u0161enja, kameni zidovi i gra\u0111anski prostori grada svedo\u010de jedinstvenoj istoriji. Danas, usred oseke i oseke posetilaca, Dubrovnik ostaje mesto gde se srednjovekovna utvr\u0111enja, barokna umetnost i moderni turizam spajaju, pozivaju\u0107i na razmi\u0161ljanje o krhkoj ravnote\u017ei izme\u0111u pro\u0161losti i sada\u0161njosti.<\/p>","protected":false},"excerpt":{"rendered":"<p>Sa 41.562 stanovnika prema popisu iz 2021. godine, Dubrovnik je grad od velikog istorijskog zna\u010daja i prirodne ljepote smje\u0161ten preko Jadranskog mora. Poznata arhitektura, bogata istorija i veliki morski lokalitet defini\u0161u ovaj hrvatski grad, koji se naziva i \u201ebiser Jadrana\u201c, koji je administrativni glavni grad Dubrova\u010dko-neretvanske \u017eupanije.<\/p>","protected":false},"author":1,"featured_media":4378,"parent":14435,"menu_order":0,"comment_status":"closed","ping_status":"closed","template":"elementor_theme","meta":{"_eb_attr":"","footnotes":""},"class_list":["post-14490","page","type-page","status-publish","has-post-thumbnail"],"_links":{"self":[{"href":"https:\/\/travelshelper.com\/sr\/wp-json\/wp\/v2\/pages\/14490","targetHints":{"allow":["GET"]}}],"collection":[{"href":"https:\/\/travelshelper.com\/sr\/wp-json\/wp\/v2\/pages"}],"about":[{"href":"https:\/\/travelshelper.com\/sr\/wp-json\/wp\/v2\/types\/page"}],"author":[{"embeddable":true,"href":"https:\/\/travelshelper.com\/sr\/wp-json\/wp\/v2\/users\/1"}],"replies":[{"embeddable":true,"href":"https:\/\/travelshelper.com\/sr\/wp-json\/wp\/v2\/comments?post=14490"}],"version-history":[{"count":0,"href":"https:\/\/travelshelper.com\/sr\/wp-json\/wp\/v2\/pages\/14490\/revisions"}],"up":[{"embeddable":true,"href":"https:\/\/travelshelper.com\/sr\/wp-json\/wp\/v2\/pages\/14435"}],"wp:featuredmedia":[{"embeddable":true,"href":"https:\/\/travelshelper.com\/sr\/wp-json\/wp\/v2\/media\/4378"}],"wp:attachment":[{"href":"https:\/\/travelshelper.com\/sr\/wp-json\/wp\/v2\/media?parent=14490"}],"curies":[{"name":"wp","href":"https:\/\/api.w.org\/{rel}","templated":true}]}}