{"id":14435,"date":"2024-09-19T14:14:16","date_gmt":"2024-09-19T14:14:16","guid":{"rendered":"https:\/\/travelshelper.com\/staging\/?page_id=14435"},"modified":"2026-03-11T22:48:07","modified_gmt":"2026-03-11T22:48:07","slug":"hrvatska","status":"publish","type":"page","link":"https:\/\/travelshelper.com\/sr\/destinations\/europe\/croatia\/","title":{"rendered":"Hrvatska"},"content":{"rendered":"<p>Hrvatska le\u017ei na u\u0161\u0107u centralne i jugoisto\u010dne Evrope, a njena razu\u0111ena obala prati vi\u0161e od 1.700 kilometara Jadranskog mora. Unutar svojih granica - 56.594 kvadratnih kilometara kopna i 128 kvadratnih kilometara unutra\u0161njih voda - ova republika obuhvata izuzetnu raznolikost terena i kulture. Na severozapadu, Slovenija deli blagu granicu; na severoistoku se prostiru ma\u0111arske ravnice; na istoku, Srbija; i dalje na jugu, Bosna i Hercegovina i Crna Gora. Preko uskog pojasa mora na zapadu le\u017ei Italija. Na krajnjem jugu, oko Dubrovnika, Pelje\u0161ki most sada premo\u0161\u0107uje kanal koji je nekada odvajao priobalnu eksklavu od kopna. Unutra\u0161nje, Hrvatska je podeljena na Zagreb i dvadeset \u017eupanija, pri \u010demu Zagreb - njen glavni i najve\u0107i grad - funkcioni\u0161e i kao urbani centar i kao sopstvena administrativna jedinica. Ostala va\u017ena urbana \u010dvori\u0161ta uklju\u010duju Split, Rijeku i Osijek, od kojih svaki sadr\u017ei razli\u010dite regione istorije i ekonomije. Skoro 3,9 miliona ljudi \u017eivi usred valovitih brda Hrvatskog zagorja, plodnih ravnica Slavonije, kre\u010dnja\u010dkih visova Dinarskih Alpa i bezbrojnih ostrva koja su razbacana po jadranskoj obali.<\/p>\n<p>Poreklo hrvatske dr\u017eavne zajednice se\u017ee do kraja \u0161estog veka, kada su slovenska plemena \u2014 kasnije poznata kao Hrvati \u2014 naselila rimsku Iliriku. Do sedmog veka formirali su dva vojvodstva du\u017e dalmatinskog primorja. Godine 879. vojvoda Branimir je postigao formalno priznanje hrvatske nezavisnosti, uspostaviv\u0161i veze sa papstvom koje \u0107e trajati kao politi\u010dka za\u0161tita. Pod kraljem Tomislavom, krunisanim 925. godine, Hrvatska se pojavila kao kraljevstvo, u\u010dvr\u0161\u0107uju\u0107i svoj uticaj nad obalom i unutra\u0161njo\u0161\u0107u. Dinasti\u010dka kriza na kraju loze Trpimirovi\u0107a dovela je do personalne unije sa Ugarskom 1102. godine, ali su naredni vekovi videli da je hrvatsko plemstvo sa\u010duvalo razli\u010dite pravne i administrativne tradicije \u010dak i pod habzbur\u0161kom vla\u0161\u0107u. Suo\u010den sa osmanskim upadima 1527. godine, Hrvatski sabor se ponovo okrenuo Habzburgovcima, izabrav\u0161i Ferdinanda I na presto.<\/p>\n<p>Dvadeseti vek je doneo turbulencije i transformaciju. U oktobru 1918. godine, Dr\u017eava Slovenaca, Hrvata i Srba proglasila se nezavisnom od raspadaju\u0107e Austrougarske imperije, samo da bi se dva meseca kasnije pridru\u017eila Kraljevini Srba, Hrvata i Slovenaca. Nakon invazije Osovine na Jugoslaviju 1941. godine, ve\u0107i deo moderne Hrvatske formirao je marionetsku Nezavisnu Dr\u017eavu Hrvatsku. Otpor predvo\u0111en komunistima na kraju je prevladao, a Socijalisti\u010dka Republika Hrvatska postala je federalni deo Socijalisti\u010dke Federativne Republike Jugoslavije. 25. juna 1991. Hrvatska je proglasila svoj suverenitet. Usledio je \u010detvorogodi\u0161nji sukob, koji je okon\u010dan tek obnavljanjem teritorijalnog integriteta i reintegracijom raseljenog stanovni\u0161tva do 1995. godine.<\/p>\n<p>Hrvatska danas funkcioni\u0161e kao demokratska republika sa parlamentarnim sistemom. U potpunosti u\u010destvuje u evropskim i me\u0111unarodnim institucijama: Evropskoj uniji i njenoj evrozoni i \u0160engenskom prostoru; NATO-u; Ujedinjenim nacijama; Savetu Evrope; OEBS-u; Svetskoj trgovinskoj organizaciji; i Uniji za Mediteran. Kao kandidat za \u010dlanstvo u OECD-u, doprinela je svojim trupama mirovnim operacijama Ujedinjenih nacija i jednom je imala nestalno mesto u Savetu bezbednosti UN.<\/p>\n<p>Ekonomski, Hrvatska se nalazi me\u0111u razvijenim zemljama sa visokim prihodima. Projektovano je da \u0107e njen nominalni BDP dosti\u0107i pribli\u017eno 88 milijardi ameri\u010dkih dolara u 2024. godini, oko 22.966 dolara po glavi stanovnika, dok se BDP pariteta kupovne mo\u0107i pribli\u017eava 175 milijardi dolara ili 45.702 dolara po osobi. Realni rast u 2023. godini iznosio je 2,8 odsto, a BDP po glavi stanovnika je bio otprilike 76 odsto proseka EU. Sektor usluga \u010dini oko 70 odsto ekonomskog proizvoda, industrija oko 26 odsto, a poljoprivreda ispod 4 odsto. Brodogradnja, prerada hrane, farmaceutska industrija, informacione tehnologije i drvo su me\u0111u glavnim industrijskim osloncima. Turizam ostaje posebno va\u017ean, generi\u0161u\u0107i blizu 10,5 milijardi evra u 2019. godini i privla\u010de\u0107i skoro 20 miliona posetilaca pre pandemije. Primorska odmarali\u0161ta i kulturni festivali du\u017e dalmatinske obale, agroturizam u unutra\u0161njosti i urbane atrakcije u Zagrebu doprinose njenoj privla\u010dnosti. Vlada je od po\u010detka 2000-ih zna\u010dajno ulagala u puteve i \u017eeleznicu du\u017e \u010detiri panevropska koridora i u terminal za uvoz te\u010dnog prirodnog gasa, LNG Hrvatska, kod ostrva Krk.<\/p>\n<p>Geografski, profil Hrvatske je zapanjuju\u0107i. Nadmorske visine se uzdi\u017eu do vrha Dinare na 1.831 metar nadmorske visine, spu\u0161taju\u0107i se do jadranske obale. U unutra\u0161njosti, Panonski basen pru\u017ea ravne ravnice i re\u010dne doline - Dunav i Drava obezbe\u0111uju transport i navodnjavanje - dok Dinarske Alpe i kra\u0161ke visoravni formiraju neravnu ki\u010dmu. Preko hiljadu ostrva i ostrvaca, od kojih je 48 stalno naseljeno, ra\u0161trkano je du\u017e obale; Cres i Krk se prostiru na oko 405 kvadratnih kilometara. Kra\u0161ke vrta\u010de, podzemne reke i pe\u0107ine duboke vi\u0161e od hiljadu metara svedo\u010de o kre\u010dnja\u010dkim temeljima regiona. Me\u0111u najslavnijim prirodnim \u010dudima su Plitvi\u010dka jezera, gde se niz od \u0161esnaest jezera prekrivenih sedrenim barijerama ni\u017ee usred \u0161ume, a njihove boje vode prelaze iz azurne u mente zelenu.<\/p>\n<p>Klima zna\u010dajno varira. Kontinentalna Hrvatska ima hladne zime, sa prose\u010dnim temperaturama u januaru oko \u20133 \u00b0C i toplim letima blizu 18 \u00b0C u julu. Lika i Gorski Kotar, na nadmorskoj visini iznad 1.200 metara, imaju znatne sne\u017ene padavine. Du\u017e Jadrana, mediteranski uticaj ubla\u017eava ekstreme: leta su vru\u0107a i suva, zime blage i vla\u017ene. Padavine se kre\u0107u od 600 milimetara godi\u0161nje u isto\u010dnim ravnicama do preko 3.500 milimetara na vrhovima Dinarskih planina. Najsun\u010danija mesta su spoljna ostrva - Hvar i Kor\u010dula - sa vi\u0161e od 2.700 sun\u010danih sati godi\u0161nje. Vetrovi uklju\u010duju suvu, udarnu buru sa severoistoka i vla\u017eno jugo sa juga.<\/p>\n<p>Hrvatska infrastruktura se brzo \u0161irila od po\u010detka milenijuma. Do decembra 2020. godine, njena mre\u017ea autoputeva protezala se na preko 1.300 kilometara, povezuju\u0107i glavne gradove putem A1 od Zagreba do Splita i A3 preko Slavonije. Dr\u017eavni putevi snabdevaju ovu mre\u017eu, a EuroTAP i EuroTest su prepoznali njene visoke bezbednosne standarde. \u017deleznice se prote\u017eu na oko 2.600 kilometara, od kojih je skoro 1.000 kilometara elektrifikovano. Zna\u010dajna ulaganja u 2024. godini \u2013 a najzna\u010dajnija su ulaganja u kredit Evropske investicione banke od 400 miliona evra \u2013 imaju za cilj modernizaciju pruga i nabavku \u0161est elektrodizel motornih lokomotiva kako bi se pobolj\u0161ao saobra\u0107aj izme\u0111u Splita i Zagreba. Otvoren u julu 2022. godine, Pelje\u0161a\u010dki most dug 2,4 kilometra sada spaja ju\u017enu eksklavu sa kopnom, skra\u0107uju\u0107i puteve do Kor\u010dule i Lastova za vi\u0161e od 32 kilometra.<\/p>\n<p>Mre\u017ea od sedam me\u0111unarodnih aerodroma opslu\u017euje doma\u0107e i strane putnike. Aerodrom Franjo Tu\u0111man u Zagrebu je najve\u0107i, dok Split, Dubrovnik, Zadar, Pula, Rijeka i Osijek obavljaju sezonski i regionalni saobra\u0107aj. Od sredine 2024. godine, Kroacija erlajns je po\u010deo da integri\u0161e avione Erbas A220-300, projektuju\u0107i smanjenje potro\u0161nje goriva i emisija za 25 procenata. Prevoznik je tako\u0111e pro\u0161irio rute, otvaraju\u0107i direktne letove izme\u0111u Zagreba i gradova kao \u0161to su Tirana, Berlin, Stokholm i Hamburg.<\/p>\n<p>Pomorski saobra\u0107aj ostaje neophodan. Luka Rijeka opslu\u017euje najve\u0107u koli\u010dinu tereta, dok putni\u010dki saobra\u0107aj dosti\u017ee vrhunac u Splitu i Zadru. Re\u010dna trgovina te\u010de kroz Vukovar Dunavom, povezuju\u0107i ga sa panevropskim koridorom VII.<\/p>\n<p>Demografski gledano, Hrvatska ima oko 3,87 miliona stanovnika, \u0161to je gustina naseljenosti od oko 73 stanovnika po kvadratnom kilometru \u2013 \u0161to je ni\u017ee nego u mnogim evropskim dr\u017eavama. O\u010dekivani \u017eivotni vek pri ro\u0111enju dostigao je 76,3 godine do 2018. godine. Rat za nezavisnost doveo je do zna\u010dajnog raseljavanja: vi\u0161e od 400.000 Hrvata je pobeglo ili je proterano iz prete\u017eno okupiranih podru\u010dja, a 150.000 do 200.000 Srba je oti\u0161lo pre operacije Oluja. Naknadne godine su donele mnogo povratnika, uz preseljenje raseljenih Hrvata iz Bosne i Hercegovine.<\/p>\n<p>Zvani\u010dno sekularna, Hrvatska garantuje slobodu veroispovesti. Prema popisu iz 2011. godine, hri\u0161\u0107ani \u010dine preko 91 odsto stanovni\u0161tva, prete\u017eno rimokatolici (86 odsto), zatim slede pravoslavne i protestantske zajednice. Islam \u010dini otprilike 1,5 odsto, dok se 4,6 odsto identifikuje kao nereligiozno. Redovno pose\u0107ivanje crkve, me\u0111utim, ostaje ispod 25 odsto.<\/p>\n<p>Hrvatski je jedini zvani\u010dni jezik, ju\u017enoslovenski jezik koji pi\u0161e latini\u010dnim pismom. Manjinski jezici - \u010de\u0161ki, ma\u0111arski, italijanski, srpski i slova\u010dki - u\u017eivaju zvani\u010dni status u op\u0161tinama gde njihovi govornici prelaze jednu tre\u0107inu lokalnog stanovni\u0161tva; drugi, poput albanskog, bosanskog i turskog, tako\u0111e su priznati. Tri glavna dijalekta - \u0161tokavski, \u010dakavski i kajkavski - odra\u017eavaju istorijske obrasce naseljavanja.<\/p>\n<p>Kultura u Hrvatskoj me\u0161a srednjoevropske, mediteranske, balkanske i vizantijske uticaje. Ministarstvo kulture \u0161titi deset UNESKO-vih lokaliteta svetske ba\u0161tine na kopnu i petnaest elemenata nematerijalne ba\u0161tine, \u0161to ga rangira na \u010detvrtom mestu u svetu po broju takvih oznaka. Nasle\u0111e Ilirskog pokreta iz devetnaestog veka ostaje klju\u010dno, podstakav\u0161i nacionalnu renesansu u knji\u017eevnosti, umetnosti i nauci. Danas vi\u0161e od devedeset profesionalnih pozori\u0161ta, \u010detrdeset orkestara i horova i preko dvesta muzeja slu\u017ei publici koja se broji u milionima godi\u0161nje. Biblioteke i arhive, poput nacionalnog sistema od 1.768 biblioteka koje \u010duvaju 26,8 miliona knjiga, \u010duvaju bogatu pisanu tradiciju. Doprinos Hrvatske globalnoj modi po\u010deo je u sedamnaestom veku sa kravatom, pretkom moderne kravate.<\/p>\n<p>Kulinarski obrasci variraju po regionima. Du\u017e obale preovla\u0111uju mediteranski ukusi: maslinovo ulje, beli luk, morski plodovi i testenine; u unutra\u0161njosti, srednjoevropski i balkanski uticaji daju obilna jela od mesa, slatkovodnu ribu i povr\u0107ne \u010dorbe. Dva vinska regiona dele mapu. U kontinentalnoj Slavoniji, vinarije proizvode hrskava bela vina; du\u017e Istarskog poluostrva i severne obale, vina podse\u0107aju na italijanske stilove; a u Dalmaciji, crvena vina cvetaju pod mediteranskim suncem. Godi\u0161nja proizvodnja vina prelazi 72 miliona litara. Tradicije pivarstva pojavile su se krajem osamnaestog veka, \u010dine\u0107i pivo najkonzumiranijim alkoholnim pi\u0107em u zemlji. Jedanaest restorana je zaradilo Mi\u0161elinove zvezdice, a jo\u0161 osamdeset osam je priznato za kulinarsku izvrsnost.<\/p>\n<p>Turizam oblikuje me\u0111unarodni imid\u017e Hrvatske. Priobalni srednjovekovni gradovi \u2013 me\u0111u njima Dubrovnik, Split, \u0160ibenik i Zadar \u2013 nude bastione srednjovekovne arhitekture i letnjih festivala. Prvo letovali\u0161te, Opatija, postalo je poznato sredinom devetnaestog veka kao zdravstveno odmarali\u0161te za evropsku elitu. Marine za \u010damce primaju preko \u0161esnaest hiljada jahti, odr\u017eavaju\u0107i nauti\u010dke posetioce koje privla\u010de bistrina nezaga\u0111enih voda i 116 pla\u017ea sa Plavom zastavom. Atrakcije u unutra\u0161njosti uklju\u010duju nacionalne parkove Plitvice i Krka, planinske banje i agroturisti\u010dke farme. Zagreb, sa svojim austrougarskim bulevarima i kulturom kafi\u0107a na nivou ulice, parira priobalnim destinacijama po svojoj privla\u010dnosti tokom cele godine. Primetno je da je Hrvatska bila pionir u komercijalnim naturisti\u010dkim odmarali\u0161tima u Evropi; oko petnaest procenata godi\u0161njih posetilaca \u2013 preko milion ljudi \u2013 u\u010destvuje u naturizmu na odre\u0111enim i neformalnim pla\u017eama ozna\u010denim sa \u201eFKK\u201c.<\/p>\n<p>Pored turizma u svrhu odmora, medicinska putovanja su porasla kao ni\u0161ni sektor. Stomatolo\u0161ke klinike u Zagrebu, Splitu i Rijeci, uskla\u0111ene sa obrazovnim standardima EU, pru\u017eaju usluge klijentima koji tra\u017ee kratkoro\u010dno le\u010denje.<\/p>\n<p>Posetiocima se savetuje da vode ra\u010duna o bezbednosti i zdravlju. Hitne slu\u017ebe se kontaktiraju putem broja 112, a pojedinci su zakonski obavezni da nose li\u010dnu kartu. Stopa kriminala je i dalje niska u odnosu na regionalne standarde, a incidenti korupcije ili iznude su retki. LJubitelji prirode trebalo bi da se konsultuju sa lokalnim vlastima o zaostalim minskim poljima u ruralnim podru\u010djima \u2013 nasle\u0111u sukoba 1991\u201395. \u2013 ali se asfaltirane rute smatraju bezbednim. Bura, posebno du\u017e masiva Velebit, mo\u017ee dosti\u0107i brzinu ve\u0107u od 200 km\/h; vlasti zatvaraju puteve kada uslovi postanu opasni. Turistima se ne preporu\u010duje da pose\u0107uju ilegalne striptiz klubove sklone prekomernim naplatama. Iako je diskriminacija LGBT osoba mogu\u0107a, posebno u ruralnim podru\u010djima, urbani centri su uglavnom prihvatljiviji. Voda iz slavine se smatra izuzetno \u010distom, iako posetioci mogu preferirati fla\u0161irane brendove poput Jamnice ili Jane. Putnici koji se upu\u0161taju u kontinentalne \u0161ume tokom letnjih meseci trebalo bi da se za\u0161tite od krpelja i srodnih bolesti nose\u0107i za\u0161titnu ode\u0107u i koriste\u0107i repelent. Vakcinacija nije obavezna za ulazak.<\/p>\n<p>Hrvatska tapiserija pejza\u017ea, istorijskih slojeva i kulturne vitalnosti nudi jedinstven susret sa bezbrojnim evropskim nasle\u0111em. Od zidina jadranskih gradova okru\u017eenih tvr\u0111avama do kr\u0161evitih enterijera, od topline zagreba\u010dkih ulica do tihih dubina pe\u0107ina, zemlja predstavlja studiju kontrasta. NJeno putovanje \u2013 od ranih vojvodstava preko srednjovekovnih kraljevstava, carstva i federacije do moderne republike \u2013 odjekuje u svakom kamenu i potoku, u festivalima i trpezama oko kojih se okupljaju porodica i prijatelji. U toj \u017eivoj slo\u017eenosti le\u017ei trajna privla\u010dnost Hrvatske.<\/p>","protected":false},"excerpt":{"rendered":"<p>Hrvatska, koja se nalazi u srednjoj i jugoisto\u010dnoj Evropi, ima strate\u0161ki polo\u017eaj du\u017e jadranske obale. Sa oko 3,9 miliona ljudi, ova zemlja izuzetnog bogatstva i raznolikosti prostire se na 56.594 kvadratnih kilometara (21.851 kvadratnih milja). Tokom milenijuma, neobi\u010dna topografija zemlje bila je presudna u odre\u0111ivanju njenog geopoliti\u010dkog zna\u010daja, kulturnog identiteta i ekonomskog rasta.<\/p>","protected":false},"author":1,"featured_media":4899,"parent":24078,"menu_order":0,"comment_status":"closed","ping_status":"closed","template":"elementor_theme","meta":{"_eb_attr":"","footnotes":""},"class_list":["post-14435","page","type-page","status-publish","has-post-thumbnail"],"_links":{"self":[{"href":"https:\/\/travelshelper.com\/sr\/wp-json\/wp\/v2\/pages\/14435","targetHints":{"allow":["GET"]}}],"collection":[{"href":"https:\/\/travelshelper.com\/sr\/wp-json\/wp\/v2\/pages"}],"about":[{"href":"https:\/\/travelshelper.com\/sr\/wp-json\/wp\/v2\/types\/page"}],"author":[{"embeddable":true,"href":"https:\/\/travelshelper.com\/sr\/wp-json\/wp\/v2\/users\/1"}],"replies":[{"embeddable":true,"href":"https:\/\/travelshelper.com\/sr\/wp-json\/wp\/v2\/comments?post=14435"}],"version-history":[{"count":0,"href":"https:\/\/travelshelper.com\/sr\/wp-json\/wp\/v2\/pages\/14435\/revisions"}],"up":[{"embeddable":true,"href":"https:\/\/travelshelper.com\/sr\/wp-json\/wp\/v2\/pages\/24078"}],"wp:featuredmedia":[{"embeddable":true,"href":"https:\/\/travelshelper.com\/sr\/wp-json\/wp\/v2\/media\/4899"}],"wp:attachment":[{"href":"https:\/\/travelshelper.com\/sr\/wp-json\/wp\/v2\/media?parent=14435"}],"curies":[{"name":"wp","href":"https:\/\/api.w.org\/{rel}","templated":true}]}}