{"id":14401,"date":"2024-09-19T13:12:23","date_gmt":"2024-09-19T13:12:23","guid":{"rendered":"https:\/\/travelshelper.com\/staging\/?page_id=14401"},"modified":"2026-03-11T22:44:06","modified_gmt":"2026-03-11T22:44:06","slug":"kipar","status":"publish","type":"page","link":"https:\/\/travelshelper.com\/sr\/destinations\/europe\/cyprus\/","title":{"rendered":"Kipar"},"content":{"rendered":"<p>Kipar zauzima neobi\u010dno mesto na raskrsnici kontinenata, njegove obale oblikovane su milenijumima susreta, a sada\u0161njost definisanu i podelom i jedinstvom. Rasprostranjena po isto\u010dnom Mediteranu, kopnena masa ostrva \u2013 duga i uska, ne vi\u0161e od 240 kilometara od vrha do vrha \u2013 le\u017ei bli\u017ee Levantu nego srcu Evrope. Pa ipak, jezik, obi\u010daji i politi\u010dke strukture koje preovla\u0111uju na jugu najja\u010de odjekuju helenskim svetom. Na severu, posebna administracija vu\u010de vezu sa Anadolijom. Sve vreme, dve suverene britanske vojne baze dr\u017ee se ju\u017ene obale, ostaci carstva \u010dije prisustvo ovde traje u saobra\u0107ajnim konvencijama i zujanju crvenih telefonskih govornica.<\/p>\n<p>Geografski, siluetu ostrva defini\u0161u dva planinska lanca koja se prote\u017eu uz plodnu centralnu ravnicu. Planine Trodos, masivne i naborane, dominiraju jugozapadom, uzdi\u017eu\u0107i se do skoro 1.952 metra na planini Olimp. Sa njihovih hladnih, kedrom prekrivenih visina izvire reka Pedijeos, najdu\u017ei vodotok na Kipru, koja vijuga na istok pre nego \u0161to se rasu u glinovitom tlu ravnice Mesaorije. Du\u017e severne obale, uski Kirenijski lanac nudi bla\u017ei uspon, njegovi vrhovi jedva dosti\u017eu hiljadu metara pre nego \u0161to se naglo spuste na stenovitu obalu. Izme\u0111u ovih uzvi\u0161enja, zemlja se spu\u0161ta u polja p\u0161enice, je\u010dma i povr\u0107a koja su hranila ostrvljane jo\u0161 od neolita.<\/p>\n<p>LJudski tragovi na Kipru se\u017eu unazad oko 13.000 godina, kada su se male grupe lovaca-sakuplja\u010da sklonile u priobalne pe\u0107ine. Nekoliko milenijuma kasnije, ukrotili su zemlju prvim poljoprivrednim selima, postavljaju\u0107i temelje za naseljeno dru\u0161tvo. Do kasnog bronzanog doba ostrvo se u egipatskim i hetitskim zapisima zvalo Ala\u0161ija, poznato po bakru i tka\u010dkim vezama koje su ga utkale u \u0161iru mediteransku mre\u017eu. Kada su mikenski Grci stigli oko 1400. godine pre nove ere, doneli su sa sobom dijalekt, obrede pogrebenja i stilove grn\u010darije koji su opstali \u010dak i kada su kasnija carstva polagala pravo na ostrvo.<\/p>\n<p>Persijanci su dr\u017eali vlast do \u0161estog veka pre nove ere, da bi Aleksandar Veliki preuzeo kontrolu 333. godine pre nove ere. Pod Ptolemejima, a zatim i Rimom, Kipar je zadr\u017eao svoj helenski karakter, dok je istovremeno apsorbovao rimsko pravo i infrastrukturu: putevi, vile i amfiteatri su i danas ispunjeni njegovim pejza\u017eom. Isto\u010dna polovina Rimskog carstva upravljala je ostrvom sve do arapskih napada u sedmom veku, kada su priobalne enklave i tvr\u0111ave u unutra\u0161njosti napu\u0161tene u korist manastirskih uto\u010di\u0161ta visoko me\u0111u vrhovima Trodosa. Vekovima kasnije, luzinjanski kraljevi i mleta\u010dki trgovci utvr\u0111ivali su gradove, podi\u017eu\u0107i kamene zidine i rovove koji i danas obuhvataju stare \u010detvrti Nikozije i Famaguste.<\/p>\n<p>Osmanski vojnici su pre\u0161li granicu 1571. godine, otvaraju\u0107i eru koja \u0107e se protezati do kraja devetnaestog veka. Pod osmanskom vla\u0161\u0107u, feudalni sistem je turskim doseljenicima dodelio zemlju pored gr\u010dkih seljaka, uspostavljaju\u0107i dvostruke zajednice koje su i dalje u srcu moderne slo\u017eenosti Kipra. Vizantijske crkve su pretvorene u d\u017eamije, ali su sela nastavila da obavljaju bogoslu\u017eenja u svojim vekovnim svetili\u0161tima. Godine 1878. ostrvo je pre\u0161lo pod britansku upravu, a do 1914. je potpuno anektirano. Britanski pe\u010dati i nasle\u0111e \u2013 vo\u017enja levom stranom, sistem javnih \u0161kola, \u010dak i red vo\u017enje autobusa \u2013 opstali su i nakon sticanja nezavisnosti.<\/p>\n<p>Republika ro\u0111ena 1960. godine bila je delikatan kompromis izme\u0111u britanskih, gr\u010dkih i turskih interesa. Osniva\u010d, predsednik Makarije III, nadbiskup koji je postao dr\u017eavnik, otelotvorio je nadu gr\u010dko-kiparske ve\u0107ine za samoopredeljenjem. Kiparski Turci, oprezni prema helenskim ambicijama, videli su da bi uskoro moglo uslediti ujedinjenje sa Gr\u010dkom \u2013 enoza. Kako su \u0161ezdesete godine 20. veka odmicale, ustavni zastoj se pogor\u0161ao u nasilje. Me\u0111uzajedni\u010dki sukobi primorali su hiljade kiparskih Turaka da se presele u enklave. Do po\u010detka sedamdesetih godina 20. veka, nade u pomirenje su gotovo nestale.<\/p>\n<p>Dana 15. jula 1974. godine, pu\u010d koji su podr\u017eali elementi gr\u010dke hunte postavio je nacionalisti\u010dku vladu u Nikoziji. Pet dana kasnije, turske snage su se iskrcale na severnu obalu, navodno da bi za\u0161titile svoju zajednicu. U roku od nekoliko dana kontrolisale su otprilike tre\u0107inu ostrva, a stotine hiljada ljudi je i\u0161\u010dupano iz obe zajednice. Godine 1983. zona pod turskom kontrolom proglasila se republikom, koju je me\u0111unarodno priznala samo Ankara. Tampon zona Ujedinjenih nacija - tanka i zelena - sada deli ostrvo od istoka do zapada, dok mirovni pregovori i evropsko posredovanje nastavljaju se u dugoj senci spornih istorija.<\/p>\n<p>Uprkos svojim politi\u010dkim pukotinama, Kipar je izgradio naprednu ekonomiju sa visokim prihodima, zasnovanu na turizmu, finansijskim uslugama i pomorstvu. Od pridru\u017eivanja Evropskoj uniji u maju 2004. i usvajanja evra u januaru 2008. godine, Republika Kipar je privukla investicije u nekretnine, ugostiteljstvo i profesionalne usluge. Britanske suverene baze u Akrotiriju i Dekeliji zadr\u017eavaju strate\u0161ki zna\u010daj, a Nikozija je 2024. godine potvrdila svoju nameru da se pridru\u017ei NATO-u \u2013 jo\u0161 jedan sloj u slo\u017eenom spoljnopoliti\u010dkom ra\u010dunu ostrva. Turski sever, pod embargom i ograni\u010denim priznanjem, u velikoj meri se oslanja na subvencije Ankare i sivu ekonomiju.<\/p>\n<p>Plodne ravnice, surove planine i skoro 1.000 kilometara obale zajedno privla\u010de blizu \u010detiri miliona posetilaca svake godine. Osun\u010dane pla\u017ee \u2013 duga\u010dke pe\u0161\u010dane i \u0161ljun\u010dane pla\u017ee \u2013 deluju gotovo neprekidno, prekidane samo ribarskim lukama i povremenim manastirskim uto\u010di\u0161tima. U unutra\u0161njosti, visoravan Trodos je doma\u0107in selima gde se vinogradi dr\u017ee terasastih padina, a vekovne crkve blistaju vizantijskim freskama. Na severu, drevni grad Salamin i klasi\u010dni ostaci u Pafosu stoje kao muzeji na otvorenom koji posvete zajedni\u010dkoj antici. Pa ipak, u glavnom gradu, Nikoziji, moderni kafi\u0107i i galerije se prostiru na ulice koje su Mle\u010dani okru\u017eili zidinama pre pet stotina godina.<\/p>\n<p>Klima ostrva, mediteranska du\u017e obale i polusu\u0161na na severoistoku, me\u0111u je najtoplijim u EU. Zime donose ki\u0161u - uglavnom od novembra do marta - i povremeni sneg u planinama. Leta traju skoro osam meseci, ubla\u017eena morskim povetarcem, ali isprekidana toplotnim talasima. Sun\u010deva svetlost zaslepljuje u proseku vi\u0161e od tri hiljade sati godi\u0161nje, skoro dvostruko vi\u0161e nego u severnoevropskim prestonicama. Ova svetlost je oblikovala i poljoprivredu i slobodno vreme: vo\u0107njaci citrusa, maslinjaci i vinogradi napreduju; plivanje i jedrenje defini\u0161u dugu sezonu.<\/p>\n<p>Moderna putna mre\u017ea prote\u017ee se od priobalnog pojasa, gde autoputevi povezuju glavne luke Limasol i Larnaku sa Nikozijom, Larnaku sa Pafosom i Nikoziju sa istoka i zapada. Autobusi opslu\u017euju sve ve\u0107e gradove, iako je broj privatnih automobila i dalje visok. Na turskom severu, manji minibusevi saobra\u0107aju \u010de\u0161\u0107e, ali sa manjom predvidljivo\u0161\u0107u. Dva me\u0111unarodna aerodroma - Larnaka i Pafos - primaju redovne letove iz Evrope, Bliskog istoka i \u0161ire, dok aerodrom Erd\u017ean na severu saobra\u0107a kroz Tursku. Trajekti, obnovljeni 2022. godine, povezuju Limasol sa Pirejem u Gr\u010dkoj, nude\u0107i alternativni, opu\u0161ten pristup ostrvu.<\/p>\n<p>Kiparsko stanovni\u0161tvo od ne\u0161to vi\u0161e od devetsto hiljada stanovnika na jugu koji je pod kontrolom vlade ostaje prete\u017eno gr\u010dko-pravoslavno, sa malim mozaikom jermenskih, maronitskih, latinokatoli\u010dkih i protestantskih manjina. Indeksi obrazovanja i zdravlja su me\u0111u najvi\u0161im u Evropi. Na severu, sunitski muslimani \u010dine ve\u0107inu, koegzistiraju\u0107i - iako donekle odvojeno - sa zajedni\u010dkim kulinarskim i muzi\u010dkim tradicijama koje prethode podelama dvadesetog veka. Obe zajednice cene gostoprimstvo: nude\u0107i gostima kafu ili \u010da\u0161u hladnog zivanije i pozivaju\u0107i ih da u\u010destvuju u ven\u010danjima, festivalima i proslavama \u017eetve.<\/p>\n<p>Jezik odra\u017eava ovu dualnost. Gr\u010dki i turski su zvani\u010dni jezici, dok engleski opstaje kao sna\u017ean drugi jezik, nasle\u0111e kolonijalne vladavine i sredstvo za trgovinu i turizam. Jermenski i kiparski maronitski arapski imaju priznati status manjinskih jezika. U svakodnevnom \u017eivotu, narodni dijalekti kiparskog gr\u010dkog i kiparskog turskog zna\u010dajno se razlikuju od svojih standardnih oblika, nose\u0107i idiome i zvukove oblikovane lokalnom istorijom. U skorije vreme, ruski je postao istaknut u Limasolu i Pafosu, gde natpisi i preduze\u0107a na ruskom jeziku opslu\u017euju rastu\u0107u zajednicu iseljenika.<\/p>\n<p>Kulturni izraz ovde je neodvojiv od mesta. Oslikane crkve u planinama Troodos \u2013 deset lokaliteta na listi UNESKO \u2013 nose \u017eivopisne freske koje mapiraju teolo\u0161ke narative na kamene zidove. Hamami restaurirani u starom gradu Nikozije podse\u0107aju na frana\u010dke i osmanske slojeve grada, nude\u0107i paru i masa\u017eu ispod drevnih kupola. Karneval u Limasolu izbija svake godine u februaru, \u0161areni interludij koji je po\u010deo tek u dvadesetom veku, ali po\u0161tuje obi\u010daje maskiranih nastupa koji se\u017eu jo\u0161 dalje u pro\u0161lost. Tradicionalni ples, od cifteteli do souste, o\u017eivljava ven\u010danja i seoske va\u0161are, povezuju\u0107i ostrvljane preko jezi\u010dkih i verskih razlika.<\/p>\n<p>Ipak, ispod dru\u017eeljubive povr\u0161ine le\u017ei svest o krhkosti. Lovci sa licenciranim sa\u010dmaricama lutaju otvorenim predelima zimi, a zalutale kugle mogu da zalutaju na planinarske rute. Zelena linija ostaje u svakodnevnoj svesti: \u0161kole u\u010de paralelne istorije, a napori za pomirenje se nastavljaju u umetni\u010dkim inicijativama i zajedni\u010dkim ekonomskim poduhvatima. Stopa kriminala ostaje niska, ali se posetiocima savetuje da obezbede imovinu od oportunisti\u010dke kra\u0111e, a oprez preovladava u no\u0107nim \u010detvrtima gde kabare klubovi ponekad prikrivaju mra\u010dniju podtekst.<\/p>\n<p>Mozaik Kipra \u2013 njegova geologija, istorija, zajednice i ekonomije \u2013 prkosi jednostavnoj naraciji. On je istovremeno svedo\u010danstvo ljudske upornosti i koridor sporenja, gde su se carstva sukobljavala, a susedi i dalje pa\u017eljivo gaze preko tampon zona. Pa ipak, toplina sunca i mora, velikodu\u0161nost koja se pru\u017ea preko trpeza sa mirisom citrusa i otpornost tradicija koje me\u0161aju helenske, levantske i anadolske elemente, sve to opstaje. Za one koji se zaustave da pogledaju, Kipar nudi intimnu hroniku ostrva koje je poznavalo i jedinstvo i podelu, gde se obi\u010dan \u017eivot nastavlja pod mediteranskim nebom, stalnim i slo\u017eenim kao i same plime i oseke.<\/p>","protected":false},"excerpt":{"rendered":"<p>Ostrvska dr\u017eava Kipar, koja se nalazi u isto\u010dnom Sredozemnom moru, zauzima strate\u0161ki polo\u017eaj na raskrsnici Evrope, Azije i Afrike. Kipar, sa populacijom od pribli\u017eno 1,2 miliona, rangira se kao tre\u0107e najve\u0107e i najnaseljenije ostrvo na Mediteranu, nude\u0107i jedinstvenu kombinaciju drevne istorije, raznolike kulture i savremenog razvoja. Ova ostrvska dr\u017eava, zvani\u010dno nazvana Republika Kipar, geografski se nalazi u zapadnoj Aziji; me\u0111utim, njene kulturne veze i politi\u010dka udru\u017eenja prete\u017eno su u skladu sa jugoisto\u010dnom Evropom, \u010dime se uspostavlja zna\u010dajan geopoliti\u010dki polo\u017eaj nacije.<\/p>","protected":false},"author":1,"featured_media":3022,"parent":24078,"menu_order":0,"comment_status":"closed","ping_status":"closed","template":"elementor_theme","meta":{"_eb_attr":"","footnotes":""},"class_list":["post-14401","page","type-page","status-publish","has-post-thumbnail"],"_links":{"self":[{"href":"https:\/\/travelshelper.com\/sr\/wp-json\/wp\/v2\/pages\/14401","targetHints":{"allow":["GET"]}}],"collection":[{"href":"https:\/\/travelshelper.com\/sr\/wp-json\/wp\/v2\/pages"}],"about":[{"href":"https:\/\/travelshelper.com\/sr\/wp-json\/wp\/v2\/types\/page"}],"author":[{"embeddable":true,"href":"https:\/\/travelshelper.com\/sr\/wp-json\/wp\/v2\/users\/1"}],"replies":[{"embeddable":true,"href":"https:\/\/travelshelper.com\/sr\/wp-json\/wp\/v2\/comments?post=14401"}],"version-history":[{"count":0,"href":"https:\/\/travelshelper.com\/sr\/wp-json\/wp\/v2\/pages\/14401\/revisions"}],"up":[{"embeddable":true,"href":"https:\/\/travelshelper.com\/sr\/wp-json\/wp\/v2\/pages\/24078"}],"wp:featuredmedia":[{"embeddable":true,"href":"https:\/\/travelshelper.com\/sr\/wp-json\/wp\/v2\/media\/3022"}],"wp:attachment":[{"href":"https:\/\/travelshelper.com\/sr\/wp-json\/wp\/v2\/media?parent=14401"}],"curies":[{"name":"wp","href":"https:\/\/api.w.org\/{rel}","templated":true}]}}