{"id":14301,"date":"2024-09-19T08:21:38","date_gmt":"2024-09-19T08:21:38","guid":{"rendered":"https:\/\/travelshelper.com\/staging\/?page_id=14301"},"modified":"2026-03-11T23:25:07","modified_gmt":"2026-03-11T23:25:07","slug":"kopenhagen","status":"publish","type":"page","link":"https:\/\/travelshelper.com\/sr\/destinations\/europe\/denmark\/copenhagen\/","title":{"rendered":"Kopenhagen"},"content":{"rendered":"<p>Kopenhagen stoji kao svedo\u010danstvo slojevitosti vekova - nekada skromno ribarsko naselje, sada prosperitetna severnoevropska prestonica gde se srednjovekovne ulice dodiruju sa elegantnim modernim fasadama, a kulturne institucije i najsavremenije industrije dele podjednaku va\u017enost. Od svog osnivanja u desetom veku pored krivudavih voda dana\u0161njeg Gamel Stranda, grad je bio svedok uspona i padova carstava, strahota kuge i bombardovanja i stalnog razvoja urbane vizije. Danas, Kopenhagen ima 1,4 miliona stanovnika u svom urbanom jezgru, koje se prostire preko ostrva Zeland i Amager i preko Eresund do Malmea gracioznim mostom koji spaja danske i \u0161vedske obale. Kao politi\u010dko sedi\u0161te Danske, ekonomski motor i kulturno srce, on spaja nasle\u0111e kraljevskih ambicija i prosvetiteljskog u\u010denja sa zamahom centra dvadeset prvog veka u farmaceutskoj industriji, informacionoj tehnologiji i \u010distoj energiji, a sve to uz o\u010duvanje ljudske razmere i zelenih povr\u0161ina koje ga \u010dine jednim od najprikladnijih gradova za \u017eivot na svetu.<\/p>\n<p>Srednjovekovno srce grada je prvi put o\u017eivelo pod pokroviteljstvom Vikinga, njegove skromne ribarske kolibe ustupile su mesto utvr\u0111enim bedemima koji \u0107e jednog dana definisati Utvr\u0111eni prsten. Do po\u010detka petnaestog veka, Kopenhagen je dobio status prestonice, a u \u0161esnaestom je slu\u017eio kao de fakto monarhijsko sedi\u0161te Kalmarske unije, povezuju\u0107i Dansku, \u0160vedsku i Norve\u0161ku pod jednom krunom. Trgovina je tekla kroz njegove renesansne ulice, a grad je cvetao kao kulturno sredi\u0161te Skandinavije. Sedamnaesti vek je dodatno u\u010dvrstio njegovu ulogu centra mo\u0107i \u2013 palate, arsenali i vladina ministarstva zra\u010dili su autoritetom iz urbanog jezgra koje se stalno \u0161irilo izvan njegovih drevnih zidina. Pa ipak, osamnaesti vek je doneo i nesre\u0107u i obnovu: kuga i veliki po\u017eari opusto\u0161ili su delove drvenih ku\u0107a, samo da bi urbanisti odgovorili Frederiksstadenom, presti\u017enim okrugom rokoko vila i \u0161irokih avenija. Upravo tokom ove ere, Kraljevsko pozori\u0161te i Akademija likovnih umetnosti bili su utemeljene kulturne ambicije Kopenhagena, \u010dak i dok je grad, na\u017ealost, profitirao od trgovine robljem koja se provla\u010dila kroz njegove trgova\u010dke flote.<\/p>\n<p>Previranja Napoleonovih ratova stigla su do vrata Kopenhagena 1807. godine, kada je britanska flota bombardovala grad i dovela ga do pokornosti. Iz pepela ove nesre\u0107e izronilo je dansko zlatno doba - period neoklasi\u010dne arhitekture, umetni\u010dkih inovacija i filozofskog vrenja koje je preoblikovalo izgled grada. U dvadesetom veku, posleratna rekonstrukcija dovela je do \u201ePlana prsta\u201c, vizionarskog plana koji je usmeravao rast du\u017e pet \u017eelezni\u010dkih koridora, osiguravaju\u0107i da stambeni sektor i trgovina napreduju u skladu sa transportnom infrastrukturom. Zavr\u0161etak mosta Eresund na prelazu milenijuma dodatno je pro\u0161irio domet Kopenhagena, povezuju\u0107i ga sa \u0161irim regionom Eresund sa \u0160vedskom i podsti\u010du\u0107i ekonomsku i kulturnu razmenu preko zaliva.<\/p>\n<p>Geografski, Kopenhagen je definisan svojim pomorskim zagrljajem. Zauzima isto\u010dnu obalu Zelanda, prote\u017ee se ka jugu do Amagera i zauzima sazve\u017e\u0111e ostrvaca koja lebde u zalivu izme\u0111u Danske i \u0160vedske. Preko Eresunde, Malme se nalazi 42 kilometra jugoisto\u010dno putem; Nestved i Odense se nalaze 85, odnosno 164 kilometra jugozapadno; Orhus se nalazi oko 188 kilometara severozapadno morem i putem. Unutar ovih udaljenosti, uticaj grada zra\u010di - politi\u010dki, komercijalni i kulturni - povezuju\u0107i ostrvo sa kopnom jednako ve\u0161to kao \u0161to njegova mre\u017ea mostova, trajekata i tunela povezuje jedan okrug sa drugim.<\/p>\n<p>Drevni bedemi koji su nekada \u0161titili Kopenhagen i dalje daju oblik Utvr\u0111enom prstenu, sada zelenoj traci koja okru\u017euje srednjovekovno jezgro. Dalje, radni\u010dke \u010detvrti iz devetnaestog veka \u2013 Esterbro, Nerebro, Vesterbro, Amagerbro \u2013 nastale su izme\u0111u 1870. i 1915. godine, sa mre\u017eastim ulicama oblo\u017eenim ciglenim stambenim zgradama i isprekidanim malim parkovima. Predgra\u0111a koja su usledila izme\u0111u 1920. i 1960. godine \u2013 Kongens Engave, Valbi, Vanlose i druga \u2013 dobila su ubla\u017eeniji karakter, gde su klasteri niskih stambenih zgrada delili prostor sa zelenim prostranstvima. Mre\u017ea gradskih parkova i njegova obala su sastavni deo svakodnevnog \u017eivota: Amager \u0160trandpark, ve\u0161ta\u010dki pla\u017eni pejza\u017e otvoren 2005. godine, nudi 4,6 kilometara peska i \u0161etali\u0161ta na manje od petnaest minuta vo\u017enje biciklom od centra, dok pla\u017ea Belvi na severu i \u010duvena Lu\u010dka kupatila na ostrvima Brige pozivaju na kupanje i opu\u0161tanje tokom cele godine.<\/p>\n<p>Okeanska klima Kopenhagena donosi hirovitu interakciju atlantskih minimuma, blagih leta i hladnih zima. Padavine su umerene, mada od jula do septembra mogu biti malo vla\u017enije, a sneg obi\u010dno pada izme\u0111u kraja decembra i po\u010detka marta, povremeno se akumuliraju\u0107i i do pola metra za dvadeset \u010detiri sata. Sun\u010dani sati dramati\u010dno osciliraju - od otprilike osam dnevno u junu do jedva jednog i po usred zime - \u0161to kontrast izme\u0111u letnjeg dana koji traje od 04:26 do 21:58 i kratkog zimskog dnevnog svetla od 08:37 do 15:39 \u010dini jo\u0161 izra\u017eenijim. Najvi\u0161e temperature u proseku iznose 21 \u00b0C u vru\u0107em julu, dok se najhladnije nedelje kre\u0107u blizu nule.<\/p>\n<p>Demografski gledano, Kopenhagen je najve\u0107a op\u0161tina u Danskoj, sa oko 644.000 stanovnika od 2022. godine, \u0161to se pove\u0107ava na 764.000 kada se u statisti\u010dke svrhe uklju\u010de i predgra\u0111a Frederiksberg, Drager i Tornbi. Imigracija je oblikovala njen nedavni rast: skoro 27 procenata stanovni\u0161tva op\u0161tine po\u010detkom 2022. godine imalo je korene van Danske, a najve\u0107e zajednice ro\u0111enih u inostranstvu poti\u010du iz Pakistana, Turske, Iraka, Nema\u010dke i Poljske. Verski \u017eivot odra\u017eava ovu raznolikost. Danska nacionalna crkva broji ne\u0161to vi\u0161e od polovine stanovni\u0161tva, dok je islam postao druga najve\u0107a vera, obuhvataju\u0107i oko 10 procenata stanovnika i osnivaju\u0107i \u017eive zajednice u Nerebru i Vestegnenu. Jevrejsko nasle\u0111e Kopenhagena se\u017ee do sedamnaestog veka i ostaje vidljivo u aktivnim sinagogama i Danskom jevrejskom muzeju.<\/p>\n<p>Kao sedi\u0161te danske vlade, Kopenhagen je dom Folketinga i ministarstava koja rukovode nacionalnom politikom. Tako\u0111e je finansijski centar zemlje, sa sedi\u0161tem oko Kopenhagenske berze, i sila u uslugama - transport, komunikacije, trgovina i finansije zapo\u0161ljavaju ve\u0107inu od 350.000 radnika. Po\u010detkom dvadeset prvog veka, investicije u informacione tehnologije, farmaceutske proizvode i \u010diste tehnologije pokrenule su brzu ekspanziju u sektoru usluga. \u0160ira regija glavnog grada zabele\u017eila je BDP od oko 120 milijardi evra u 2017. godini, \u0161to je svrstava me\u0111u najbolje rangirane regione Evrope po proizvodnji po glavi stanovnika. Reputacija Kopenhagena kao globalnog lidera u zelenoj ekonomiji po\u010diva na dugoro\u010dnim posve\u0107enosti niskougljeni\u010dnom rastu, energetskoj efikasnosti i odr\u017eivom urbanom dizajnu.<\/p>\n<p>Akademski \u017eivot pulsira \u0161irom grada. Univerzitet u Kopenhagenu, osnovan 1479. godine, spada me\u0111u najstarije visoko\u0161kolske institucije u Evropi, dok Tehni\u010dki univerzitet Danske, Kopenhagenska poslovna \u0161kola i IT Univerzitet u Kopenhagenu privla\u010de nau\u010dnike iz celog sveta. Sport tako\u0111e igra istaknutu ulogu: FK Kopenhagen i Brondbi IF imaju vatrene sledbenike u fudbalu, godi\u0161nji Kopenhagenski maraton od 1980. godine prolazi kroz njegove avenije, a gradske ulice poznate po tome \u0161to su prilago\u0111ene biciklima kriju mre\u017eu javnog prevoza - autobuse Movia, kopenhagenski metro od 2002. godine, S-voz, linije Lokaltog i obalsku liniju - koje se sve spajaju kako bi slu\u017eile i putnike i turiste. Aerodrom Kastrup, sa 2,5 miliona putnika mese\u010dno, rangiran je kao najprometniji u nordijskim zemljama.<\/p>\n<p>Kopenhagenova silueta je proizvod namerne uzdr\u017eanosti i smelih inovacija. Srednjovekovno jezgro poznato kao Midelalderbijen opstaje u uskim ulicama i drevnim crkvama, sa sidrom u dvorcu Kristijansborg u Slotsholmenu. Frederiksstaden, zami\u0161ljen pod Fridrihom V u osamnaestom veku, sme\u0161ta \u010detiri vile Amalienborga i kupolu crkve Frederika u rokoko harmoniju. Izvan istorijskog centra, savremeni projekti se uzdi\u017eu na ravnici Erestad i u Holmenu, uklju\u010duju\u0107i Operu i moderne poslovne komplekse, ali politi\u010dka volja je dugo \u0161titila centar grada od upada visokih zgrada. Rezultat je grad koji po\u0161tuje svoje vertikalne akcente - crkve Spasitelja i Svetog Nikolaja sa tornjevima na vrhu, kulu berze Kristijana IV sa zmajevim repom - dok istovremeno \u010duva siluetu u ljudskim razmerama.<\/p>\n<p>Svaki okrug nudi svoj prizor. Indre Baj pulsira pe\u0161a\u010dkim prostranstvom Strogeta, umetni\u010dkim izlo\u017ebama u \u0160arlotenborgu i \u0161armom kanala Nihavn. Kristijanshavn, sa svojim vodenim putevima u holandskom stilu i autonomnom enklavom Kristijanija, evocira duh tolerancije i kreativnosti; njegova Crkva Spasitelja se spiralno uzdi\u017ee ka nebu pored ku\u0107a na vodi i skladi\u0161ta koja su sada prenamenjena za nordijsku kuhinju. Vesterbroski vrtovi Tivoli do\u010daravaju hirovitost ispod svetala panoramskog to\u010dka, dok Karlsberg kvart \u010duva spomenike pivarstva usred kulturnih mesta. Nerebro se transformisao od korena radni\u010dke klase do \u017eivahnih multikulturalnih ulica, \u010dije se sidro nalaze Sankt Hans Torv i lisnato ute\u0161no groblje Astistens. Esterbroske ambasade i obala nude veli\u010danstvene \u0161etali\u0161ta do statue Male sirene, njene fontane Gefion sa mitskim rezbarijama blizu bedema Kasteleta. Frederiksberg se izdvaja, zelena op\u0161tina sa sopstvenom palatom, zoolo\u0161kim vrtom i alejama pozori\u0161ta. Ju\u017eno od mosta za Amager, prodavnice i kafi\u0107i u Amagerbru podse\u0107aju posetioce da se svakodnevni \u017eivot ovde odvija tempom koji je i \u017eivahan i lokalan.<\/p>\n<p>Muzeji u Kopenhagenu prate kulturne tokove grada. Nacionalni muzej istra\u017euje dansku i svetsku istoriju; Dr\u017eavni muzej umetnosti prati umetnost od srednjovekovnih oltara do savremenih instalacija. Gliptoteka \u201eNi Karlsberg\u201c \u010duva klasi\u010dne statue i impresionisti\u010dke slike ispod galerija sa staklenim krovom; Luizijana se nalazi na obali severno od grada, me\u0161aju\u0107i modernu umetnost sa vrtovima skulptura sa pogledom na Eresund. Danski muzej dizajna, Muzej neoklasi\u010dne skulpture Torvaldsen, podzemne galerije Cisternerne i kolekcija umetnosti devetnaestog veka Ordrupgard upotpunjuju sazve\u017e\u0111e institucija koje nagra\u0111uju radoznalost i podsti\u010du dijalog.<\/p>\n<p>Na sceni i u koncertnim dvoranama, kopenhagenske scenske umetnosti u\u017eivaju me\u0111unarodno po\u0161tovanje. Kraljevsko dansko pozori\u0161te i operska ku\u0107a na Holmenu doma\u0107ini su baletskih, dramskih i simfonijskih koncerata u prostorima poznatim po akustici i arhitektonskoj smelosti. Koncertna dvorana u Tivoliju i D\u017dez festival \u2013 koji svakog jula privla\u010de ameri\u010dke emigrante i doma\u0107e talente \u2013 svedo\u010de o d\u017eez tradiciji koja postoji od 1960-ih. Vega u Vesterbrou, koja se smatra jednim od najboljih koncertnih mesta u Evropi, i ni\u0161ni doga\u0111aji poput Festivala beskrajne zahvalnosti otkrivaju grad naklonjen i mejnstrim izvo\u0111a\u010dima i andergraund eksperimentima. Leti, Stroget postaje pozori\u0161te na otvorenom za uli\u010dne izvo\u0111a\u010de, ma\u0111ioni\u010dare i muzi\u010dare, gde improvizovani nastupi isprekidaju tok pe\u0161aka.<\/p>\n<p>Kulinarska renesansa Kopenhagena izbacila ga je u prvi plan globalne gastronomije. Kuvari \u0161kolovani u Americi i danski vizionari podjednako su negovali Novu nordijsku kuhinju, a Noma i Geranium su stekli me\u0111unarodno priznanje. Petnaest Mi\u0161elinovih zvezdica krasi gradske stolove, od rafiniranih menija za degustaciju do eksperimentalnih me\u0161avina lokalnih sastojaka. Pored visoke kuhinje, grad po\u0161tuje smorrebrod - otvorene sendvi\u010de od ra\u017eenog hleba koji spajaju jednostavne prelive sa zanatskim radom - i dansko pecivo koje nosi slatko nasle\u0111e vekova. Konditori La Glas, koji neprekidno radi od 1870. godine, predstavlja \u017eivu arhivu poslasti\u010darskog zanata. U me\u0111uvremenu, tradicija i inovacije koegzistiraju na pivskoj sceni Kopenhagena: istorijska pivara Karlsberga nalazi se pored mikropivara koje uzgajaju hmeljasta piva u biv\u0161im industrijskim prostorima.<\/p>\n<p>Kada padne no\u0107, Kopenhagen otkriva \u017eivost koja protivre\u010di percepciji skandinavske uzdr\u017eanosti. Barovi i klubovi u Vesterbrou, Nerebru, Frederiksbergu i Amagerbrou rade do kasno - neki do zore - dok liberalna kultura alkohola ubla\u017eava u\u017eivanje dru\u0161tvenom odgovorno\u0161\u0107u. Mesta kao \u0161to su Culture Box, Jolene i ARCH ugo\u0161\u0107uju raznoliku publiku koju privla\u010de elektronska muzika i \u017eivi nastupi. Festivali isprekidaju kalendar: Kopenhagenski karneval transformi\u0161e Feledparken svake nedelje posle Duhova, Kopenhagen poziva metalce u preure\u0111eno brodogradili\u0161te, Prajd se spu\u0161ta na Trg gradske ku\u0107e u avgustu, a Copenhagen Distortion animira ulice \u0161irom grada po\u010detkom juna, potvr\u0111uju\u0107i svoju reputaciju proslave vo\u0111ene zajednicom.<\/p>\n<p>Upravo ta interakcija \u2013 izme\u0111u duboke istorije i dizajna usmerenog ka budu\u0107nosti, kraljevske rasko\u0161i i kreativnosti obi\u010dnih ljudi, mirnih parkova i \u017eivahnih ulica \u2013 defini\u0161e Kopenhagen. Ispod njegovih tornjeva i preko \u0161etali\u0161ta uz obalu, grad se otkriva ne kao stati\u010dki spomenik, ve\u0107 kao \u017eiva naracija, koju kontinuirano pi\u0161u oni koji hodaju njegovim avenijama, veslaju njegovim kanalima i oblikuju njegovu siluetu. Za svakog posetioca ili stanovnika, Kopenhagen nudi poziv: da bude svedok kako je drevno naselje izraslo u modernu prestonicu, a da se pritom ne odrekne ljudskih razmera i ekolo\u0161ke svesti koje ostaju njegovo najve\u0107e nasle\u0111e.<\/p>","protected":false},"excerpt":{"rendered":"<p>Kopenhagen, glavni i najve\u0107i grad Danske, ima 1,4 miliona stanovnika u svom urbanom podru\u010dju. Sme\u0161ten na ostrvima Zeland i Amager, ovaj grad predstavlja primer duge istorije, kulturnog zna\u010daja i ekonomske snage. Strate\u0161ka lokacija Kopenhagena, odvojenog od Malmea moreuzom Eresund, zna\u010dajno je uticala na njegovu ulogu kao istaknutog u\u010desnika u skandinavskim i evropskim poslovima.<\/p>","protected":false},"author":1,"featured_media":3002,"parent":14261,"menu_order":0,"comment_status":"closed","ping_status":"closed","template":"elementor_theme","meta":{"_eb_attr":"","footnotes":""},"class_list":["post-14301","page","type-page","status-publish","has-post-thumbnail"],"_links":{"self":[{"href":"https:\/\/travelshelper.com\/sr\/wp-json\/wp\/v2\/pages\/14301","targetHints":{"allow":["GET"]}}],"collection":[{"href":"https:\/\/travelshelper.com\/sr\/wp-json\/wp\/v2\/pages"}],"about":[{"href":"https:\/\/travelshelper.com\/sr\/wp-json\/wp\/v2\/types\/page"}],"author":[{"embeddable":true,"href":"https:\/\/travelshelper.com\/sr\/wp-json\/wp\/v2\/users\/1"}],"replies":[{"embeddable":true,"href":"https:\/\/travelshelper.com\/sr\/wp-json\/wp\/v2\/comments?post=14301"}],"version-history":[{"count":0,"href":"https:\/\/travelshelper.com\/sr\/wp-json\/wp\/v2\/pages\/14301\/revisions"}],"up":[{"embeddable":true,"href":"https:\/\/travelshelper.com\/sr\/wp-json\/wp\/v2\/pages\/14261"}],"wp:featuredmedia":[{"embeddable":true,"href":"https:\/\/travelshelper.com\/sr\/wp-json\/wp\/v2\/media\/3002"}],"wp:attachment":[{"href":"https:\/\/travelshelper.com\/sr\/wp-json\/wp\/v2\/media?parent=14301"}],"curies":[{"name":"wp","href":"https:\/\/api.w.org\/{rel}","templated":true}]}}