{"id":14276,"date":"2024-09-18T23:14:52","date_gmt":"2024-09-18T23:14:52","guid":{"rendered":"https:\/\/travelshelper.com\/staging\/?page_id=14276"},"modified":"2026-03-11T23:24:45","modified_gmt":"2026-03-11T23:24:45","slug":"roskilde","status":"publish","type":"page","link":"https:\/\/travelshelper.com\/sr\/destinations\/europe\/denmark\/roskilde\/","title":{"rendered":"Roskilde"},"content":{"rendered":"<p>Roskilde, kompaktan grad trideset kilometara zapadno od Kopenhagena na danskom ostrvu Zeland, poti\u010de iz prethri\u0161\u0107anskog doba Vikinga, ali danas napreduje kao regionalni centar obrazovanja, poslovanja i kulture, sa sidrenim mestom u katedrali koja je na listi za\u0161tite UNESKO-a i mno\u0161tvom muzeja svetske klase, istra\u017eiva\u010dkih parkova i godi\u0161njih doga\u0111aja koji privla\u010de i posetioce i stanovnike.<\/p>\n<p>Rani zna\u010daj Roskildea je o\u010digledan u njegovom imenu, koje je u 11. veku zabele\u017eio Adam fon Bremen kao najve\u0107i grad Zelanda, i u goti\u010dkoj katedrali zavr\u0161enoj 1275. godine, koja i danas \u010duva trideset devet kraljevskih grobnica. Ta visoka ciglena gra\u0111evina, prva te vrste u Skandinaviji, postala je verski centar sve do Reformacije i sada svake godine do\u010dekuje vi\u0161e od sto hiljada gostiju. Iza impozantnih tornjeva, srednjovekovni plan ulica grada opstaje oko Skomagergadea, Algada i glavnih trgova, Stendertorveta i Hestetorveta, dok se parkovski koridori Biparkena i Folkeparkena spu\u0161taju do fjorda, nude\u0107i zeleni kontrapunkt crvenim crepnim krovovima i bledom zidarstvu.<\/p>\n<p>Duga\u010dak greben Roskildeskog fjorda defini\u0161e severnu ivicu grada, njegove vode teku pored izvora Maglekilde pre nego \u0161to se pro\u0161ire u ju\u017eni krak Isefjorda. Na \u0161umovitim padinama severozapadno od centra, Boserup Skov svakog prole\u0107a prekriva valovita brda bukvama i anemonama, dok ptice peva\u010dice najavljuju rano leto. Ju\u017eno od stadiona, novi Hirdehoj Skov pro\u0161iruje zelenu mre\u017eu grada na periferiju, gde se uzdi\u017ee okrug Trekroner sa planovima za hiljade novih domova. Obli\u017enji Muzikan, nakalemljen na nekada\u0161nju fabriku cementa, ve\u0107 je privukao kreativna preduze\u0107a i oko dvadeset devet kulturnih preduze\u0107a, sa izgledima za dalji rast pored sajmi\u0161ta koji je doma\u0107in godi\u0161njeg Roskilde festivala.<\/p>\n<p>Taj festival, osnovan 1971. godine, postao je jedno od najve\u0107ih muzi\u010dkih okupljanja u Skandinaviji, svakog leta ispunjavaju\u0107i prostor \u010detiri kilometra ju\u017eno od stanice sa osamdeset hiljada posetilaca koji \u017eele da isprobaju spektar roka, hip-hopa, elektronike i svetske muzike. Sva dobit ide u dobrotvorne svrhe, odra\u017eavaju\u0107i duh zajednice koji tako\u0111e animira sportske klubove Roskildea - od FK Roskilde u Prvoj diviziji do lokalnog ragbija i uglednog gradskog vesla\u010dkog udru\u017eenja. U mirnijim trenucima, posetioci lutaju kroz Muzej vikin\u0161kih brodova na ivici fjorda, gde pet plovila iz 11. veka, spasenih nakon vekova pod vodom, ilustruju zanatstvo dugih brodova, ratnih brodova i trgova\u010dkih plovila. Eksperimentalne rekonstrukcije u brodogradili\u0161tu muzeja \u010duvaju pomorske tradicije za nove generacije.<\/p>\n<p>Obrazovanje i istra\u017eivanje su temelji modernog identiteta Roskildea. Univerzitet, osnovan 1972. godine, doneo je priliv nau\u010dnika i studenata, transformi\u0161u\u0107i ekonomiju i stanovni\u0161tvo. Uz istorijsku Katedralnu \u0161kolu i Dansku \u0161kolu za trgovinu mesom iz 1964. godine, on podr\u017eava \u017eivu atmosferu kampusa na stanici Trekroner. Istra\u017eiva\u010dki centar Rise, sada deo Tehni\u010dkog univerziteta Danske, i Centar za naprednu tehnologiju podsti\u010du rad u oblasti odr\u017eive energije, energije vetra i biotehnologije, sa planovima za pro\u0161irenje operacija \u010diste tehnologije na oko 120 hektara. Javna istra\u017eiva\u010dka tela, uklju\u010duju\u0107i Danski odbor za istragu nesre\u0107a, dodatno diverzifikuju bazu znanja grada.<\/p>\n<p>Roskildeska bolnica, osnovana 1855. godine i kontinuirano modernizovana, sada obuhvata opse\u017ene istra\u017eiva\u010dke programe i veliku psihijatrijsku ustanovu, Sankt Hans, koja nudi specijalizovanu forenzi\u010dku negu regionu glavnog grada. U okolnim ulicama, mre\u017ea firmi lake industrije i usluga odr\u017eava zaposlenost. BEC, IT dobavlja\u010d danskim bankama, i DLF-Trifolium, proizvo\u0111a\u010d semena, svrstavaju se me\u0111u najve\u0107e privatne poslodavce. Rambelove operacije na Zelandu su se konsolidovale u Roskildeu, dok Top-Toy, GPI, Roskilde Galvanisering i Mathiesen dopunjuju spisak koji se kre\u0107e od mikroakusti\u010dnih komponenti u Sonionu do usluga odle\u0111ivanja avijacije u Vestergardu. Prehrambene industrije kao \u0161to su Chr. Hansen, Dan\u00c6g, Scandinavian Pizza Company i Stryhns doprinose ekonomskom mozaiku grada.<\/p>\n<p>19. vek je doneo \u017eeleznicu, a stanica Roskilde otvorena je 1847. godine kao prva kamena i sada najstarija operativna stanica u Danskoj. Do kraja veka, fabrike duvana, livnice gvo\u017e\u0111a i ma\u0161inske radionice nizale su se du\u017e novih pruga, najavljuju\u0107i dana\u0161nju uravnote\u017eenu ekonomiju usluga i industrije. Drumske veze su stigle autoputem Holbek 1970-ih, smanjuju\u0107i vreme putovanja do Kopenhagena i ja\u010daju\u0107i putovanje na posao i trgovinu. Mali aerodrom otvoren je 1973. godine, namenjen obuci letenja lakih aviona i poslovnom saobra\u0107aju, sa planovima za pro\u0161irenje koji su do sada ostali na \u010dekanju. U me\u0111uvremenu, glavna me\u0111unarodna kapija ostaje aerodrom u Kopenhagenu, do kojeg se vozom mo\u017ee do\u0107i za manje od \u010detrdeset minuta.<\/p>\n<p>Broj stanovnika odra\u017eava sudbinu Roskildea: od otprilike \u0161est hiljada tokom Reformacije 1536. godine, do najni\u017eeg nivoa od hiljadu i pet stotina do 1753. godine, zatim ponovnog porasta na pet hiljada do 1860-ih i devet hiljada do 1900. godine. Rast se ubrzao nakon osnivanja univerziteta, dostigav\u0161i vrhunac od blizu \u010detrdeset sedam hiljada do 2014. i pedeset tri hiljade do januara 2024. godine. Op\u0161tina broji preko sedamdeset \u0161est hiljada stanovnika danskog porekla i do\u010dekuje zajednice iz Turske, Iraka, Poljske i Avganistana, oboga\u0107uju\u0107i dru\u0161tveno tkivo grada.<\/p>\n<p>Gra\u0111anski \u017eivot se odvija pod upravom op\u0161tinskog ve\u0107a, gde su 2013. godine socijaldemokrate imale ve\u0107inu pod gradona\u010delnicom D\u017doj Mogensen. U skup\u0161tini sedi jedanaest stranaka, \u0161to odra\u017eava razli\u010dite politi\u010dke struje. Op\u0161tinsko planiranje usmerava ovaj pluralitet u kulturne i urbane inicijative - me\u0111u kojima su kreativni blok Muzikona, razvoj Trekronera i projekti nasle\u0111a usmereni na niz gradskih znamenitosti.<\/p>\n<p>Mnogi od ovih spomenika ostaju u javnom se\u0107anju. Palata Roskilde, barokni ansambl \u017euto malterisanih krila i galerija, stoji pored katedrale i sada je dom Muzeja savremene umetnosti. NJeno krilo kapije i krov od crvenih crepova podse\u0107aju na rezidenciju srednjovekovnih biskupa i ratno sedi\u0161te budu\u0107eg vojvode od Velingtona. Nasuprot tome, manastir na mestu priorata iz 13. veka \u010duva kolekciju slika i name\u0161taja iz tog perioda, a njegove oltarske slike u kapeli podse\u0107aju na dansko doba pre reformacije.<\/p>\n<p>Lokalni muzeji kristalno detaljno prikazuju pro\u0161lost Roskildea. Ku\u0107a \u0161e\u0107era i ku\u0107a Libe, nekada\u0161nja rafinerija \u0161e\u0107era i trgova\u010dki dom, domovi su regionalnog istorijskog muzeja, u kojem su izlo\u017eeni artefakti od vikin\u0161kog doba do modernog doba, uz poseban muzej alata koji \u010duva zanatske alate iz 19. i po\u010detka 20. veka. Skoro deset godina nakon \u0161to je Ragnarok, muzej omladinske kulture i rok muzike, otvoren 2016. godine pod pokroviteljstvom prestolonaslednika Frederika, postao je upe\u010datljiva arhitektonska znamenitost u Muzikanu, mapiraju\u0107i pop i rok od 1950-ih pa nadalje.<\/p>\n<p>Istorijske crkve pored katedrale dodaju dodatne slojeve. Stara crkva Gospe, travertinska bazilika iz 11. veka, zadr\u017eala je svoj centralni brod i originalnu propovedaonicu. Crkva Svetog Iba, romanska travertinska gra\u0111evina u blizini luke, \u010duva fragmente srednjovekovnih fresaka, dok crkva Svetog Jergensberga, najstarija kamena gra\u0111evina u Danskoj, nudi pogled na fjord sa svog vrha brda. Usamljeni toranj Svetog Lavrentija, ostatak crkve iz 13. veka, nalazi se na gradskoj ku\u0107i i u njemu se nalazi arheolo\u0161ki muzej.<\/p>\n<p>Umetnost i skulptura se prepli\u0107u sa svakodnevnim \u017eivotom na trgu ispred stanice, gde tri monumentalna grn\u010darska \u0107upa Petera Brandesa stoje u plitkoj vodi, obele\u017eavaju\u0107i milenijum Roskildea 1998. godine. Kratka \u0161etnja pe\u0161a\u010dkim ulicama otkriva butike, kafi\u0107e i restorane Algadea i Skomagergadea. Raadhusk\u00e6lderen, u drvenom svodu iz 1430. godine, poznat je po odresku lososa sa tartarom i krem sosom od grilovane piletine, dok La Braseri, Gimle Muzikkafe u engleskom stilu i Restoran Topen na vrhu kule visoke 84 metra nude ukuse koji odra\u017eavaju gradsko \u010duveno nepce.<\/p>\n<p>Hoteli se kre\u0107u od istorijskog Prindsena, \u010diji temelji datiraju iz 1695. godine i \u010diji apartman Hansa Kristijana Andersena evocira nordijsku eleganciju, do lanca Skandik osnovanog 1989. godine. Van centra, Svogerslev Kro sa slamnatim krovom, gostionica od 1727. godine, nudi intiman sme\u0161taj dve i po milje zapadno od starog grada.<\/p>\n<p>Kroz vekove promena, Roskilde je sa\u010duvao svoj mozaik se\u0107anja i zamaha. NJegovo srednjovekovno jezgro, akademski okruzi, industrijski parkovi i festivalski prostori spajaju se u narativu o adaptaciji i upravljanju. Bilo da ih privla\u010de kraljevske grobnice ili ritmovi stena, parkovi na obali fjordova ili istra\u017eiva\u010dke laboratorije, posetioci i stanovnici u Roskildeu pronalaze grad koji je i poznat i neo\u010dekivano slo\u017een, mesto gde svaka ulica i institucija nosi odjeke danske pro\u0161losti i obe\u0107anje njene budu\u0107nosti.<\/p>","protected":false},"excerpt":{"rendered":"<p>Roskilde, grad od istorijskog i savremenog zna\u010daja, nalazi se na danskom ostrvu Zeland, otprilike 30 kilometara zapadno od Kopenhagena. Od 1. januara 2024. godine ovaj urbani centar ima populaciju od 52.974 stanovnika, \u0161to potvr\u0111uje status 10. po veli\u010dini grada u Danskoj. Strate\u0161ka lokacija i istorijski zna\u010daj Roskildea su olak\u0161ali njegov razvoj u centralni poslovni i obrazovni centar za region, koji nadgleda administrativno ve\u0107e op\u0161tine Roskilde.<\/p>","protected":false},"author":1,"featured_media":3537,"parent":14261,"menu_order":0,"comment_status":"closed","ping_status":"closed","template":"elementor_theme","meta":{"_eb_attr":"","footnotes":""},"class_list":["post-14276","page","type-page","status-publish","has-post-thumbnail"],"_links":{"self":[{"href":"https:\/\/travelshelper.com\/sr\/wp-json\/wp\/v2\/pages\/14276","targetHints":{"allow":["GET"]}}],"collection":[{"href":"https:\/\/travelshelper.com\/sr\/wp-json\/wp\/v2\/pages"}],"about":[{"href":"https:\/\/travelshelper.com\/sr\/wp-json\/wp\/v2\/types\/page"}],"author":[{"embeddable":true,"href":"https:\/\/travelshelper.com\/sr\/wp-json\/wp\/v2\/users\/1"}],"replies":[{"embeddable":true,"href":"https:\/\/travelshelper.com\/sr\/wp-json\/wp\/v2\/comments?post=14276"}],"version-history":[{"count":0,"href":"https:\/\/travelshelper.com\/sr\/wp-json\/wp\/v2\/pages\/14276\/revisions"}],"up":[{"embeddable":true,"href":"https:\/\/travelshelper.com\/sr\/wp-json\/wp\/v2\/pages\/14261"}],"wp:featuredmedia":[{"embeddable":true,"href":"https:\/\/travelshelper.com\/sr\/wp-json\/wp\/v2\/media\/3537"}],"wp:attachment":[{"href":"https:\/\/travelshelper.com\/sr\/wp-json\/wp\/v2\/media?parent=14276"}],"curies":[{"name":"wp","href":"https:\/\/api.w.org\/{rel}","templated":true}]}}