{"id":14240,"date":"2024-09-18T22:41:43","date_gmt":"2024-09-18T22:41:43","guid":{"rendered":"https:\/\/travelshelper.com\/staging\/?page_id=14240"},"modified":"2026-03-11T23:33:52","modified_gmt":"2026-03-11T23:33:52","slug":"estonija","status":"publish","type":"page","link":"https:\/\/travelshelper.com\/sr\/destinations\/europe\/estonia\/","title":{"rendered":"\u0415\u0441\u0442\u043e\u043d\u0438\u0430"},"content":{"rendered":"<p>Estonija se nalazi na isto\u010dnoj obali Balti\u010dkog mora, vitka republika sa oko 1,37 miliona stanovnika \u010dije je tlo i duh nosilo i paganske obrede i digitalne revolucije. Na povr\u0161ini od 45.335 km\u00b2 \u2013 uklju\u010duju\u0107i vi\u0161e od 2.300 ostrva \u2013 ova severna zemlja je evoluirala od svojih neolitskih naselja iz 9.000. godine pre nove ere u jednu od digitalno najnaprednijih demokratija u Evropi, koja se mo\u017ee pohvaliti \u010dlanstvom u evrozoni, NATO savezu i reputacijom transparentnog upravljanja. Od kre\u010dnja\u010dkih litica njene severne obale do tresetom prekrivenih ju\u017enih visoravni, teren i ljudi Estonije prate istoriju strane vlasti, nacionalnog bu\u0111enja, sovjetske okupacije i mirne \u201ePevaju\u0107e revolucije\u201c koja je obnovila nezavisnost 20. avgusta 1991. godine.<\/p>\n<p>Od pamtiveka, estonska plemena su se grupisala du\u017e reka i jezera. Srednjovekovno preobra\u0107enje u hri\u0161\u0107anstvo nametnuto je tek nakon Severnih krsta\u0161kih ratova u 13. veku, ali su ostaci prehri\u0161\u0107anskih obi\u010daja opstali u folkloru i runskim pesmama. Vekovi vlasti Tevtonskih vitezova, danskih monarha, poljskih kraljeva, \u0161vedskih gospodara i, kona\u010dno, Ruskog carstva nisu mnogo doprineli uni\u0161tenju narodnog identiteta koji je rasplamsao u nacionalno bu\u0111enje sredinom 19. veka. Deklaracija o nezavisnosti u februaru 1918. godine uspostavila je me\u0111uratnu republiku zasnovanu na demokratskim idealima, samo da bi se neutralnost raspala pod sovjetskom i nema\u010dkom okupacijom. Tokom Hladnog rata, emigrantske diplomate i vlada u egzilu o\u010duvali su pravni kontinuitet Estonije sve dok balti\u010dka dr\u017eava nije povratila svoj suverenitet kroz nenasilne masovne proteste i horski otpor.<\/p>\n<p>Topografski, republika se prostire u blagim gradijentima. Severne i zapadne nizije ustupaju mesto visoravnima Pandivere, Sakala i Otepa, dok se Suur Munamagi, sa 318 metara nadmorske visine, nalazi iznad Hanja brda. Od 1.560 prirodnih jezera Estonije, ogromno prostranstvo \u010cudskog jezera grani\u010di se sa Rusijom, a Virtsjarv se u potpunosti nalazi unutar nje. Manje od desetak reka prelazi 100 kilometara, a me\u0111u njima su najva\u017enije Vohandu i Parnu. Skoro \u010detvrtina zemlje je obele\u017eena mo\u010dvarama i tresetima - isprepletenim mo\u010dvarama gde se spajaju treset i mo\u010dvarna \u0161uma - koje nude uto\u010di\u0161te vrstama koje su nestale drugde u Evropi.<\/p>\n<p>Klima ovde nije ni potpuno kontinentalna niti \u010disto morska, ve\u0107 je oblikovana severnoatlantskim ciklonima i umerenim dometom Baltika. Zimsko otapanje sti\u017ee prerano na priobalne obale, dok letnja toplina ostaje dok zapadni povetarac ubla\u017eava vru\u0107inu u unutra\u0161njosti. Prose\u010dne temperature osciluju izme\u0111u -3,8 \u00b0C u februaru i 17,8 \u00b0C u julu, sa ekstremima zabele\u017eenim na -43,5 \u00b0C 1940. i 35,6 \u00b0C 1992. godine. Prose\u010dna godi\u0161nja koli\u010dina padavina je 662 mm; sun\u010dano sijanje traje od jedva tridesetak sati u decembru do skoro 300 u avgustu. Dnevna svetlost se produ\u017eava na 18 sati i 40 minuta sredinom leta i smanjuje se na \u0161est sati nakon zimskog solsticija, daju\u0107i \u201ebele no\u0107i\u201c od maja do jula.<\/p>\n<p>Mozaik \u0161uma, polja, ostrva i mo\u010dvara temelji jedan od najbogatijih biodiverziteta u Evropi. Pribli\u017eno 19,4 procenta zemlji\u0161ta Estonije je formalno za\u0161ti\u0107eno - \u0161est nacionalnih parkova, preko dvesta za\u0161ti\u0107enih podru\u010dja i vi\u0161e od stotinu rezervata pejza\u017ea. Migratorni koridori usmeravaju milione ptica vrap\u010darki i vodoplavnih ptica preko njenog neba, postavljaju\u0107i evropske rekorde po raznolikosti i koli\u010dini. Bor, breza i smr\u010da dominiraju njenim \u0161umama, pru\u017eaju\u0107i skloni\u0161te velikim sisarima, od risa i mrkog medveda do ponovo uvedene evropske nerce na Hijumi. Brkata carstva vodozemaca i gmizavaca napreduju usred 330 vrsta ptica zabele\u017eenih \u0161irom zemlje, me\u0111u kojima je i lasta \u0161umska, nacionalni simbol ptica.<\/p>\n<p>Estonija, parlamentarna republika od petnaest maakonda, u\u017eiva jednu od najmanje korumpiranih administracija u Evropi. NJena transformacija od zavisnosti od naftnih \u0161kriljaca \u2013 nekada odgovornih za vi\u0161e od osamdeset pet procenata proizvodnje energije \u2013 do diverzifikovane me\u0161avine obnovljivih izvora energije nagla\u0161ava adaptivnu volju nacije. Finansijski nadir izazvan krizom iz 2008. godine ustupio je mesto do 2012. godine jedinom bud\u017eetskom suficitu evrozone i nacionalnom dugu od samo \u0161est procenata BDP-a. Danas, telekomunikacije, bankarstvo, softverske usluge, tekstil, elektronika i brodogradnja pokre\u0107u naprednu ekonomiju sa BDP-om po glavi stanovnika od oko 46.385 dolara (podaci iz 2023. godine). Estonija se nalazi na vrhu globalne liste po ljudskom razvoju, slobodi \u0161tampe, obrazovnim rezultatima \u2013 od osnovnog do visokog \u2013 i uslugama e-uprave.<\/p>\n<p>Pomorske arterije se spajaju u luku Talin i njenom satelitu bez leda u Muugi, gde silosi za \u017eito, rashladna skladi\u0161ta i pristani\u0161ta za tankere opslu\u017euju balti\u010dku trgovinu. Trajekti kompanije Talink povezuju morske rute sa Helsinkijem i Stokholmom, dok lokalne linije prevoze putnike do Sareme i Hijuma. Kopnenim putem, vi\u0161e od \u0161esnaest hiljada kilometara dr\u017eavnih puteva, uklju\u010duju\u0107i arterije E20, E263 i E67, podr\u017eavaju visoku stopu vlasni\u0161tva privatnih automobila. \u201eRail Baltika\u201c, koja je u izgradnji od 2017. godine, obe\u0107ava vezu evropskog koloseka od Talina preko Rige do Var\u0161ave, dopunjuju\u0107i postoje\u0107u mre\u017eu Estonske \u017eeleznice i njen istorijski uskotra\u010dni tramvaj u glavnom gradu. Aerodromi u Talinu, Tartuu, Parnuu, Kuresaareu i Kerdli povezuju Estoniju sa severnom i centralnom Evropom preko prevoznika kao \u0161to su ErBaltik i LOT.<\/p>\n<p>Etni\u010dki, Estonija je uglavnom homogena: etni\u010dki Estonci \u010dine skoro sedamdeset procenata stanovni\u0161tva, sa ruskofonskom manjinom od oko dvadeset \u010detiri procenta, koncentrisanom u Ida-Viru i okolini Talina. Od 1991. godine broj stanovnika je porastao na 1.369.285 (1. januar 2025), \u0161to odra\u017eava migracije i skroman vi\u0161ak ra\u0111anja. Obrazovna dostignu\u0107a su izuzetna - \u010detrdeset tri procenta odraslih starosti 25\u201364 godine ima univerzitetske diplome - a raznolikost je porasla, sa preko dvesta etni\u010dkih grupa i skoro isto toliko maternjih jezika. Balti\u010dka nema\u010dka zajednica je nekada signalizirala nema\u010dku kulturnu hegemoniju do sredine 20. veka; danas, Ingermanlandski Finci i estonski \u0160ve\u0111ani u\u017eivaju kulturnu autonomiju uz malo prisustvo Roma.<\/p>\n<p>Verska pripadnost je opala, \u0161to Estoniju \u010dini jednom od najsekularnijih dr\u017eava u Evropi. Ne\u0161to manje od jedne tre\u0107ine gra\u0111ana ispoveda neku veru, ve\u0107ina njih pripada hri\u0161\u0107anskim denominacijama. Isto\u010dno pravoslavlje, koje praktikuju mnogi me\u0111u ruskom manjinom i starosedela\u010dkim Seto narodom, sada nadma\u0161uje luteranizam po broju sledbenika. Dimne saune iz tradicije Vira \u2013 koja je na listi UNESKO-a od 2014. godine \u2013 odr\u017eavaju ritual predaka, kao i letnje loma\u010de Janipaev i parade povodom Dana nezavisnosti, koje obele\u017eavaju kolektivno se\u0107anje 24. juna i 24. februara, respektivno.<\/p>\n<p>Jezi\u010dki gledano, estonski preovladava, sa otprilike osamdeset \u010detiri procenta stanovni\u0161tva koje ga koristi kao maternji ili drugi jezik. Ju\u017enoestonski dijalekti - viroski, setoski, mulgi i tartuski - opstaju me\u0111u skoro sto hiljada govornika. Engleski i ruski slu\u017ee kao zajedni\u010dki strani ili nasle\u0111eni jezici, a poja\u010dava ih javno \u0161kolovanje; slede nema\u010dki i francuski. Estonski znakovni jezik, formalno priznat 2007. godine, podr\u017eava oko 4.500 gluvih gra\u0111ana.<\/p>\n<p>Kulturni identitet se isprepli\u0107e sa zemljom. Folklorne runske pesme prepri\u010davaju kosmogoniju i gigante poput Kalevipoega. Kampanja folkloriste Jakoba Hurta iz 19. veka prikupila je preko dvanaest hiljada stranica usmene tradicije; Matijas Johan Ajzen \u0107e sakupiti jo\u0161 devedeset hiljada, koje se sada \u010duvaju u Estonskom folklornom arhivu. Arhitektura obuhvata drvene farme rehielamu, srednjovekovne kamene utvr\u0111enja na brdima, romanske crkve i goti\u010dke trgova\u010dke dvorane \u2013 naj\u017eivlje o\u010duvane u Starom gradu Talina, koji je pod za\u0161titom UNESKO-a. Zgrada parlamenta na brdu Toompea izme\u0111u dva rata stoji jedinstveno kao jedina ekspresionisti\u010dka zakonodavna komora na svetu, dok su trendovi 20. veka oscilirali od ogoljenog klasicizma do sovjetske prefabrikacije, a nedavno i do staklenih poslovnih kula arhitekata poput Vilena Kinapua.<\/p>\n<p>Estonska kuhinja, ro\u0111ena iz polja, \u0161uma i mora, ostaje utemeljena u ra\u017eenom hlebu, krompiru, svinjetini i mle\u010dnim proizvodima, o\u017eivljena sezonskim bobicama, za\u010dinskim biljem i pe\u010durkama. Otvoreni sendvi\u010di preliveni balti\u010dkom haringom ili papalinama otelotvoruju sklonost nacije ka najjednostavnijoj i najsve\u017eijoj hrani. Pivo, vo\u0107na vina i destilovano vino prate obroke, kao \u0161to je to bio slu\u010daj vekovima poljoprivrednog i priobalnog \u017eivota.<\/p>\n<p>Za putnike, Estonija se odvija u regionima, ali bez tiranije udaljenosti: \u010detiri sata dele ju\u017ena brda od severnih pla\u017ea, a dva sata su dovoljna izme\u0111u Talina i bilo kog ve\u0107eg grada. Severna Estonija pulsira industrijom i urbanim \u0161armom, srednjovekovna prestonica sme\u0161tena je nasuprot primorskim selima i Lahemaskim imanjima. Isto\u010dna Estonija nosi svoj ruski uticaj u Hermanovom zamku u Narvi i banjskim zaseocima du\u017e Zaliva. Ostrva i zapadna obala nude vetrom izmu\u010dena sela Sareme, letnju veli\u010dinu Parnua i o\u017eivljeno nasle\u0111e priobalnih \u0160ve\u0111ana na Ruhnuu. Na jugu, akademska vreva Tartua ustupa mesto molitvenim ku\u0107ama Setome, pesmama Mulgime i skija\u0161kim stazama Otepaa.<\/p>\n<p>Privla\u010dnost Estonije le\u017ei u takvim kontrastima: digitalna republika koja cveta usred \u0161uma prekrivenih mahovinom, drevnih mo\u010dvara i hanzeatskih bedema; narod koji peva o nezavisnosti i do\u010dekuje posetioce u istom dahu. Ovo je zemlja koju manje defini\u0161u lanci koji su je nekada vezivali, a vi\u0161e otpornost koja ujedinjuje njenu pro\u0161lost sa svakim klikom, svakom pesmom i svakim korakom preko njenog legendarnog terena.<\/p>","protected":false},"excerpt":{"rendered":"<p>Estonija, sme\u0161tena u severnoj Evropi pored slikovitog Balti\u010dkog mora, predstavlja primer izdr\u017eljivosti, inventivnosti i kulturne raznolikosti. Sme\u0161tena na raskrsnici severne i isto\u010dne Evrope, Estonija poseduje strate\u0161ki polo\u017eaj koji je istorijski definisao njenu putanju i nastavlja da uti\u010de na njene trenutne okolnosti. Uprkos svojoj populaciji od oko 1,4 miliona, Estonija zna\u010dajno uti\u010de na tehnologiju, digitalno upravljanje i za\u0161titu \u017eivotne sredine.<\/p>","protected":false},"author":1,"featured_media":3347,"parent":24078,"menu_order":0,"comment_status":"closed","ping_status":"closed","template":"elementor_theme","meta":{"_eb_attr":"","footnotes":""},"class_list":["post-14240","page","type-page","status-publish","has-post-thumbnail"],"_links":{"self":[{"href":"https:\/\/travelshelper.com\/sr\/wp-json\/wp\/v2\/pages\/14240","targetHints":{"allow":["GET"]}}],"collection":[{"href":"https:\/\/travelshelper.com\/sr\/wp-json\/wp\/v2\/pages"}],"about":[{"href":"https:\/\/travelshelper.com\/sr\/wp-json\/wp\/v2\/types\/page"}],"author":[{"embeddable":true,"href":"https:\/\/travelshelper.com\/sr\/wp-json\/wp\/v2\/users\/1"}],"replies":[{"embeddable":true,"href":"https:\/\/travelshelper.com\/sr\/wp-json\/wp\/v2\/comments?post=14240"}],"version-history":[{"count":0,"href":"https:\/\/travelshelper.com\/sr\/wp-json\/wp\/v2\/pages\/14240\/revisions"}],"up":[{"embeddable":true,"href":"https:\/\/travelshelper.com\/sr\/wp-json\/wp\/v2\/pages\/24078"}],"wp:featuredmedia":[{"embeddable":true,"href":"https:\/\/travelshelper.com\/sr\/wp-json\/wp\/v2\/media\/3347"}],"wp:attachment":[{"href":"https:\/\/travelshelper.com\/sr\/wp-json\/wp\/v2\/media?parent=14240"}],"curies":[{"name":"wp","href":"https:\/\/api.w.org\/{rel}","templated":true}]}}