{"id":14191,"date":"2024-09-18T21:59:59","date_gmt":"2024-09-18T21:59:59","guid":{"rendered":"https:\/\/travelshelper.com\/staging\/?page_id=14191"},"modified":"2026-03-11T23:49:09","modified_gmt":"2026-03-11T23:49:09","slug":"kan-2","status":"publish","type":"page","link":"https:\/\/travelshelper.com\/sr\/destinations\/europe\/france\/cannes\/","title":{"rendered":"Kan"},"content":{"rendered":"<p>Kan je priobalna op\u0161tina sa pribli\u017eno 73.000 stanovnika, koja obuhvata oko 19,62 kvadratna kilometra du\u017e isto\u010dne obale zaliva Kan na Francuskoj rivijeri, u okviru francuskog departmana Alpi-Maritim. Doma\u0107in niza me\u0111unarodnih okupljanja - godi\u0161njeg Filmskog festivala u Kanu, muzi\u010dke konferencije Midem i Me\u0111unarodnog festivala kreativnosti Kanski lavovi - evoluirao je od skromnog ribarskog sela u sredi\u0161te filmske, muzi\u010dke i reklamne industrije. Luksuzni hoteli se nalaze du\u017e njegove \u010duvene obale, dok gradska ekonomija napreduje zahvaljuju\u0107i me\u0161avini turizma, poslovnih sajmova, trgovine i sna\u017enog vazduhoplovnog prisustva sa sedi\u0161tem u Svemirskom centru Kan Mandelje.<\/p>\n<p>Od decembra do februara, srednje dnevne temperature kre\u0107u se tek iznad 10 \u00b0C, \u0161to zimskim mesecima daje blagi karakter koji je u kontrastu sa intenzivnim letnjim suncem kada dnevne temperature \u010desto dosti\u017eu 30 \u00b0C. Jul nudi prose\u010dno jedanaest sati sun\u010deve svetlosti dnevno, dok padavine ostaju skromne tokom cele godine, dosti\u017eu\u0107i vrhunac u oktobru i novembru kada mese\u010dne koli\u010dine mogu pre\u0107i 100 mm. Topla godi\u0161nja doba traju od juna do septembra, tokom kojih se broj stanovnika pove\u0107ava zahvaljuju\u0107i posetiocima koje privla\u010di tirkizna boja Mediterana i festivali koji obele\u017eavaju kalendar. Izuzetni ekstremi obele\u017eili su lokalnu klimu: 19. jula 2023. godine, \u017eiva je sko\u010dila na 39,2 \u00b0C, a usred stroge zime 9. januara 1985. godine pala je na \u201312,0 \u00b0C.<\/p>\n<p>Promenada de la Kroazet, elegantno zakrivljena avenija ukra\u0161ena palmama, defini\u0161e identitet kanske obale. NJen deo je oivi\u010den odabranim pla\u017eama - i javnim i privatnim - gastronomskim terasama i fasadama luksuznih butika i otmenih hotela. Iza avenije, Le Suke, srednjovekovna \u010detvrt grada, otkriva kaldrmisanu mre\u017eu uskih ulica koje se uzdi\u017eu do kapele Notr Dam d&#039;Esperans na vrhu brda. Sa te ta\u010dke gledi\u0161ta, pru\u017ea se pogled na zaobilje Korni\u0161a i plavetnilasti zaliv, dok Muzej istra\u017eivanja sveta - sme\u0161ten unutar utvr\u0111ene kule i kapele Sveta Ana - predstavlja relikvije sa dalekih putovanja. Silueta ruske pravoslavne katedrale iscrtava ovu padinu svojim pozla\u0107enim kupolama u obliku luka.<\/p>\n<p>Nasle\u0111e Kana je o\u010digledno u velikim vilama iz 19. veka, koje i dalje stoje kao spomenici bogatstvu koje je prvo donelo zna\u010daj gradu. Mnoge podse\u0107aju na oblike rimskih vila ili srednjovekovnih tvr\u0111ava, iako su nepristupa\u010dne javnosti. Me\u0111u njima je i Vila Eleonora Luiz lorda Brouma, podignuta izme\u0111u 1835. i 1839. godine u Anglijskom kvartu \u2013 danas najstarijem stambenom okrugu grada \u2013 nekada je do\u010dekivao britanske aristokrate. Vila Domerg \u017dan-Gabrijela Domerga, prvobitno poznata kao Vila Fijezol, podse\u0107a na rasko\u0161ne oblike Fijezola blizu Firence i mo\u017ee se posetiti uz prethodni zakazivanje, a njene ba\u0161te i enterijer svedo\u010de o prefinjenom ukusu ranih gostiju.<\/p>\n<p>Na obali, arhipelag Il de Lerin obuhvata dva glavna ostrva. Il Sent-Margerit, \u0161umovito uto\u010di\u0161te udaljeno samo kilometar od obale, \u010duva \u0107eliju u kojoj je legendarni \u201e\u010covek u gvozdenoj maski\u201c bio zatvoren jedanaest godina; ta komora sada zauzima prostor u Muzeju mora, koji tako\u0111e prikazuje keramiku spa\u0161enu iz drevnih brodoloma, od rimskih amfora do saracenskih fragmenata. Ju\u017eno le\u017ei Il Sent-Onora, koji su od 410. godine nove ere naseljavali cistercitski monasi \u010dija je opatija nekada upravljala okolnim regionom. Posetioci mogu da pro\u0111u kroz strogu crkvu i ru\u0161evine manastira iz 11. veka, dok monasi odr\u017eavaju svoju vekovnu vinogradarsku praksu kroz proizvodnju malih serija crvenih i belih vina.<\/p>\n<p>U gradu, kolekcija muzeja nudi uvid u praistoriju Provanse, mediteransku plovidbu i svetske kulture. Muzej umetnosti i istorije Provanse, sme\u0161ten u vili iz 18. veka, prati lokalni \u017eivot od praistorijskih porekla do danas kroz alate, kostime i santone vajane za bo\u017ei\u0107ne jasle. Muzej Kastr predstavlja artefakte poreklom sa pacifi\u010dkih atola, pretkolumbovskog Perua i Mezoamerike, sme\u0161tene u ostacima srednjovekovnog zamka na vrhu Le Sukea. Dodatna mesta - kao \u0161to su Muzej pomorstva, Muzej mora, Muzej fotografije i Me\u0111unarodni muzej parfemija - bave se pomorskim tradicijama, podvodnom arheologijom, fotografskom umetno\u0161\u0107u i parfemskim nasle\u0111em regiona.<\/p>\n<p>Pozori\u0161ni i muzi\u010dki \u017eivot Kana odvija se u intimnim prostorima gde se na godi\u0161njem Me\u0111unarodnom festivalu gluma\u010dkih performansa odr\u017eavaju kratke ske\u010devi usred lokalnih pozori\u0161ta poput Teatra Debisi, Espas Miramar i Aleksandra III. Gledaoci do\u017eivljavaju trenutke humora i drame udaljene od grandioznosti crvenog tepiha, poja\u010davaju\u0107i posve\u0107enost grada izvo\u0111a\u010dkim umetnostima izvan njegovih zna\u010dajnih doga\u0111aja.<\/p>\n<p>Kanski kalendar je prepun festivala i profesionalnih okupljanja. Pored filmskog festivala sredinom maja, jun najavljuje festival Lavovi za kreativnost u ogla\u0161avanju, dok Kanski zaliv blista letnjim vatrometom tokom godi\u0161njeg Festivala pirotehnike. Midem okuplja rukovodioce muzi\u010dke industrije svakog juna; april i oktobar su doma\u0107ini MIPTV-a i MIPCOM-a, vode\u0107ih tr\u017ei\u0161ta za televizijski sadr\u017eaj; MIPIM okuplja stru\u010dnjake za nekretnine u martu; a Kanski festival jahtinga u septembru privla\u010di ljubitelje pomorstva u Staru luku. Dodatni doga\u0111aji uklju\u010duju Panafri\u010dki filmski festival po\u010detkom aprila, Me\u0111unarodni festival igara svakog februara i takmi\u010denje u preskakanju prepona Global Champions Tour u luci. Dodela muzi\u010dkih nagrada NRJ dodatno poja\u010dava ulogu grada kao centra zabave i trgovine.<\/p>\n<p>Kanska ekonomija prepli\u0107e turizam sa rastu\u0107im klasterom visoke tehnologije. Pored glamura filmskih i reklamnih festivala, brda iznad grada doma\u0107ini su tehnopolisa Sofija Antipolis, a Kanski svemirski centar Mandelje u blizini je baza kompanije Tales Alenija Spejs za proizvodnju satelita. Oko 6.500 kompanija posluje u okviru grada, uklju\u010duju\u0107i 3.000 trgovaca, zanatlija i pru\u017ealaca usluga. Dinami\u010dno okru\u017eenje odr\u017eava stalan priliv novih preduze\u0107a \u2013 421 je registrovano 2006. godine \u2013 i nagla\u0161ava dvostruki identitet Kana kao dru\u0161tvene scene i centra za inovacije.<\/p>\n<p>Veze sa \u0161irim regionom olak\u0161ane su vazdu\u0161nim, \u017eelezni\u010dkim, drumskim i morskim saobra\u0107ajem. Aerodrom Nica Azurna obala, udaljen dvadeset \u010detiri kilometra severoisto\u010dno, prima me\u0111unarodne dolaske, dok obli\u017enji aerodrom Kan-Mandelje prima manje plovila. Glavna \u017eelezni\u010dka stanica povezana je sa Parizom vozom TGV, sa Marsejem vozom TER, a sa italijanskim gradovima putem usluga kao \u0161to su one koje je ranije obavljao Telo. Pet dodatnih lokalnih stanica na liniji do Grasa opslu\u017euje prigradske okruge, a posebna \u017eelezni\u010dko-trajektna veza postoji na stanici Kan-la-Boka. Nacionalne i regionalne autobuske linije svrate na stanicu Gar Rutijer de Kan, dok trajekti sa Korzike povezuju stanice preko Bastije i Kalvija, prelaze\u0107i Sredozemno more u putovanjima od dva do \u010detiri sata.<\/p>\n<p>Kanske marine \u2014 Stara luka Kan pored Pale festivala i Port Pjer Kanto na isto\u010dnom vrhu Kroazeta \u2014 mogu da prime do 800 plovila, od \u010damaca za razonodu do transatlantskih brodova. Stara luka tako\u0111e funkcioni\u0161e kao redovna stanica za krstarenja, poja\u010davaju\u0107i pomorsko nasle\u0111e grada.<\/p>\n<p>Pe\u0161ke, posetioci se susre\u0107u sa \u0161irokim spektrom kupovine. Izme\u0111u Kroazete i ulice Antib nalaze se luksuzni butici me\u0111unarodnih modnih ku\u0107a, uz pristupa\u010dnije prodavnice, dok krivudave uli\u010dice starog grada nude zanatske proizvode. Pokrivena pijaca u ulici Menadije, Mar\u0161e Forvil, predstavlja \u017eivopisan prikaz provansalskih proizvoda - sireva, maslina i sve\u017eih morskih plodova - uz redove tezgi. U istorijskom kvartu Le Kane, Trg Belvi poziva na ru\u010dak na otvorenom, uokviren fasadama iz 19. veka, i ugo\u0161\u0107uje ateljee gde slikari i vajari nastavljaju regionalne tradicije. Standardno radno vreme prodavnica je od 10:00 do 12:00 i od 14:30 do 19:30, a mnogi objekti ostaju otvoreni i tokom ru\u010dka tokom sezone.<\/p>\n<p>Gastronomska scena odra\u017eava i lokalne sastojke i kosmopolitske struje koje su oblikovale Kan. Stolovi du\u017e keja nude tanjire sa morskim plodovima iz Mediterana, dok bistroi u Le Sukeu slu\u017ee jela inspirisana Provansalom uz pogled na krovove od terakote. Ulica Ru d&#039;Antib je dom \u010dokoladnica kao \u0161to je Mefret i zanatskih delikatesa u \u0160e Brunu, a gurmani se mogu zadr\u017eati uz regionalna vina u La Kave Forvil. Iako centar Kana nudi premium cene, mre\u017ea sporednih ulica i prigradskih restorana u Le Kaneu nudi skromnije opcije, njihove atmosfere oblikovane ritmovima svakodnevnog \u017eivota, a ne festivalskim glamurom.<\/p>\n<p>Kan opstaje kao mesto susreta \u2013 gde se svetlost Mediterana prelama kroz palmino li\u0161\u0107e, gde se umetnost i trgovina susre\u0107u na jednoj sceni, i gde vekovi istorije odjekuju u kamenim zidovima i manastirskim vinogradima. Pru\u017ea utisak koji je i precizan i neopipljiv: struganje kobilica brodova o kej, tihi odjek filmskih rolni u zamra\u010denoj sali i trag jasmina na letnjem povetarcu. Ovde modernost i se\u0107anje koegzistiraju, pozivaju\u0107i posmatra\u010de da se pomere dalje od scenarija slave u teksture svakodnevne gracioznosti.<\/p>","protected":false},"excerpt":{"rendered":"<p>Kan, idili\u010dna op\u0161tina koja se nalazi na francuskoj rivijeri, je dragulj departmana Alpes-Maritimes u regionu Provansa-Alpi-Azurna obala. Sme\u0161ten oko 45 kilometara jugozapadno od Nice, ovaj poznati primorski grad ima populaciju od preko 74.000 stanovnika, koji se na francuskom naziva Cannois ili Canenc na provansalskom oksitanskom. Povoljna lokacija grada du\u017e obale Sredozemnog mora uticala je na njegovu istoriju, kulturu i ekonomiju, razvijaju\u0107i ga od skromnog ribarskog zaseoka u presti\u017eno luksuzno odmarali\u0161te i kulturni centar.<\/p>","protected":false},"author":1,"featured_media":3017,"parent":13952,"menu_order":0,"comment_status":"closed","ping_status":"closed","template":"elementor_theme","meta":{"_eb_attr":"","footnotes":""},"class_list":["post-14191","page","type-page","status-publish","has-post-thumbnail"],"_links":{"self":[{"href":"https:\/\/travelshelper.com\/sr\/wp-json\/wp\/v2\/pages\/14191","targetHints":{"allow":["GET"]}}],"collection":[{"href":"https:\/\/travelshelper.com\/sr\/wp-json\/wp\/v2\/pages"}],"about":[{"href":"https:\/\/travelshelper.com\/sr\/wp-json\/wp\/v2\/types\/page"}],"author":[{"embeddable":true,"href":"https:\/\/travelshelper.com\/sr\/wp-json\/wp\/v2\/users\/1"}],"replies":[{"embeddable":true,"href":"https:\/\/travelshelper.com\/sr\/wp-json\/wp\/v2\/comments?post=14191"}],"version-history":[{"count":0,"href":"https:\/\/travelshelper.com\/sr\/wp-json\/wp\/v2\/pages\/14191\/revisions"}],"up":[{"embeddable":true,"href":"https:\/\/travelshelper.com\/sr\/wp-json\/wp\/v2\/pages\/13952"}],"wp:featuredmedia":[{"embeddable":true,"href":"https:\/\/travelshelper.com\/sr\/wp-json\/wp\/v2\/media\/3017"}],"wp:attachment":[{"href":"https:\/\/travelshelper.com\/sr\/wp-json\/wp\/v2\/media?parent=14191"}],"curies":[{"name":"wp","href":"https:\/\/api.w.org\/{rel}","templated":true}]}}