{"id":14059,"date":"2024-09-18T17:29:07","date_gmt":"2024-09-18T17:29:07","guid":{"rendered":"https:\/\/travelshelper.com\/staging\/?page_id=14059"},"modified":"2026-03-12T00:10:24","modified_gmt":"2026-03-12T00:10:24","slug":"sen-trope","status":"publish","type":"page","link":"https:\/\/travelshelper.com\/sr\/destinations\/europe\/france\/saint-tropez\/","title":{"rendered":"Sen Trope"},"content":{"rendered":"<p>Sen Trope zauzima uski rt na Francuskoj rivijeri, sme\u0161ten na pola puta izme\u0111u Nice i Marseja. NJegov zvani\u010dni status op\u0161tine u departmanu Var krije povr\u0161inu od ne\u0161to vi\u0161e od pet kvadratnih kilometara koja obuhvata 4.103 stanovnika (popis iz 2018. godine). Sme\u0161ten na \u010delu uskog zaliva \u2013 Golf de Sen Trope \u2013 le\u017ei u podno\u017eju planinskog masiva de Mor, \u010dije konture oblikuju vetar i struje. Sa ove ta\u010dke gledi\u0161ta, kompaktno jezgro grada se \u0161iri prema susednim dinama Pampelon, pozicioniraju\u0107i Sen Trope kao priobalnu enklavu i kapiju ka provansalskom zale\u0111u.<\/p>\n<p>Klima se dr\u017ei mediteranskog re\u017eima sa toplim letom. Zime ostaju blage, sa dnevnim temperaturama koje retko padaju ispod deset stepeni Celzijusa. Leta donose vru\u0107inu ubla\u017eenu priobalnim promajom Mastrala, \u0161to podnevne temperature \u010dini podno\u0161ljivijim nego u unutra\u0161njosti. Godi\u0161nje padavine se koncentri\u0161u u kratkim jesenjim i prole\u0107nim bujicama, ostavljaju\u0107i leto uglavnom suvim. Vegetacija, verna svom mediteranskom poreklu, sastoji se od maslinjaka, borova, \u017ebunja i mediteranske makije, \u010dije su prigu\u0161ene zelene nijanse omek\u0161ane solju i suncem.<\/p>\n<p>Osnovan kao utvr\u0111eno upori\u0161te u antici, najranija ekonomija grada se vrti oko ribolova i malog brodogradnje. NJegova luka je 1789. godine primila osamdeset brodova; lokalna brodogradili\u0161ta su proizvodila tartane i trojarbolne trgova\u010dke brodove, od kojih su neki mogli da prevoze i do dvanaest hiljada barela. Tokom narednih decenija, pojavili su se povezani zanati - branje plute, vinogradarstvo i drvna gra\u0111a. Hidrografska \u0161kola je obu\u010davala mornare i navigatore. Do sredine devetnaestog veka, vode\u0107i brodovi poput \u201eLa Reine des Anges\u201c otelotvorili su pomorsko ume\u0107e op\u0161tine.<\/p>\n<p>Ratno poglavlje Sen Tropea zaklju\u010deno je u avgustu 1944. godine kada su savezni\u010dke snage, deo operacije Dragun, oslobodile grad ispred susednih naselja na Azurnoj obali. Taj jedinstveni trenutak ozna\u010dio je i kraj i po\u010detak. Slede\u0107a decenija bila je svedok dolaska filmskih stvaralaca i muzi\u010dara koji su tra\u017eili pejza\u017ee neokaljane masovnim turizmom. Autori filma \u201eNova vaga\u201c, me\u0111u kojima je bio Ro\u017eer Vadim \u2014 \u010dija je produkcija iz 1956. godine \u201eI Bog stvori \u017eenu\u201c anga\u017eovala Bri\u017eit Bardo pod kamenim bedemima Sen Tropea \u2014 u\u010dinili su sliku grada neizbrisivom. Istovremeno, pokret Je-je privukao je mlade umetnike \u010diji su podvizi urezali grad u evropsku kulturnu svest.<\/p>\n<p>Do 1960-ih, evropski i ameri\u010dki d\u017eet-set je proglasio Sen Trope sezonskim uto\u010di\u0161tem. Hoteli poput Biblosa otvarani su ceremonijama koje su uveli\u010davali Bardo i Ginter Saks. No\u0107ni \u017eivot u unutra\u0161njosti, oli\u010denje kojeg su predstavljale pe\u0107ine Kav di Roa, odra\u017eavao je globalnu fascinaciju glamurom. Iako su vrednosti nekretnina i cene usluga shodno tome rasle, jezgro grada zadr\u017ealo je svoj tkivo iz sedamnaestog veka: uske ulice okru\u017eene pastelnim fasadama, prozore sa kapcima obojene solju i suncem i luku okru\u017eenu vitkim jarbolima.<\/p>\n<p>Ju\u017eno od centra grada nalazi se zaliv Pampelon, \u010diji se pet kilometara dug pesak prote\u017ee oko op\u0161tine Ramatjuel. Svaka pla\u017ea je \u0161iroka trideset metara od sitnog zrna i sme\u0161ta se na javne povr\u0161ine ili privatne pla\u017ene klubove. Oprema za vodene sportove na vetar i motorne sportove stoji za iznajmljivanje - jedra, daske, kanui, motorni \u010damci, skuteri za vodu, pa \u010dak i oprema za ronjenje. Iza suncobrana, borove \u0161ume nude hlad; ispred, bistre vode zaliva otkrivaju stenovite izbo\u010dine i morsku travu. Od kraja pedesetih godina 20. veka, sun\u010danje bez ode\u0107e postalo je uobi\u010dajeno, nakon lokalnih kontroverzi koje su kulminirale op\u0161tinskim uredbama kojima se reguli\u0161e sun\u010danje du\u017e obale.<\/p>\n<p>Pomorski saobra\u0107aj se danas usredsre\u0111uje na marinu koja mo\u017ee da primi do osamsto plovila u dva bazena. Posetioci dolaze trajektima Les Bateaux Verts koji povezuju Sen Trope sa Sent Maksimom, Port Grimoom i raznim lukama na rivijeri. Privatni \u010darteri i jedrili\u010darske regate obele\u017eavaju letnji kalendar, dok more, zabele\u017eeno u gradskom pomorskom muzeju na vrhu Citadele, podse\u0107a na njegove porekle brodogradnje.<\/p>\n<p>Kalendar Sen Tropea se zasniva na \u201eLes Bravades de Saint-Tropez\u201c, godi\u0161njem trodnevnom doga\u0111aju svakog maja u \u010dast Svetog Torpesa, za\u0161titnika op\u0161tine. Proslave, koje datiraju iz vremena kraljevske dodele milicionih privilegija dodeljenih pre oko 450 godina, okupljaju lokalne \u010dete obu\u010dene u uniforme iz tog perioda. Muskete pucaju u ceremonijalnom pozdravu, orkestri mar\u0161iraju glavnim ulicama, a Torpesova bista prolazi pored crkvenih fasada. U\u010desnici obla\u010de tradicionalne provansalske kostime, okupljaju\u0107i se na masovnom i zajedni\u010dkom slavlju koje povezuje savremeni \u017eivot sa ranim modernim stilom odbrane od berberskih upada.<\/p>\n<p>Kopnene veze ostaju ograni\u010dene geografijom i saobra\u0107ajem. Nijedna \u017eeleznica ne sti\u017ee do centra grada; najbli\u017ea stanica nalazi se u Sen Rafaelu, \u010detrdeset kilometara udaljenoj, sa daljim brodskim ili autobuskim vezama. Pristup drumskim putem prati tri glavne rute: A8 preko Le Muja do Sent Maksima i biv\u0161i N98; A57 preko Kane de Mor do Grimoa; i priobalni N98 koji prati obalu od Tulona do Monaka, spu\u0161taju\u0107i se u unutra\u0161njost da bi opslu\u017eivao Pampelon. Tokom sezone, voza\u010di se susre\u0107u sa \u010destim zastojima; lokalno stanovni\u0161tvo preferira skutere, bicikle i deljene minibuseve koji saobra\u0107aju izme\u0111u grada i pla\u017ea. Pe\u0161a\u010denje odr\u017eava veliki deo putovanja unutar grada, a kompaktnost grada poziva pe\u0161ake da istra\u017euju uli\u010dice, zidove keja i osen\u010dene trgove.<\/p>\n<p>Sen Trope nema sopstveni aerodrom, ali helikopteri prevoze posetioce izme\u0111u tropeskih sletnih rampi, privatnih klubova i \u010darter letova. Civilni letovi saobra\u0107aju sa aerodroma La Mol\u2013Sen Trope petnaest kilometara jugozapadno, a sa aerodroma Tulon\u2013Jjer dalje na zapad. Glavne me\u0111unarodne kapije \u2013 Nica Azurna obala i Marsej Provansa \u2013 nalaze se na manje od dva sata vo\u017enje automobilom ili autobusom, opslu\u017euju\u0107i posetioce \u010dija putovanja spajaju prakti\u010dnost sa \u017eivopisnim pristupom.<\/p>\n<p>Unutar op\u0161tinskih granica, gra\u0111anski sadr\u017eaji odra\u017eavaju skromnu populaciju. Bioskop prikazuje savremene francuske i me\u0111unarodne filmove; biblioteka podsti\u010de lokalno obrazovanje; a omladinski rekreativni centar nudi programe obrazovanja i sporta na otvorenom. Zdravstvene usluge uklju\u010duju lokalnu kliniku i privatne lekare. Obrazovanje se prote\u017ee od vrti\u0107a do srednjeg nivoa: pred\u0161kolska ustanova \u201eL&#039;Eskuleto\u201c, dve osnovne \u0161kole \u2014 Luj Blan i Le Lorije \u2014 i srednja \u0161kola \u201eMulen Blan\u201c, koja je 2011. godine brojala 275 u\u010denika koje je izdr\u017eavalo 51 zaposleno lice.<\/p>\n<p>Rezonancija Sen Tropea nadma\u0161uje brojke popisa stanovni\u0161tva. Muzi\u010dari od Pink Flojda do Tejlor Svift ovekove\u010dili su grad u pesmama, dok reperi evociraju njegov presti\u017e kao simbol slobodnog vremena. Brodvejska opera \u201eLa Cage aux Folles\u201c sme\u0161ta svoju farsu u no\u0107ni \u017eivot Tropea. Decenije kreativnih udru\u017eivanja, od modnih ikona poput Koko \u0160anel 1920-ih do najzna\u010dajnijih zvezda filma, utkale su slojeve kulturnog pam\u0107enja u identitet grada. Pa ipak, ispod referenci le\u017ei mediteransko naselje koje je opstalo kao pomorsko upori\u0161te, ribarska luka, a sada i globalna destinacija \u2013 njegova sada\u0161njost je utemeljena u vekovima kontinuiteta.<\/p>\n<p>Sen Trope danas stoji kao \u017eivi palimpsest. NJegovi bedemi i tvr\u0111ava podse\u0107aju na odbrambene potrebe pro\u0161lih epoha; luka i brodogradili\u0161ta evociraju komercijalne poduhvate; uske ulice i tr\u017eni trg govore o provansalskoj tradiciji; pla\u017ee i luke svedo\u010de o evoluiraju\u0107oj ekonomiji slobodnog vremena. Za putnike, grad nudi vi\u0161e od suncem obasjanih fasada i vi\u0111enja poznatih li\u010dnosti. Pru\u017ea priliku da se oseti otisak vremena na kamenu, moru i obi\u010dajima - mesto gde koegzistiraju svakodnevni ritmovi i sezonski spektakl. U ovom spoju, Sen Trope se otkriva ne samo kao simbol glamura, ve\u0107 kao naselje koje se kontinuirano menja istorijom, geografijom i ljudskim te\u017enjama.<\/p>","protected":false},"excerpt":{"rendered":"<p>Saint-Tropez, \u017eivopisna op\u0161tina koja se nalazi u departmanu Var regiona Provansa-Alpi-Azurna obala u ju\u017enoj Francuskoj, ima 4.103 stanovnika u 2018. Ovaj zadivljuju\u0107i primorski grad, koji se nalazi 68 kilometara zapadno od Nice i 100 kilometara isto\u010dno od francuskog Marseja, predstavlja francusku obalu. \u0160arm i elegancija Rivijere. Sme\u0161ten du\u017e plavih voda zaliva Sen Trope, koji se prote\u017ee ka severu do Sainte-Makimea iza ogromnog masiva des Maures, Sen Trope je evoluirao od male ribarske zajednice u globalno priznatu destinaciju za letovali\u0161te.<\/p>","protected":false},"author":1,"featured_media":4790,"parent":13952,"menu_order":0,"comment_status":"closed","ping_status":"closed","template":"elementor_theme","meta":{"_eb_attr":"","footnotes":""},"class_list":["post-14059","page","type-page","status-publish","has-post-thumbnail"],"_links":{"self":[{"href":"https:\/\/travelshelper.com\/sr\/wp-json\/wp\/v2\/pages\/14059","targetHints":{"allow":["GET"]}}],"collection":[{"href":"https:\/\/travelshelper.com\/sr\/wp-json\/wp\/v2\/pages"}],"about":[{"href":"https:\/\/travelshelper.com\/sr\/wp-json\/wp\/v2\/types\/page"}],"author":[{"embeddable":true,"href":"https:\/\/travelshelper.com\/sr\/wp-json\/wp\/v2\/users\/1"}],"replies":[{"embeddable":true,"href":"https:\/\/travelshelper.com\/sr\/wp-json\/wp\/v2\/comments?post=14059"}],"version-history":[{"count":0,"href":"https:\/\/travelshelper.com\/sr\/wp-json\/wp\/v2\/pages\/14059\/revisions"}],"up":[{"embeddable":true,"href":"https:\/\/travelshelper.com\/sr\/wp-json\/wp\/v2\/pages\/13952"}],"wp:featuredmedia":[{"embeddable":true,"href":"https:\/\/travelshelper.com\/sr\/wp-json\/wp\/v2\/media\/4790"}],"wp:attachment":[{"href":"https:\/\/travelshelper.com\/sr\/wp-json\/wp\/v2\/media?parent=14059"}],"curies":[{"name":"wp","href":"https:\/\/api.w.org\/{rel}","templated":true}]}}