{"id":13934,"date":"2024-09-18T13:52:16","date_gmt":"2024-09-18T13:52:16","guid":{"rendered":"https:\/\/travelshelper.com\/staging\/?page_id=13934"},"modified":"2026-03-11T23:36:51","modified_gmt":"2026-03-11T23:36:51","slug":"lahti","status":"publish","type":"page","link":"https:\/\/travelshelper.com\/sr\/destinations\/europe\/finland\/lahti\/","title":{"rendered":"Lahti"},"content":{"rendered":"<p>Lahti, sme\u0161ten na ju\u017enoj obali jezera Vesijarvi, oko 100 kilometara severoisto\u010dno od Helsinkija, predstavlja grad umerenih kontrasta: industrijsko nasle\u0111e ubla\u017eeno pionirskim upravljanjem \u017eivotnom sredinom, regionalni centar sa 121.000 stanovnika koji pulsira na raskrsnici glavnih finskih autoputeva i \u017eelezni\u010dkih pruga, i kulturno sredi\u0161te \u010diji simfonijski orkestar i najsavremenija arhitektura privla\u010de posetioce izvan zelenih grebena Salpauselke. U svom kompaktnom urbanom otisku, Lahti obuhvata prvi esker Salpauselke, stenovita brda koja se spajaju sa fragmentiranim jezerima na severu, i \u0161ume bogate glinom i krivudave potoke na jugu. NJegov identitet, oli\u010den grbom koji prikazuje to\u010dak voza obavijen plamenom, govori o ro\u0111enju grada na raskrsnici \u017eelezni\u010dke pruge Rihimjaki\u2013Sankt Peterburg \u2013 po\u017eara industrije i te\u017enji koji je oblikovao njegov karakter od kraja devetnaestog veka.<\/p>\n<p>Sme\u0161ten tamo gde se autoput 4 spaja sa autoputem 12, Lahti je dugo slu\u017eio kao logisti\u010dka veza izme\u0111u Helsinkija i Jiveskile, Tamperea i Kouvole, i dalje do Rusije i centralne Finske preko jezera Pajane. NJegov tr\u017eni trg i moderni Turisti\u010dki centar, zavr\u0161en 2016. godine pored \u017eelezni\u010dke stanice iz 1935. godine, objedinjuju lokalne i me\u0111ugradske autobuse, prigradske i me\u0111ugradske vozove, pa \u010dak i automatizovano parkiranje, povezuju\u0107i mobilnost sa urbanom obnovom. VR Z-voz do Helsinkija, koji saobra\u0107a svakog sata, G-voz do Rihimakija i usluge do Kouvole tri puta dnevno svedo\u010de o trajnoj ulozi Lahtija kao transportnog \u010dvori\u0161ta; predlozi za nove stanice u Henali i Karistu odra\u017eavaju ambicije za pro\u0161irenje povezanosti unutar gradskih granica, \u010dak i dok planovi za direktnu vezu na istok do Heinole ili Jiveskile \u010dekaju \u0161iru finansijsku podr\u0161ku.<\/p>\n<p>Demografska slika Lahtija je podjednako teksturirana kao i njegov teren. Po\u010detkom 2025. godine, 121.386 stanovnika grada \u010dini otprilike dva procenta stanovni\u0161tva Finske, sa \u0161irim podregionom koji dosti\u017ee preko 204.000 du\u0161a. Finski jednojezi\u010dnost preovla\u0111uje \u2014 89,2 procenta govori finski kao maternji jezik, dok \u0161vedskih govornika ima manje od \u0161est stotina \u2014 ali je funkcionalni dvojezi\u010dnost ili trojezi\u010dnost uobi\u010dajena, negovana obaveznom nastavom engleskog i \u0161vedskog jezika. Najmanje stotinu drugih jezika odjekuje ulicama Lahtija, predvo\u0111eni ruskim (2,8 procenta), arapskim (1,1 procenta), estonskim i ukrajinskim, \u0161to svedo\u010di o skromnoj, ali zna\u010dajnoj raznolikosti uporedo sa nacionalnim prosekom van metropolitanskog podru\u010dja Helsinkija. Religijski, Evangelisti\u010dka luteranska crkva odr\u017eava ve\u0107inu od ne\u0161to vi\u0161e od \u0161ezdeset procenata, dok 36,5 procenata tvrdi da nema nikakvu pripadnost, a manje zajednice \u010dine ostatak.<\/p>\n<p>Klimatski, Lahti nosi obele\u017eja vla\u017enog kontinentalnog re\u017eima, sa toplim letima \u2014 julski dani redovno prelaze 23 \u00b0C, dosti\u017eu\u0107i vrhunac od 35,0 \u00b0C tokom toplotnog talasa 2010. godine \u2014 i zimama koje su, iako duge i \u010desto prekrivene snegom, omek\u0161ale poslednjih decenija pod uticajem globalnog zagrevanja. Padavine padaju relativno ravnomerno tokom godine, sa slabijim temperaturama samo u prole\u0107e, a intenziviraju se u jesen i po\u010detkom zime. Mirne vode Vesijarvija umereno menjaju temperaturne promene, dok manji Piku-Vesijarvi, sme\u0161ten pored Lanu-puisto, nudi intiman kontrast vidicima ve\u0107eg jezera.<\/p>\n<p>Ekonomska sre\u0107a u Lahtiju je bila naizmeni\u010dna. Nekada nazvan \u201e\u010cikago Finske\u201c zbog svoje istorijske industrije mesa i paralela sa gradskim te\u0161ko\u0107ama, Lahti je do\u017eiveo ozbiljnu kontrakciju po\u010detkom 1990-ih kada je kolaps finsko-sovjetske trgovine i nacionalna recesija izbrisali oko 20.000 radnih mesta u proizvodnji, tekstilu i name\u0161taju. Od najni\u017eeg nivoa od manje od 70.000 regionalnih radnih mesta 1993. godine, oporavak je bio postepen \u2013 do 1999. godine broj je iznosio ne\u0161to manje od 80.000. Pa ipak, ove neda\u0107e su podstakle preoblikovanje: ekolo\u0161ke inicijative koje datiraju iz kasnih 1980-ih sazrele su u nagradu Zelena prestonica Evrope 2021. godine, ozna\u010davaju\u0107i posve\u0107enost obnovljivoj energiji, smanjenju otpada i odr\u017eivom transportu.<\/p>\n<p>Kulturne ambicije se manifestuju u drvetu i staklu. Sibelijusova dvorana, zavr\u0161ena 2000. godine, a osmislili su je Kimo Lintula i Hanu Tika, transformi\u0161e biv\u0161u fabriku stolarije u najve\u0107u drvenu gra\u0111evinu u Finskoj u poslednjih sto godina. NJena Glavna dvorana, poznata po toploj akustici, deli lokaciju sa kongresnim krilom i \u0160umskom dvoranom otvorenog oblika, \u010diji prozori uokviruju prostranstvo Vesijarvija. Sinfonija Lahti, rezidentni orkestar dvorane, stekla je me\u0111unarodno priznanje za interpretacije opusa Jana Sibelijusa i drugih dela, zara\u0111uju\u0107i pozive od BBC Radija 3 i takmi\u010denja \u0161irom sveta. Svake godine, muzi\u010dki kalendar grada se odvija i uklju\u010duje Festival orgulja na istorijskom trgu, d\u017eez okupljanje koje odjekuje kaldrmisanim ulicama i sam Sibelijusov festival, koji odaje po\u010dast finskom legendarnom kompozitoru usred letnjeg sunca.<\/p>\n<p>Znamenitosti gra\u0111anskog ponosa prote\u017eu se i dalje od Sibelijusove dvorane. Gradska ku\u0107a Eliela Sarinena iz 1911. godine baca dostojanstvenu siluetu na ulice, dok Crkva Krsta (1978) Alvara Alta predstavlja primer njegovog strogog modernizma u svodovima od betona. \u010casna crkva Nastola iz 1804. i crkva Joutjarvi govore o ranijim epohama, suprotstavljaju\u0107i se Gradskom pozori\u0161tu Peke Salminena iz 1983. i Biblioteci Arta Sipinena iz 1990. godine, gde svetlost i drvo obavijaju police i \u010ditaoce u tihom razmi\u0161ljanju. Klavirski paviljon Gerta Vingarda (2008) i Turisti\u010dki centar JKMM iz 2016. dodaju savremene detalje, dok male intervencije dobitnika nagrade \u201eSpirit of Wood\u201c Kenga Kume i Ri\u010darda Leplastrijea artikuli\u0161u kontinuirani dijalog izme\u0111u globalnog dizajna i lokalnih materijala.<\/p>\n<p>Pored arhitekture i transporta, Lahtijeva ponuda za slobodno vreme otkriva se u svakom delu grada. U lu\u010dkom delu pored Sibelijusove dvorane, kafi\u0107i i barovi se prostiru na \u0161etali\u0161ta, odra\u017eavaju\u0107i usmeren napor da se obala pretvori u mesto za dru\u017eeljubivo okupljanje. Odatle, o\u010duvani parobrod klizi preko Vesijarvija, pru\u017eaju\u0107i uvid u ku\u0107ice na obali i pla\u017ee okru\u017eene borovima. Radiomaki, istoimeni gradski Radio Hil, prikazuje muzej rane opreme za emitovanje pored dva jarbola dugih talasa koji isticaju siluetu, podse\u0107aju\u0107i na ulogu Lahtija u elektrifikaciji ruralnih podru\u010dja Finske i istoriji medija.<\/p>\n<p>Umetnost i istorija dele bliskost u jezgru grada: Istorijski muzej na Lahdenkatuu prikazuje razvoj op\u0161tine kroz artefakte i eksponate, dok Umetni\u010dki muzej na Vesijarvenkatuu prikazuje radove finskih i me\u0111unarodnih slikara koji se smenjuju. LJubitelji automobila pronalaze jedini Muzej motocikala u Finskoj na Veistamenkatuu, gde blistave ma\u0161ine prate evoluciju dvoto\u010dka\u0161a od pionirskih modela do savremenih klasika. Za porodice, gradski voz Puksu prolazi kroz luku Vesijarvi, park Laune i dvori\u0161te sa \u017eivotinjama na farmi 4H gde seoske \u017eivotinje nude pastoralni kontrapunkt gradskim ulicama.<\/p>\n<p>Sportski centar nudi obilje aktivnih aktivnosti, gde skakaonice dominiraju horizontom, a muzej bele\u017ei bogato zimsko sportsko poreklo Lahtija. Leti se u podno\u017eju skakaonice nalazi otvoreni bazen, \u010diji duboki deo se spu\u0161ta tri metra ispod visoke rampe. U blizini, fudbalski stadion Lahden je centar sezone Jukoslige za FK Lahti, dok sportski park Kisapuisto poziva na tenis, odbojku, bejzbol i jo\u0161 mnogo toga, u zatvorenom i na otvorenom. Op\u0161tinska pliva\u010dka hala na Svinhufvudinkatu pro\u0161iruje vodeni velnes sa terapijskim bazenima, parnim saunama i \u0111akuzijima.<\/p>\n<p>Za izlete van gradskih granica, parna lokomotiva prevozi entuzijaste do Heinole preko ukinute pruge od 37 kilometara, dok iznajmljivanje \u010damaca u luci Niemi - od \u010damaca za veslanje do dasaka za veslanje stoje\u0107i - stavlja mirni zaliv Vesijarvija na raspolaganje gostima. Krstarenja Paijaneristejlit putuju kroz kanal Veaksi do jezera Paijane, nude\u0107i opcije za ru\u010dak i ve\u010deru ili celodnevna putovanja do Heinole ili Jiveskile na krajnjem kraju jezera. Mame i staze u unutra\u0161njosti: rekreativna zona Salpauselka pru\u017ea desetine kilometara staza za \u0161etnju, vo\u017enju biciklom, a zimi i skija\u0161ko tr\u010danje.<\/p>\n<p>Gradski zeleni prostor prote\u017ee se do porodi\u010dnog parka Laune, gde deca upravljaju mini-kru\u017enim saobra\u0107ajem na biciklima, a vodeni elementi mame na istra\u017eivanje pod budnim nadzorom roditelja. U Piku-Vesijarviju, fontana sa vodenim orguljama svakog popodneva koreografi\u0161e muziku i mlazeve, aerosoliziraju\u0107i melodiju iznad malog amfiteatra stena. Pla\u017ea Ankuri, kilometar severno od luke, nudi plivanje usred svla\u010dionica i zelenila na obali, a kvalitet vode je simbol postepenog ekolo\u0161kog o\u017eivljavanja Vesijarvija.<\/p>\n<p>Festivali upotpunjuju godi\u0161nji ritam Lahtija. Zima donosi Salpauselan igre, me\u0111unarodno prvenstvo u skija\u0161kim skokovima i nordijskom takmi\u010denju koje privla\u010di sportiste i gledaoce na uzvi\u0161ene brda Sportskog centra. Prole\u0107ni Sajam klasi\u010dnih automobila prikazuje kolekcionarske automobile i motocikle iz zlatnog doba ameri\u010dkog dizajna, njihov polirani hrom i tutnjava V-osam motora ispunjavaju Lahti hol nostalgi\u010dnom veli\u010dinom. Tokom godine, mali koncerti, izlo\u017ebe i okupljanja zajednice artikuli\u0161u gra\u0111anski \u017eivot koji uravnote\u017euje reflektivni mir sa vrednom energijom.<\/p>\n<p>Evolucija Lahtija od novog \u017eelezni\u010dkog \u010dvori\u0161ta do regionalne prestonice kulture i odr\u017eivosti ilustruje i otpornost i preobra\u017eaj. NJegove \u0161iroke avenije, isprekidane modernisti\u010dkim gra\u0111anskim spomenicima, grani\u010dne \u0161ume gde se grebeni Salpauselke pru\u017eaju ka horizontu. \u0160etali\u0161ta pored jezera, nekada domen lutalica i hanova, sada su doma\u0107ini orkestarskih ve\u010deri i letnjih ve\u010dera. Iako nasle\u0111e te\u0161ko\u0107a ostaje u prigradskim fabrikama i se\u0107anju na ekonomske padove, Lahti je tu istoriju utkao u narativ obnove. Tiho samopouzdanje grada ne proizilazi iz neobuzdanog spektakla ve\u0107 iz tenora autenti\u010dnosti: preciznog u detaljima, iskrenog u posmatranju, humanog u fokusu - mesto gde treperenje to\u010dkova voza u grbu i dalje odjekuje ispod borova, pozivaju\u0107i posetioce da pogledaju dalje od zaliva.<\/p>","protected":false},"excerpt":{"rendered":"<p>Lahti, grad koji se nalazi u slikovitoj finskoj oblasti Lakeland, predstavlja primer kulturnog nasle\u0111a nacije i savremenog urbanog razvoja. Sme\u0161ten oko 100 kilometara severoisto\u010dno od Helsinkija, glavnog grada, Lahti funkcioni\u0161e kao regionalni glavni grad Paijat-Hame. Sa populacijom od oko 121.000 stanovnika, to je deveta najnaseljenija op\u0161tina u Finskoj i \u0161esta najnaseljenija gradska oblast u dr\u017eavi. Ve\u0107i podregion koji obuhvata Lahti ima preko 204.000 stanovnika, nagla\u0161avaju\u0107i njegovu va\u017enost kao glavnog sredi\u0161ta stanovni\u0161tva u ju\u017enoj Finskoj.<\/p>","protected":false},"author":1,"featured_media":2921,"parent":13916,"menu_order":0,"comment_status":"closed","ping_status":"closed","template":"elementor_theme","meta":{"_eb_attr":"","footnotes":""},"class_list":["post-13934","page","type-page","status-publish","has-post-thumbnail"],"_links":{"self":[{"href":"https:\/\/travelshelper.com\/sr\/wp-json\/wp\/v2\/pages\/13934","targetHints":{"allow":["GET"]}}],"collection":[{"href":"https:\/\/travelshelper.com\/sr\/wp-json\/wp\/v2\/pages"}],"about":[{"href":"https:\/\/travelshelper.com\/sr\/wp-json\/wp\/v2\/types\/page"}],"author":[{"embeddable":true,"href":"https:\/\/travelshelper.com\/sr\/wp-json\/wp\/v2\/users\/1"}],"replies":[{"embeddable":true,"href":"https:\/\/travelshelper.com\/sr\/wp-json\/wp\/v2\/comments?post=13934"}],"version-history":[{"count":0,"href":"https:\/\/travelshelper.com\/sr\/wp-json\/wp\/v2\/pages\/13934\/revisions"}],"up":[{"embeddable":true,"href":"https:\/\/travelshelper.com\/sr\/wp-json\/wp\/v2\/pages\/13916"}],"wp:featuredmedia":[{"embeddable":true,"href":"https:\/\/travelshelper.com\/sr\/wp-json\/wp\/v2\/media\/2921"}],"wp:attachment":[{"href":"https:\/\/travelshelper.com\/sr\/wp-json\/wp\/v2\/media?parent=13934"}],"curies":[{"name":"wp","href":"https:\/\/api.w.org\/{rel}","templated":true}]}}