{"id":13904,"date":"2024-09-18T13:30:03","date_gmt":"2024-09-18T13:30:03","guid":{"rendered":"https:\/\/travelshelper.com\/staging\/?page_id=13904"},"modified":"2026-03-12T00:15:30","modified_gmt":"2026-03-12T00:15:30","slug":"batumi","status":"publish","type":"page","link":"https:\/\/travelshelper.com\/sr\/destinations\/europe\/georgia\/batumi\/","title":{"rendered":"Batumi"},"content":{"rendered":"<p>Batumi, drugi po veli\u010dini grad u Gruziji i administrativni centar Autonomne Republike Ad\u017eara, nalazi se u podno\u017eju Kavkaskih planina du\u017e obale Crnog mora. Dom sa oko 153.000 stanovnika od 2014. godine, zauzima usku priobalnu ravnicu jedva dvadeset kilometara severno od turske granice i prostire se na podru\u010dju ispunjenom suptropskom vla\u017eno\u0161\u0107u i nemirnom energijom modernog lu\u010dkog grada. Nekada skromna morska luka sa manje od 5.000 du\u0161a krajem devetnaestog veka, Batumi se razvio u vi\u0161eslojno sredi\u0161te gde koegzistiraju turizam, pomorska trgovina, brodogradili\u0161ta, prerada hrane, laka proizvodnja i procvat ekonomije zabave. NJegova transformacija od 2010. godine, obele\u017eena blistavim soliterima i pa\u017eljivom restauracijom fasada iz devetnaestog veka u Starom gradu, nagla\u0161ava sintezu nasle\u0111a i inovacija koje vode i siluetu grada i njegov kolektivni identitet.<\/p>\n<p>Klima daruje Batumiju postojano zelenilo. Kao najvla\u017eniji grad u Gruziji - i zapravo u celom kavkaskom regionu - Batumi bele\u017ei skoro 2.435 milimetara godi\u0161njih padavina. Obla\u010dno nebo daje padavine tokom ve\u0107eg dela godine pod uticajem orografskog izdizanja sa obli\u017enjih brda, dok povetarac sa kopna sa Crnog mora ubla\u017eava ekstremne temperature. Prose\u010dna godi\u0161nja mera toplote je pribli\u017eno \u010detrnaest stepeni Celzijusa, sa minimumima u januaru oko pet stepeni i vrhuncima u avgustu oko dvadeset dva stepena. Povremeni mraz mo\u017ee pasti i do -6 \u00b0C, a retki toplotni talasi mogu podi\u0107i \u017eivu na 40 \u00b0C, ali grad u\u017eiva u oko 1.958 sun\u010danih sati svake godine. \u010cak i zimi, sne\u017ene padavine se nakupljaju samo malo - vi\u0161e od trideset centimetara sne\u017enog pokriva\u010da je retkost - i prose\u010dno dvanaest dana godi\u0161nje nosi prolazni beli pokriva\u010d. Relativna vla\u017enost vazduha se obi\u010dno kre\u0107e izme\u0111u sedamdeset i osamdeset procenata, spajaju\u0107i kopno i more u vla\u017enom zagrljaju koji odr\u017eava bujne ba\u0161te i lisnate bulevare po kojima je Batumi poznat.<\/p>\n<p>Demografska slika Batumija se dramati\u010dno promenila tokom vremena. Godine 1872, njegovih 4.970 stanovnika \u010dinili su uglavnom muslimanski Ad\u017earani, Turci, \u010cerkezi i Abhazi, kojih je bilo oko 4.500. Me\u0111utim, prema popisu iz 1897. godine, rastu\u0107a pravoslavna hri\u0161\u0107anska zajednica - uglavnom slovenska - brojala je 15.495, dok su muslimani \u010dinili ne\u0161to vi\u0161e od 3.100. Dana\u0161nje stanovni\u0161tvo je prete\u017eno gruzijsko-pravoslavno, sa isto\u010dnopravoslavnim pristalicama koji \u010dine skoro 69% gra\u0111anstva i zna\u010dajnom muslimanskom manjinom od oko 25%. Male katoli\u010dke, jermenske apostolske, Jehovine svedo\u010dke, adventisti\u010dke i jevrejske zajednice doprinose verskom mozaiku Batumija, a njihova mesta bogoslu\u017eenja - katedrale, crkve, d\u017eamija i sinagoga - sme\u0161tena su me\u0111u gradskim ulicama.<\/p>\n<p>Transportne mre\u017ee omogu\u0107avaju stanovnicima i posetiocima lak pristup unutar i van Batumija. Grad se nalazi na ju\u017enom kraju nekoliko trajektnih ruta na Crnom moru i doma\u0107in je jednog od tri me\u0111unarodna aerodroma u Gruziji. Moderni elektri\u010dni autobusi prelaze ve\u0107inu gradskih arterija, a cene se pla\u0107aju putem BATUMICARD tranzitne kartice ili bankovnih kartica, dok flota minibuseva i taksija popunjava preostale praznine. Za one neustra\u0161ivije, javni sistem za deljenje bicikala \u2013 BatumVelo \u2013 omogu\u0107ava mobilnost na dva to\u010dka putem uli\u010dnih kioska koje aktivira ista tehnologija pametnih kartica. \u017di\u010dara se penje uz obli\u017enje podno\u017eje, prevoze\u0107i putnike do panoramskih vidikovaca i restorana na vrhu brda; na obali, panoramski to\u010dak se okre\u0107e prema horizontu, nude\u0107i sedmominutne vo\u017enje za deset lari. Oba slu\u017ee kao podsetnici da infrastruktura Batumija prepli\u0107e svakodnevnu korisnost sa spektaklom usmerenim na slobodno vreme.<\/p>\n<p>Gradski bulevar uz more prote\u017ee se nekoliko kilometara izme\u0111u peska i bulevara, vode\u0107i pe\u0161ake pored kilometara pla\u017ee, blago talasaste luke i gradskog sat-kule iz osmanskog doba. Danju, porodice i kupa\u010di koji se le\u017ee na pesku su ra\u0161trkani, dok nakon sumraka isti deo postaje omiljeno mesto za parove, ljubitelje barova i one koji \u017eele da istra\u017ee no\u0107ni puls Batumija. Takozvani naziv \u201eLas Vegas Crnog mora\u201c aludira ne samo na uve\u0107ani broj kazina, koji name\u0107u minimalnu starost od dvadeset jedne godine, ve\u0107 i na blistave fasade stolova sa visokim ulozima i slot ma\u0161ina koje se ni\u017eu du\u017e centralnih ulica.<\/p>\n<p>Ipak, gradske atrakcije se prote\u017eu daleko izvan igraonica. No\u0107ni spektakl nastaje kod muzi\u010dke fontane, gde mlazevi vode koreografi\u0161u lukove i prskaju uz orkestarsku pratnju. Na zakazanim jedno\u010dasovnim predstavama, fontane ple\u0161u uz klasi\u010dne i moderne melodije, a njihova svetla svetlucaju u sumraku koji se nadovezuje. Delfini u susednom delfinarijumu izvode zakazane vodene predstave, njihovi skokovi i zvi\u017educi su tempirani u 16:00, 19:00 i 21:00; cene ulaznica se kre\u0107u izme\u0111u dvadeset i dvadeset pet lari. Botani\u010dka ba\u0161ta Batumija, sme\u0161tena na primorskoj litici, \u0161titi suptropsku floru na prostranim terasama; svakodnevno od osam ujutru do devet uve\u010de, posetioci mogu \u0161etati hladnim stazama uz naknadu od dvadeset lari, susre\u0107u\u0107i se i sa autohtonim i sa egzoti\u010dnim primercima koji uspevaju u hladnim maglama.<\/p>\n<p>U srcu grada, statua Medeje dr\u017ei mitsko Zlatno runo, savremeni amblem koji podse\u0107a na putovanje Jasona i njegovih Argonauta kroz Kolhidu. NJene bronzane konture stoje blizu iranskog i azerbejd\u017eanskog konzulata, svedo\u010de\u0107i o slojevitoj istoriji regiona. U blizini, Katedrala Bogorodice, osve\u0107ena pod gruzijskom pravoslavnom egidom, i Rimokatoli\u010dka crkva Svetog Duha slu\u017ee vernicima \u010dija pripadnost pori\u010de reputaciju priobalnog grada za veselje. Nasuprot njima, Stara d\u017eamija datira iz 1866. godine, njena oslikana kupola vidljiva je sa obale, dok mala, ali aktivna sinagoga odgovara na pozive jevrejske zajednice Batumija.<\/p>\n<p>Kulturne institucije nude dodatni uvid u du\u0161u grada. Jednostavan Arheolo\u0161ki muzej u ulici Ilije \u010cav\u010davadze izla\u017ee lokalne artefakte \u2013 bronzane posude, rimske nov\u010di\u0107e, klasi\u010dne vaze \u2013 pod prigu\u0161enim svetlom, a njegovo osoblje te\u010dno govori gruzijski, ruski i engleski jezik. Preko puta ulice Gorgiladze, Ad\u017earski umetni\u010dki muzej izla\u017ee gruzijske i strane slike, skulpture i dekorativne radove. Za one koje zanima industrijsko nasle\u0111e, Tehnolo\u0161ki muzej bra\u0107e Nobel u Batumiju prikazuje nasle\u0111e porodica Nobel, Rot\u0161ild i Manta\u0161ev s kraja devetnaestog i po\u010detka dvadesetog veka; o\u010dekujte izlo\u017ebe ranih ma\u0161ina za va\u0111enje nafte i patentnih modela. Manje poznati dragulj, Muzej Hariton Ahvledijani, \u010duva artefakte koji datiraju iz jedanaestog veka pre nove ere, a njegove skromne dvorane nude uvid u praistorijsku pro\u0161lost Gruzije.<\/p>\n<p>Van gradskih granica, mre\u017ea mogu\u0107nosti za jednodnevne izlete prote\u017ee se u unutra\u0161njost Ad\u017eare. Vo\u017enja autobusom do Kede i kratka pe\u0161a\u010dka tura otkrivaju most Mahunceti, kameni luk koji premo\u0161\u0107ava reku od \u017eada iznad strmih vodopada. Me\u0161tani ska\u010du sa njegove visine tokom letnjih dana, dok oprezniji posetioci prate planinski krug od \u010detiri do \u0161est sati koji se penje iza kaskade i vra\u0107a kroz \u0161umovite padine. Podjednako evokativne su ru\u0161evine tvr\u0111ave Gonio, rimsko-vizantijskog upori\u0161ta na ivici obale blizu Cihisdzitija, gde putovanje autobusom sa trga u Tbilisiju izbacuje posetioce na njene istro\u0161ene bedeme; za skromnu ulaznicu, mo\u017eete pratiti bedeme i zaviriti preko horizonta Crnog mora. Tvr\u0111ava Petra, kompleks iz ranog srednjeg veka nekoliko kilometara u unutra\u0161njosti, poziva na istra\u017eivanje raspadaju\u0107ih zidina i maslinjaka. Nacionalni park \u010cakvistavi na severu otvara staze na velikim nadmorskim visinama kroz suptropske, umerene i alpske zone, a njegova obele\u017eena ruta pru\u017ea izvore i kampove, relikvijske kolibe i poglede na endemske divlje \u017eivotinje. Dopunske staze poznate lokalno kao Staza dve planine prelaze grebene van utabanih staza, a njihove koordinate su dostupne onlajn za dobro pripremljene planinare.<\/p>\n<p>\u017divot u Batumiju pulsira i na pijacama. Otvoreni prostor du\u017e ulice \u010cav\u010davadze prepun je povr\u0107a, \u017eitarica i razne robe, gde prodavci pakuju proizvode pod suncobrane kada pada ki\u0161a. Zatvorene alternative nalaze se u naseljima \u0161irom grada, \u010desto nude\u0107i regionalne specijalitete po ne\u0161to vi\u0161im cenama. Supermarketi - Gudvil na centralnoj aveniji, Karfur u tr\u017enom centru Crno more, Metro Siti Forum u ulicama Leha i Marije Ka\u010dinjskog i doma\u0107i lanac Nikora - nagove\u0161tavaju me\u0111unarodnu trgovinu: fla\u0161irani proizvodi iz Nema\u010dke nalaze se pored lokalnih sireva, a upakovani uvozni proizvodi prate tradicionalne osnovne namirnice.<\/p>\n<p>Ova konvergencija starog i novog prote\u017ee se i na batumijski gastronomski pejza\u017e. Ad\u017earski ka\u010dapuri, simboli\u010dni hleb punjen sirom za region u obliku otvorenog \u010damca i ukra\u0161en \u017eumancem, pojavljuje se u skoro svakoj pekari i kafi\u0107u. Lobijani, pecivo punjeno pireom od pasulja, nudi vegansku alternativu; trouglaste verzije sa prhkim korama, koje se prodaju za ne\u0161to vi\u0161e od jednog larija, izlaze iz skrivenih pekara na glavnim raskrsnicama. Za impresivnije kulinarsko iskustvo, riblja pijaca pored pristani\u0161ta nudi sve\u017e ulov po ceni od dvadeset do trideset larija po kilogramu; posetioci mogu da organizuju pripremu na licu mesta uz malu naknadu, osiguravaju\u0107i i autenti\u010dnost i ekonomi\u010dnost.<\/p>\n<p>Mogu\u0107nosti za zabavu obiluju izvan kulinarskih aktivnosti. Du\u017e bulevara, izleti brodom i iznajmljivanje jahti polaze u blizini panoramskog to\u010dka, vode\u0107i putnike preko zaliva za petnaest larija i vi\u0161e. Porodice se okupljaju u parku 6. maja oko jezera Nurigeli, mada posmatra\u010di prime\u0107uju da njegov mali zoolo\u0161ki vrt \u010desto ne ispunjava moderne standarde. Sportski \u017eivot se srasta oko FK Dinamo Batumi, \u010dija Ad\u017earabet arena mo\u017ee da primi dvadeset hiljada gledalaca za liga\u0161ke utakmice i lokalne doga\u0111aje. Grad je doma\u0107in godi\u0161njeg d\u017eez festivala svakog jula, kada se me\u0111unarodni i gruzijski muzi\u010dari okupljaju na \u010detiri dana koncerata na otvorenom.<\/p>\n<p>Vodene aktivnosti olak\u0161ava akva park u okrugu Him\u0161ia\u0161vili i olimpijski bazen u hotelu Batumi Plaza, koji nude predah od letnjih vru\u0107ina. Pozori\u0161ta - me\u0111u njima Batumsko dramsko pozori\u0161te na aveniji Rustaveli i Dr\u017eavno pozori\u0161te lutaka i mladih na aveniji Aba\u0161idze - odr\u017eavaju rasporede predstava koji kombinuju gruzijske klasike sa savremenim delima. No\u0107ni \u017eivot dobija dodatni zamah kada me\u0111unarodni di-d\u017eejevi pu\u0161taju muziku na platformama na pla\u017ei, privla\u010de\u0107i interkulturalnu publiku Rusa, Jermena, Azerbejd\u017eanaca, Iranaca, Turaka, Holan\u0111ana, Nemaca i Gruzijaca iz zemalja doma\u0107ina.<\/p>\n<p>Batumijska luka slu\u017ei ne samo ribarskim flotama i plovilima za razonodu, ve\u0107 igra i klju\u010dnu ulogu u zami\u0161ljenom kineskom Evroazijskom kopnenom mostu, povezuju\u0107i grad preko Azerbejd\u017eana i Kaspijskog mora sa isto\u010dnim teretnim koridorima, a trajektom preko Crnog mora prema Ukrajini i dalje ka evropskim tr\u017ei\u0161tima. Ova strate\u0161ka dimenzija nagla\u0161ava mesto Batumija na raskrsnici trgovine i kulture, grada gde istorijsko nasle\u0111e i globalne ambicije koegzistiraju na uskoj obali.<\/p>\n<p>Uprkos svojoj reputaciji mesta za veselje, Batumi ostaje relativno bezbedan. Saobra\u0107aj te\u010de uzdr\u017eano, nepoznato onima koji su navikli na ve\u0107e prestonice, dok policija odr\u017eava vidljivo prisustvo uskla\u0111eno sa stalnim prilivom posetilaca. Uli\u010dni prosjaci, \u010desto sa veoma malom decom, mogu se pribli\u017eiti u grupama ju\u017eno od Batumi Pjace, \u0161to zahteva budnost zbog d\u017eeparenja. Takav oprez, me\u0111utim, retko umanjuje privla\u010dnost grada, jer Batumi nagra\u0111uje i radoznalost i pa\u017eljivo posmatranje: mesto gde suptropske ki\u0161ne oluje bude skrivene ba\u0161te, gde se sinagoge, d\u017eamije i crkve nalaze na dohvat ruke, i gde se plima modernih nebodera povla\u010di na ivicama otkrivaju\u0107i ru\u0161evine tvr\u0111ave, \u0161umske staze i beskrajni talas crnomorskih talasa.<\/p>\n<p>Ukratko, Batumi se pojavljuje kao grad kontrasta i kontinuiteta \u2013 spoj izme\u0111u mora i planine, antike i avangarde, tradicije i transformacije. NJegovi prostori pozivaju putnika da posmatra interakciju svetlosti na mokrom trotoaru, da proba sireve otopljene \u017eumancem i oblikovane vekovima obi\u010daja, i da ucrta rute kroz botani\u010dke terase i srednjovekovne bedeme. Upravo u ovim slojevitim iskustvima, daleko od \u0161ablonskih vodi\u010da, Batumi otkriva i svoj karakter i svoje obe\u0107anje.<\/p>","protected":false},"excerpt":{"rendered":"<p>Batumi, drugi po veli\u010dini grad u Gruziji, je dinami\u010dna primorska metropola koja se nalazi na isto\u010dnim obalama Crnog mora. Grad, sa populacijom od preko 169.000 stanovnika, funkcioni\u0161e kao glavni grad Autonomne Republike Ad\u017eare, koji se nalazi 20 kilometara severno od turske granice. Ovaj suptropski lokalitet, koji se nalazi u podno\u017eju impozantnih Kavkaskih planina, razvio se u istaknuto ekonomsko i kulturno sredi\u0161te, spajaju\u0107i svoje obimno istorijsko nasle\u0111e sa savremenim dostignu\u0107ima kako bi obezbedio prepoznatljivo metropolitansko okru\u017eenje koje o\u010darava i posetioce i stanovnike.<\/p>","protected":false},"author":1,"featured_media":2853,"parent":13876,"menu_order":0,"comment_status":"closed","ping_status":"closed","template":"elementor_theme","meta":{"_eb_attr":"","footnotes":""},"class_list":["post-13904","page","type-page","status-publish","has-post-thumbnail"],"_links":{"self":[{"href":"https:\/\/travelshelper.com\/sr\/wp-json\/wp\/v2\/pages\/13904","targetHints":{"allow":["GET"]}}],"collection":[{"href":"https:\/\/travelshelper.com\/sr\/wp-json\/wp\/v2\/pages"}],"about":[{"href":"https:\/\/travelshelper.com\/sr\/wp-json\/wp\/v2\/types\/page"}],"author":[{"embeddable":true,"href":"https:\/\/travelshelper.com\/sr\/wp-json\/wp\/v2\/users\/1"}],"replies":[{"embeddable":true,"href":"https:\/\/travelshelper.com\/sr\/wp-json\/wp\/v2\/comments?post=13904"}],"version-history":[{"count":0,"href":"https:\/\/travelshelper.com\/sr\/wp-json\/wp\/v2\/pages\/13904\/revisions"}],"up":[{"embeddable":true,"href":"https:\/\/travelshelper.com\/sr\/wp-json\/wp\/v2\/pages\/13876"}],"wp:featuredmedia":[{"embeddable":true,"href":"https:\/\/travelshelper.com\/sr\/wp-json\/wp\/v2\/media\/2853"}],"wp:attachment":[{"href":"https:\/\/travelshelper.com\/sr\/wp-json\/wp\/v2\/media?parent=13904"}],"curies":[{"name":"wp","href":"https:\/\/api.w.org\/{rel}","templated":true}]}}