{"id":13851,"date":"2024-09-18T12:07:05","date_gmt":"2024-09-18T12:07:05","guid":{"rendered":"https:\/\/travelshelper.com\/staging\/?page_id=13851"},"modified":"2026-03-12T00:28:59","modified_gmt":"2026-03-12T00:28:59","slug":"bremen","status":"publish","type":"page","link":"https:\/\/travelshelper.com\/sr\/destinations\/europe\/germany\/bremen\/","title":{"rendered":"Bremen"},"content":{"rendered":"<p>Bremen predstavlja precizan spoj vodenih puteva, urbanog tkiva i otpornosti. Sa populacijom od pribli\u017eno 577.000 stanovnika i povr\u0161inom od 318,21 kvadratnih kilometara, on je glavni grad Slobodnog hanzeatskog grada Bremena, dva grada-dr\u017eave u severnoj Nema\u010dkoj. Sme\u0161ten na reci Vezer, oko 60 kilometara uzvodno od njenog u\u0161\u0107a u Bremerhafenu, Bremen ostaje u potpunosti okru\u017een Donjom Saksonijom i sredi\u0161te je metropolitanskog regiona od oko 2,8 miliona stanovnika.<\/p>\n<p>U Bremenu, reka Vezer prolazi kroz vekove trgovine i adaptacije. Luka ovde, zajedno sa Bremerhafenom na u\u0161\u0107u Vezera, dr\u017ei poziciju drugog najve\u0107eg pomorskog \u010dvori\u0161ta u Nema\u010dkoj posle Hamburga. Ovaj lu\u010dki kompleks oblikuje i fizi\u010dki pejza\u017e i ekonomske tokove koji odr\u017eavaju grad. Nizvodni teretni brodovi, uzvodne re\u010dne bar\u017ee i trajekti koji prolaze potvr\u0111uju vezu Bremena sa Severnim morem i globalnim rutama.<\/p>\n<p>Klima ovde spada u kategoriju umerene okeanske klime. Atlantski vremenski sistemi napreduju pod uticajem zapadnih vetrova, ubla\u017eavaju\u0107i leta i zime. Termalni ekstremi ostaju retki; zabele\u017eeni maksimum od 37,6\u00b0C 9. avgusta 1992. i minimum od -23,6\u00b0C 13. februara 1940. nalaze se na granicama ovog uravnote\u017eenog raspona. Hibridni uticaji kontinentalnog vazduha i dalje mogu dovesti do kratkih toplotnih talasa ili mraza, ali Bremen se retko bori sa dugotrajnim ekstremima.<\/p>\n<p>Konture bremenske ekonomije se\u017eu do posleratne ere, kada su radni migranti stigli usred \u201eWirtschaftswunder\u201c-a koji je preoblikovao Zapadnu Nema\u010dku sredinom veka. Radnici su se uglavnom slivali iz Turske i ju\u017ene Evrope; u kasnijim decenijama, dolasci iz biv\u0161ih zemalja Isto\u010dnog bloka i iz kriznih regiona poput Sirije promenili su demografski mozaik. Danas je Bremen doma\u0107in multinacionalnih kompanija, od proizvo\u0111a\u010da \u010dokolade Hachez do specijalizovanog in\u017eenjeringa u Vector Foiltec. Erbasove jedinice sklapaju komponente krila i sisteme za visoko uzgonstvo za \u0161irokotrupne mlaznjake u bremenskim fabrikama.<\/p>\n<p>Kulturne struje u Bremenu odra\u017eavaju spoj nasle\u0111a i adaptacije. Galerije i muzeji obuhvataju sve od istorijske skulpture do savremene umetnosti. Muzej Iberze istra\u017euje prekomorske kulture i prirodnu istoriju; Vezerburg registruje modernu umetnost u prenamenjenom skladi\u0161tu na re\u010dnom ostrvu; Kunsthale prikazuje evropsko slikarstvo devetnaestog i dvadesetog veka. Svaka institucija je sidro narativa kulturne razmene.<\/p>\n<p>Na Marktplacu, gotsko jezgro Bremena uzdi\u017ee se u kamenu. Izgra\u0111ena izme\u0111u 1405. i 1410. godine, Gradska ku\u0107a nosi renesansnu fasadu koja datira iz 1609\u201312. Pored nje stoji statua Rolanda iz 1404. godine, simbol gra\u0111anskih privilegija pod Svetim rimskim carstvom. U blizini, bronzana grupacija Gerharda Marksa podse\u0107a na pri\u010du bra\u0107e Grim o \u010detiri \u017eivotinje koje tra\u017ee gradsko uto\u010di\u0161te. Ovi elementi \u010dine mesto svetske ba\u0161tine UNESKO-a koje je i dalje u aktivnoj zakonodavnoj i turisti\u010dkoj upotrebi.<\/p>\n<p>\u0160etaju\u0107i severoisto\u010dno od trga, kvart \u0160nor \u010duva uske uli\u010dice ribarskih ku\u0107a iz sedamnaestog veka. Danas, kafi\u0107i, zanatski ateljei i galerije zauzimaju istro\u0161ene fasade. Ju\u017eno od Marktplaca, prote\u017ee se Be\u010der\u0161trase, poplo\u010dana ciglom, izme\u0111u motiva secesije i gotike. Naru\u010dena 1920-ih od strane industrijalca Ludviga Rozelijusa, u njoj su se nalazili avangardni oblici koje su nacisti kasnije klasifikovali kao \u201edegenerisane\u201c. Kariljon porcelanskih zvona u ulici i dalje je sme\u0161ten unutar ku\u0107e Gloken\u0161pil.<\/p>\n<p>Verski spomenici odra\u017eavaju srednjovekovni uspon Bremena. Katedrala Svetog Petra, koja datira iz trinaestog veka, objedinjuje skulpture apostola i ranih nema\u010dkih careva. Libfrauenkirhe, sa svojim freskama u kripti iz jedanaestog veka, predstavlja najstarije mesto bogoslu\u017eenja u gradu. Na Katarinklosterhofu, ostaci manastira Svete Katarine iz trinaestog veka i dalje postoje, dok moderni Birgitenkloster ima malu zajednicu koja nudi duhovno uto\u010di\u0161te.<\/p>\n<p>Izvan Starog grada, okrug Firtel odra\u017eava urbanu ekspanziju devetnaestog veka. Gradske ku\u0107e sa \u0161tuko ornamentima ni\u017eu se du\u017e avenija u kojima se nalaze pozori\u0161ta, nezavisni kafi\u0107i i male prodavnice. Tramvaji i autobusi kompanije BSAG prelaze ovu \u201ekulturnu milju\u201c, povezuju\u0107i \u010detvrt sa istorijskim centrima i modernim predgra\u0111ima. Preko reke Vezer, \u0160lahte nudi javni bulevar sa priobalnim tavernama i \u0161etali\u0161tima, podse\u0107aju\u0107i na srednjovekovnu luku koja je nekada definisala pomorski identitet Bremena.<\/p>\n<p>Zelene povr\u0161ine pro\u017eimaju urbanu mre\u017eu Bremena. Park Knops, jedan od najve\u0107ih u gradu, nudi livade, \u0161ume i centralno jezero gde posetioci iznajmljuju \u010damce na vesla u toplijim mesecima. Park rododendrona sadr\u017ei opse\u017ene kolekcije rododendrona i azaleja, uz Botaniku, muzej posve\u0107en biolo\u0161koj raznolikosti. Nau\u010dni centar Univerzum predstavlja interaktivne izlo\u017ebe koje povezuju nauku i anga\u017eovanje javnosti.<\/p>\n<p>Bremenska infrastruktura integri\u0161e tramvajske linije i regionalnu mre\u017eu gradske \u017eeleznice (S-Bahn), otvorenu 2010. godine. Gradska \u017eeleznica (S-Bahn) Bremen povezuje centralnu stanicu sa okolnim gradovima, uklju\u010duju\u0107i Bremerhafen i Oldenburg, po jedinstvenoj tarifi Transportnog udru\u017eenja Bremen-Donja Saksonija. Aerodrom u Noj\u0161tat-Nojenlandu bele\u017ei dvanaesti najve\u0107i broj putnika u Nema\u010dkoj, opslu\u017euju\u0107i rute \u0161irom Evrope i \u0161ire.<\/p>\n<p>Sportski \u017eivot se vrti oko kluba Verder Bremen, \u010dije utakmice na Vezer\u0161tadionu privla\u010de lokalnu podr\u0161ku na obalu reke. Klubovi i amaterske lige podr\u017eavaju sna\u017enu kulturu rekreativnih aktivnosti, od veslanja do vo\u017enje bicikla du\u017e re\u010dnih staza.<\/p>\n<p>Kroz svoje izgra\u0111eno i prirodno okru\u017eenje, Bremen pokazuje kontinuitet usred promena. Srednjovekovni Stari grad opstaje u sr\u017ei, ali se grad prote\u017ee u moderne \u010detvrti i industrijske lokacije sa besprekornom funkcionalnom koherentno\u0161\u0107u. Istorijske esnafske ku\u0107e nalaze se pored vazduhoplovnih radionica, a muzeji unutar prenamenjenih dokova nalaze se pored istorijskih crkava. Identitet Bremena le\u017ei u ovoj produktivnoj slojevitosti.<\/p>\n<p>Dok dnevna svetlost opada, \u0107ilibarno osvetljenje ocrtava fasadu Gradske ku\u0107e. Odsjaji reke svetlucaju ispod gotskih lukova crkava. U kafanama pored \u0160lahtea, razgovori se zasnivaju na lokalnim pivima i svakodnevnim kretanjima. Posetioci svedo\u010de gradu koji meri svoju \u017eivotnu snagu u tonama tereta i redovima na tramvajskoj mapi, ali prevazilazi kvantitativno u trenucima tihog otkrivanja. Narativ o Bremenu nije ni singularni ni stati\u010dan. Odvija se u svakoj kamenoj skulpturi, fabri\u010dkom pristani\u0161tu i umetni\u010dkoj galeriji, pozivaju\u0107i na posmatranje pre nego na progla\u0161enje.<\/p>","protected":false},"excerpt":{"rendered":"<p>Bremen, sa populacijom od oko 570.000, slu\u017ei kao glavni grad Slobodnog hanzeanskog grada Bremena i jedanaesti je po veli\u010dini grad u Nema\u010dkoj. Bremen, koji se nalazi u severnom regionu nacije, drugi je po veli\u010dini grad u severnoj Nema\u010dkoj, iza Hamburga. Ovaj dinami\u010dni grad, bogat istorijom i obiluje savremenim aktivnostima, predstavlja zadivljuju\u0107u kombinaciju kulturnog nasle\u0111a, ekonomskog zna\u010daja i morskog uticaja koji je definisao njegov identitet tokom godina.<\/p>","protected":false},"author":1,"featured_media":2777,"parent":13736,"menu_order":0,"comment_status":"closed","ping_status":"closed","template":"elementor_theme","meta":{"_eb_attr":"","footnotes":""},"class_list":["post-13851","page","type-page","status-publish","has-post-thumbnail"],"_links":{"self":[{"href":"https:\/\/travelshelper.com\/sr\/wp-json\/wp\/v2\/pages\/13851","targetHints":{"allow":["GET"]}}],"collection":[{"href":"https:\/\/travelshelper.com\/sr\/wp-json\/wp\/v2\/pages"}],"about":[{"href":"https:\/\/travelshelper.com\/sr\/wp-json\/wp\/v2\/types\/page"}],"author":[{"embeddable":true,"href":"https:\/\/travelshelper.com\/sr\/wp-json\/wp\/v2\/users\/1"}],"replies":[{"embeddable":true,"href":"https:\/\/travelshelper.com\/sr\/wp-json\/wp\/v2\/comments?post=13851"}],"version-history":[{"count":0,"href":"https:\/\/travelshelper.com\/sr\/wp-json\/wp\/v2\/pages\/13851\/revisions"}],"up":[{"embeddable":true,"href":"https:\/\/travelshelper.com\/sr\/wp-json\/wp\/v2\/pages\/13736"}],"wp:featuredmedia":[{"embeddable":true,"href":"https:\/\/travelshelper.com\/sr\/wp-json\/wp\/v2\/media\/2777"}],"wp:attachment":[{"href":"https:\/\/travelshelper.com\/sr\/wp-json\/wp\/v2\/media?parent=13851"}],"curies":[{"name":"wp","href":"https:\/\/api.w.org\/{rel}","templated":true}]}}