{"id":13671,"date":"2024-09-18T01:03:38","date_gmt":"2024-09-18T01:03:38","guid":{"rendered":"https:\/\/travelshelper.com\/staging\/?page_id=13671"},"modified":"2026-03-12T00:58:08","modified_gmt":"2026-03-12T00:58:08","slug":"volos","status":"publish","type":"page","link":"https:\/\/travelshelper.com\/sr\/destinations\/europe\/greece\/volos\/","title":{"rendered":"Volos"},"content":{"rendered":"<p>Volos, priobalni lu\u010dki grad koji slu\u017ei kao pomorska kapija Tesalije, podjednako vlada i geografijom i istorijom. Sa 85.803 stanovnika od 2021. godine, zauzima najdublju ta\u010dku Pagasetskog zaliva, gde se ravnica u podno\u017eju planine Pelion pru\u017ea ka istoku prema Agriji i ka jugozapadu prema Nea Anhijalosu. Kao glavni grad regionalne jedinice Magnezija, Volos funkcioni\u0161e ne samo kao regionalni administrativni centar ve\u0107 i kao jedini izlaz Tesalije na Egejsko more, premo\u0161\u0107uju\u0107i najve\u0107e poljoprivredno zale\u0111e Gr\u010dke sa \u0161irim tokovima evropske i azijske trgovine.<\/p>\n<p>Od svojih mitskih porekla u drevnom naselju Jolkos \u2014 gde se ka\u017ee da su Jason i Argonauti pokrenuli Argo \u2014 Volos se neprestano iznova izmi\u0161ljao. Moderni grad nastao je nakon katastrofalnih zemljotresa 1955. godine, koji su sravnili sa zemljom veliki deo njegovih neoklasi\u010dnih vila i istorijskog priobalja. Na njihovom mestu izdigla se mre\u017ea savremenih gra\u0111evina, dok nekoliko obnovljenih vila sada slu\u017ei u javne svrhe, blede\u0107i tragovi pro\u0161log trgova\u010dkog prosperiteta. Arhitekta Aristotelis Zahos ostavio je svoj trag na silueti grada crkvama Svetog Nikole i Svetog Konstantina i Jelene, diskretnim svetionicima na primorskoj promenadi koji govore o pomorskom nasle\u0111u i duhovnim temeljima grada.<\/p>\n<p>Geografski, Volos je definisan sa tri planinska potoka \u2014 Anavros, Krafsidonas i Ksirijas \u2014 koji se spu\u0161taju sa vrha planine Pelion, visine 1.610 metara. Oni usecaju prirodne barikade kroz urbani pejza\u017e, oblikuju\u0107i granice naselja i stvaraju\u0107i zelene koridore koji ubla\u017eavaju industrijsko srce grada. Krafsidonas, posebno, slu\u017ei kao zelena plu\u0107a metropole, razdvajaju\u0107i op\u0161tine Volos i Nea Jonija, \u010dak i dok neguje parkove i pe\u0161a\u010dke staze. Planina Pelion, koja se uzdi\u017ee odmah na jugu, baca ki\u0161nu senku koja ubla\u017eava padavine, dok mirne vode zaliva ispunjavaju grad klimom koja uravnote\u017euje topla leta i blage zime, omogu\u0107avaju\u0107i povremeni sneg bez zaustavljanja svakodnevnog \u017eivota.<\/p>\n<p>Volosovska ekonomija je dokaz strate\u0161ke geografije i industrijske evolucije. Sme\u0161ten na raskrsnici autoputa E75 (PATHE), sa \u017eelezni\u010dkim vezama sa Atinom, Solunom i Larisom, i usredsre\u0111en na teretne terminale luke \u2013 tre\u0107e po veli\u010dini u Gr\u010dkoj \u2013 Volos odr\u017eava vi\u0161eslojnu ekonomiju proizvodnje, trgovine, usluga i turizma. Te\u0161ka industrija napreduje u proizvodnji \u010delika \u2013 kroz METKA, SIDENOR i Hellenic Steel \u2013 i u proizvodnji cementa u fabrici AGET Heracles, koja godi\u0161nje otpremi preko sedam miliona tona preko svog privatnog pristani\u0161ta. Istra\u017eiva\u010dke inicijative dopunjuju ove industrijske stubove: Institut za bioekonomiju i agrotehnologiju, deo Centra za istra\u017eivanje i tehnologiju \u2013 Helas, isti\u010de ulogu Volosa u poljoprivrednim inovacijama i nau\u010dnoj saradnji.<\/p>\n<p>Akademski \u017eivot pulsira kroz grad preko Univerziteta u Tesaliji, \u010dije konferencijske sale i izlo\u017ebeni prostori ugo\u0161\u0107uju me\u0111unarodne nau\u010dne i kulturne skupove. U\u010de\u0161\u0107e Volosa na Olimpijskim igrama 2004. godine zapo\u010delo je tradiciju sportskih doga\u0111aja, od Evropskog prvenstva u atletici do Me\u0111unarodne olimpijade iz astronomije i astrofizike 2013. godine. Ovi doga\u0111aji ja\u010daju gra\u0111anski identitet koji ceni i fizi\u010dki napor i intelektualno istra\u017eivanje.<\/p>\n<p>Ispod moderne fasade Volosa le\u017ee slojevi antike. Severoisto\u010dno od grada, arheolo\u0161ka nalazi\u0161ta Drevni Dimini i Sesklo prate ljudsko prisustvo do neolitskog perioda, otkrivaju\u0107i utvr\u0111ena naselja, \u017ertvene grobnice i palatne temelje koji nagove\u0161tavaju mikensku veli\u010dinu. Diminijeva ku\u0107a N, sa svojim dirljivim ostacima paljenica ispod poda, i impozantna grobnica Tombi, pozivaju na razmi\u0161ljanje o ranim ritualnim praksama. Sesklov polo\u017eaj na vrhu brda nudi impresivan pogled na zaliv, ali ima manje sa\u010duvanih struktura, \u0161to sugeri\u0161e slo\u017een odnos - mo\u017eda rivalstvo ili trgovinu - sa susedom. Oba lokaliteta su dostupna vo\u0111enim audio turama na gr\u010dkom i engleskom jeziku, sa zajedni\u010dkim ulazom koji posetiocima omogu\u0107ava da istra\u017euju svako redom.<\/p>\n<p>U samom gradu, Arheolo\u0161ki muzej Atanasakeion predstavlja kompaktnu, ali sveobuhvatnu hroniku magnezijske istorije, dok Muzej ciglane N. i S. Calapate transformi\u0161e industrijski kompleks iz 1926. godine u \u017eivi prikaz proizvodnje s po\u010detka dvadesetog veka. NJegove Hofmanove pe\u0107i, rezervoari za glinu i transportni sistemi evociraju ritmove proizvodnje cigle i crepa koji su nekada zapo\u0161ljavali stotine ljudi i oblikovali izgra\u0111eno okru\u017eenje Volosa. Gradski muzej Volosa dodatno dopunjuje ove ponude izlo\u017ebama o gra\u0111anskom \u017eivotu, radni\u010dkim pokretima \u2013 Volos je bio dom prvog gr\u010dkog sindikata 1908. godine \u2013 i kulturnom prolivu nakon katastrofe u Maloj Aziji 1922. godine, kada su izbeglice iz Anadolije promenile lokalnu kuhinju, muziku i dru\u0161tvene obi\u010daje.<\/p>\n<p>\u0160etnja centrom grada otkriva druga\u010diji aspekt Volosovog \u0161arma. Ulica Ermu, duga\u010dka, poplo\u010dana osa paralelna sa obalom, prelazi u aveniju Argonafton, gde prodavnice svih vrsta ustupaju mesto intimnim barovima i kafi\u0107ima grupisanim oko Trga Svetog Nikole. Ovde katedrala posve\u0107ena za\u0161titniku mornara upravlja svakodnevnim ritmom trgovine i razonode. Primorski park se prote\u017ee izme\u0111u univerzitetske zgrade Papastratos i crkve Svetog Konstantina, dok se park Anavros, koji po\u010dinje iza iste crkve, prote\u017ee ka istoku do gradske pla\u017ee gde se kupa\u010di usu\u0111uju tokom hladnijih meseci.<\/p>\n<p>Za one koji tra\u017ee sunce i more, Volos nudi i gradske pla\u017ee i priobalna uto\u010di\u0161ta. Pla\u017ea Anavros, do koje se mo\u017ee do\u0107i pe\u0161ice sa \u0161etali\u0161ta, pru\u017ea pristupa\u010dno kupanje blizu gradskog ruba. Kratka vo\u017enja \u2013 ili gradski autobus broj 6 od Gradske ku\u0107e \u2013 vodi do Alikesa, primorskog okruga gde nominalna ulaznica obezbe\u0111uje le\u017ealjke, spasioce i osve\u017eenje pod no\u0107nim svetlima barova na pla\u017ei. Me\u0111utim, lokalno znanje vodi dalje: autobusi do Agrije i Platanidije prevoze putnike dalje od cementara do voda vrhunske bistrine, gde uvale obraslo borovima na severnoj obali zaliva nagra\u0111uju strpljivog putnika.<\/p>\n<p>Pomorske veze pro\u0161iruju uticaj Volosa preko Egeja. Svakodnevni trajekti i hidrogliseri povezuju grad sa Sporadskim ostrvima - Skijatosom, Skopelosom i Alonisosom - i sa Lemnosom, Lezbosom, Hiosom i Skirosom. Tokom letnjih meseci, kruzeri prate utvr\u0111ene rute, dovode\u0107i vi\u0161e od sto hiljada posetilaca u poslednjim sezonama da se iskrcaju na kej. Na kopnu, ljubitelji \u017eeleznice mogu u\u017eivati u istorijskoj \u017eeleznici Pelion, njenim parnim vagonima koji prelaze planinske krivine za turiste izme\u0111u sredine aprila i oktobra, a svakodnevno u \u0161picu leta.<\/p>\n<p>Gledaju\u0107i ka spolja\u0161njosti, Volos \u0107e uskoro pro\u0161iriti svoju mre\u017eu kopnenog saobra\u0107aja zapadnim krakom autoputa E65, stvaraju\u0107i novi koridor do luke Igumenica. Me\u0111unarodni aerodrom centralne Gr\u010dke u Nea Anhialosu, sa drugom najdu\u017eom komercijalnom pistom u Gr\u010dkoj, odr\u017eava veze sa doma\u0107im i odabranim evropskim destinacijama. Pionirska usluga hidroaviona, kojom upravlja Argo Ervejz, \u010dini Volos prvim evropskim gradom sa redovnim amfibijskim vezama sa Atinom, Solunom i Sporadima \u2013 modernim odjekom argonauti\u010dkog nasle\u0111a grada.<\/p>\n<p>Ovaj spoj prirodnog okru\u017eenja, arheolo\u0161ke dubine, industrijske snage i kulturne vitalnosti \u010dini Volos jedinstvenim posrednikom izme\u0111u pro\u0161losti i sada\u0161njosti. Obala grada, iscrtana neoklasi\u010dnim fasadama i savremenim molovima, susre\u0107e se sa pejza\u017eima oblikovanim mitom i ma\u0161inom. NJegovi muzeji i drevne ru\u0161evine, \u010deli\u010dane i univerzitetske sale svedo\u010de o trajnoj interakciji tradicije i inovacije. Ovde puls Tesalije pronalazi svoj pomorski glas, a ljudsko putovanje \u2013 od neolitskih stanovnika na brdu Gorica do nau\u010dnika dvadeset prvog veka \u2013 odvija se oko luka Pagasetskog zaliva.<\/p>\n<p>U Volosu, putnik nailazi na vi\u0161e od lu\u010dkog grada: otkriva se palimpsest ljudskog napora, gde svaka re\u010dna bujica i greben Peliona ispisuju svoju naraciju na ravnici ispod. Klima grada, ubla\u017eena morskim povetarcem i planinskim senkama, poziva na istra\u017eivanje u svako godi\u0161nje doba. NJegove saobra\u0107ajne arterije - more, \u017eeleznica, drum i vazduh - povezuju ga sa svetom, \u010dak i dok njegove ulice, muzeji i arheolo\u0161ki parkovi potvr\u0111uju jedinstven ose\u0107aj mesta. Za one koji prate puteve istorije i industrije, ili koji jednostavno tra\u017ee primorsku \u0161etali\u0161te u hladu crkvenih zvonika, Volos nudi impresivan susret sa strujama koje su dugo definisale ovu luku koja nosi Argo.<\/p>","protected":false},"excerpt":{"rendered":"<p>Volos, dinami\u010dan primorski lu\u010dki grad u Tesaliji, u Gr\u010dkoj, strate\u0161ki je lociran blizu sredine gr\u010dkog kopna, oko 330 kilometara severno od Atine i 220 kilometara ju\u017eno od Soluna. Od 2021. godine, Volos, sa 85.803 stanovnika, funkcioni\u0161e kao glavni grad regionalne jedinice Magnezija u regionu Tesalije, slu\u017ee\u0107i kao ekskluzivna ta\u010dka pristupa moru za Tesaliju, najve\u0107u poljoprivrednu oblast u Gr\u010dkoj. Ovo \u017eivopisno metropolitansko \u010dvori\u0161te, sme\u0161teno izme\u0111u plavih voda Pagaseti\u010dkog zaliva i bujnih padina planine Pelion, predstavlja besprekornu integraciju istorijskog zna\u010daja i savremenog razvoja, uspostavljaju\u0107i ga kao klju\u010dnu vezu izme\u0111u Evrope i Azije.<\/p>","protected":false},"author":1,"featured_media":4664,"parent":13510,"menu_order":0,"comment_status":"closed","ping_status":"closed","template":"elementor_theme","meta":{"_eb_attr":"","footnotes":""},"class_list":["post-13671","page","type-page","status-publish","has-post-thumbnail"],"_links":{"self":[{"href":"https:\/\/travelshelper.com\/sr\/wp-json\/wp\/v2\/pages\/13671","targetHints":{"allow":["GET"]}}],"collection":[{"href":"https:\/\/travelshelper.com\/sr\/wp-json\/wp\/v2\/pages"}],"about":[{"href":"https:\/\/travelshelper.com\/sr\/wp-json\/wp\/v2\/types\/page"}],"author":[{"embeddable":true,"href":"https:\/\/travelshelper.com\/sr\/wp-json\/wp\/v2\/users\/1"}],"replies":[{"embeddable":true,"href":"https:\/\/travelshelper.com\/sr\/wp-json\/wp\/v2\/comments?post=13671"}],"version-history":[{"count":0,"href":"https:\/\/travelshelper.com\/sr\/wp-json\/wp\/v2\/pages\/13671\/revisions"}],"up":[{"embeddable":true,"href":"https:\/\/travelshelper.com\/sr\/wp-json\/wp\/v2\/pages\/13510"}],"wp:featuredmedia":[{"embeddable":true,"href":"https:\/\/travelshelper.com\/sr\/wp-json\/wp\/v2\/media\/4664"}],"wp:attachment":[{"href":"https:\/\/travelshelper.com\/sr\/wp-json\/wp\/v2\/media?parent=13671"}],"curies":[{"name":"wp","href":"https:\/\/api.w.org\/{rel}","templated":true}]}}