{"id":13445,"date":"2024-09-17T17:54:42","date_gmt":"2024-09-17T17:54:42","guid":{"rendered":"https:\/\/travelshelper.com\/staging\/?page_id=13445"},"modified":"2026-03-12T22:11:36","modified_gmt":"2026-03-12T22:11:36","slug":"srbija","status":"publish","type":"page","link":"https:\/\/travelshelper.com\/sr\/destinations\/europe\/serbia\/","title":{"rendered":"Srbija"},"content":{"rendered":"<p>Srbija se predstavlja kao suverena republika sa pribli\u017eno 6,6 miliona stanovnika (bez Kosova) koja se prostire na oko 88.499 kvadratnih kilometara u srcu Balkanskog poluostrva, grani\u010de\u0107i se sa Ma\u0111arskom na severu, Rumunijom na severoistoku, Bugarskom na jugoistoku, Severnom Makedonijom na jugu, Hrvatskom i Bosnom i Hercegovinom na zapadu i Crnom Gorom na jugozapadu. Sme\u0161tena izme\u0111u 41\u00b0 i 47\u00b0 severne geografske \u0161irine i 18\u00b0 i 23\u00b0 isto\u010dne geografske du\u017eine, ova kontinentalna nacija zauzima raskrsnicu centralne i jugoisto\u010dne Evrope, nude\u0107i slo\u017eenu me\u0161avinu terena koja se prote\u017ee od plodnih ravnica Vojvodine na severu do visokih vrhova Dinarskih i Karpatskih planinskih lanaca na jugu.<\/p>\n<p>Neprekidno naseljena od paleolita, teritorija moderne Srbije apsorbovala je uzastopne talase slovenskih doseljenika tokom \u0161estog veka nove ere, postavljaju\u0107i temelje za slovensku dr\u017eavu koja \u0107e se kristalizovati u srednjovekovna kraljevstva i kne\u017eevine. Do 1217. godine, priznanje od strane Svete stolice i Carigrada uzdiglo je srpsko carstvo na nivo kraljevstva, koje je pod Du\u0161anom Silnim dostiglo svoj vrhunac 1346. godine kao carstvo koje je obuhvatalo velike delove Balkana. Osmansko osvajanje sredinom 16. veka zbrisalo je ovu nezavisnost, iako su povremeni upadi Habzburga sa zapada sa\u010duvali katoli\u010dke enklave u panonskoj ravnici Vojvodine.<\/p>\n<p>Po\u010detak devetnaestog veka doneo je Srpsku revoluciju koja je stvorila prvu modernu ustavnu monarhiju u regionu, \u010dija se jurisdikcija stalno \u0161irila sve dok se, nakon Prvog svetskog rata, Kraljevina Srbija nije spojila sa susednim ju\u017enoslovenskim zemljama i formirala prvu jugoslovensku dr\u017eavu. Usledile su decenije unitarnih i socijalisti\u010dkih federacija, koje su se raspale tokom burnih 1990-ih. Kona\u010dno mirno odvajanje od Crne Gore 2006. godine vra\u0107eno je puno suverenitet Srbije, dok jednostrano progla\u0161enje nezavisnosti kosovske skup\u0161tine sa ve\u0107inom albanskih stanovnika 2008. godine ostaje nepriznato od strane Beograda, koji Kosovo smatra administrativnim okrugom pod zajedni\u010dkim nadzorom.<\/p>\n<p>Geografski gledano, severna tre\u0107ina Srbije le\u017ei ispod prostranog prostranstva Panonske nizije, \u010dije ilovasto tlo ispresecavaju vode reka Dunav, Tisa i Begej. Na jugu, talasasta brda ustupaju mesto Dinarskim Alpima du\u017e zapadne granice, Karpatima i Balkanu du\u017e istoka, i drevnim Rodopskim visoravnima na jugoistoku. Nadmorske visine se prote\u017eu od vrha Mid\u017eor na Balkanskim planinama na 2.169 metara - najvi\u0161e ta\u010dke Srbije izuzev Kosova - do jedva 17 metara nadmorske visine kod Prahova na Dunavu. Najdu\u017ei vodotok zemlje, Dunav, provla\u010di se 587 kilometara kroz njenu teritoriju, stvaraju\u0107i ekonomske arterije koje povezuju Centralnu Evropu sa Crnim morem i \u0161ire. \u0110erdapsko jezero, povr\u0161ine 163 kvadratna kilometra, predstavlja najve\u0107e ve\u0161ta\u010dko akumulaciono jezero u Srbiji, koje koristi tok Dunava u klisuri \u0110erdap.<\/p>\n<p>Klimatski, Srbija zauzima prelaznu zonu oblikovanu evroazijskim kontinentalno\u0161\u0107u, atlantskim frontovima i mediteranskim strujama. Prose\u010dne temperature se kre\u0107u oko 0 \u00b0C u januaru i dosti\u017eu oko 22 \u00b0C u julu, \u0161to ocrtava toplo-vla\u017enu kontinentalnu klimu na severu i suptropskiji re\u017eim sa su\u0161nijim letima na jugu. Nazubljena topografija kanali\u0161e ko\u0161avu, \u017eestoku oluju koja ubrzava kroz Gvozdenu kapiju prema Beogradu, gde mo\u017ee da uzburka krovove grada i povr\u0161inu Dunava podjednako. Visoravni poput Pe\u0161tera podnose o\u0161tre zime pod okru\u017euju\u0107im vrhovima, dok uticaj Jadrana omek\u0161ava uslove u ju\u017enim dolinama.<\/p>\n<p>Demografski gledano, popis iz 2022. godine registrovao je 6.647.003 stanovnika (bez Kosova), \u0161to daje prose\u010dnu gustinu od 85,8 stanovnika po kvadratnom kilometru. Konstantan demografski pad od 1990-ih doveo je do pada stope nataliteta ispod smrtnosti, a emigracija je smanjila broj stanovnika za stotine hiljada, posebno me\u0111u obrazovanim mladim odraslima. Sa prose\u010dnom staro\u0161\u0107u od 43,3 godine, Srbija se ubraja me\u0111u najstarija dru\u0161tva u Evropi. Doma\u0107instva sa jednom osobom \u010dine jednu petinu svih stambenih objekata, o\u010dekivani \u017eivotni vek je 76,1 godina, a emigrantska dijaspora odr\u017eava jake veze sa domovinom.<\/p>\n<p>Ustav zastupa sekularizam i verske slobode, iako je identitet Srbije i dalje usko isprepleten sa Srpskom pravoslavnom crkvom. Pribli\u017eno 84,5% stanovnika se identifikuje kao pravoslavni hri\u0161\u0107ani, uklju\u010duju\u0107i Srbe, Rumune, Vlahe i druge manjine. Islamske, katoli\u010dke i protestantske zajednice vode svoje korene do osmanskih, austrougarskih i modernih migracija, oboga\u0107uju\u0107i mozaik vere zemlje.<\/p>\n<p>Jezi\u010dki gledano, srpski je jedini zvani\u010dni jezik, kojim kao izvorni jezik govori oko 88% stanovni\u0161tva. Jedinstven me\u0111u evropskim jezicima, srpski jezik koristi i \u0107irilicu i latinicu; ustav navodi \u0107irilicu kao \u201ezvani\u010dno pismo\u201c, iako su javne preferencije gotovo podeljene.<\/p>\n<p>Ekonomski gledano, Srbija se rangira kao tr\u017ei\u0161na ekonomija sa vi\u0161im srednjim prihodima, sa nominalnim BDP-om u 2024. godini procenjenim na 81,9 milijardi dolara (pribli\u017eno 12.385 dolara po glavi stanovnika) i BDP-om pariteta kupovne mo\u0107i od 185 milijardi dolara (27.985 dolara po glavi stanovnika). Usluge pokre\u0107u 67,9% proizvodnje, industrija \u010dini 26,1%, a poljoprivreda doprinosi oko 6%. Nasle\u0111e istra\u017eivanja i investicija u odbranu iz jugoslovenskog doba \u2013 njena industrija naoru\u017eanja ostaje vode\u0107i izvoznik Zapadnog Balkana i dvadeset peti najve\u0107i u svetu, generi\u0161u\u0107i preko 1,6 milijardi dolara u 2023. godini \u2013 dopunjuje diverzifikovanu industrijsku bazu koja obuhvata automobilske komponente, rudarstvo, preradu hrane i farmaceutske proizvode. Srpski dinar, kojim upravlja Narodna banka Srbije, temelj je monetarne stabilnosti; Beogradska berza, iako skromna sa tr\u017ei\u0161nom kapitalizacijom od 8,65 milijardi dolara, u\u010dvr\u0161\u0107uje tr\u017ei\u0161ta kapitala putem svog indeksa BELEX15. Na me\u0111unarodnim indikatorima, Srbija je pedeset druga na Indeksu dru\u0161tvenog napretka i pedeset \u010detvrta na Globalnom indeksu mira.<\/p>\n<p>Infrastruktura Srbije koristi svoj strate\u0161ki polo\u017eaj na raskrsnici puteva istok-zapad i sever-jug Evrope. Dolina Morave predstavlja prirodni kopneni koridor od kontinentalne Evrope do Male Azije. Putne mre\u017ee se prote\u017eu na 45.419 kilometara - od \u010dega je 962 kilometra autoputeva - iako su nedostaci u odr\u017eavanju tokom dve decenije ostavili mnoge sporedne puteve ispod zapadnoevropskih standarda. Nedavnim investicijama dodato je preko 300 kilometara autoputeva, a novi delovi autoputeva A2 i A5 su u izgradnji. Autobuski prevoz povezuje \u010dak i najudaljenija sela sa regionalnim \u010dvori\u0161tima, dok privatno vlasni\u0161tvo automobila dosti\u017ee jedan automobil na 3,5 stanovnika.<\/p>\n<p>3.819 kilometara \u017eelezni\u010dkih pruga u Srbiji, od kojih je 1.279 kilometara elektrifikovano, povezuju Beograd i Ni\u0161 sa Budimpe\u0161tom, Barom, Zagrebom, Sofijom i Solunom du\u017e panevropskih koridora. Brza \u017eeleznica Beograd\u2013Novi Sad, duga 75 kilometara, otvorena 2022. godine, sada se prote\u017ee prema Subotici, a dalje pro\u0161irenje do Ni\u0161a planirano je da pove\u017ee \u010detiri najve\u0107a grada u zemlji do kraja decenije. Putni\u010dki saobra\u0107aj kompanije \u201eSrbija voz\u201c i teretni saobra\u0107aj kompanije \u201eSrbija kargo\u201c dopunjuju \u017eelezni\u010dke arterije.<\/p>\n<p>Vazdu\u0161ni saobra\u0107aj se odvija preko tri me\u0111unarodna aerodroma, na \u010delu sa aerodromom Nikola Tesla u Beogradu, koji je 2022. godine opslu\u017eio 2,75 miliona putnika. Nacionalna avio-kompanija Er Srbija povezuje Beograd sa oko 80 destinacija u 32 zemlje, uklju\u010duju\u0107i interkontinentalne rute do NJujorka, \u010cikaga i Tjen\u0111ina. Unutra\u0161nji plovni putevi, sa sredi\u0161tem na Dunavu, ali i na Savi, Tisi i Begeju, odr\u017eavaju preko 1.700 kilometara plovnih kanala, prevezuju\u0107i vi\u0161e od osam miliona tona tereta u 2018. godini. Re\u010dne luke u Novom Sadu, Beogradu, Pan\u010devu i drugima povezuju Srbiju sa Severnim morem preko kanala Rajna-Majna-Dunav i Crnim morem preko Gvozdene kapije.<\/p>\n<p>Turizam, iako skroman po obimu u pore\u0111enju sa priobalnim susedima, nudi niz termalnih banja, planinskih odmarali\u0161ta i \u017eivahnih urbanih centara. U 2019. godini, preko 3,6 miliona gostiju je sme\u0161teno u registrovanim sme\u0161tajima, od kojih je polovina do\u0161la iz inostranstva, generi\u0161u\u0107i oko 1,5 milijardi dolara deviza. Doma\u0107i posetioci hrle na Kopaonik, Staru planinu i Zlatibor zbog zimskih sportova i letnje rekreacije, dok Vrnja\u010dka Banja, Soko Banja i Banja Kovilja\u010da privla\u010de ljubitelje banja na termalne izvore. Beograd i Novi Sad privla\u010de dve tre\u0107ine stranih turista, a njihovi kulturni festivali \u2013 EXIT u Novom Sadu i festival trube u Gu\u010di \u2013 privla\u010de me\u0111unarodnu pa\u017enju. Udaljeni prirodni spektakli poput stenske formacije \u0110avolja Varo\u0161, pravoslavnih hodo\u010dasni\u010dkih ruta do srednjovekovnih manastira i krstarenja Dunavom du\u017e Gvozdene kapije dodatno diverzifikuju ponudu Srbije.<\/p>\n<p>Vekovi naizmeni\u010dnih helenisti\u010dkih, rimskih, vizantijskih, osmanskih i habzbur\u0161kih vladavina stvorili su kulturni dualizam: severne ravnice zemlje pokazuju afinitete centralne Evrope, od barokne arhitekture do multietni\u010dke koegzistencije, dok ju\u017ene visoravni odra\u017eavaju \u0161ire balkanske i mediteranske tradicije. Venecijanski uticaji pro\u017eimali su se kroz srednjovekovnu trgovinu i knji\u017eevnost, ostavljaju\u0107i sporadi\u010dne tragove u umetnosti i arhitekturi pod uticajem obale.<\/p>\n<p>Priznanje od strane UNESKO-a isti\u010de nasle\u0111e Srbije. Pet lokaliteta svetske ba\u0161tine obuhvataju ranosrednjovekovnu prestonicu Stari Ras sa manastirom Sopo\u0107ani, kompleks Studenica iz 12. veka, rimsku palatu Gamzigrad-Feliks Romulijana, srednjovekovne nadgrobne spomenike ste\u0107ke i ugro\u017eene manastire na Kosovu, uklju\u010duju\u0107i Visoke De\u010dane, Gra\u010danicu i Pe\u0107ku patrijar\u0161iju. Registar \u201ePam\u0107enje sveta\u201c \u010duva Miroslavljevo jevan\u0111elje, arhivu Nikole Tesle, austrougarski telegram o objavi rata i osniva\u010dka dokumenta sekretarijata Pokreta nesvrstanih. Predmeti nematerijalne ba\u0161tine \u2013 po\u0161tovanje slavskog za\u0161titnika, narodno kolo, pevanje guslarskih balada, zlaku\u0161ka grn\u010darija, destilacija \u0161ljivovice i naivni slikari Kova\u010dice \u2013 svedo\u010de o trajnim zajedni\u010dkim tradicijama.<\/p>\n<p>Regionalne granice dele Srbiju na Beograd; Podunavlje; Podrinje; \u0160umadiju, poznatu po jabukama, gro\u017e\u0111u i \u0161ljivama; i multietni\u010dku pokrajinu Vojvodinu, dom pravoslavnih manastira, muzeja u austrougarskom stilu i Deliblatske pe\u0161\u010dare. Kosovo, iako na njega pola\u017ee pravo Srbija, funkcioni\u0161e kao de fakto nezavisna republika sa sopstvenim atrakcijama, od d\u017eamija iz osmanskog doba do alpskih planinarskih staza.<\/p>\n<p>Urbani centri dodatno oboga\u0107uju nacionalni mozaik. Beograd, glavni i najve\u0107i grad, sme\u0161ten je na u\u0161\u0107u Save u Dunav, a njegovi slojevi rimskih, osmanskih i austrougarskih utvr\u0111enja isprekidani su savremenim no\u0107nim \u017eivotnim \u010detvrtima du\u017e obala reke. Kragujevac, mesto prve moderne prestonice Srbije, balansira industrijsku proizvodnju sa kulturnim institucijama; obli\u017enje Gru\u017eansko jezero poziva na mirno razmi\u0161ljanje. Kraljevo, sme\u0161teno izme\u0111u reka Morave i Ibra, predvodi manastir \u017di\u010da, srednjovekovnu crkvu krunidbe i susedne termalne izvore. Ni\u0161, rodno mesto Konstantina Velikog, koristi svoj strate\u0161ki polo\u017eaj kao transportna \u010dvori\u0161ta i neguje svoje univerzitetske i medicinske ustanove pored istorijskih mesta kao \u0161to su Ni\u0161ka Banja i drevna Ni\u0161ka tvr\u0111ava. Novi Sad, hvaljen kao \u201eSrpska Atina\u201c, nalazi se na Dunavu sa baroknim zgradama, doma\u0107in je festivalskog terena Petrovaradinske tvr\u0111ave i susedi su Fru\u0161ke gore, \u010diji su mu valovit vinogradi i manastirska mesta zaslu\u017eili naziv \u201eDruga Sveta Gora\u201c. Po\u017earevac, jedan od najstarijih gradova u Srbiji, nalazi se pored Velike Morave i blizu rimskog pograni\u010dnog grada Viminacijuma, dok se Suboti\u010dka gradska ku\u0107a u art nuvo stilu pru\u017ea pogled na letnje \u0161etali\u0161ta na jezeru Pali\u0107. Sremska Mitrovica podse\u0107a na svoju rimsku pro\u0161lost kao Sirmijum, carska rezidencija u \u010detvrtom veku, a Vr\u0161ac se nalazi na brdima prekrivenim vinogradima blizu rumunske granice.<\/p>\n<p>Pored gradova, banjski gradovi poput Sokobanje, sme\u0161tene izme\u0111u vrhova Rtnja i Ozrena, privla\u010de posetioce mineralnim izvorima i \u0161umovitim padinama; guste \u0161ume Nacionalnog parka Tara, kre\u010dnja\u010dke pe\u0107ine i klisure reke Drine nude divlje \u017eivotinje i blagostanje; zlatiborski pa\u0161njaci i etno-sela prikazuju seoski \u017eivot na vrhu njegove visoravni od 1.000 metara.<\/p>\n<p>Srpska kuhinja odra\u017eava svoj kulturni spoj sa jelima nasle\u0111enim iz osmanske i austrougarske vladavine. Meso je najva\u017enije: \u0107evap\u010di\u0107i, grilovane mlevene kobasice; pljeskavica, za\u010dinjene pljeskavice od mesa; sarma, sarme od kupusa; i kultna Kara\u0111or\u0111eva \u0161nicla. Burek, gibanice sa sirom i pasulj \u010dorbe na bazi pasulja odra\u017eavaju selja\u010dke tradicije koje se i dalje u\u017eivaju za sve\u010danim trpezama. Hleb i so do\u010dekuju goste ritualnim gostoprimstvom, dok je \u0161ljivovica na bazi kajsije - ponosna srpska rakija - 2021. godine stekla status nematerijalne ba\u0161tine UNESKO-a. Vinogradi se prote\u017eu kroz 22 apelacije, daju\u0107i prete\u017eno bela vina, dok doma\u0107a piva poput Jelena i Lava pene u kafanama. Kultura kafe, nasle\u0111ena iz osmanskih kafana, opstaje u obliku jake, nefiltrirane srpske kafe koja se slu\u017ei u malim \u0161oljicama u kafi\u0107ima.<\/p>\n<p>Kroz svoje peripetije carstva i federacije, kroz oseke i oseke osvaja\u010da i revolucija, Srbija opstaje kao carstvo blagih brda i visokih vrhova, reka koje su vodile vojske i trgovce, i naroda koji podjednako povezuje sveto i sekularno. Svetla njene prestonice svetlucaju na drevnim zidinama, dok planinska odmarali\u0161ta odjekuju skijama na snegu, a termalne vode obe\u0107avaju olak\u0161anje u svakom godi\u0161njem dobu. Usred promenljivih granica istorije, gostoljubivi duh Srbije, njena iskrena posve\u0107enost obrazovanju i zdravstvu i njena te\u017enja ka evropskim integracijama do 2030. godine stoje kao svedo\u010danstvo o naciji koja po\u0161tuje svoju pro\u0161lost \u010dak i dok kr\u010di put ka stabilnoj, mirnoj budu\u0107nosti.<\/p>","protected":false},"excerpt":{"rendered":"<p>Srbija, formalno poznata kao Republika Srbija, je republika bez izlaza na more koja se nalazi na u\u0161\u0107u Jugoisto\u010dne i Centralne Evrope, izme\u0111u Balkana i Panonske nizije. Srbija, sa populacijom od otprilike 6,6 miliona stanovnika, ne uklju\u010duju\u0107i sporno podru\u010dje Kosova, je zna\u010dajna nacija u regionu. Beograd, glavni i najve\u0107i grad, funkcioni\u0161e kao politi\u010dko, ekonomsko i kulturno srce zemlje, definisano istorijom koja se prote\u017ee kroz milenijume.<\/p>","protected":false},"author":1,"featured_media":4507,"parent":24078,"menu_order":0,"comment_status":"closed","ping_status":"closed","template":"elementor_theme","meta":{"_eb_attr":"","footnotes":""},"class_list":["post-13445","page","type-page","status-publish","has-post-thumbnail"],"_links":{"self":[{"href":"https:\/\/travelshelper.com\/sr\/wp-json\/wp\/v2\/pages\/13445","targetHints":{"allow":["GET"]}}],"collection":[{"href":"https:\/\/travelshelper.com\/sr\/wp-json\/wp\/v2\/pages"}],"about":[{"href":"https:\/\/travelshelper.com\/sr\/wp-json\/wp\/v2\/types\/page"}],"author":[{"embeddable":true,"href":"https:\/\/travelshelper.com\/sr\/wp-json\/wp\/v2\/users\/1"}],"replies":[{"embeddable":true,"href":"https:\/\/travelshelper.com\/sr\/wp-json\/wp\/v2\/comments?post=13445"}],"version-history":[{"count":1,"href":"https:\/\/travelshelper.com\/sr\/wp-json\/wp\/v2\/pages\/13445\/revisions"}],"predecessor-version":[{"id":88936,"href":"https:\/\/travelshelper.com\/sr\/wp-json\/wp\/v2\/pages\/13445\/revisions\/88936"}],"up":[{"embeddable":true,"href":"https:\/\/travelshelper.com\/sr\/wp-json\/wp\/v2\/pages\/24078"}],"wp:featuredmedia":[{"embeddable":true,"href":"https:\/\/travelshelper.com\/sr\/wp-json\/wp\/v2\/media\/4507"}],"wp:attachment":[{"href":"https:\/\/travelshelper.com\/sr\/wp-json\/wp\/v2\/media?parent=13445"}],"curies":[{"name":"wp","href":"https:\/\/api.w.org\/{rel}","templated":true}]}}