{"id":13360,"date":"2024-09-17T16:41:43","date_gmt":"2024-09-17T16:41:43","guid":{"rendered":"https:\/\/travelshelper.com\/staging\/?page_id=13360"},"modified":"2026-03-12T22:51:22","modified_gmt":"2026-03-12T22:51:22","slug":"kranj","status":"publish","type":"page","link":"https:\/\/travelshelper.com\/sr\/destinations\/europe\/slovenia\/kranj\/","title":{"rendered":"Kranj"},"content":{"rendered":"<p>Kranj, tre\u0107a najnaseljenija op\u0161tina u Sloveniji i najzna\u010dajnija urbana aglomeracija Gornje Krajske, prostire se na oko 26 kvadratnih kilometara, pribli\u017eno 20 kilometara severozapadno od LJubljane. Sme\u0161ten na u\u0161\u0107u reka Kokre i Save, na nadmorskoj visini od oko 386 metara, slu\u017ei kao administrativni centar istoimene gradske op\u0161tine. Od anti\u010dkih vremena, ovo naselje \u2013 potvr\u0111eno kao Karnium u petom veku i razvijaju\u0107e se kroz oblike kao \u0161to su Via Kreinariorum 973. godine i Krejnburh 1291. godine \u2013 odr\u017eavalo je svoj strate\u0161ki i kulturni zna\u010daj u Slovena\u010dkim Alpima.<\/p>\n<p>Srednjovekovno jezgro grada, izuzetno o\u010duvano, prostire se na stenovitom rtu gde su spojeni vodeni tokovi usekli duboke kanjone u konglomeratnu stenu. Ovde Kokra, usecaju\u0107i klisuru duboku oko \u010detrdeset metara, otkriva svoj vijugavi tok na mestima kao \u0161to je Kosorep na severnoj periferiji Kranja - panorama dostupna krivudavom pe\u0161a\u010dkom stazom koja prati strme litice do zelenih vidikovaca. Nizvodno, kod Drulovke, Sava, ukro\u0107ena branom hidroelektrane Mav\u010di\u010de, zastaje u \u0161irokom virovu, a njena struja je prigu\u0161ena ispod visokih obala sedimentnog konglomerata. Ova interakcija hidrografije i geologije ne samo da daje gradu njegovu defini\u0161u\u0107u fizionomiju, ve\u0107 i oblikuje ritam lokalnog \u017eivota, od opu\u0161tenih \u0161etnji du\u017e re\u010dnih obala do in\u017eenjerskih poduhvata koji koriste latentnu snagu Save.<\/p>\n<p>Klimatolo\u0161ki, Kranj zauzima toplo-letnju vla\u017enu kontinentalnu zonu (K\u00f6ppen Dfb), koju karakteri\u0161u umerena leta ubla\u017eena alpskim povetarcem i zime koje - iako \u010desto o\u0161tre - retko zalaze u duboke ledene uslove na vi\u0161im nadmorskim visinama. Sezonske padavine padaju relativno ravnomerno, neguju\u0107i i floru pored reke i brojne gradske javne ba\u0161te, dok povremene sne\u017ene padavine obavijaju krovove ku\u0107a u besprekornu belinu, podse\u0107aju\u0107i na srednjovekovne scene koje su davno zabele\u017eili graveri i hroni\u010dari.<\/p>\n<p>Putovanje gradom zna\u010di pra\u0107enje hronologije arhitektonskih i industrijskih transformacija. \u017delezni\u010dka stanica na Kolodvorskoj cesti povezuje Kranj sa LJubljanom, Jesenicama i dalje sa Minhenom preko Vilaha u Austriji, dok autoput A2 obezbe\u0111uje besprekoran saobra\u0107aj, sme\u0161taju\u0107i grad na samo dvadeset pet minuta vo\u017enje automobilom od ljubljanskog aerodroma Jo\u017ee Pu\u010dnik na Brniku \u2013 paradoksalno bli\u017ee Kranju nego slovena\u010dkoj prestonici. Redovne autobuske linije \u2013 trideset \u010detiri polaska dnevno izme\u0111u Kranja i LJubljane \u2013 odr\u017eavaju jednosmernu kartu od 3,60 evra, a taksiji \u010dekaju putnike i na centralnoj autobuskoj stanici i na terminalu, spremni da prevezu posetioce kroz lavirintske ulice grada.<\/p>\n<p>Istorijska tapiserija Kranja isprepletena je crkvenim i plemi\u0107kim nasle\u0111em. U kvartu kojim su nekada dominirali grofovi, \u017eupna crkva Svetog Kancijana i pratilaca uzdi\u017ee se u strogom gotskom obliku - njena originalna gra\u0111evina iz \u010detrnaestog veka obuhvata oko 442 kubna metra svetog prostora. Naru\u010dena od strane lokalnog plemstva, dugo je slu\u017eila kao episkopsko sedi\u0161te kranjske parohije i \u0111akonata, a njeni visoki svodovi i rezbarene klupe svedo\u010de generacijama obreda i procesija. U blizini, zamak Kisel\u0161tajn - \u010desto nazivan Kisel\u0161tajn u \u010dast svog osniva\u010da iz \u0161esnaestog veka, barona Johana Jakoba Kisla - stoji kao svedo\u010danstvo feudalne pro\u0161losti grada. Uzastopni \u010duvari iz ku\u0107a Moskon, Ravbar, Apfaltrer, Auersperg i Paljaruci nadgledali su izmene, ali je vizionarski arhitekta Jo\u017ee Ple\u010dnik, 1952. godine, izvr\u0161io obnovu u kasnom periodu koja je spojila renesansnu \u010dvrstinu sa modernisti\u010dkom jasno\u0107om; Danas se u terasastim vrtovima zamka odr\u017eavaju letnji koncerti pod otvorenim nebom.<\/p>\n<p>Tokom devetnaestog i dvadesetog veka, sudbina Kranja se preplitala sa usponom industrije. Fabrike elektronike i gume \u2013 nekada krvotok lokalne ekonomije \u2013 cvetale su pod habzbur\u0161kom vladavinom, a kasnije i u okviru Jugoslavije, pre nego \u0161to su turbulencije sticanja nezavisnosti 1991. godine izazvale talas deindustrijalizacije. Nastali su sme\u0111i projekti tamo gde su dimnjaci nekada izbacivali oblake sumpora, ali poslednjih decenija do\u0161lo je do ponovnog bujanja kako su se ukorenila preduze\u0107a orijentisana na izvoz. Me\u0111u njima su najzna\u010dajniji Gudijer Danlop Sava, \u010dije gume sada prelaze kontinente; Iskratel, specijalista za telekomunikacione sisteme; i Hidrija, proizvo\u0111a\u010d automobilskih i energetskih komponenti. NJihovi moderni objekti, okru\u017eeni ure\u0111enim okru\u017eenjima, signaliziraju grad koji se ponovo rodio zahvaljuju\u0107i tehnolo\u0161koj agilnosti, a ne samo fizi\u010dkoj razmeri.<\/p>\n<p>Gra\u0111anski \u017eivot u Kranju nosi otisak tradicije i inovacija. Godi\u0161nji Kranjski festival poziva muzi\u010dare, plesa\u010de i zanatlije da nastupaju ispred srednjovekovnih zidina i kaldrmisanih trgova, dok Teden mladih (Nedelja mladih) pretvara re\u010dne obale u pozornice za talente u usponu. Sportski objekti se \u0161ire \u0161irom grada: teniski tereni se nalaze pored fudbalskih terena, a zatvorene arene su doma\u0107ini ko\u0161arka\u0161kih utakmica; ipak, dragulj ostaje vodeni centar - najve\u0107i u Sloveniji - koji je bio suorganizator Evropskog prvenstva u vaterpolu za mu\u0161karce 2003. godine, zajedno sa objektima u LJubljani. NJegov olimpijski bazen, okru\u017een galerijama za gledaoce, nastavlja da privla\u010di takmi\u010darske doga\u0111aje i programe zajednice.<\/p>\n<p>U\u010deni posetilac \u0107e u javnim institucijama Kranja prona\u0107i proslavu slovena\u010dkog kulturnog panteona. U Pre\u0161ernovoj ulici, Pav\u0161larova ku\u0107a sme\u0161tena je u Galeriju Pre\u0161ernovih laureata, u kojoj su izlo\u017eene slike i skulpture dobitnika najve\u0107eg nacionalnog umetni\u010dkog priznanja. Na samo nekoliko koraka nalazi se Pre\u0161ernovo pozori\u0161te \u2013 osnovano 1902. godine \u2013 sme\u0161teno u zgradi inspirisanoj barokom, gde se na njegovoj uglednoj sceni smenjuju klasi\u010dne i savremene produkcije. Nedaleko odatle, Pre\u0161ernova ku\u0107a \u010duva jednostavan dom u kome je \u017eiveo i umro France Pre\u0161ern, slovena\u010dki nacionalni pesnik; njen salon, opremljen u stilu ampira, evocira atmosferu u kojoj su se prvi put oblikovali stihovi poput \u201eZdravljice\u201c. Preko puta ulice, u pa\u017eljivo negovanom gaju, stoji njegov nadgrobni spomenik usred Pre\u0161ernove ru\u017ee, botani\u010dke sorte nazvane u njegovo se\u0107anje.<\/p>\n<p>Urbanizam u Kranju se naj\u017eivlje odvija oko Glavnog trga, \u010diji je trideset metara dug raspon okru\u017een gra\u0111anskim ku\u0107ama iz \u0161esnaestog i sedamnaestog veka. NJihovi portali, isklesani od lokalnog kre\u010dnjaka, vode do fasada pastelnih nijansi koje o\u017eivljavaju balkoni od kovanog gvo\u017e\u0111a i frizovi renesansnog porekla. Fontana iz devetnaestog veka \u2013 nedavno rekonstruisana da bi replicirala svoj originalni oblik \u2013 zauzima sredi\u0161te trga, gde su trgovci nekada prodavali \u017eito i tkanine. Pored, Gradska ku\u0107a objedinjuje dve razli\u010dite zgrade: jednu biv\u0161u meru, a drugu dom bogatog gra\u0111anina, u kojoj se sada nalaze izlo\u017ebe Gorenjskog muzeja i koja slu\u017ei kao elegantno mesto za gra\u0111anske ceremonije.<\/p>\n<p>Sme\u0161tena iznad starog grada, kula \u0160krlovec podse\u0107a na doba osmanskih upada. NJeni kameni zidovi, nekada namenjeni odbrani, sada su dom Galerije Janeza Puhara \u2013 prostora posve\u0107enog fotografskoj umetnosti \u2013 dok se u prizemlju, ispod svodnih plafona, odr\u017eavaju predavanja i koncerti. Nedaleko odatle, ku\u0107a Lajer odaje po\u010dast Leopoldu Lajeru, slikaru iz osamnaestog veka poznatom po svojim verskim oltarskim slikama; u njenim galerijama se odr\u017eavaju rotiraju\u0107e izlo\u017ebe i radionice u njegovo se\u0107anje.<\/p>\n<p>Vernakularna arhitektura Jo\u017ee Ple\u010dnika ponovo se pojavljuje u Vodopiv\u010devoj ulici, gde se kultno stepeni\u0161te penje izme\u0111u arkada do male pijace krunisane fontanom koja blago \u017eubori. Ovde, karakteristi\u010dna ravnote\u017ea izme\u0111u formalnosti i hirovitosti arhitekte daje ose\u0107aj procesijskog spokoja, kao da je svaki korak stih u himni Kranjovom identitetu u razvoju.<\/p>\n<p>Dalje du\u017e stenovitog mola koji se uvija u Savu nalazi se Pungert, jo\u0161 jedna odbrambena kula iz \u0161esnaestog veka \u010dija je cilindri\u010dna silueta nekada odbijala napada\u010de. NJeni \u010dvrsti zidovi sada uokviruju prostoriju za izlo\u017ebe o lokalnoj istoriji. U blizini, gotska crkva Svetog Bo\u0161tjana, Fabijana i Roka \u2013 podignuta tokom epidemije kuge u petnaestom veku \u2013 opstaje kao malo svetili\u0161te, a njeni \u0161iljati lukovi i lancetni prozori svedo\u010de o veri zajednice u vremenima isku\u0161enja.<\/p>\n<p>Ispod suncem obasjanih gradskih ulica nalazi se jo\u0161 jedno carstvo: rovovi ispod starog Kranja, podzemna mre\u017ea isklesana tokom Drugog svetskog rata kako bi se civili za\u0161titili od bombardovanja iz vazduha. Danas su ovi tuneli, nekada tajni i zastra\u0161uju\u0107i, otvoreni za vo\u0111ene ture koje osvetljavaju ratne potrebe i lokalnu otpornost.<\/p>\n<p>Tako se Kranj otkriva kao palimpsest epoha: njegova rimska etimologija \u2013 izvedena od keltskog Carn\u012b, \u010dije samo ime sugeri\u0161e \u201evrhove\u201c ili \u201egomile kamena\u201c \u2013 odjekuje u granitnim liticama iz kojih izviru njegove reke; njegovi srednjovekovni bedemi i habzbur\u0161ke industrije otiskuju povr\u0161inu; a njegova savremena preduze\u0107a i kulturne institucije projektuju se ka budu\u0107nosti utemeljenoj na inovacijama i se\u0107anju. Izme\u0111u reke i tornja, izme\u0111u crkve i fabrike, Kranj stoji kao svedo\u010danstvo kontinuiteta i promena \u2013 grad u kome svaki kamen, svaki arhitektonski ukras, svaki festivalski transparent doprinosi narativu koji prevazilazi provincijalno, nude\u0107i rezonantno poglavlje u \u0161iroj pri\u010di Centralne Evrope.<\/p>","protected":false},"excerpt":{"rendered":"<p>Kranj je tre\u0107i po veli\u010dini grad u Sloveniji, sa oko 37.000 stanovnika. Nalazi se na severozapadu zemlje i slu\u017ei kao glavno gradsko \u010dvori\u0161te, kao i srce koje kuca tradicionalno Gornje Kranjske i slovena\u010dkih Alpa. Strate\u0161ki lociran oko 20 kilometara severozapadno od LJubljane, glavnog grada dr\u017eave, ovaj istorijski va\u017ean grad je administrativni centar Gradske op\u0161tine Kranj.<\/p>","protected":false},"author":1,"featured_media":3281,"parent":13345,"menu_order":0,"comment_status":"closed","ping_status":"closed","template":"elementor_theme","meta":{"_eb_attr":"","footnotes":""},"class_list":["post-13360","page","type-page","status-publish","has-post-thumbnail"],"_links":{"self":[{"href":"https:\/\/travelshelper.com\/sr\/wp-json\/wp\/v2\/pages\/13360","targetHints":{"allow":["GET"]}}],"collection":[{"href":"https:\/\/travelshelper.com\/sr\/wp-json\/wp\/v2\/pages"}],"about":[{"href":"https:\/\/travelshelper.com\/sr\/wp-json\/wp\/v2\/types\/page"}],"author":[{"embeddable":true,"href":"https:\/\/travelshelper.com\/sr\/wp-json\/wp\/v2\/users\/1"}],"replies":[{"embeddable":true,"href":"https:\/\/travelshelper.com\/sr\/wp-json\/wp\/v2\/comments?post=13360"}],"version-history":[{"count":0,"href":"https:\/\/travelshelper.com\/sr\/wp-json\/wp\/v2\/pages\/13360\/revisions"}],"up":[{"embeddable":true,"href":"https:\/\/travelshelper.com\/sr\/wp-json\/wp\/v2\/pages\/13345"}],"wp:featuredmedia":[{"embeddable":true,"href":"https:\/\/travelshelper.com\/sr\/wp-json\/wp\/v2\/media\/3281"}],"wp:attachment":[{"href":"https:\/\/travelshelper.com\/sr\/wp-json\/wp\/v2\/media?parent=13360"}],"curies":[{"name":"wp","href":"https:\/\/api.w.org\/{rel}","templated":true}]}}