{"id":13318,"date":"2024-09-17T16:05:30","date_gmt":"2024-09-17T16:05:30","guid":{"rendered":"https:\/\/travelshelper.com\/staging\/?page_id=13318"},"modified":"2026-03-12T22:41:53","modified_gmt":"2026-03-12T22:41:53","slug":"trencin","status":"publish","type":"page","link":"https:\/\/travelshelper.com\/sr\/destinations\/europe\/slovakia\/trencin\/","title":{"rendered":"Tren\u010din"},"content":{"rendered":"<p>Tren\u010din je istorijski grad sa oko 54.107 stanovnika, koji obuhvata povr\u0161inu od pribli\u017eno 82 kvadratna kilometra na deset katastarskih teritorija u severozapadnoj Slova\u010dkoj. Sme\u0161ten oko 120 kilometara severoisto\u010dno od Bratislave, u srcu centralnog Pova\u017eja, zauzima strate\u0161ki polo\u017eaj na reci Vah, gde je stenoviti rt nekada obuhvatao starije re\u010dno korito. Kao administrativno sedi\u0161te Tren\u010dinskog kraja \u2013 jedne od osam regionalnih jedinica Slova\u010dke \u2013 on je sidro kontinuiteta gradskih naselja koja se prote\u017eu dvadeset kilometara severoisto\u010dno, neprekinuto od Nem\u0161ove do Ilave. Kao centar trgovine, kulture, sporta i mode, Tren\u010din se razvio oko svog impozantnog zamka, isprepli\u0107u\u0107i rimsko nasle\u0111e, srednjovekovna utvr\u0111enja, barokne gra\u0111evine i modernu infrastrukturu u kohezivno urbano tkivo.<\/p>\n<p>Od visina zapadnog ogranka Karpata do severno-ju\u017ene ose Vaha, geografija Tren\u010dina oblikuje svaki aspekt gradskog \u017eivota. Reka Vah, najdu\u017ea u Slova\u010dkoj, preseca naselje, primaju\u0107i Nosicki kanal odmah iza elektrane Skalka iznad istorijskog centra, i rastaju\u0107i se sa Biskupickim kanalom dok nastavlja svoj tok. U okrugu Sihot, potok Tepli\u010dka provla\u010di se kroz Nosicki kanal, sa pritokama kao \u0161to su Opatovski i Kubranski potoci koje hrane njegov tok. Orehovski potok se spaja sa Vahom sa istoka, dok se na zapadu Zlatovski potok spaja sa Drietomicom ispod gradskog oboda. Du\u017e ju\u017ene periferije, Lavi\u010dkov potok prolazi kroz teren Soblahovskog, prate\u0107i ivicu izgra\u0111enog okru\u017eenja grada. \u010cak i skromni vodotok iz Zabranija ispod masiva Kozijeg vrha pronalazi svoj put do Tepli\u010dke blizu Sihota IV.<\/p>\n<p>Ovi vodeni putevi artikuli\u0161u oblik grada, ali okolna brda defini\u0161u njegove konture. Tren\u010din se nalazi izme\u0111u zapadnih krakova Belih Karpata i isto\u010dnih masiva Pova\u017eskog Inovca i Stra\u017eovskih vrhova. Ispod krune Kozijeg vrha - brda od 363 metra koje je nekada ometalo putovanje - nalazi se \u0161umski park Brezina, \u010dije \u0161umovite padine ubla\u017eavaju urbanu mre\u017eu. Prisustvo brda daje gradu neujedna\u010den oblik, produ\u017eavaju\u0107i saobra\u0107ajne rute i ograni\u010davaju\u0107i razvoj na nepravilne d\u017eepove izme\u0111u grebena i re\u010dnih obala. Unutar ovog okru\u017eenja, izgra\u0111eni prostor se isprepli\u0107e sa zelenim koridorima, \u010duvaju\u0107i pogled na zamkovsku stenu sa vi\u0161e vidikovaca.<\/p>\n<p>Sme\u0161ten na vrhu stenovite strme padine, Tren\u010dinski zamak zauzima najzna\u010dajniji polo\u017eaj grada. Od svog pro\u0161irenja u trinaestom veku, tvr\u0111ava je bila svedok mandata plemi\u0107kih ku\u0107a i suverenih vladara, od Matu\u0161a \u010caka Tren\u010dinskog do LJudovita Velikog, \u017digmunda Luksembur\u0161kog, bra\u0107e Zapoljski i porodice Ile\u0161azi posle 1600. godine. Po\u017ear 1790. godine sveo je delove kompleksa na ru\u0161evine, i tek 1955. godine po\u010dela je sistematska konzervacija i rekonstrukcija. Dalja isku\u0161enja zadesila su zapadna utvr\u0111enja kada se deo sru\u0161io 7. marta 2003. godine. Ispod zamka, centar grada le\u017ei u senci, njegove ulice se vijugaju oko nekada\u0161njeg korita reke, koje sada preseca moderna ulica.<\/p>\n<p>Ispod tvr\u0111ave, gotsko stepeni\u0161te vodi sa trga do parohijske crkve i susednih odbrambenih utvr\u0111enja. Podignuto 1568. godine kako bi se olak\u0161alo kretanje branilaca izme\u0111u gradskih zidina i oru\u017earnice izgra\u0111ene nekoliko godina ranije, ovo \u201eparohijsko stepeni\u0161te\u201c je pretrpelo o\u0161te\u0107enja u po\u017earu 1708. godine i obnovljeno je u sada\u0161njem obliku izme\u0111u 1978. i 1981. godine. NJihova svodna nadstre\u0161nica \u0161titi hodo\u010dasnike i pogled hodo\u010dasnika, uokviruju\u0107i pogled na zamak iznad.<\/p>\n<p>Crkva Ro\u0111enja Device Marije uzdi\u017ee se iznad starog grada sa kulom koja se uzdi\u017ee iznad uskih ulica. Pored nje stoji jedina sa\u010duvana gotska gra\u0111evina u Tren\u010dinu: pogrebna kapela i kosturnica Svetog Mihaila, sumorno svedo\u010danstvo srednjovekovne pobo\u017enosti grada. U blizini, crkva Svetog Kozme i Damjana u okrugu Biskupice datira iz sredine trinaestog veka, a njene jednostavne linije govore o seoskom poreklu onoga \u0161to je sada gradsko naselje.<\/p>\n<p>Jedina gradska kapija je sa\u010duvana od svih srednjovekovnih portala. Poznata kao Donja kapija, ili Turska kapija, ima \u0161iljati gotski luk nad kojim dva latinska natpisa objavljuju i bo\u017eansku i gra\u0111ansku za\u0161titu. Jedan natpis glasi: \u201eSi Deus non custodit civitatem, frustra vigilat qui custodit eam\u201c \u2013 opomena da \u010dak i najbudniji stra\u017ear ostaje bespomo\u0107an bez ve\u0107e za\u0161tite. Gradski grb, izme\u0111u natpisa, potvr\u0111uje op\u0161tinski identitet Tren\u010dina.<\/p>\n<p>Mnogo pre nego \u0161to su srednjovekovni vladari oblikovali Tren\u010din, rimske legije su ovde zimovale. Latinski natpis uklesan u stenu zamka 179. godine nove ere ozna\u010dava najseverniji dokaz Markomanskih ratova, kada je logor Laugari\u010dio izdr\u017eao surovosti srednjoevropske zime. Ponovo otkriven u devetnaestom veku, natpis se sada nalazi iza hotela Elizabet, modernog obele\u017eja koje nosi ime carice kojoj je nekada bio posve\u0107en.<\/p>\n<p>Trg mira, gde su nekada paradirale dvorske povorke, sada krasi Stub kuge krunisan Svetim Trojstvom. Podignut 1712. godine po nalogu grofa Mikula\u0161a Ile\u0161hazija, obele\u017eava veliku epidemiju iz 1710. godine. Beli kameni stub probija osovinski prostor trga, podse\u0107aju\u0107i i na krhkost \u017eivota i na otpornost grada.<\/p>\n<p>Na zapadnom boku glavnog trga nalazi se pijaristi\u010dka crkva Svetog Franje Ksaverskog, nekada jezuitska ustanova, \u010dija je barokna fasada poslednji put restaurirana u maju 2016. godine. U blizini, evangelisti\u010dka crkva izgra\u0111ena oko 1795. godine ozna\u010dava rastu\u0107u versku raznolikost grada, dok skromna kapela Svete Ane, izgra\u0111ena 1789. godine, zauzima svoju ni\u0161u na obli\u017enjem trgu. Godine 1913, jevrejska zajednica je zavr\u0161ila neoklasi\u010dnu sinagogu na mestu starije bogomolje; danas slu\u017ei kao kulturni centar, u kojem se odr\u017eavaju izlo\u017ebe i koncerti koji podse\u0107aju na nekada\u0161nje \u017eivo prisustvo zajednice. U ulici Matu\u0161ova, Ku\u0107a d\u017eelata stoji kao retka urbana relikvija srednjovekovnog pravosu\u0111a, u kojoj se nalaze i prostorije za d\u017eelate i jeziva soba za mu\u010denje.<\/p>\n<p>Polo\u017eaj Tren\u010dina na klju\u010dnoj raskrsnici puteva podsti\u010de trgovinu jo\u0161 od rimskog doba. NJegova re\u010dna lokacija nekada je omogu\u0107avala transport drveta, soli i poljoprivrednih proizvoda nizvodno, dok su ga kopneni putevi povezivali sa Bratislavom, \u017dilinom i dalje. Danas grad ostaje centar trgovine i industrije, u kome se nalaze sedi\u0161ta i filijale nacionalnih i me\u0111unarodnih firmi. Sajmovi mode vode poreklo od ranih izlo\u017ebi odr\u017eavanih u dvori\u0161tu zamka; reputacija grada kao centra modne ode\u0107e traje kroz sezonske doga\u0111aje koji privla\u010de dizajnere i kupce na njegove ulice.<\/p>\n<p>Kao osmi po veli\u010dini grad po broju stanovnika u Slova\u010dkoj, Tren\u010din upravlja devet okolnih okruga\u2014Banovce nad Bebravou, Ilava, Mijava, Nove Mesto nad Vahom, Partizanske, Pova\u017eska Bistrica, Prievidza, Puchov i Tren\u010din \u2014 pru\u017eaju\u0107i regionalnu upravu i usluge. NJena sopstvena aglomeracija se prote\u017ee ka severoistoku du\u017e Vaha, obuhvataju\u0107i gradove Nem\u0161ova, Tren\u010dianske Teplice, Novu Dubnicu, Dubnicu nad Vahom i Ilavu. Ovaj kontinuirani urbanizovani koridor predstavlja primer razvoja regiona centralnog Pova\u017eija, gde se industrijske zone i stambena naselja prepli\u0107u sa delovima \u0161ume i poljoprivrednog zemlji\u0161ta.<\/p>\n<p>\u017delezni\u010dki saobra\u0107aj povezuje Tren\u010din sa Bratislavom i \u017dilinom preko linije 120, \u010dija je modernizacija zavr\u0161ena, i sa Hinoranima preko linije 143. Godine 2017. otvoren je novi \u017eelezni\u010dki most, \u0161to je dovelo do izgradnje zamenskog letnjeg bazena i dodatnih stambenih objekata du\u017e ulica Slivkova i \u0160afranova. Planovi za redizajniranu autobusku stanicu obe\u0107avaju moderan terminal direktno povezan sa \u017eelezni\u010dkim \u010dvori\u0161tem, \u0161to odra\u017eava posve\u0107enost grada intermodalnom tranzitu. \u010cetiri stanice opslu\u017euju Tren\u010din: glavna stanica Tren\u010din na obe linije, Tren\u010din\u2013Predmestje na liniji 143, Tren\u010din\u2013Zlatovce na liniji 120 i stajali\u0161te Tren\u010din\u2013Opatova.<\/p>\n<p>Putna infrastruktura je oslonjena na deonicu autoputa D1 Hoholna\u2013Nem\u0161ova i dr\u017eavne puteve I\/61 i II\/507. Planirani brzi put R2 \u0107e rasteretiti saobra\u0107aj na autoputu I\/9 du\u017e jugozapadnog ruba grada. Od marta 2015. godine, jugoisto\u010dna obilaznica \u2013 sa drugim mostom preko Vaha \u2013 preusmerava vozila dalje od istorijskog centra, teku\u0107i du\u017e \u010detiri trake Elektri\u010dne ulice prema Dubnici. NJena druga faza \u0107e pro\u0107i kroz masiv Brezina, povezuju\u0107i Isto\u010dno ulicu sa Kubrom i smanjuju\u0107i gu\u017evu oko Trga SNP kod hotela Elizabet.<\/p>\n<p>Iznad okruga Biskupice, aerodrom Tren\u010din podr\u017eava i vojnu i civilnu avijaciju. Kompanija Lete\u010dke opravdane Tren\u010din, koja se nalazi na licu mesta, obavlja odr\u017eavanje aviona i helikoptera iz celog sveta. Iako su redovni komercijalni letovi ograni\u010deni, rad aerodroma isti\u010de ulogu Tren\u010dina u regionalnoj aeronautici i logistici.<\/p>\n<p>Unutar gradskih granica, Transdev Tren\u010din upravlja mre\u017eom autobuskih linija brojeva od 1 do 31, ispunjavaju\u0107i obaveze javne slu\u017ebe. Predlozi koji su nekada razmatrali produ\u017eetke trolejbusa do Dubnice ustupili su mesto linijama koje se kre\u0107u samo autobusima, dok budu\u0107e ambicije uklju\u010duju podizanje koloseka \u017eelezni\u010dke pruge Banovec na nivo ulice, stvaraju\u0107i vezu izme\u0111u centra i ju\u017enih okruga.<\/p>\n<p>Na projektovanom toku plovnog puta Vah, Tren\u010din je izgradio branu kako bi upravljao razlikama u nivou reke na svojoj brani. Skromni dok prima kruzere, sportske \u010damce i spasila\u010dka plovila, a planovi za luku velikih razmera su i dalje u razmatranju. Takav vodeni tranzit bi potvrdio drevnu ulogu Tren\u010dina kao re\u010dnog \u010dvora, \u010dak i kada su kopnene i vazdu\u0161ne mre\u017ee postale dominantne.<\/p>\n<p>Demografski gledano, popis stanovni\u0161tva Tren\u010dina iz 2001. godine zabele\u017eio je 65,8% rimokatoli\u010dkih vernika, 7,1% luteranaca i 22,3% onih koji se nisu izjasnili kao verski pripadnici; etni\u010dki, 95,3% su bili Slovaci i 2,4% \u010cesi. Do 2018. godine broj stanovnika se skromno pove\u0107ao na preko 55.000, \u0161to odra\u017eava stabilan ekonomski rast, nisku nezaposlenost i relativno visok \u017eivotni standard. Zime se zadr\u017eavaju ispod okolnih visina, leta ostaju umerena prema nacionalnim merilima, a preovla\u0111uju\u0107i vetrovi izme\u0111u planinskih lanaca oblikuju dnevne vremenske obrasce.<\/p>\n<p>Kulturni \u017eivot u Tren\u010dinu pulsira muzikom i sportom. Od 1997. godine, festival Pohoda privla\u010di najve\u0107u publiku od svih slova\u010dkih muzi\u010dkih doga\u0111aja, svakog leta okupljaju\u0107i prostor aerodroma eklekti\u010dnim programom. U hokeju na ledu, lokalni klub se ubraja me\u0111u nacionalnu elitu, a njegovo klizali\u0161te je mesto okupljanja vatrenih navija\u010da. Izlo\u017ebe i sajmovi se nastavljaju u dvorcima i op\u0161tinskim salama, odr\u017eavaju\u0107i tradiciju koja se\u017ee do ranih trgova\u010dkih okupljanja.<\/p>\n<p>Tren\u010din, gledaju\u0107i u budu\u0107nost, balansira nasle\u0111e i inovacije. Postepena restauracija njegovih spomenika \u2013 crkava, sinagoga i utvr\u0111enja \u2013 prati se investicijama u saobra\u0107aj i javni prostor. Novi stambeni kompleksi ni\u010du na nekada\u0161njem poljoprivrednom zemlji\u0161tu, dok se planski napori usmeravaju na o\u010duvanje zelenih koridora du\u017e potoka i brda. Grad te\u017ei da oja\u010da svoj profil kao regionalne turisti\u010dke destinacije, promovi\u0161u\u0107i svoj arhitektonski ansambl i prirodno okru\u017eenje bez pribegavanja formulai\u010dnim apelima. NJegova naracija ostaje narativ kontinuiteta i adaptacije: grad oblikovan rekama, brdima i istorijom, koji svoju pro\u0161lost unosi u oblikovanje sutra\u0161njice.<\/p>","protected":false},"excerpt":{"rendered":"<p>Tren\u010din, grad sa preko 55.000 stanovnika, je osma po veli\u010dini op\u0161tina u Slova\u010dkoj. Sme\u0161ten u zapadnom delu zemlje, ovaj istorijski urbani centar je strate\u0161ki pozicioniran u centralnoj dolini reke Vah, otprilike 95 kilometara (59 milja) od glavnog grada, Bratislave. NJegova blizina \u010de\u0161koj granici, zajedno sa bogatim kulturnim nasle\u0111em, u\u010dinila je Tren\u010din zna\u010dajnom raskr\u0161\u0107u srednjoevropske istorije i savremenog slova\u010dkog \u017eivota.<\/p>","protected":false},"author":1,"featured_media":3989,"parent":13300,"menu_order":0,"comment_status":"closed","ping_status":"closed","template":"elementor_theme","meta":{"_eb_attr":"","footnotes":""},"class_list":["post-13318","page","type-page","status-publish","has-post-thumbnail"],"_links":{"self":[{"href":"https:\/\/travelshelper.com\/sr\/wp-json\/wp\/v2\/pages\/13318","targetHints":{"allow":["GET"]}}],"collection":[{"href":"https:\/\/travelshelper.com\/sr\/wp-json\/wp\/v2\/pages"}],"about":[{"href":"https:\/\/travelshelper.com\/sr\/wp-json\/wp\/v2\/types\/page"}],"author":[{"embeddable":true,"href":"https:\/\/travelshelper.com\/sr\/wp-json\/wp\/v2\/users\/1"}],"replies":[{"embeddable":true,"href":"https:\/\/travelshelper.com\/sr\/wp-json\/wp\/v2\/comments?post=13318"}],"version-history":[{"count":0,"href":"https:\/\/travelshelper.com\/sr\/wp-json\/wp\/v2\/pages\/13318\/revisions"}],"up":[{"embeddable":true,"href":"https:\/\/travelshelper.com\/sr\/wp-json\/wp\/v2\/pages\/13300"}],"wp:featuredmedia":[{"embeddable":true,"href":"https:\/\/travelshelper.com\/sr\/wp-json\/wp\/v2\/media\/3989"}],"wp:attachment":[{"href":"https:\/\/travelshelper.com\/sr\/wp-json\/wp\/v2\/media?parent=13318"}],"curies":[{"name":"wp","href":"https:\/\/api.w.org\/{rel}","templated":true}]}}