{"id":13266,"date":"2024-09-17T15:24:30","date_gmt":"2024-09-17T15:24:30","guid":{"rendered":"https:\/\/travelshelper.com\/staging\/?page_id=13266"},"modified":"2026-03-12T23:23:08","modified_gmt":"2026-03-12T23:23:08","slug":"kordoba","status":"publish","type":"page","link":"https:\/\/travelshelper.com\/sr\/destinations\/europe\/spain\/cordoba\/","title":{"rendered":"Kordoba"},"content":{"rendered":"<p>Kordoba, tre\u0107a najnaseljenija op\u0161tina u Andaluziji, prostire se na povr\u0161ini od 1.254,25 km\u00b2 na desnoj obali Gvadalkvivira u ju\u017enom delu Iberijskog poluostrva. Osnovana kao rimska kolonija po\u010detkom prvog veka pre nove ere, grad nosi otisak vizigotske hegemonije, a potom - po\u010dev od osmog veka - Omejadskog emirata i kalifata, koji su ga transformisali u istaknuti centar u\u010denja i upravljanja \u0161irom Al-Andalusa. Sa prose\u010dnom letnjom temperaturom od 37 \u00b0C, ekstremna termalna snaga defini\u0161e njegovu klimu; ipak, blage zime, isprekidane zimskim olujama sa Atlantika, odr\u017eavaju zeleni mozaik du\u017e reke i okolne Kampinje, strme strme padine Sijere i blage talase njenih re\u010dnih terasa.<\/p>\n<p>Najraniji tragovi Kordobe pojavljuju se na Rimskom mostu, naru\u010denom za vreme Avgusta i obnovljenom u osmom veku, rasponu od 250 metara sa \u0161esnaest lukova koji je dva milenijuma ostao jedini gradski prelaz. U blizini se nalaze mauzolej na Paseo de la Viktorija, Rimsko pozori\u0161te i ostaci Forum Adiektuma i Maksimijanove palate \u2013 nemi svedoci carskih ambicija. Vizigotska vladavina je ostavila manje opipljivih relikvija, ali je prelazak na islamski suverenitet 711. godine nove ere otvorio arhitektonsko delo neuporediv na Zapadu. Izme\u0111u 784. i 786. godine nove ere, Abd er-Rahman I je postavio temelje Velike d\u017eamije, koja je, kroz uzastopna omejadska pro\u0161irenja \u2013 uklju\u010duju\u0107i pro\u0161irenje iz desetog veka koje je uvelo \u010duveni mihrab i bogato ukra\u0161enu molitvenu salu \u2013 vekovima postala tre\u0107a najve\u0107a d\u017eamija na svetu. Potkovi\u010dasti lukovi i isprepletene arkade, pro\u017eete rimskim i vizigotskim prethodnicama, sada podr\u017eavaju svodni brod katedrale, palimpsest osve\u0161tan u \u0161esnaestom veku, ali sa\u010duvan ogroman hipostilni dvoran koji je 1984. godine progla\u0161en za UNESKO-vu svetsku ba\u0161tinu.<\/p>\n<p>Iza meskite, islamsko nasle\u0111e Kordobe se odvija u vitkom minaretu San Huan \u2013 njegov dvostruki prozor u obliku potkovice ozna\u010dava mesto izgubljene d\u017eamije \u2013 kao i du\u017e obala reke, gde vodenice poput Albolafije i Lope Garsije prate hidrauli\u010dnu domi\u0161ljatost uzastopnih epoha. Utvr\u0111ena kula Kalahora, koja se pripisuje Almohadima, uokviruje ju\u017eni kraj Rimskog mosta i sada je dom Muzeja \u017eivota Al-Andalusa, riznice kulturnog se\u0107anja. Pored Alkasar de los Rejes Kristijanos, koji je sam po sebi bio mesto inkvizicije i nekada\u0161nja kraljevska rezidencija, nalaze se Kalifalska kupatila, delimi\u010dno rekonstruisani hamam \u010dija kupatila iz desetog veka sada prenose ritualnu preciznost islamskog svakodnevnog \u017eivota.<\/p>\n<p>Na periferiji grada, Madinat al-Zahra se uzdi\u017ee iz niskog \u017ebunja \u2013 njegov grad-palata zapo\u010det u desetom veku, a iskopavanja se vr\u0161e od 1911. godine \u2013 projektuju\u0107i politi\u010dke i estetske ambicije kalifalskog dvora. Unutar istorijskog centra, uske ulice se spajaju sa Juderijom, nekada\u0161njom jevrejskom \u010detvrti \u010diji nepravilan plan krije sinagogu iz 1315. godine i Kasa de Sefarad, pozornice za slo\u017eenu koegzistenciju vera do Rekonkiste u trinaestom veku. Nakon osvajanja kralja Ferdinanda III 1236. godine, Kordoba je apsorbovana u Krunu Kastilje kao glava istoimenog kraljevstva, a dvanaest crkava naru\u010denih u ponovo osvojenim \u010detvrtima \u2013 me\u0111u njima Santa Marina de Agvas Santas, San Nikolas de la Vilja i San Migel \u2013 slu\u017eile su i crkvenim i op\u0161tinskim funkcijama, a njihove fasade kombinuju romani\u010dke, mudehar i gotske motive.<\/p>\n<p>Hri\u0161\u0107anski otisak se manifestuje i na sa\u010duvanim kapijama rimskih zidina: Puerta de Almodovar, Puerta de Sevilja i Puerta del Puente, okru\u017eenim Tore de la Malmuerta i Tore de Belen. U ju\u017enom delu Starog grada, Plaza del Potro \u010duva Posadu del Potro - ovekove\u010denu u Servantesovom Don Kihotu - dok se Arko del Portiljo nadvija nad portalom iz 14. veka. Vrtovi Alkazara, kraljevske \u0161tale koje uzgajaju andaluzijske kobile i palate Vijane i Merseda podse\u0107aju na aristokratsku rasko\u0161 Kordobe, dok manje poznate ulice poput Kuesta del Bailio omogu\u0107avaju da se vidi vertikalna stratifikacija grada.<\/p>\n<p>Skulpturalni spomenici ispunjavaju javne prostore: deset trijumfa Svetog Rafaela obele\u017eavaju prisustvo nebeskog za\u0161titnika na mostovima i trgovima; na trgu Plaza de las Tendiljas stoji konjani\u010dka figura Gonzala Fernandeza de Kordobe; blizu vrata Puerta de la Luna i Puerta de Almodovar, statue Averoesa i Seneke svedo\u010de o intelektualnom poreklu grada; a u vrtovima Alkazara, spomenici odaju po\u010dast katoli\u010dkim monarsima i Kolumbu. Du\u017e toka Gvadalkvivira, Ostrvo skulptura i \u201eHombre R\u00edo\u201c otelotvoruju savremeni dijalog izme\u0111u umetnosti i vode, suptilno menjaju\u0107i orijentaciju sa strujom.<\/p>\n<p>Kordobski mostovi, \u0161tavi\u0161e, svedo\u010de o modernom in\u017eenjerstvu: most San Rafael, otvoren 29. aprila 1953. godine, prote\u017ee se 217 metara u osam lukova od 25 metara; vise\u0107i Andaluzijski most raspona ve\u0161anja i most Puente de Miraflores (2003) boje r\u0111e raspr\u0161uju cirkulaciju vozila i pe\u0161aka; most Autvija del Sur i most Abas Ibn Firnas - otvoreni u januaru 2011. godine kao deo zapadne obilaznice - poja\u010davaju povezanost; a Puente del Arenal povezuje Kampo de la Verdad sa Resinto Ferijalom.<\/p>\n<p>Zelene povr\u0161ine grada artikuli\u0161u dijalog izme\u0111u izgra\u0111ene forme i prirode: \u017dardines de la Viktorija se grani\u010de sa modernisti\u010dkim fontanama i pergolom Duke de Rivas; \u017dardines de la Agrikultura se spajaju oko jezerca sa patkama i ve\u0161to ure\u0111enog ru\u017ei\u010dnjaka, uprkos odsustvu gustih lavirinta sa topijarnim drve\u0107em; Park Miraflores se spu\u0161ta terasama prema mostovima Salam i Miraflores; Park Kruz Konde se odvija kao otvoreno prostranstvo bez barijera u engleskom ba\u0161tenskom idiomu; Paseo de Kordoba, polo\u017een iznad zakopanih \u017eelezni\u010dkih pruga, prote\u017ee se kroz fontane - neke se spu\u0161taju preko vi\u0161eslojnih bazena - i obuhvata biv\u0161u stanicu RENFE; \u017dardines Huan Karlos I i \u017dardines del Konde de Valjeljano obuhvataju jezerca, arheolo\u0161ke ostatke i rimske cisterne; Park de la Asomadilja, sa 27 hektara, rangiran je kao drugi najve\u0107i gradski park u Andaluziji; i Sotos de la Albolafija, prirodni spomenik povr\u0161ine 21,36 hektara, \u0161titi migratorne ornitofaune du\u017e reke.<\/p>\n<p>Me\u0111u muzejima u Kordobi, Arheolo\u0161ki i etnolo\u0161ki muzej \u2014 sme\u0161ten od 1960. godine u renesansnoj palati Paez de Kastiljo \u2014 prati ljudsko prisustvo od bronzanog doba do islamske kulture; Muzej Hulio Romero de Tores \u010duva slikarevo delo u njegovom domu pored reke; Muzej likovnih umetnosti, nekada Bolnica za dobrotvorne svrhe, predstavlja dela od baroka do modernih epoha; Eparhijski muzej, sme\u0161ten u Episkopskoj palati (koja se nalazi na omejadskom alkazaru), izla\u017ee crkvenu umetnost i name\u0161taj; a kompleks Kalifalskih kupatila nudi arheolo\u0161ko uranjanje u rituale kupanja iz desetog veka.<\/p>\n<p>Kulturni ritmovi dosti\u017eu vrhunac u maju, kada Kordoba organizuje tri uzastopna festivala koji o\u017eivljavaju trgove i terase florom i muzikom: Las Krses de Majo, tokom kojeg krstovi visoki tri metra, oki\u0107eni cve\u0107em, \u010dine sredi\u0161nju ta\u010dku cvetnih takmi\u010denja i dru\u017eeljubivih okupljanja; Los Patios de Kordoba, gde se privatna dvori\u0161ta otvaraju za javnost, ocenjuju\u0107i se na osnovu arhitektonskih vrednosti i hortikulturne umetnosti (oznaka upisana kao UNESKO-va nematerijalna kulturna ba\u0161tina); i La Ferija de Kordoba, sajam koji podse\u0107a na svoj seviljski pandan, ali se odlikuje prete\u017eno javnim sajmovima. Dostupnost sme\u0161taja dramati\u010dno se smanjuje, \u0161to odra\u017eava intenzitet hodo\u010da\u0161\u0107a - i sekularnog i nau\u010dnog - u ovaj grad bogat nasle\u0111em.<\/p>\n<p>Moderna transportna infrastruktura osigurava da Kordoba ostane klju\u010dna \u010dvori\u0161ta: brzi autobus AVE povezuje je sa Madridom, Barselonom, Seviljom, Malagom i Saragosom; stanica u Kordobi otprema preko dvadeset dnevnih linija do Malage Marija Zambrano za pedeset \u010detiri minuta, olak\u0161avaju\u0107i dalje putovanje du\u017e Kosta del Sol; iako sopstveni aerodrom ne prima komercijalne letove, grad se nalazi na dohvat ruke - 110 km do Sevilje, 118 km do Granade i 136 km do aerodroma u Malagi; autoputevi A-45 i A-4 povezuju Kordobu sa andaluzijskim i portugalskim mre\u017eama; a susedni me\u0111ugradski autobuski terminal pro\u0161iruje domet manje brzih, ali ekonomi\u010dnijih veza preko poluostrva.<\/p>\n<p>Kordoba opstaje kao vi\u0161eslojna hronika \u2013 njena rimska mre\u017ea pro\u017eeta vizigotskim ostacima, prekrivena omejadskom arhitektonskom smelo\u0161\u0107u i prelomljena kroz kastiljanske i moderne okvire. Termalni ekstremi grada, oblikovani njegovim polo\u017eajem u depresiji Gvadalkvivir i blizinom Sijera Morene i Penibetskog sistema, u kontrastu su sa upornim tokom reke i kultivisanim mirom njenih vrtova. Od kolonada Velike d\u017eamije do rasutih statua pesnika, filozofa i svetaca; od freskopisanih palata do otvorenog ritma njenih uli\u010dica; od suncem obasjanih terasa u maju do hladnih re\u010dnih povetarca, Kordoba ostaje istovremeno svedo\u010danstvo dugog trajanja mediteranske civilizacije i \u017eivi dokaz kontinuirane kulturne sinteze. NJena pri\u010da \u2013 ukorenjena u antici, prera\u0111ena pod kalifima i hri\u0161\u0107anskim monarsima, a ponovo o\u017eivljena u sada\u0161njosti \u2013 stoji kao trajan poziv na nau\u010dno posmatranje i suptilno \u010du\u0111enje.<\/p>","protected":false},"excerpt":{"rendered":"<p>Kordoba, grad bogatog istorijskog i kulturnog zna\u010daja, nalazi se u centralnom regionu Andaluzije, \u0160panija. Sa populacijom od oko 325.000, tre\u0107a najnaseljenija op\u0161tina u andaluzijskoj oblasti je sedi\u0161te istoimene provincije. Prvobitno uglavnom na desnoj obali reke Gvadalkivir u ju\u017enoj Iberiji, ovaj istorijski grad je do\u017eiveo uspon i pad mnogih civilizacija, od kojih je svaka u velikoj meri uticala na njegovo okru\u017eenje i karakter.<\/p>","protected":false},"author":1,"featured_media":3242,"parent":13090,"menu_order":0,"comment_status":"closed","ping_status":"closed","template":"elementor_theme","meta":{"_eb_attr":"","footnotes":""},"class_list":["post-13266","page","type-page","status-publish","has-post-thumbnail"],"_links":{"self":[{"href":"https:\/\/travelshelper.com\/sr\/wp-json\/wp\/v2\/pages\/13266","targetHints":{"allow":["GET"]}}],"collection":[{"href":"https:\/\/travelshelper.com\/sr\/wp-json\/wp\/v2\/pages"}],"about":[{"href":"https:\/\/travelshelper.com\/sr\/wp-json\/wp\/v2\/types\/page"}],"author":[{"embeddable":true,"href":"https:\/\/travelshelper.com\/sr\/wp-json\/wp\/v2\/users\/1"}],"replies":[{"embeddable":true,"href":"https:\/\/travelshelper.com\/sr\/wp-json\/wp\/v2\/comments?post=13266"}],"version-history":[{"count":0,"href":"https:\/\/travelshelper.com\/sr\/wp-json\/wp\/v2\/pages\/13266\/revisions"}],"up":[{"embeddable":true,"href":"https:\/\/travelshelper.com\/sr\/wp-json\/wp\/v2\/pages\/13090"}],"wp:featuredmedia":[{"embeddable":true,"href":"https:\/\/travelshelper.com\/sr\/wp-json\/wp\/v2\/media\/3242"}],"wp:attachment":[{"href":"https:\/\/travelshelper.com\/sr\/wp-json\/wp\/v2\/media?parent=13266"}],"curies":[{"name":"wp","href":"https:\/\/api.w.org\/{rel}","templated":true}]}}