{"id":13232,"date":"2024-09-17T14:59:10","date_gmt":"2024-09-17T14:59:10","guid":{"rendered":"https:\/\/travelshelper.com\/staging\/?page_id=13232"},"modified":"2026-03-12T23:39:36","modified_gmt":"2026-03-12T23:39:36","slug":"saragosa","status":"publish","type":"page","link":"https:\/\/travelshelper.com\/sr\/destinations\/europe\/spain\/zaragoza\/","title":{"rendered":"Saragosa"},"content":{"rendered":"<p>Saragosa, \u010desto prevedena na engleski kao Saragosa, nalazi se u samom srcu Aragona i basena reke Ebro, sa tetivama ispletenim od vodotokova, drevnog kamenja i modernih ambicija. Sa 675.301 stanovnikom zabele\u017eenim na po\u010detku 2021. godine \u2013 brojke koje je svrstavaju me\u0111u pet najnaseljenijih \u0161panskih op\u0161tina i kao 26. najnaseljeniju u Evropskoj uniji \u2013 grad se prostire na 973,78 kvadratnih kilometara, \u0161to je oblast koja obuhvata vi\u0161e od polovine celokupnog stanovni\u0161tva njene autonomne zajednice. Sme\u0161tena na nadmorskoj visini od pribli\u017eno 208 metara, Saragosa odr\u017eava suptilnu ravnote\u017eu izme\u0111u re\u010dne ravnice i uzvi\u0161enja koja je okru\u017euju, uzdi\u017eu\u0107i se u nekim sektorima do visine koja se pribli\u017eava 750 metara.<\/p>\n<p>Od anti\u010dkih vremena, reka Ebro je dijagonalno presecala grad od zapada severozapada ka istoku jugoistoku, pri \u010demu voda ulazi u Saragosu na nadmorskoj visini od 205 metara, a izvire na 180 metara. Pritoke reke - skromna Uerva, koja je sada potopljena tokom ve\u0107eg dela svog gradskog toka, i ogromnija Galjego, ro\u0111ena u Pirinejima - usmeravale su \u0161irenje grada, oblikuju\u0107i i njegove bukvalne konture i neopipljive tokove kulturne razmene. U geolo\u0161kom smislu, op\u0161tina zauzima polusu\u0161nu depresiju okru\u017eenu planinama koje spre\u010davaju vla\u017ean vazduh i iz Atlantika i iz Mediterana. Godi\u0161nja koli\u010dina padavina iznosi samo 328 milimetara, od \u010dega se ve\u0107ina pada tokom prole\u0107a i jeseni; jul i avgust, kao i zimski meseci od decembra do marta, karakteri\u0161e se relativnom su\u0161om, koju povremeno isprekidaju hladni, suvi udari Sijerca, no\u0107ni mrazevi, sporadi\u010dni sne\u017eni padavine i uporna magla u kasnu jesen.<\/p>\n<p>Stajati na obalama Ebra u Saragosi zna\u010di sagledati koncentri\u010dne slojeve ljudskog napora, od rimske kolonije Cezaraugusta \u2014 osnovane na desnoj obali na u\u0161\u0107u Uerve \u2014 do rasko\u0161nih palata, mudehar crkava i modernih mostova koji svedo\u010de o dva milenijuma bogatstva i neprekidnog naseljavanja. Rimski otisak ostaje vidljiv u ru\u0161evinama foruma, luke, kupatila i pozori\u0161ta, a samo kamenje \u0161apu\u0107e o Cezarovom nasle\u0111u \u010dak i dok le\u017ei poluzakopano ispod gradskih trotoara. Tokom srednjovekovne epohe, hri\u0161\u0107ansko preure\u0111enje gradskog prostora odvijalo se kroz podizanje crkava na mestu biv\u0161ih d\u017eamija, proces koji je naj\u017eivlje otelotvoren katedralom Spasitelja \u2014 La Seo \u2014 gde romanske apside iz dvanaestog veka stoje kao stra\u017eari pored gotskih svodova i mudehar ukrasa. U blizini, Bazilika del Pilar predsedava re\u010dnom obalom u baroknom veli\u010danstvu, njene kule i kupole osve\u0161tane su freskama Fransiska Goje unutar svodnog enterijera - svedo\u010danstvo o trajnoj mo\u0107i marijanske odanosti i polo\u017eaju grada kao centra hodo\u010da\u0161\u0107a i identiteta.<\/p>\n<p>Izvan svog drevnog srca, Saragosa otkriva pejza\u017e koji je istovremeno strog i \u0161aren: same re\u010dne obale le\u017ee ravne, ali neposredno zale\u0111e ustupa mesto muelama - brdima sa ravnim vrhovima - i strmim liticama koje se spu\u0161taju u strmim licima. Unutar ovih valovitih predgra\u0111a, zemlji\u0161ta bogata gipsom ustupila su mesto vrta\u010dama koje postaju prolazne bare, a na jugu, sezonski basena\u017e poznat kao la Sulfurika pojavljuje se samo kada voda za navodnjavanje nadira u podzemne \u0161upljine. Prostranstvo pro\u017eima teren, isprekidano strate\u0161kom osom koja povezuje Saragosu sa Madridom, Barselonom, Valensijom, Bilbaom i, preko Pirinejske podele, Bordoom i Tuluzom. Upravo je ova geografska ta\u010dka oslonca - grubi \u0161estougao glavnih evropskih gradova - ono \u0161to je Saragosi dugo davalo komercijalnu vitalnost i kulturnu propustljivost.<\/p>\n<p>Srednjovekovna islamska tvr\u0111ava palate Alhaferija, za\u010deta u jedanaestom veku pod dinastijom Hudid, jo\u0161 uvek je zadr\u017eala svoju unutra\u0161nju ornamentiku od zamr\u0161enih \u0161tuko radova i pozla\u0107enih plafona, preludijum u mudehar stil koji je UNESKO priznao zajedno sa La Seo i drugim gra\u0111evinama. U sada\u0161njoj eri, biv\u0161a mavarska palata je dom aragonskog parlamenta, premo\u0161\u0107uju\u0107i daleku pro\u0161lost sa sada\u0161njom upravom. Nekoliko blokova dalje, vitki lukovi gradske ku\u0107e i kamene galerije Lonje - nekada\u0161njeg sedi\u0161ta srednjovekovne berze - \u010dine gra\u0111ansku osovinu koja te\u010de prema Ebru. \u0160irom starog kvarta, susre\u0107emo se ne samo sa dve katedrale, ve\u0107 i sa desetak crkava razli\u010ditog porekla: San Pablo, Santa Marija Magdalena i San Gil Abad, \u010diji tornjevi zaista mogu biti rudimenti minareta; San Migel i Santijago, obe prepune baroknih detalja i mudehar plafona iz sedamnaestog veka; i Santa Engrasija, sama bazilika \u010dije ime evocira mu\u010deni\u0161tvo koliko i svetost. Zajedno, ovi spomenici svedo\u010de o neprekidnom dijalogu izme\u0111u hri\u0161\u0107anskih i muslimanskih zanatlija, sintezi cigle, crepa i drveta koja prevazilazi puki stil i defini\u0161e arhitektonski narodni jezik regiona.<\/p>\n<p>U spoljnim prostorima, Saragosa neguje obilje rasko\u0161nih rezidencija koje je u \u0161esnaestom veku podiglo njeno zemljoposedni\u010dko plemstvo: palate grofova Morate i Lune, dekanova rezidencija i Kraljevska Maestranca, svaka od kojih je ve\u017eba rezbarenja kamena i vajarskih detalja; ku\u0107e Torera i Don Lopea, od kojih je ova druga sada namenjena gra\u0111anskim funkcijama; i rasko\u0161ne ku\u0107e grofova Sastaga i Argilja, od kojih je ova druga pretvorena u Muzej Pabla Gargalja posve\u0107en delima aragonskog vajara. Gradski muzeji se prote\u017eu daleko izvan ovih nekada\u0161njih privatnih salona: op\u0161tinski Muzej Saragose, besplatan i hvaljen zbog svojih mozaika iz rimskog doba i kolekcije Gojinih slika; Muzej Goja\u2013Kolekcija Iberkaha u zgradi Kamona Asnara, koji predstavlja i stalna dela i rotiraju\u0107e izlo\u017ebe; i Obrazovni muzej origamija sme\u0161ten u Centru za istorije \u2013 neobi\u010dno svedo\u010danstvo univerzalne geometrije zanata.<\/p>\n<p>Leta 2008. godine, Saragosa se preobrazila u me\u0111unarodni forum za svetski sajam posve\u0107en vodi i odr\u017eivom razvoju. Ekspo 2008 je otvorio nove prostore du\u017e reke, me\u0111u kojima su Vodeni toranj \u2014 Tore del Agva \u2014 i vijugave linije Mosta tre\u0107eg milenijuma. Potonji, betonska vezano-lu\u010dna struktura nevi\u0111enog raspona, nosi \u0161est saobra\u0107ajnih traka, dve biciklisti\u010dke staze i dve pe\u0161a\u010dke staze zatvorene staklenim zidovima preko Ebra, otelotvoruju\u0107i i utilitarnu ambiciju i skulpturalnu gracioznost. Izlo\u017ebeni prostor sada \u010dini modernu enklavu gde posetioci mogu lutati me\u0111u paviljonima koje su dizajnirale poznate li\u010dnosti poput Zahe Hadid, a jedini objekat koji je ostao otvoren je Re\u010dni akvarijum, u kojem se nalaze slatkovodne vrste u nizu rezervoara koji simuliraju raznovrsne ekosisteme Ebra.<\/p>\n<p>Prevoz u samoj Saragosi organizovan je kroz integrisanu mre\u017eu puteva, tramvaja, autobusa, bicikala i vozova. Autoputevi se zra\u010dno prote\u017eu od grada prema glavnim \u0161panskim metropolama - Madridu, Barseloni, Valensiji i Bilbau - od kojih je svaka udaljena oko trista kilometara. Unutar gradske mre\u017ee, gradski autobusi Saragose upravljaju trideset jednom redovnom linijom - uklju\u010duju\u0107i dve kru\u017ene linije - dva redovna koridora, \u0161est \u0161atl autobusa (od kojih je jedan besplatan) i sedam no\u0107nih linija koje saobra\u0107aju vikendom i praznicima. Dalja mre\u017ea me\u0111ugradskih linija kojom upravlja Konzorcijum za transport podru\u010dja Saragose pro\u0161iruje domet grada na susedne gradove i sela kroz sedamnaest redovnih linija. Tramvaj Saragose, \u010dija prva linija povezuje Valdesparteru sa parkom Goja, prelazi gradskim avenijama u elektrifikovanoj ti\u0161ini, dok javne biciklisti\u010dke staze i gradski sistem \u201ebici Saragosa\u201c podsti\u010du prevoz na pedale.<\/p>\n<p>\u017delezni\u010dke veze su pove\u0107ale strate\u0161ki zna\u010daj Saragose: Renfeovi brzi vozovi AVE povezuju grad sa Madridom za pribli\u017eno sedamdeset pet minuta i sa Barselonom za oko devedeset minuta, dok mre\u017ea prigradskih vozova Serkanijas povezuje prigradske stanice pod okriljem Renfea. Stanica Saragosa\u2013Delisijas opslu\u017euje i \u017eelezni\u010dki i autobuski saobra\u0107aj, a njena arhitektura je modernisti\u010dki kontrapunkt kamenim fasadama starog grada. Deset kilometara zapadnije, u okrugu Garapiniljos, nalazi se aerodrom Saragosa. NJegov teretni saobra\u0107aj je 2012. godine nadma\u0161io one stanice Barselona\u2013El Prat, \u0161to ga je u\u010dinilo glavnim \u010dvori\u0161tem \u0160panije za vazdu\u0161ni teret; tako\u0111e sme\u0161ta 15. grupu \u0160panskog ratnohorskog vazduhoplovstva i, istorijski gledano, slu\u017eio je kao rezervno mesto za sletanje NASA-inog spejs \u0161atla u slu\u010daju transokeanskog prekida sletanja.<\/p>\n<p>Svakodnevni \u017eivot u Saragosi odvija se uz ove slojeve infrastrukture. Putnici provode u proseku \u010detrdeset osam minuta po putovanju radnim danima u javnom prevozu; devet procenata podnosi vo\u017enje koje du\u017ee od dva sata, dok je tipi\u010dno \u010dekanje na stajali\u0161tima jedanaest minuta, a dvanaest procenata putnika \u010deka vi\u0161e od dvadeset. Jedno putovanje se prostire na prose\u010dno 4,2 kilometra, iako pet procenata putnika putuje vi\u0161e od 12 kilometara u jednom pravcu. Ove brojke isti\u010du i prostorno prostrastvo grada i ritmove rada i slobodnog vremena koji povezuju njegove stanovnike sa radnim mestima, \u0161kolama i kulturnim mestima.<\/p>\n<p>Samo slobodno vreme ovde poprima mnogo oblika. U severnom delu, Park Grande Hose Antonio Labordeta prostire se preko hektara ure\u0111enih travnjaka, monumentalnih stepeni\u0161ta i botani\u010dkih vrtova. Prvobitno nazvan po diktatoru Primu de Riveri, park je ponovo otvoren 2008. godine u \u010dast Hosea Antonija Labordete, aragonskog kantautora i politi\u010dke li\u010dnosti \u010dije su melodije animirale demokratsku \u0160paniju. Blizu zapadnih granica parka, Puerta del Karmen stoji kao jedan od dvanaest sa\u010duvanih ulaza u nekada\u0161nja utvr\u0111enja Saragose; iako rekonstruisan u neoklasi\u010dnom stilu 1789. godine, njegov o\u0161te\u0107en izgled - obele\u017een o\u017eiljcima opsade i, nedavno, sudarom autobusa 1997. godine - zadr\u017eava autenti\u010dnu auru borbene tuge. Dalje nizvodno, Puente de Pjedra, prvi put podignut u petnaestom veku i vi\u0161e puta obnavljan nakon poplava, sada nosi uglavnom pe\u0161a\u010dki saobra\u0107aj i na svakom kraju ima vajane lavove koji simbolizuju heraldi\u010dki grb grada.<\/p>\n<p>Za one koji tra\u017ee odmor tokom vrelih leta, Saragosa nudi javne bazene koje odr\u017eava op\u0161tinska vlast na lokacijama kao \u0161to su Centro Deportivo Municipal Aktur, sa svojim prostranstvom bazena i travnjaka; centar Salduba u parku Primo de Rivera, sa bazenom olimpijske du\u017eine; i Palasio Municipal de Sportes, gde drve\u0107e koje pru\u017ea hlad okru\u017euje manje bazene. \u010cak i fudbal nalazi svoje mesto u La Romaredi, doma\u0107em stadionu Real Saragose \u2013 koji se takmi\u010di u Drugoj diviziji \u2013 a njegovi nivoi do\u010dekuju trideset tri hiljade gledalaca dva kilometra jugozapadno od centralnog trga.<\/p>\n<p>Kulinarske i folklorne tradicije ostaju va\u017ene. Festija del Pilar, koja se odr\u017eava svakog oktobra u \u010dast navodnog ukazanja Device Marije Svetom Jakovu, privla\u010di mno\u0161tvo ljudi na obale reke, gde muzika, ples i zajedni\u010dka gozba pretvaraju Plaza del Pilar u sredi\u0161te kolektivnog identiteta. Pored fontane poznate kao Fuente de la Hispanidad - alegorijske skulpture koja obele\u017eava Kolumbovo putovanje - nalazi se turisti\u010dka kancelarija, koja je i sama po sebi portal za kurirane uvide u lokalnu gastronomiju, pozori\u0161ne predstave i lavirintske uli\u010dice starog grada.<\/p>\n<p>Kupovina tako\u0111e zauzima centralno mesto u urbanoj naraciji. Pe\u0161a\u010dka ulica Alfonso I i njena okolina \u2013 koja se prote\u017ee od Rezidensijal Paraiso u Sagasti do Trga \u0160panije \u2013 doma\u0107ini su nizu butika, od visoke mode na Fransisko de Vitorija do zanatskih proizvoda na Haime I i antikvara oko San Bruna. Nedeljom ujutru, buvlja pijaca koja se okuplja na Trgu San Bruno nudi polovne kuriozitete i narodne predmete koji odra\u017eavaju trgova\u010dko nasle\u0111e grada.<\/p>\n<p>Za zahtevnog posetioca, Saragosa kartica objedinjuje ulaznice u glavne spomenike i muzeje, neograni\u010deno kori\u0161\u0107enje turisti\u010dkog autobusa, pretpla\u0107ene vo\u017enje javnim prevozom, vo\u0111ene ture, pa \u010dak i besplatno pi\u0107e i tapase u odabranim objektima. Dostupna je u formatima dvadeset \u010detiri i \u010detrdeset osam sati, funkcioni\u0161e i kao paso\u0161 i kao knjiga, olak\u0161avaju\u0107i pristup slojevitoj ponudi grada bez podleganja komodifikaciji.<\/p>\n<p>Tako se Saragosa pojavljuje u reljefu: grad istovremeno monumentalan i intiman, gde rimski stubovi stoje u razgovoru sa srednjovekovnim lukovima, gde barokne crkve nadgledaju fasade u stilu secesije, i gde se hirovi klime - vrelina leta, vetrovite zime - utiskuju na svakodnevne rituale. To je prestonica koja, uprkos svojoj veli\u010dini, ostaje ispod radara masovnog turizma, mesto \u010diji ni\u017ei tro\u0161kovi sme\u0161taja nagra\u0111uju pa\u017eljivog putnika. Bilo da se smatra pogodnom ta\u010dkom izme\u0111u Madrida i Barselone ili da se prihvata kao samostalna destinacija, Saragosa nudi kontinuum iskustava - arhitektonskih, gastronomskih, performativnih i scenskih - koja se spajaju u portret duboke unutra\u0161njosti \u0160panije, unutra\u0161njosti oblikovane rekama, carstvima i odlu\u010dnim pulsom ljudskog napora.<\/p>","protected":false},"excerpt":{"rendered":"<p>Saragosa, dinami\u010dna prestonica \u0161panske provincije Aragon, predstavlja primer bogate istorije i kulture Iberije. U\u0161u\u0161kan usred doline Ebro, ovaj neverovatni grad se nalazi na \u010detvrtom ili petom mestu po broju stanovnika u \u0160paniji sa 675.301 od 1. januara 2021. Pokriva 973,78 kvadratnih kilometara raznovrsne topografije, uklju\u010duju\u0107i spoj reka Ebro, Huerva i reke Galjes li, iznad nivoa Zaragoza li,208.<\/p>","protected":false},"author":1,"featured_media":4200,"parent":13090,"menu_order":0,"comment_status":"closed","ping_status":"closed","template":"elementor_theme","meta":{"_eb_attr":"","footnotes":""},"class_list":["post-13232","page","type-page","status-publish","has-post-thumbnail"],"_links":{"self":[{"href":"https:\/\/travelshelper.com\/sr\/wp-json\/wp\/v2\/pages\/13232","targetHints":{"allow":["GET"]}}],"collection":[{"href":"https:\/\/travelshelper.com\/sr\/wp-json\/wp\/v2\/pages"}],"about":[{"href":"https:\/\/travelshelper.com\/sr\/wp-json\/wp\/v2\/types\/page"}],"author":[{"embeddable":true,"href":"https:\/\/travelshelper.com\/sr\/wp-json\/wp\/v2\/users\/1"}],"replies":[{"embeddable":true,"href":"https:\/\/travelshelper.com\/sr\/wp-json\/wp\/v2\/comments?post=13232"}],"version-history":[{"count":0,"href":"https:\/\/travelshelper.com\/sr\/wp-json\/wp\/v2\/pages\/13232\/revisions"}],"up":[{"embeddable":true,"href":"https:\/\/travelshelper.com\/sr\/wp-json\/wp\/v2\/pages\/13090"}],"wp:featuredmedia":[{"embeddable":true,"href":"https:\/\/travelshelper.com\/sr\/wp-json\/wp\/v2\/media\/4200"}],"wp:attachment":[{"href":"https:\/\/travelshelper.com\/sr\/wp-json\/wp\/v2\/media?parent=13232"}],"curies":[{"name":"wp","href":"https:\/\/api.w.org\/{rel}","templated":true}]}}