{"id":13186,"date":"2024-09-17T14:12:55","date_gmt":"2024-09-17T14:12:55","guid":{"rendered":"https:\/\/travelshelper.com\/staging\/?page_id=13186"},"modified":"2026-03-12T23:41:48","modified_gmt":"2026-03-12T23:41:48","slug":"sevilja","status":"publish","type":"page","link":"https:\/\/travelshelper.com\/sr\/destinations\/europe\/spain\/seville\/","title":{"rendered":"Sevilja"},"content":{"rendered":"<p>Sevilja, veli\u010danstvena prestonica Andaluzije, privla\u010di pa\u017enju na donjem toku reke Gvadalkvivir, sa 141 kvadratnim kilometar plodne doline koja poseduje op\u0161tinsko stanovni\u0161tvo od oko 701.000 du\u0161a i u kojoj se nalazi metropolitansko prostranstvo od 1,5 miliona stanovnika. NJena silueta - kojom dominira visoka Hiralda, nekada oblikovana kao minaret Almohada, a sada krunisana vetrobranom Hiraldiljo - govori o slojevima rimske, islamske i kastiljanske vladavine; ipak, ovaj grad, \u010diji se stari deo prostire na \u010detiri kvadratna kilometra i u kojem se nalazi UNESKO-va trijada Alkazar, katedrala Svete Marije od Senice i Generalni arhiv Indija, prevazilazi puku monumentalnost i razvija se kao \u017eivi palimpsest mediteranskih i atlantskih struja. Sme\u0161tena osamdeset kilometara u unutra\u0161njosti od Atlantika, Sevilja ostaje jedina \u0161panska re\u010dna luka, svedo\u010danstvo o njenoj istorijskoj ulozi pomorske kapije \u010dije su emporije nekada privla\u010dile galeone natovarene bogatstvom Novog sveta.<\/p>\n<p>Od svog nastanka kao rimskog Hispalisa, pa sve do svog ponovnog o\u017eivljavanja pod ranim modernom Kasa de Kontratasion, Sevilja je cvetala kao jedan od najzna\u010dajnijih urbanih centara Evrope \u0161esnaestog veka; su\u0161a u Gvadalkiviru kasnije je preusmerila transatlantske po\u0161iljke u Kadi\u0161ki zaliv, ali je ugled grada opstao, podvu\u010den aristokratskim sjajem mudehar dvori\u0161ta Alkazara i ogromnim gotskim brodom katedrale koji je po\u010deo 1401. godine. U dvadesetom veku - oblikovanom nevoljama \u0160panskog gra\u0111anskog rata, pompom Ibero-ameri\u010dke izlo\u017ebe 1929. godine i transformativnim optimizmom Ekspo &#039;92 - Sevilja je ponovo potvrdila svoju regionalnu prevlast, \u0161to je kulminiralo njenim progla\u0161enjem za glavni grad autonomne zajednice 1983. godine.<\/p>\n<p>Sevilja, nisko le\u017ee\u0107a na prose\u010dnoj nadmorskoj visini od sedam metara, preseca se Gvadalkvivir, koji deli istorijsko jezgro na isto\u010dnoj obali od Trijane, La Kartuje i Los Remediosa na zapadu. Ovi bari, zajedno sa Alharafeom na zapadu i op\u0161tinama kao \u0161to su La Rinkonada, Alkala de Gvadaira i Dos Ermanas na periferiji, \u010dine konurbaciju koja spaja urbani dinamizam sa poljoprivrednim zale\u0111em. Geografska \u0161irina grada ga poravnava sa San Hozeom u Kaliforniji i Katanijom na Siciliji, i pozicionira ga ju\u017eno od Atine i blizu paralele sa Seulom, ali unutra\u0161nji polo\u017eaj Sevilje daje izrazito kontinentalni aspekt: leta redovno prelaze 35\u00b0C i generi\u0161u preko \u0161ezdeset dana godi\u0161nje iznad 35\u00b0C, \u0161to dolini Gvadalkvivir donosi nadimak \u201etiganj \u0160panije\u201c.<\/p>\n<p>Klimatolo\u0161ki zapisi svedo\u010de o ekstremima od vrhunca od 46,6\u00b0C 23. jula 1995. na aerodromu San Pablo do najni\u017ee vrednosti od -5,5\u00b0C 12. februara 1956. godine, dok spornih 50,0\u00b0C iz avgusta 1881. godine isti\u010de status Sevilje kao najtoplije velike evropske metropole. Prose\u010dne godi\u0161nje temperature kre\u0107u se oko 19,6\u00b0C, sa dnevnim prosekom od 25,7\u00b0C danju i 13,3\u00b0C no\u0107u; ukupna koli\u010dina padavina iznosi 502 mm raspore\u0111enih tokom pedeset dana, pri \u010demu decembar \u010dini oko osamdeset milimetara. To je klima koja sne\u017ene padavine \u010dini prakti\u010dno nepostoje\u0107im - samo deset puta od 1500. godine, dva u pro\u0161lom veku - i koja zime predstavlja kao blage predahe od vrelog leta koja prevladavaju od jula do avgusta.<\/p>\n<p>U atmosferskom prostranstvu Sevilje, gra\u0111anska arhitektura se pojavljuje kao \u010duvar se\u0107anja i katalizator modernog \u017eivota. Platereskne fasade Gradske ku\u0107e, koje je osmislio Dijego de Rijano izme\u0111u 1527. i 1534. godine, a koje je u neoklasi\u010dnom obliku preobrazio Demetrio de los Rios 1867. godine, stoje pored Kraljevskog zatvora u \u010dijim je \u0107elijama nekada bio zatvoren Servantes. Generalni arhiv Indijasa, podignut prema Hererinim planovima 1572. godine i zavr\u0161en 1646. godine, \u010duva epistolarno nasle\u0111e carstva, dok Palata San Telmo artikuli\u0161e baroknu rasko\u0161 u volutama i pilastrima, \u0161tite\u0107i administraciju Andaluzije unutar svog portika koji je projektovao Leonaro de Figeroa. Kraljevska fabrika duvana, nekada najve\u0107a industrijska gra\u0111evina na svetu, i arena za borbu bikova Kraljevska Maestranza \u2014 osnovana 1761. godine i sposobna da primi 14.000 gledalaca \u2014 evociraju dvostruki identitet Sevilje, rada i slobodnog vremena.<\/p>\n<p>Me\u0111u doma\u0107im uto\u010di\u0161tima, Salon de Embajadores i Patio de las Donselas u Alkazaru otkrivaju spoj nasridskog zanatstva i kastiljanskog pokroviteljstva, dok Izabelinin portal Kasa de Pilatos podse\u0107a na hodo\u010da\u0161\u0107e iz 1520. godine koje mu je dodelilo nomenklaturu koja podse\u0107a na jerusalimski Via Krucis. U Kasko Antiguu, vile poput palate grofice od Lebrihe i drevne cisterne Kruz del Kampo se spajaju, a utvr\u0111eni ostaci - posebno Almohadska Torre del Oro i preostali fragmenti zidova zapo\u010detih pod Abd ar-Rahmanom II i pro\u0161irenih od strane Almohada - prate vojnu geografiju grada.<\/p>\n<p>Izvan kamena i \u010delika, seviljsko zelenilo pronalazi izraz u Parku Marije Luize, Gonzalezovom ambijentu za izlo\u017ebu iz 1929. godine, \u010diji se Trg \u0160panije zakrivljuje u polukru\u017enoj veli\u010dini, artikulisanoj u plo\u010dicama koje veli\u010daju svaku pokrajinu. Susedni Trg Amerike i njegova trija paviljona - gotski kraljevski paviljon, neomudeharski paviljon i renesansni paviljon lepih umetnosti - do\u010daravaju otmenu interludiju usred metropole koja grani\u010di sa pulsom \u0160panije dvadeset prvog veka.<\/p>\n<p>Seviljska ekonomska krvotok proisti\u010de iz njenog statusa glavnog doprinosioca BDP-om Andaluzije, \u010detvrtine ukupnog regionalnog BDP-a, \u010diji se domet prote\u017ee na poljoprivredne krugove izvan Kamasa i Tomaresa i na industrijske parkove koji ubla\u017eavaju otomansku toplinu grada mehanizovanim preduze\u0107ima. Diputacion de Sevilja upravlja slu\u017ebama iz svoje konji\u010dke kasarne iz 19. veka, osiguravaju\u0107i da udaljena sela ostanu vezana za orbitu prestonice.<\/p>\n<p>U svakodnevnom \u017eivotu, dru\u017eeljubivi obi\u010daj tapasa ispunjava seviljske lavirintske ulice i trgove neprestanom dru\u017eeljubivo\u0161\u0107u: gosti probaju iberiko \u0161unku, espinake kon ganzas na bazi \u0111umbira i ortigilje u kombinaciji sa hladnim gaspa\u010dom; zadr\u017eavaju se uz pestinjos i torihas u hladu stabala gorke pomorand\u017ee \u010diji citrusni miris - koji su uveli andaluzijski majstori iz desetog veka - pro\u017eima vazduh; zastaju na dokovima Sevi\u010dija da bi se usredsredili na svoje putovanje kroz zelene ulice grada.<\/p>\n<p>Prevoz autobusom je pod okriljem kompanije TUSSAM, povezuju\u0107i ulicu Sera sa San Bernardom i isprepli\u0107u\u0107i rute Konzorsija sa Dos Hermanasom. Linija 1 metroa, otvorena pre broja putnika od 22 miliona u 2024. godini, uskoro \u0107e prihvatiti produ\u017eenje linije 3, dok su linije 2 i 4 jo\u0161 uvek u fazi planiranja. Povr\u0161inska mobilnost se izra\u017eava u tramvaju Metro\u010centro, biciklima Sevi\u010di koji klize du\u017e podignutih traka i vozovima Serkanijas koji usmeravaju putnike na posao do Santa Huste, odakle brzi AVE vozovi polaze do Madrida, Valensije i dalje.<\/p>\n<p>Aerodrom San Pablo, drugi najprometniji u Andaluziji sa preko 7,5 miliona putnika u 2019. godini i skoro deset hiljada tona tereta, sidro je vazdu\u0161ne ose Sevilje; niskotarifni prevoznici i objekti za odr\u017eavanje svedo\u010de o njegovoj internacionalizaciji. Ipak, suptilno uzbu\u0111enje le\u017ei u re\u010dnoj luci Muelje de las Delisijas, gde prekookeanski brodovi mogu da izbace putnike sa krstarenja u centar Sevilje - jedinstvena dobrodo\u0161lica u unutra\u0161njosti \u0160panije.<\/p>\n<p>Zahvaljuju\u0107i ovom spoju antike i modernosti, Sevilja se ne pojavljuje kao stati\u010dni spomenik, ve\u0107 kao grad stalnog pregovaranja izme\u0111u vru\u0107ine i senke, istorije i inovacije, odmora i veselja. NJena tkanina \u2013 koju su sa\u0161ivali Rimljani, Omejadi, Kastiljanci i savremeni \u010duvari \u2013 ne poziva na spektakl, ve\u0107 na pomno posmatranje: za one koji se upuste du\u017e njenih suncem obasjanih avenija i kroz njene senovite ni\u0161e, Sevilja nudi svedo\u010danstvo otporne elokvencije mesta.<\/p>","protected":false},"excerpt":{"rendered":"<p>Sevilja, glavni i najve\u0107i grad \u0161panske autonomne zajednice Andaluzije, predstavlja primer \u0161panske kulturne ba\u0161tine i savremene \u017eivahnosti. Sme\u0161ten na ni\u017eim delovima reke Gvadalkivir na jugozapadu Iberijskog poluostrva, ovaj neverovatni grad ima op\u0161tinsko stanovni\u0161tvo od oko 701.000 od 2022. godine, a njegovo gradsko podru\u010dje obuhvata skoro 1,5 miliona stanovnika. Sa ovom demografskom snagom, Sevilja se rangira kao \u010detvrti po veli\u010dini grad u \u0160paniji, najnaseljenija op\u0161tina u Evropskoj uniji i najnaseljeniji grad u Andaluziji.<\/p>","protected":false},"author":1,"featured_media":4633,"parent":13090,"menu_order":0,"comment_status":"closed","ping_status":"closed","template":"elementor_theme","meta":{"_eb_attr":"","footnotes":""},"class_list":["post-13186","page","type-page","status-publish","has-post-thumbnail"],"_links":{"self":[{"href":"https:\/\/travelshelper.com\/sr\/wp-json\/wp\/v2\/pages\/13186","targetHints":{"allow":["GET"]}}],"collection":[{"href":"https:\/\/travelshelper.com\/sr\/wp-json\/wp\/v2\/pages"}],"about":[{"href":"https:\/\/travelshelper.com\/sr\/wp-json\/wp\/v2\/types\/page"}],"author":[{"embeddable":true,"href":"https:\/\/travelshelper.com\/sr\/wp-json\/wp\/v2\/users\/1"}],"replies":[{"embeddable":true,"href":"https:\/\/travelshelper.com\/sr\/wp-json\/wp\/v2\/comments?post=13186"}],"version-history":[{"count":0,"href":"https:\/\/travelshelper.com\/sr\/wp-json\/wp\/v2\/pages\/13186\/revisions"}],"up":[{"embeddable":true,"href":"https:\/\/travelshelper.com\/sr\/wp-json\/wp\/v2\/pages\/13090"}],"wp:featuredmedia":[{"embeddable":true,"href":"https:\/\/travelshelper.com\/sr\/wp-json\/wp\/v2\/media\/4633"}],"wp:attachment":[{"href":"https:\/\/travelshelper.com\/sr\/wp-json\/wp\/v2\/media?parent=13186"}],"curies":[{"name":"wp","href":"https:\/\/api.w.org\/{rel}","templated":true}]}}