{"id":13177,"date":"2024-09-17T13:51:22","date_gmt":"2024-09-17T13:51:22","guid":{"rendered":"https:\/\/travelshelper.com\/staging\/?page_id=13177"},"modified":"2026-03-12T23:41:20","modified_gmt":"2026-03-12T23:41:20","slug":"sijera-nevada","status":"publish","type":"page","link":"https:\/\/travelshelper.com\/sr\/destinations\/europe\/spain\/sierra-nevada\/","title":{"rendered":"Sijera Nevada"},"content":{"rendered":"<p>Sijera Nevada zauzima jedinstveno mesto u ju\u017enim delovima Iberijskog poluostrva: prostrani masiv koji se prote\u017ee skoro 80 \u200b\u200bkilometara u du\u017einu, a \u0161irina mu varira izme\u0111u 15 i 30 kilometara, obuhvataju\u0107i povr\u0161inu ve\u0107u od 2.000 kvadratnih kilometara. Uzdi\u017eu\u0107i se iz andaluzijskih provincija Granada i Almerija, ovaj legendarni planinski lanac predstavlja neprekinuti profil vrhova koji \u2013 preko zna\u010dajnog zapadno-jugozapadnog do isto\u010dno-severoisto\u010dnog grebena \u2013 ostaju \u010dvrsto prekriveni snegom tokom ve\u0107eg dela godine. Na svom apogeju nalazi se Muljasen, koji se uzdi\u017ee na 3.479 metara, najvi\u0161a ta\u010dka u kontinentalnoj \u0160paniji i na Iberijskom poluostrvu. Najvi\u0161i delovi lanca pru\u017eaju upe\u010datljiv kontrapunkt suncem obasjanoj mediteranskoj obali koja se nalazi samo nekoliko desetina kilometara udaljena, \u010dine\u0107i Sijera Nevadu carstvom klimatskih, geolo\u0161kih i istorijskih kontrasta koji zahtevaju strogu nau\u010dnu pa\u017enju i poetsko razmi\u0161ljanje.<\/p>\n<p>Od antike do danas, padine Sijera Nevade bile su svedoci tektonskih trzaja i glacijalnog oblikovanja. Nastao u alpskoj orogenezi tokom tercijarnog doba, venac se manifestuje uglavnom kroz meke liskunske \u0161kriljce koji se strmo spu\u0161taju ka severu, ali ustupaju mesto postepenijim spu\u0161tanjima ka jugu i jugoistoku. Iznad pribli\u017eno 2.400 metara \u2013 nekada\u0161nje granice vi\u0161egodi\u0161njeg leda do holocena \u2013 drevni gle\u010deri su izrezali doline u obliku slova U i zave\u0161tali sazve\u017e\u0111e laguna na velikim nadmorskim visinama, me\u0111u kojima su Laguna de Agvas Verdes i skromna Laguna de la Moska. Ova jezera, sme\u0161tena unutar ju\u017enih cirkusa, kanali\u0161u otopljenu vodu u sistem Gvadalfeo, kao i ugledne fluvijalne arterije koje prolaze kroz mediteranske i atlantske padine: Henil, nastao blizu Muljasena i fundamentalan za basen Gvadalkvivira; Durkal i Izbor; Trevelez i Pokeira; zajedno sa pritokama reka Andaraks i Adra.<\/p>\n<p>Geografski, Sijera Nevada je ograni\u010dena dolinom Lekrin na zapadu, dolinom Gvadalfeo na jugu, depresijom Betika na severu, rekom Nasimijento na istoku i dolinom Andaraks na jugoistoku. NJene geografske koordinate \u2013 pribli\u017eno od 36\u00b055\u2032 do 37\u00b015\u2032 severne geografske \u0161irine i 2\u00b056\u2032 do 3\u00b038\u2032 zapadne geografske du\u017eine \u2013 \u010dvrsto je u\u010dvr\u0161\u0107uju u okviru legendarnog pejza\u017ea Andaluzije. U njenom ju\u017enom podno\u017eju nalazi se legendarni grad Granada, a dalje na istok, priobalne enklave Motril i Almerija, \u010dija mediteranska klima stoji u dramati\u010dnom termalnom kontrastu sa visinama prekrivenim snegom iznad.<\/p>\n<p>Klimatolo\u0161ki profil Sijera Nevade prkosi jednostavnoj klasifikaciji. Prema Kepenovom sistemu, masiv prete\u017eno spada u mediteranske kategorije Csa\/Csb; me\u0111utim, iznad 2.500 metara srednje letnje temperature kre\u0107u se oko praga od 10 \u00b0C, daju\u0107i visokim padinama subarkti\u010dki Dsc karakter. Na ne\u0161to ni\u017eim nadmorskim visinama, kratka, hladna leta i mala koli\u010dina padavina daju vla\u017ean kontinentalni Dsa\/Dsb re\u017eim, dok dalje spu\u0161tanje stvara hladno-letnji mediteranski oblik koji postepeno prelazi u vru\u0107u letnju varijantu okolnih nizija. Temperatura tokom cele godine u Pradoljanu - prose\u010dno 3,9 \u00b0C - o\u0161tro se razlikuje od 15,7 \u00b0C u Granadi i 18,5 \u00b0C u priobalnoj Malagi. Dnevne letnje i zimske temperature u odmarali\u0161tu su obi\u010dno oko 12 \u00b0C ni\u017ee od onih u gradu ispod, pri \u010demu je prole\u0107ni me\u0111uprostor posebno odlo\u017een, jer se majski dnevni maksimumi u planinama zadr\u017eavaju oko 4 \u00b0C, dok Granada ima prosek od 24 \u00b0C.<\/p>\n<p>Nau\u010dna istra\u017eivanja su prona\u0161la izvanredno uto\u010di\u0161te na ovim nadmorskim visinama. Opservatorija Sijera Nevada, opservatorija Kalar Alto i teleskop od 30 metara Instituta za radioastronomiju milimetrik (IRAM) zauzimaju severne padine na otprilike 2.800 metara nadmorske visine. NJihovi teleskopski otvori zaviruju u kosmi\u010dke dubine, neometeni urbanim sjajem i koriste\u0107i prednosti visoke, suve visoravan. U me\u0111uvremenu, ekolo\u0161ki zna\u010daj masiva je odavno priznat: 1986. godine UNESKO ga je proglasio rezervatom biosfere, a 1989. i potom 1999. godine \u0161panska vlada je proglasila opse\u017ena podru\u010dja prvo prirodnim parkom, a kasnije i nacionalnim parkom, kolektivno \u0161tite\u0107i oko 169.239 hektara terena.<\/p>\n<p>Unutar ovog za\u0161ti\u0107enog podru\u010dja nalazi se izuzetan biodiverzitet, \u0161to se delimi\u010dno mo\u017ee pripisati izolaciji venca i postglacijalnim refugijumima. \u0160pansko Ministarstvo za\u0161tite \u017eivotne sredine evidentira 66 endemskih vrsta vaskularnih biljaka \u2013 \u0161to \u010dini skoro jednu petinu evropskog endemizma unutar venca \u2013 i pribli\u017eno 80 autohtonih taksona faune. Ukupna vaskularna flora broji oko 2.100 vi\u0161ih biljaka, \u0161to predstavlja jednu \u010detvrtinu \u0161panskog botani\u010dkog bogatstva. Da bi se za\u0161titilo ovo botani\u010dko nasle\u0111e, nastao je niz instalacija za za\u0161titu: Botani\u010dka ba\u0161ta Kortihuela na donjoj padini planine Trevenke na 1.600 metara, zadu\u017eena za razmno\u017eavanje i prou\u010davanje pribli\u017eno 100 ranjivih ili ugro\u017eenih vrsta, uklju\u010duju\u0107i Pinus sylvestris nevadensis; centar Hoja de Pedraza (osnovan 2007. godine) na 1.980 metara; i Univerzitetska botani\u010dka ba\u0161ta u Hoji de la Mora, osnovana 1965. godine na otprilike 2.500 metara, u potpunosti posve\u0107ena endemskoj flori Sijera Nevade.<\/p>\n<p>LJudska tapiserija ispletena oko planina otkriva ritam tradicionalnog na\u010dina \u017eivota i moderne rekreacije. Generacije lokalnog stanovni\u0161tva obra\u0111ivale su terasaste parcele - boregili koji su pasli \u010dak i iznad 2.000 metara - i \u010duvale stada u obrascima transhumantne stoke koja su sekala sezonske alpske livade. Poljoprivredna mehanizacija se pokazala nemogu\u0107om na strmim nagibima, \u010dime se odr\u017eavalo znanje predaka o kanalima za navodnjavanje i gajevima maslina, breskvi i badema. Pa ipak, poslednjih decenija smo svedoci opipljivog pomeranja ka turizmu, katalizovanog stvaranjem najju\u017enijeg skijali\u0161ta u Evropi i najvi\u0161eg na Iberijskom poluostrvu. Pradoljano, urbanizacija na 2.100 metara, predstavlja najvi\u0161e naselje Andaluzije, pored pirinejskih enklava, a njegove \u017ei\u010dare i staze privla\u010de ljubitelje zimskih sportova koji tra\u017ee pouzdan sneg i obilno sunce.<\/p>\n<p>Istorija transporta u visokim planinskim vencima je podjednako zna\u010dajna. Godine 1935. otvoren je autoput do vrha Velete, koji je stekao status najvi\u0161e vozne rute u \u0160paniji \u2014 i jedno vreme u Evropi \u2014 sve dok gornji deo od Hoja de la Mora do vrha nije zatvoren za saobra\u0107aj 1999. godine. Istovremeno, sezonska Slu\u017eba za tuma\u010denje Visokih vrhova radi, ako vremenski uslovi dozvole, izme\u0111u juna i oktobra, koriste\u0107i minibuseve i vodi\u010de za prevoz posetilaca od univerzitetskog hostela na 2.500 metara do platforme Veleta na 3.100 metara, kao i prevoz planinara na ju\u017enoj padini od Kapileire do Alto del \u010corilja na 2.740 metara.<\/p>\n<p>Pored alpskog skijanja, Puerto de la Ragva \u2014 koji se prostire izme\u0111u provincija Granada i Almerija na 2.000 metara nadmorske visine \u2014 doma\u0107in je staza za skija\u0161ko tr\u010danje, kao i manje poznati koridor Ragva na autoputu A-337. LJubitelji planinarenja mogu pre\u0107i Vereda de la Estrelja, zaobilaze\u0107i izvore reke Henil, ili krenuti na Integral vrhova od 3.000 metara, naporan prelazak iz Herez del Markesada preko skoro svakog vrha iznad 3.000 metara, zahtevaju\u0107i i izdr\u017eljivost i oprez usred zaostalih sne\u017enih polja \u010dak i usred leta. Ruta Sulajr, petlja od 340 kilometara koja okru\u017euje masiv, o\u017eivljava istorijske sto\u010darske staze i pe\u0161a\u010dke staze u itineraru koji su osmislile javne institucije kako bi proslavile i prirodu i nasle\u0111e.<\/p>\n<p>Za one koji tra\u017ee uto\u010di\u0161te pod zvezdama, planinski venac nudi tri skloni\u0161ta sa osobljem: skloni\u0161te Pokeira na 2.500 metara, koje mo\u017ee da primi 87 gostiju na u\u0161\u0107u Muljasena i Rio Seka; Postero Alto na 1.880 metara, sa prostorom za 68 osoba na Loma de Enmedio; i hostel Puerto de la Ragva na 2.000 metara sa 32 le\u017eaja. Ra\u0161trkana skloni\u0161ta i bivaci \u2013 La Karihuela, Elorijeta, Penja Partida, izme\u0111u ostalih \u2013 i dalje su u razli\u010ditom stanju o\u010duvanosti, dok prirodne pe\u0107ine poput Kueva Sekreta i udubljenja Sijete Lagunas svedo\u010de o geolo\u0161koj zanimljivosti planine.<\/p>\n<p>I biciklisti pronalaze izazov i privla\u010dnost u vrtoglavim usponima Sijera Nevade. \u010cuveni uspon iz Mona\u010dila \u2013 koji se penje 2.627 metara preko 45,3 kilometra sa prose\u010dnim nagibom od 5,8 procenata, sa nagibima koji dosti\u017eu 15 procenata \u2013 nudi te\u017eak test pre nego \u0161to se zavr\u0161i ili kod Pradoljana ili kod Piko Velete (3.367 metara). Ruta Gvehar Sijera prote\u017ee se 44,3 kilometra do Velete, sa 2.557 metara uspona sa prose\u010dnim nagibom od 5,77 procenata. Me\u0111uciljevi uklju\u010duju Univerzitetsku botani\u010dku ba\u0161tu Hoja de la Mora i opservatoriju IRAM na 2.850 metara, \u0161to je dokaz nau\u010dnog i estetskog magnetizma ovog planinskog venca.<\/p>\n<p>Mitovi i legende se odvijaju bogato kao i planinske panorame. Pri\u010da o \u0110avoljoj metli evocira lavinu izazvanu demonskim darom, za koji se jo\u0161 uvek ka\u017ee da se sliva sa obronaka vrha Alkazaba u sne\u017enim bujicama. Pri\u010da o laguni Vakares govori o zlo\u010dinu mavarskog princa i suzama princeze ovekove\u010denim u steni, a njihove tu\u017ebalice navodno odjekuju iz zale\u0111enih dubina. Takve narative \u2013 koje nose pastiri, seljani i hodo\u010dasnici \u2013 daju natprirodnu dimenziju pejza\u017eu koji je ve\u0107 oblikovan milenijumima geolo\u0161kih i kulturnih sila.<\/p>\n<p>Na kraju krajeva, Sijera Nevada obuhvata mnogo vi\u0161e od kartografskih obima i ekolo\u0161kih registara. Ona predstavlja arenu gde se klimatski gradijenti, biotska uto\u010di\u0161ta i ljudski poduhvat spajaju. Od drevnih \u0161kriljaca iskrivljenih kontinentalnim sudarima do blistave jasno\u0107e iznad 2.800 metara, od endemskih borova koji se dr\u017ee litica do lavirinta staza koje se vijugaju grebenima i dolinama, planinski lanac zahteva kontinuum istra\u017eivanja - geografskog, nau\u010dnog i humanisti\u010dkog. Ovde le\u017ei uzvi\u0161enje ne samo stena i leda ve\u0107 i intelekta i ma\u0161te: vrhunac prirodne istorije i ljudskih te\u017enji isprepletanih pod andaluzijskim nebom.<\/p>","protected":false},"excerpt":{"rendered":"<p>Sme\u0161tena u velikom planinskom lancu Sijera Nevade u jugoisto\u010dnoj \u0160paniji, skija\u0161ka stanica Sijera Nevada je dokaz harmoni\u010dne me\u0161avine ljudske kreativnosti i prirodne lepote. Sme\u0161ten u provinciji Granada, ovo poznato skijali\u0161te u\u017eiva zadivljuju\u0107u lokaciju na severozapadnim padinama Velete, tre\u0107e najvi\u0161e planine na poluostrvu \u0160panije. Odmarali\u0161te Pradollano je energetski centar ove alpske lokacije, ugo\u0161\u0107uju\u0107i stotine ljubitelja zimskih sportova i prirode tokom cele godine uprkos sezonskom stanovni\u0161tvu.<\/p>","protected":false},"author":1,"featured_media":4260,"parent":13090,"menu_order":0,"comment_status":"closed","ping_status":"closed","template":"elementor_theme","meta":{"_eb_attr":"","footnotes":""},"class_list":["post-13177","page","type-page","status-publish","has-post-thumbnail"],"_links":{"self":[{"href":"https:\/\/travelshelper.com\/sr\/wp-json\/wp\/v2\/pages\/13177","targetHints":{"allow":["GET"]}}],"collection":[{"href":"https:\/\/travelshelper.com\/sr\/wp-json\/wp\/v2\/pages"}],"about":[{"href":"https:\/\/travelshelper.com\/sr\/wp-json\/wp\/v2\/types\/page"}],"author":[{"embeddable":true,"href":"https:\/\/travelshelper.com\/sr\/wp-json\/wp\/v2\/users\/1"}],"replies":[{"embeddable":true,"href":"https:\/\/travelshelper.com\/sr\/wp-json\/wp\/v2\/comments?post=13177"}],"version-history":[{"count":0,"href":"https:\/\/travelshelper.com\/sr\/wp-json\/wp\/v2\/pages\/13177\/revisions"}],"up":[{"embeddable":true,"href":"https:\/\/travelshelper.com\/sr\/wp-json\/wp\/v2\/pages\/13090"}],"wp:featuredmedia":[{"embeddable":true,"href":"https:\/\/travelshelper.com\/sr\/wp-json\/wp\/v2\/media\/4260"}],"wp:attachment":[{"href":"https:\/\/travelshelper.com\/sr\/wp-json\/wp\/v2\/media?parent=13177"}],"curies":[{"name":"wp","href":"https:\/\/api.w.org\/{rel}","templated":true}]}}