{"id":13135,"date":"2024-09-17T13:11:32","date_gmt":"2024-09-17T13:11:32","guid":{"rendered":"https:\/\/travelshelper.com\/staging\/?page_id=13135"},"modified":"2026-03-12T23:31:58","modified_gmt":"2026-03-12T23:31:58","slug":"malaga","status":"publish","type":"page","link":"https:\/\/travelshelper.com\/sr\/destinations\/europe\/spain\/malaga\/","title":{"rendered":"Malaga"},"content":{"rendered":"<p>Malaga, glavni grad istoimene pokrajine u Andaluziji, predstavlja se 2024. godine kao op\u0161tina sa 591.637 stanovnika raspore\u0111ena du\u017e ju\u017ene iberijske obale, \u010diji urbani otisak obuhvataju Alboransko more na jugu i planine Malaga na severoistoku; sme\u0161tena na Kosta del Sol (\u201eObala Sunca\u201c), otprilike 100 kilometara isto\u010dno od Gibraltarskog moreuza i 130 kilometara severno od Afrike, zauzima strate\u0161ki polo\u017eaj na u\u0161\u0107u reka Gvadalmedina i Gvadalhorse, pri \u010demu prva preseca njeno drevno jezgro, a druga prati granicu njenog modernog \u0161irenja.<\/p>\n<p>Od svog osnivanja od strane feni\u010danskih moreplovaca iz Tira oko 770. godine pre nove ere \u2013 pod nazivom Malaka \u2013 grad je svedo\u010dio slojevima civilizacije koji su utisnuli njegovo kamenje i njegov duh. Pod kartaginskom hegemonijom u 6. veku pre nove ere, slu\u017eio je kao \u010dvori\u0161te mediteranske razmene; do 218. godine pre nove ere rimska vlast donela je nevi\u0111eni ekonomski prosperitet, uglavnom kroz industriju garuma koja je slala gradski riblji sos u solji na stolove carstva. Nakon prolaznog vizigotskog i vizantijskog me\u0111uvlada, 8. vek je uveo islamsku vladavinu, tokom koje je Malaga \u2013 preimenovana u Malaka \u2013 cvetala kao deo Al-Andalusa, a njena utvr\u0111enja i sistemi za navodnjavanje odra\u017eavali su domi\u0161ljatost njenih guvernera. Rekonkista je kulminirala 1487. godine kada je Kruna Kastilje preuzela kontrolu usred zavr\u0161nih vreva Granadskog rata, ozna\u010div\u0161i po\u010detak novog poglavlja verske, politi\u010dke i arhitektonske transformacije.<\/p>\n<p>Do 19. veka, industrijalizacija je dovela do brzog tapaciranja fabrika i luka, samo da bi u poslednjim decenijama veka podlegla socioekonomskom povla\u010denju, jer su promene u globalnoj trgovini i lokalnoj upravi dovele do pada. Pa ipak, otpornost grada je o\u010digledna u njegovoj renesansi u 21. veku: turizam, gra\u0111evinarstvo i tehnolo\u0161ke usluge sada \u010dine njegove glavne ekonomske stubove, potkrepljene procvatom transportnih i logisti\u010dkih preduze\u0107a. Tehnolo\u0161ki park Andaluzije \u2014 Malaga TehPark \u2014 kristalizovao je pojavu grada kao tehnolo\u0161kog centra, ugo\u0161\u0107uju\u0107i multinacionalne firme i inkubatore u svojim okolnostima od njegovog otvaranja 1992. godine od strane kralja \u0160panije. Istovremeno, sedi\u0161te Unikahe \u010dini Malagu finansijskim centrom Andaluzije, dok njen rang kao \u010detvrtog ekonomski najaktivnijeg grada u \u0160paniji \u2014 iza Madrida, Barselone i Valensije \u2014 svedo\u010di o diverzifikaciji koja opovrgava svaku ideju o pukom odmarali\u0161tu obasjanom suncem.<\/p>\n<p>Geografski, Malaga je definisana svojim morskim i planinskim okru\u017eenjem. Na severoistoku, Penibetski sistem se uzdi\u017ee u obliku Montes de Malaga, \u010diji se vrh \u2013 Piko Reina \u2013 uzdi\u017ee na 1.031 metar nadmorske visine, a njegove neravne strane kanali\u0161u hladniji vazduh koji ubla\u017eava zimske hladno\u0107e. Unutar isto\u010dne granice op\u0161tine, potok Totalan ocrtava granicu sa Rinkon de la Viktorija, dok Gvadalmedina pravi arteriju kroz centar grada, a njena leva obala obuhvata najstarije \u010detvrti izme\u0111u padina brda Gibralfaro i temelja tvr\u0111ave Alkazaba. Sam Gibralfaro, uzvi\u0161enje od 130 metara krunisano zamkom iz 14. veka, stoji stra\u017ear iznad siluete Malage, spojen sa Alkazabom iz doba Nasrida utvr\u0111enim zidom \u2013 trajnim simbolom ratnog nasle\u0111a grada.<\/p>\n<p>Klima ovde prati mediteranski obrazac vru\u0107ih letnjih meseci (K\u00f6ppen Csa), sa zimama koje su izuzetno blage - prose\u010dni dnevni maksimumi od 17\u201318 \u00b0C od decembra do februara - i letima koja osciluju izme\u0111u vru\u0107ine i umerenog uticaja mediteranskih povetaraca. Sezonska vla\u017enost dosti\u017ee vrhunac krajem leta i po\u010detkom jeseni, jer zagrejane morske vode predaju vlagu vetrovima sa kopna; kada ti vetrovi poslabe, vazduh mo\u017ee biti te\u017ei nego \u0161to termometar sugeri\u0161e, dok ja\u010di udari vetra vra\u0107aju podno\u0161ljiviju toplinu. Malaga u\u017eiva u otprilike 300 sun\u010danih dana godi\u0161nje, uz ne vi\u0161e od \u010detrdeset do \u010detrdeset pet dana padavina, i ima najtopliji zimski re\u017eim od bilo kog evropskog grada sa preko pola miliona stanovnika - \u010dinjenica koja se delimi\u010dno duguje za\u0161titni\u010dkom prisustvu okolnih planina. Prose\u010dne godi\u0161nje temperature iznose 23,6 \u00b0C danju i 14,2 \u00b0C no\u0107u; Temperatura u januaru se kre\u0107e izme\u0111u 14 i 20 \u00b0C tokom dana, a posle sumraka pada na 5\u201310 \u00b0C, dok se u avgustu pod suncem penje na 26\u201334 \u00b0C i no\u0107u ostaje iznad 20 \u00b0C, a more se zagreje na primamljivih 23 \u00b0C.<\/p>\n<p>Nasle\u0111e Malage je veliko u njenim arheolo\u0161kim i arhitektonskim ostacima. U podzemnim galerijama Muzeja Pikaso u Malagi le\u017ee fragmenti feni\u010danskih bedema - prvobitnih gradskih zidina - dok u podno\u017eju Alkazabe, Rimski teatar iz 1. veka pre nove ere, otkriven 1951. godine, ponovo preuzima svoju ulogu evokativnog praga ka antici. Uzdi\u017eu\u0107i se iznad ovih relikvija, uparene tvr\u0111ave Alkazaba i Gibralfaro artikuliraju odbrambenu \u0161emu \u010detvorougaonih zidina, pravougaonih kula i ulaza sa zakrivljenim osama; unutra, Guvernerova palata prve \u010duva dvori\u0161te okru\u017eeno trostrukim lu\u010dnim kapijama i odajama koje jo\u0161 uvek \u010duvaju ostatke svoje nasridske ornamentike. Mirador iz 11. veka, ne ve\u0107i od 2,5 kvadratnih metara i uokviren \u0161koljkastim petodelnim lukovima, pru\u017ea odmeren pogled na masline i borove koji prekrivaju padine. Ispod se nalazi ciklopski bunar koji se uvla\u010di oko \u010detrdeset metara u temeljnu stenu, dok ostaci hamama i radionica evociraju svakodnevne rituale srednjovekovne Malage.<\/p>\n<p>Postrekonkvisti\u010dki duhovni \u017eivot zahvatio je i ove krajeve: Crkva Santijago, primer goti\u010dko-mudeharskog narodnog jezika, integri\u0161e islamske motive u svoje \u0161iljate lukove, a susedna Crkva Sagrario se uzdi\u017ee na mestu nekada\u0161nje d\u017eamije, njen bogato izrezbareni izabelinsko-goti\u010dki portal manifestuje prelazni \u017ear pokrovitelja iz 16. veka. Na drugim mestima, Katedrala Ovaplo\u0107enja \u2013 zami\u0161ljena kao oli\u010denje renesansne simetrije \u2013 pojavila se sa baroknim ukrasima kada su fiskalne potrebe ograni\u010dile njen prvobitni plan, dok Episkopalna palata, zami\u0161ljena u istom idiomu, pokazuje sli\u010dnu stilsku hibridnost. Nekoliko blokova dalje, Bazilika i Kraljevsko svetili\u0161te Santa Marije de la Viktorije, podignuta krajem 17. veka, obavija svoju unutra\u0161njost razra\u0111enim baroknim \u0161tuko radovima, stvaraju\u0107i vertikalne volumene koji istovremeno impresioniraju i obele\u017eavaju.<\/p>\n<p>Pored ovih spomenika, urbana tapiserija Malage pro\u017eeta je ostacima svake epohe: vizantijski temelji, vizigotski fragmenti, arapske rekonstrukcije i \u0161panske renovacije spajaju se unutar sa\u010duvanih gradskih zidina; crkvene znamenitosti poput crkava Svetog Srca, San Felipe Nerija i Svetih mu\u010denika svedo\u010de o gradskom pluralizmu; botani\u010dka ba\u0161ta Konsepsion, sa stazama osen\u010denim suptropskim egzoti\u010dnim biljem, nudi kontrapunkt kultivisanog spokoja; dok pijaca Atarazanas \u2013 sme\u0161tena u strukturi od gvo\u017e\u0111a i stakla iz 19. veka \u2013 vrvi od proizvoda i slane ribe koji povezuju pro\u0161lu trgovinu sa sada\u0161njim apetitom.<\/p>\n<p>Kontemplativni posetilac mo\u017ee se zadr\u017eati na anglikanskom groblju Svetog \u0110or\u0111a, osnovanom 1831. godine kao prvo nekatoli\u010dko groblje na \u0161panskom kopnu, ili na groblju San Migel, gde epitafi pripovedaju narative o izgnanstvu i povratku. \u0160etali\u0161te pored obale prote\u017ee se od \u0161etali\u0161ta obraslog palmama do Muele Uno, gde se jahte za razonodu usidravaju pored obnovljenih skladi\u0161ta, pa sve do arene za borbu bikova La Malageta, \u010dija fasada iz 19. veka ostaje mesto osporavane tradicije. Na istoku, nekada\u0161nje ribarsko selo Pedregaleho zadr\u017eava svoje ku\u0107e sa niskim krovovima, \u010dije fasade su okrenute ka izlasku sunca iznad \u010diringitosa gde sardine i dalje cvr\u010de na otvorenom \u017earu. Kalje Markes de Larios, glavna trgova\u010dka arterija grada, paradira nizom fasada iz 19. veka ispod balkona od kovanog gvo\u017e\u0111a - \u0161etali\u0161te rasko\u0161i koje je u kontrastu sa skromnijim kamenjem starog kvarta.<\/p>\n<p>Demografski, Malaga je porasla sa 68.271 du\u0161e 1842. godine na sada\u0161njih 591.637, apsorbuju\u0107i talase migranata iz \u0160panije i \u0161ire. Broj stranih stanovnika \u2013 43.563 u 2018. godini, koji se pove\u0107ava na 52.334 do 2022. godine \u2013 odra\u017eava kosmopolitski porast: najve\u0107i kontingent dolazi iz Maroka i Ukrajine, a slede zajednice kineskog, paragvajskog, italijanskog, kolumbijskog i venecuelanskog porekla, izme\u0111u ostalih. Ova me\u0161avina oboga\u0107uje dru\u0161tveno tkivo, o\u017eivljavaju\u0107i kulturne festivale, kulinarske ponude i vi\u0161ejezi\u010dni \u017eubor svakodnevnog \u017eivota.<\/p>\n<p>Metropolitanska orbita Malage prote\u017ee se daleko izvan op\u0161tinskih granica. Du\u017e koridora od 827,33 kvadratnih kilometara, obale i brda, oko 1.066.532 stanovnika se okuplja sa gustinom od 1.289 ljudi po kvadratnom kilometru - ova brojka raste na pribli\u017eno 1,3 miliona kada se uklju\u010de gradovi poput Toremolinosa, Benalmadene, Fuenhirole, Mihasa, Marbelje i njihovog zale\u0111a, a potencijalno dosti\u017ee i 1,6 miliona prema lokalnim procenama. Svake godine se bele\u017ei postepeni rast, jer urbanisti i programeri pregovaraju o napetosti izme\u0111u o\u010duvanja i \u0161irenja.<\/p>\n<p>Ulaganje u kulturu postalo je sine kua non strategije Malage za 21. vek. Vi\u0161e od sto miliona evra usmerenih na umetnost tokom decenije podstaklo je dvadeset osam muzeja, od Museo Municipal de Malaga - sme\u0161tenog u obnovljenoj baroknoj bogosloviji - do Museo de Malaga likovnih umetnosti i arheologije, koji se nalazi u neoklasi\u010dnoj Palasio de la Aduana. Muzej Karmen Tisen, otvoren 2011. u Palacio de Viljalon, suprotstavlja \u0161panske slikarske tradicije; Museo Picasso Malaga \u2014 postavljen u Palacio de los Condes de Buenavista iz 16. veka od 2003 \u2014 prikazuje evoluciju njegovog ro\u0111enog sina; i Centar Pompidu Malaga, otvoren 2015. u okviru \u201eEl Cubo\u201c od stakla i \u010delika, postavlja modernisti\u010dke provokacije. Paralelne institucije \u2014 Fondacija Pikaso i Muzej rodnog mesta Pikasa \u2014 bacaju komplementarno svetlo na slikarevo poreklo, dok Kolekcija Ruskih muzeja, tako\u0111e otvorena 2015. godine u Tabakaleri, povezuje Malagu sa Ermita\u017eom u Sankt Peterburgu. Muzej Horhe Rando, posve\u0107en ekspresionizmu, osnovan je iste godine, a ugledni skladi\u0161ta poput Muzeja popularne umetnosti i kostima i dalje ostaju \u010duvari andaluzijske etnografije. Centar savremene umetnosti Malage (CAC M\u00e1laga), otvoren 2003. godine u blizini stanice Alameda, zatvoren je zbog renoviranja 8. septembra 2024. godine bez objavljenog datuma ponovnog otvaranja, \u0161to isti\u010de ponekad napeto upravljanje avangardnim prostorima u gradu.<\/p>\n<p>Povezanost je osnova uloge Malage kao kapije ka Kosta del Solu. Aerodrom Malaga\u2013Kosta del Sol \u2013 me\u0111u najranijim komercijalnim aerodromima u \u0160paniji i najstariji u zemlji u kontinuiranom radu \u2013 opslu\u017eio je 12.813.472 putnika 2008. godine, osiguravaju\u0107i svoju poziciju \u010detvrtog najprometnijeg \u010dvori\u0161ta u zemlji; danas prevozi 85% me\u0111unarodnog saobra\u0107aja Andaluzije, povezuju\u0107i grad sa preko stotinu urbanih destinacija \u0161irom Evrope (od Ujedinjenog Kraljevstva do Isto\u010dne Evrope), Severne Afrike, Bliskog istoka (uklju\u010duju\u0107i Rijad, D\u017dedu i Kuvajt) i Severne Amerike (posebno NJujork, Toronto i Montreal). Transportna \u010dvori\u0161ta \u2013 koja se sastoje od autobusa, prigradske \u017eeleznice i parkinga \u2013 obezbe\u0111uju besprekoran prolaz do centra grada i \u0161ire, dok je \u017eelezni\u010dka veza sa \u0161panskom brzom mre\u017eom u razvoju, otvorena 2007. godine, smanjila vreme putovanja do Madrida i Barselone. Luka Malaga odr\u017eava svoje drevno poreklo \u2014 radi bez prekida od 7. veka pre nove ere \u2014 i 2008. godine je prevezla 428.623 TEU tereta i 642.529 putnika; njena trajektna ruta do Melilje deo je sezonske \u201eOperacije Paso del Estre\u010do\u201c, kada stotine hiljada ljudi prelaze izme\u0111u Evrope i Severne Afrike. Drumske arterije kao \u0161to su A-45 \u2014 koji vodi do Antekere i Kordobe \u2014 i Autovija A-7, koja prati N-340 du\u017e zapadne i isto\u010dne Kosta del Sol, integri\u0161u Malagu u arterijsku mre\u017eu poluostrva.<\/p>\n<p>Iako se \u010desto prikazuje kao suncem obasjan primorski centar \u2014 gde pla\u017ee mame, planinarske staze se uzdi\u017eu do visina obraslih borovima, a butici se ni\u017eu uz pe\u0161a\u010dke \u0161etali\u0161ta \u2014 prava su\u0161tina Malage le\u017ei u me\u0111uigri njene istorije i geografije, tradicije i ambicija. Manje freneti\u010dna od Madrida ili Barselone, ipak deluje magnetski privla\u010dno i kao kulturni svetionik i kao logisti\u010dko sredi\u0161te, njen stari grad nudi intiman susret sa vekovima akumulacije, a njena luka i novi okruzi mapiraju putanju grada ka budu\u0107nosti koja po\u0161tuje njegovu pro\u0161lost, a da nije njome ograni\u010dena. Na svakom trgu, svakom izbo\u010dini drevnog zida ili par\u010detu zlatnog peska, Malaga orkestrira dijalog izme\u0111u epoha \u2014 svaka re\u010denica njenog urbanog narativa odjekuje te\u017einom ljudskog napora i obe\u0107anjem ponovnog otkrivanja.<\/p>","protected":false},"excerpt":{"rendered":"<p>Malaga je op\u0161tina koja se nalazi na ju\u017enoj obali \u0160panije, koja slu\u017ei kao glavni grad provincije Malaga u autonomnoj zajednici Andaluzija. Sa populacijom od 578.460 od 2020. godine, zauzima \u0161esto mesto me\u0111u svim gradovima u \u0160paniji i drugo me\u0111u svim gradovima u Andaluziji. Strate\u0161ki sme\u0161ten u ju\u017enoj Iberiji, ovo obalno blago krasi dobro poznatu Kosta del Sol (\u201eObala sunca\u201c) du\u017e Sredozemnog mora. Prvobitno zauzimaju\u0107i levu obalu reke Gvadalhorse i prostire se na podru\u010dju izme\u0111u veli\u010danstvenog brda Gibralfaro i reke Gvadalmedina, urbano srce grada je istorijski raslo u jedinstvenom geografskom kontekstu.<\/p>","protected":false},"author":1,"featured_media":3383,"parent":13090,"menu_order":0,"comment_status":"closed","ping_status":"closed","template":"elementor_theme","meta":{"_eb_attr":"","footnotes":""},"class_list":["post-13135","page","type-page","status-publish","has-post-thumbnail"],"_links":{"self":[{"href":"https:\/\/travelshelper.com\/sr\/wp-json\/wp\/v2\/pages\/13135","targetHints":{"allow":["GET"]}}],"collection":[{"href":"https:\/\/travelshelper.com\/sr\/wp-json\/wp\/v2\/pages"}],"about":[{"href":"https:\/\/travelshelper.com\/sr\/wp-json\/wp\/v2\/types\/page"}],"author":[{"embeddable":true,"href":"https:\/\/travelshelper.com\/sr\/wp-json\/wp\/v2\/users\/1"}],"replies":[{"embeddable":true,"href":"https:\/\/travelshelper.com\/sr\/wp-json\/wp\/v2\/comments?post=13135"}],"version-history":[{"count":0,"href":"https:\/\/travelshelper.com\/sr\/wp-json\/wp\/v2\/pages\/13135\/revisions"}],"up":[{"embeddable":true,"href":"https:\/\/travelshelper.com\/sr\/wp-json\/wp\/v2\/pages\/13090"}],"wp:featuredmedia":[{"embeddable":true,"href":"https:\/\/travelshelper.com\/sr\/wp-json\/wp\/v2\/media\/3383"}],"wp:attachment":[{"href":"https:\/\/travelshelper.com\/sr\/wp-json\/wp\/v2\/media?parent=13135"}],"curies":[{"name":"wp","href":"https:\/\/api.w.org\/{rel}","templated":true}]}}