{"id":13072,"date":"2024-09-17T12:09:27","date_gmt":"2024-09-17T12:09:27","guid":{"rendered":"https:\/\/travelshelper.com\/staging\/?page_id=13072"},"modified":"2026-03-12T23:47:06","modified_gmt":"2026-03-12T23:47:06","slug":"andermat","status":"publish","type":"page","link":"https:\/\/travelshelper.com\/sr\/destinations\/europe\/switzerland\/andermatt\/","title":{"rendered":"Andermat"},"content":{"rendered":"<p>Andermat, planinsko selo i op\u0161tina sme\u0161tena na 1.437 metara nadmorske visine, zauzima centralni polo\u017eaj unutar masiva Sen Gotard, slu\u017ee\u0107i kao istorijska veza \u0161vajcarskih puteva sever-jug i istok-zapad; sa populacijom od 1.527 stanovnika od 2020. godine i povr\u0161inom od 62,2 kvadratna kilometra, nalazi se oko 28 kilometara ju\u017eno od Altdorfa, kantonalne prestonice Urija, usidrena na izvori\u0161tu reke Rojs u dolini Urseren.<\/p>\n<p>Okru\u017een vrhovima Adula Alpa, Andermat predstavlja sliku alpskog terena u kojem 40,8% zemlji\u0161ta slu\u017ei poljoprivrednim svrhama, a 5,5% ostaje prekriveno \u0161umom, dok je 52% neproduktivno, definisano rekama, gle\u010derima i strmim padinama; ovaj sastav, izmeren u istra\u017eivanju iz 2006. godine, odra\u017eava dolinu oblikovanu glacijalnom aktivno\u0161\u0107u i vekovima pastoralne upotrebe, gde alpske livade ustupaju mesto stenovitim izdancima previ\u0161e neravnim za vegetaciju, a uski hodnici usmeravaju Rojs ka klisuri \u0160elenen, strmom spustu koji povezuje selo sa Ge\u0161enenom i, na kraju, sa Urnerzeom na jezeru Lucern.<\/p>\n<p>Od svog nastanka kao koridora koji povezuje isto\u010dne kantone poput Graubindena (kroz prevoj Oberalp na 2.044 metra) i zapadne regione, uklju\u010duju\u0107i Vale (preko prevoja Furka na 2.436 metara), do svoje uloge u povezivanju Ti\u010dina preko prevoja Sveti Gotard na 2.106 metara, Andermat je odr\u017eao svoju funkciju raskrsnice puteva od po\u010detka trinaestog veka, kada je otvaranje \u0160elenenske rute formalizovalo Gotardsku vezu; ovi planinski prolazi - zajedno sa impozantnom \u0160elenenskom klisurom koja nosi \u0110avolji most - uokvirili su selo kao ta\u010dku i \u010duvara alpskog tranzita.<\/p>\n<p>Arheolo\u0161ki dokazi ukazuju na ljudsko prisustvo u dolini Urseren jo\u0161 4000. godine pre nove ere, a neolitski artefakti svedo\u010de o naseljavanju naroda lovaca-sakuplja\u010da; tokom rimske vladavine, visoka dolina je verovatno bila doma\u0107in helvetskim keltskim plemenima, iako temelji dana\u0161njeg Andermata poti\u010du od alemanskih Valser migranata koji su, tra\u017ee\u0107i pa\u0161njake i uto\u010di\u0161te na velikoj nadmorskoj visini, osnovali zaseoke koji bi se spojili oko skromne parohije pomenute 1203. godine kao \u201ede Prato\u201c, a kasnije, 1290. godine, kao \u201eA der Matte\u201c.<\/p>\n<p>Povezanost sa benediktinskom opatijom Disentis vekovima je upravljala lokalnim \u017eivotom; crkveni nadzor je trajao sve do 1649. godine, kada je novonastala \u0160vajcarska Konfederacija prenela duhovnu jurisdikciju u civilne ruke, \u0161to je odra\u017eavalo \u0161ire promene u \u0161vajcarskoj upravljanju. Ipak, strate\u0161ki zna\u010daj doline protezao se izvan sve\u0161teni\u010dkih pitanja: na dan Svetog Patrika 1608. godine, irski grofovi koji su putovali preko prevoja Sveti Gotard navodno su izgubili blago zlata kod \u0110avoljeg mosta, incident koji je ovekove\u010den u lokalnim predanjima kao Izgubljeno blago prevoja Sveti Gotard, iako nije zabele\u017een nikakav pronalazak.<\/p>\n<p>Topografija \u0160elenena prenosi vi\u0161e od mita, jer je 1799. godine ruski general Aleksandar Suvorov predvodio trupe kroz klisuru tokom svoje alpske kampanje; komemorativni spomenik u blizini Andermata odaje po\u010dast napornom prelasku, a na njegovom poliranom kamenu ispisano je se\u0107anje na vojnike koji su izdr\u017eali zahteve planine. Dve decenije kasnije, od 1818. do 1831. godine, ruta Svetog Gotarda postala je odr\u017eiva za putovanje dili\u017eansama; kao poslednje uto\u010di\u0161te pre vrha, Andermat je imao koristi od procvata banjske ekonomije, a posetioce su privla\u010dili termalni tretmani i obe\u0107anje zdravog vazduha.<\/p>\n<p>Otvaranje \u017eelezni\u010dkog tunela Sveti Gotard 1881. godine preusmerilo je tranzit ispod dna doline, potopiv\u0161i ulogu Andermata kao glavne alpske saobra\u0107ajnice; izgradnja, koja je odnela \u017eivote me\u0111u lokalnim radnicima i izazvala nemire ugu\u0161ene vojnom intervencijom, uvela je eru u kojoj su vozovi zaobilazili selo iznad. Ipak, Andermat se prilagodio: do 1885. godine \u0160vajcarska federalna vojska ga je proglasila garnizonskim gradom, podigla podzemne komandne objekte dizajnirane za otpornost u ratno vreme, a kasnije osnovala centar za obuku koji i dalje slu\u017ei kao mesto vojne obuke.<\/p>\n<p>Planovi za izgradnju brane u dolini Urseren za hidroelektrane napredovali su 1946. godine, \u0161to je izazvalo odlu\u010dno protivljenje koje je do 1950. godine zaustavilo razvoj unutar Andermata i preusmerilo projekat na susedni Ge\u0161enertal; ova epizoda nagla\u0161ava lokalnu posve\u0107enost o\u010duvanju pejza\u017ea, \u010dak i dok je dolina trpela izazove zbog nestabilnosti prirode, posebno tokom zime 1951. i 1975. godine kada su lavine pogo\u0111ene stambenim sektorima, nanose\u0107i \u0161tetu i odnose\u0107i \u017eivote.<\/p>\n<p>Ekonomska sre\u0107a je opadala do 1930-ih, jer se alpski turizam okrenuo ka ve\u0107 uspostavljenim odmarali\u0161tima, a mnogi hoteli u Ursentalu - me\u0111u njima i oni koje je izgradila porodica Miler, vlasnici Grand hotela Belvi i drugih objekata koji su nekada bili ispunjeni dolinom - za\u0107utali su ili promenili namenu; sam Belvi, pretvoren u apartmane 1970-ih, stajao je napu\u0161ten do 1990. godine pre kontrolisanog ru\u0161enja.<\/p>\n<p>Ponovni uspon dogodio se krajem dvadesetog veka, kada se Andermat repozicionirao kao alternativa luksuznim skija\u0161kim destinacijama, prihvativ\u0161i strategiju razvoja koja je povezala padine sela Net\u0161en sa Gem\u0161tokom na njegovoj ju\u017enoj strani i, preko Gle\u010der Ekspresa, povezala se sa Sedrunom i Disentisom kako bi se formirala me\u0111usobno povezana mre\u017ea odmarali\u0161ta koja rade tokom cele sezone. Savez Andermat-Sedrun-Dizentis, ujedinjen pod pokroviteljstvom \u017ei\u010dare Materhorn Gotard, odra\u017eava te\u017enje dvadeset prvog veka, potkrepljene \u017eelezni\u010dkom dostupno\u0161\u0107u koja dodatno integri\u0161e Net\u0161en sa stazama Oberalpa - trenutno dostupnim samo vozom - i obe\u0107ava pro\u0161irene skija\u0161ke rute.<\/p>\n<p>Ovu transformaciju pratili su podsticaji za nekretnine; izuzet od ograni\u010denja Leksa Kolera saveznim dekretom iz 2006. godine, Andermat \u0160vajcarski Alpi je dozvolio stranim dr\u017eavljanima da sti\u010du imovinu bez posebne dozvole do 2040. godine, omogu\u0107avaju\u0107i investiciju od 1,8 milijardi \u0161vajcarskih franaka koju je predvodio preduzetnik Samih Saviris i privla\u010de\u0107i me\u0111unarodne kupce, posebno ameri\u010dke investitore \u010dije su kupovine stanova po\u010detkom 2025. godine, vredne 14,2 miliona \u0161vajcarskih franaka, odgovorile na geopoliti\u010dke neizvesnosti u inostranstvu.<\/p>\n<p>Demografski, selo je menjalo broj stanovnika: od 605 stanovnika 1799. do 1.589 1970. godine, zatim se smanjilo na 1.282 do 2000. godine i prilagodilo se na 1.527 krajem 2020. godine. Nema\u010dki jezik preovladava kao lokalni jezik (95,2% od 2000. godine), pra\u0107en skromnim portugalskim i italijanskim zajednicama, a desetina stanovnika ima dr\u017eavljanstvo koje nije \u0161vajcarsko; obrazovna dostignu\u0107a su zna\u010dajna, sa tri \u010detvrtine onih starosti od 25 do 64 godine koji su zavr\u0161ili srednje ili visoko obrazovanje, a stopa nezaposlenosti je ispod jednog procenta. Ekonomski gledano, primarni sektor zapo\u0161ljava pedeset jednog radnika u dvadeset dva preduze\u0107a, sekundarni sektor zapo\u0161ljava devedeset pojedinaca u trinaest kompanija, a tercijarna sfera odr\u017eava 599 zaposlenih u sedamdeset osam preduze\u0107a.<\/p>\n<p>Klimatski, Andermat do\u017eivljava subarkti\u010dki re\u017eim (\u201edfc\u201c prema Kepenu), sa godi\u0161njim prosekom od 139,4 vla\u017enih dana koji daju 1.423 milimetra padavina izme\u0111u 1991. i 2020. godine; novembar bele\u017ei najve\u0107u koli\u010dinu padavina sa 142 milimetra tokom 11,8 dana, jun bele\u017ei naj\u010de\u0161\u0107e padavine sa 13,2 dana i 131 milimetar, a februar ostaje najsu\u0161niji, sa 91 milimetar tokom 11,4 dana.<\/p>\n<p>Zimska rekreacija okru\u017euje dva glavna skija\u0161ka podru\u010dja: Net\u0161en, koji se uzdi\u017ee na severoistoku i do kog se mo\u017ee do\u0107i \u017eeleznicom, i Gem\u0161tok na jugu, koji nude staze sa \u017ei\u010darama i staze u dolini koje su u funkciji do sredine marta; ljubitelji cene spustove van staza i uslove dubokog snega koji karakteri\u0161u ove planine, a strate\u0161ki planovi predvi\u0111aju objedinjene skija\u0161ke krugove koji uklju\u010duju staze Oberalpa.<\/p>\n<p>U kulturnom smislu, Andermat je predstavio namenski izgra\u0111enu koncertnu dvoranu, prvo umetni\u010dko mesto zami\u0161ljeno posebno za alpsko selo, otvoreno pod dirigentskom palicom Konstantinosa Karidisa koji vodi Berlinsku filharmoniju; projektovana od strane Kristine Zajlern i finansirana od strane Savirisa, dvorana ozna\u010dava evoluciju Andermata od tranzitnog \u010dvori\u0161ta do mesta alpske umetnosti, potvr\u0111uju\u0107i njegovu sposobnost da ugosti nastupe me\u0111unarodnog kalibra u svom planinskom okru\u017eenju.<\/p>\n<p>Kroz svoju hronologiju, Andermat je prolazio kroz promenljive struje tranzita, sukoba i trgovine, \u010duvaju\u0107i prepoznatljiv alpski karakter \u010dak i dok se njegova ekonomija i dru\u0161tvo prilago\u0111avaju modernim imperativima. NJegova dolina, ispresecana drevnim putevima i modernom \u017eeleznicom, uravnote\u017eena izme\u0111u obra\u0111ivanog i neravnog terena, ostaje simbol \u0161vajcarske slo\u017eene interakcije topografije i ljudskog napora, pozivaju\u0107i na posmatranje koje prevazilazi puki turizam kako bi se razmotrila izdr\u017eljivost zajednica na velikim nadmorskim visinama.<\/p>\n<table>\n<thead>\n<tr>\n<th>Kategorija<\/th>\n<th>Informacije<\/th>\n<\/tr>\n<\/thead>\n<tbody>\n<tr>\n<td>Lokacija<\/td>\n<td>Andermat, \u0160vajcarska (Centralna \u0160vajcarska, Uri)<\/td>\n<\/tr>\n<tr>\n<td>\u0420\u0435\u0441\u043e\u0440\u0442 \u0410\u043b\u0442\u0438\u0442\u0443\u0434\u0435<\/td>\n<td>1.444 m \u2013 2.600 m (4.738 ft \u2013 8.530 ft)<\/td>\n<\/tr>\n<tr>\n<td>Skija\u0161ka sezona<\/td>\n<td>Od sredine decembra do po\u010detka aprila<\/td>\n<\/tr>\n<tr>\n<td>Cene ski karata<\/td>\n<td>Odrasli: CHF 89 (\u20ac95), Mladi: CHF 63 (\u20ac67), Deca: CHF 45 (\u20ac48)<\/td>\n<\/tr>\n<tr>\n<td>Radno vreme<\/td>\n<td>08:45 &#8211; 16:45<\/td>\n<\/tr>\n<tr>\n<td>Broj staza<\/td>\n<td>Ukupno 70 km (43,5 milja).<\/td>\n<\/tr>\n<tr>\n<td>Ukupna du\u017eina staze<\/td>\n<td>70 km (43,5 milja)<\/td>\n<\/tr>\n<tr>\n<td>\u041d\u0430\u0458\u0434\u0443\u0436\u0435 \u0442\u0440\u0447\u0430\u045a\u0435<\/td>\n<td>Nije navedeno u podacima<\/td>\n<\/tr>\n<tr>\n<td>\u0415\u0430\u0441\u0438 \u0421\u043b\u043e\u043f\u0435\u0441<\/td>\n<td>18 km (26%)<\/td>\n<\/tr>\n<tr>\n<td>\u0423\u043c\u0435\u0440\u0435\u043d\u0435 \u043f\u0430\u0434\u0438\u043d\u0435<\/td>\n<td>40 km (57%)<\/td>\n<\/tr>\n<tr>\n<td>\u0410\u0434\u0432\u0430\u043d\u0446\u0435\u0434 \u0421\u043b\u043e\u043f\u0435\u0441<\/td>\n<td>12 km (17%)<\/td>\n<\/tr>\n<tr>\n<td>\u0421\u043c\u0435\u0440\u043d\u0438\u0446\u0435 \u0437\u0430 \u043f\u0430\u0434\u0438\u043d\u0435<\/td>\n<td>\/<\/td>\n<\/tr>\n<tr>\n<td>No\u0107no skijanje<\/td>\n<td>Dostupno (SnovNight Sedrun)<\/td>\n<\/tr>\n<tr>\n<td>\u041f\u0440\u0430\u0432\u0459\u0435\u045a\u0435 \u0441\u043d\u0435\u0433\u0430<\/td>\n<td>Dostupan<\/td>\n<\/tr>\n<tr>\n<td>\u0422\u043e\u0442\u0430\u043b \u041b\u0438\u0444\u0442\u0441<\/td>\n<td>13<\/td>\n<\/tr>\n<tr>\n<td>\u0423\u043f\u0445\u0438\u043b\u043b \u0426\u0430\u043f\u0430\u0446\u0438\u0442\u0438<\/td>\n<td>\/<\/td>\n<\/tr>\n<tr>\n<td>\u0425\u0438\u0433\u0445\u0435\u0441\u0442 \u041b\u0438\u0444\u0442<\/td>\n<td>2.600 m (8.530 stopa)<\/td>\n<\/tr>\n<tr>\n<td>Gondole\/\u017ei\u010dare<\/td>\n<td>1<\/td>\n<\/tr>\n<tr>\n<td>\u0421\u0435\u0434\u0435\u0436\u043d\u0438\u0446\u0435<\/td>\n<td>3<\/td>\n<\/tr>\n<tr>\n<td>\u0414\u0440\u0430\u0433 \u041b\u0438\u0444\u0442\u0441<\/td>\n<td>8<\/td>\n<\/tr>\n<tr>\n<td>\u0421\u043d\u0435\u0436\u043d\u0438 \u043f\u0430\u0440\u043a\u043e\u0432\u0438<\/td>\n<td>Dostupan<\/td>\n<\/tr>\n<tr>\n<td>Iznajmljivanje skija<\/td>\n<td>Dostupan<\/td>\n<\/tr>\n<tr>\n<td>\u041f\u043e\u0441\u043b\u0435 \u0441\u043a\u0438\u0458\u0430\u045a\u0430<\/td>\n<td>Dostupno (ocenjeno kao glavna karakteristika)<\/td>\n<\/tr>\n<\/tbody>\n<\/table>\n<article>\n<\/article>","protected":false},"excerpt":{"rendered":"<p>Andermat, koji se nalazi u \u0161vajcarskim Alpima, svedo\u010di o trajnoj privla\u010dnosti planinskih sela u \u0160vajcarskoj. Sme\u0161ten u kantonu Uri, ovaj ljupki grad ima populaciju od skoro 1.500 ljudi i deluje kao vitalna raskrsnica u slo\u017eenom tkivu \u0161vajcarske geografije. Uzdi\u017eu\u0107i se na 1.437 metara (4.715 stopa) iznad nivoa mora, Andermat je epicentar masiva Sen Gotar, geolo\u0161ke formacije koja je oblikovala ne samo fizi\u010dki teren ve\u0107 i istorijsku i kulturnu vrednost ovog podru\u010dja.<\/p>","protected":false},"author":1,"featured_media":2748,"parent":12907,"menu_order":0,"comment_status":"closed","ping_status":"closed","template":"elementor_theme","meta":{"_eb_attr":"","footnotes":""},"class_list":["post-13072","page","type-page","status-publish","has-post-thumbnail"],"_links":{"self":[{"href":"https:\/\/travelshelper.com\/sr\/wp-json\/wp\/v2\/pages\/13072","targetHints":{"allow":["GET"]}}],"collection":[{"href":"https:\/\/travelshelper.com\/sr\/wp-json\/wp\/v2\/pages"}],"about":[{"href":"https:\/\/travelshelper.com\/sr\/wp-json\/wp\/v2\/types\/page"}],"author":[{"embeddable":true,"href":"https:\/\/travelshelper.com\/sr\/wp-json\/wp\/v2\/users\/1"}],"replies":[{"embeddable":true,"href":"https:\/\/travelshelper.com\/sr\/wp-json\/wp\/v2\/comments?post=13072"}],"version-history":[{"count":0,"href":"https:\/\/travelshelper.com\/sr\/wp-json\/wp\/v2\/pages\/13072\/revisions"}],"up":[{"embeddable":true,"href":"https:\/\/travelshelper.com\/sr\/wp-json\/wp\/v2\/pages\/12907"}],"wp:featuredmedia":[{"embeddable":true,"href":"https:\/\/travelshelper.com\/sr\/wp-json\/wp\/v2\/media\/2748"}],"wp:attachment":[{"href":"https:\/\/travelshelper.com\/sr\/wp-json\/wp\/v2\/media?parent=13072"}],"curies":[{"name":"wp","href":"https:\/\/api.w.org\/{rel}","templated":true}]}}