{"id":12907,"date":"2024-09-17T00:26:15","date_gmt":"2024-09-17T00:26:15","guid":{"rendered":"https:\/\/travelshelper.com\/staging\/?page_id=12907"},"modified":"2026-03-12T23:47:53","modified_gmt":"2026-03-12T23:47:53","slug":"svajcarska","status":"publish","type":"page","link":"https:\/\/travelshelper.com\/sr\/destinations\/europe\/switzerland\/","title":{"rendered":"\u0160vajcarska"},"content":{"rendered":"<p>\u0160vajcarska se predstavlja kao kompaktna dr\u017eava od 41.285 kvadratnih kilometara sme\u0161tena u zapadno-centralnoj Evropi, sa granicama sa Italijom na jugu, Francuskom na zapadu, Nema\u010dkom na severu i Austrijom i Lihten\u0161tajnom na istoku. Dom od pribli\u017eno devet miliona stanovnika, \u0160vajcarska Konfederacija ujedinjuje razli\u010dite jezi\u010dke i kulturne regione - nema\u010dki, francuski, italijanski i roman\u0161ki - pod federalnom strukturom koju \u010dini 26 kantona, a Bern slu\u017ei kao sedi\u0161te federalne vlasti. Geografski podeljena izme\u0111u \u0160vajcarske visoravni, Alpa i Jure, nacija koncentri\u0161e svoje stanovni\u0161tvo i glavne urbane centre - Cirih, \u017denevu i Lozanu - na visoravni, dok visoki Alpi zauzimaju ve\u0107i deo teritorije.<\/p>\n<p>Od svojih po\u010detaka krajem trinaestog veka kao odbrambenog i trgovinskog saveza sklopljenog Federalnom poveljom iz 1291. godine, \u0160vajcarska je evoluirala kroz cikluse spoljnih izazova i unutra\u0161nje transformacije da bi se pojavila kao republika koju odlikuju principi federalizma i direktne demokratije. Vestfalski mir iz 1648. godine priznao je nezavisnost konfederacije od Svetog rimskog carstva, uspostavljaju\u0107i je me\u0111u retkim trajnim republikama rane moderne Evrope. Previranja krajem osamnaestog i po\u010detkom devetnaestog veka \u2013 obele\u017eena nametanjem i naknadnim raspadom Helvetske republike pod Napoleonovim pokroviteljstvom \u2013 kulminirala su ustavom iz 1848. godine, koji je u\u010dvrstio individualna prava, podelu vlasti i dvodomnu parlamentarnu upravu, \u010dime su postavljeni temelji moderne federalne dr\u017eave.<\/p>\n<p>\u0160vajcarska trajna politika oru\u017eane neutralnosti, odr\u017eavana od \u0161esnaestog veka i neprekinuta me\u0111unarodnim sukobima od 1815. godine, temelj je njene uloge u globalnoj diplomatiji. Iako je Konfederacija pristupila Ujedinjenim nacijama tek 2002. godine, ona odr\u017eava aktivnu spoljnu politiku kroz u\u010de\u0161\u0107e u naporima za izgradnju mira i globalno upravljanje. Crveni krst, osnovan u \u017denevi 1863. godine, i prisustvo glavnih me\u0111unarodnih institucija - me\u0111u kojima su Svetska trgovinska organizacija, Svetska zdravstvena organizacija, Me\u0111unarodna organizacija rada, FIFA, Svetski ekonomski forum i kancelarije Ujedinjenih nacija - potvr\u0111uju status \u0160vajcarske kao sredi\u0161ta multilateralnog anga\u017eovanja. Kao osniva\u010d Evropskog udru\u017eenja za slobodnu trgovinu, \u0160vajcarska ostaje van Evropske unije, Evropskog ekonomskog prostora i evrozone, ali u\u010destvuje u jedinstvenom evropskom tr\u017ei\u0161tu i \u0160engenskom prostoru putem bilateralnih sporazuma.<\/p>\n<p>Ekonomski, Konfederacija se nalazi me\u0111u najrazvijenijim zemljama sveta. Ima najve\u0107e nominalno bogatstvo po odrasloj osobi i zauzima poziciju me\u0111u vode\u0107im ekonomijama po glavi stanovnika po bruto doma\u0107em proizvodu. Indeksi konkurentnosti, metrike demokratskog upravljanja i procene slobode \u0161tampe svrstavaju \u0160vajcarsku u vode\u0107i rang zemalja. Cirih, \u017deneva i Bazel se konstantno nalaze na rang listama kvaliteta \u017eivota, uprkos istovremenim statusom ovih centara me\u0111u svetskim gradovima sa visokim tro\u0161kovima \u017eivota. Bankarski sektor zemlje i specijalizovane industrije - posebno precizna izrada satova i proizvodnja \u010dokolade - dugo su oblikovale njen me\u0111unarodni ugled i doprinele njenoj poziciji trinaestog najve\u0107eg izvoznika u svetu i petog najve\u0107eg izvoznika po glavi stanovnika.<\/p>\n<p>Topografski, \u0160vajcarska se prostire izme\u0111u 45\u00b0 i 48\u00b0 severne geografske \u0161irine i 5\u00b0 i 11\u00b0 isto\u010dne geografske du\u017eine, obuhvataju\u0107i tri glavna regiona. Na jugu, \u0160vajcarski Alpi \u010dine skoro \u0161ezdeset procenata nacionalne teritorije, uzdi\u017eu\u0107i se do nadmorske visine ve\u0107e od \u010detiri hiljade metara na \u010detrdeset osam vrhova. Monte Rosa dosti\u017ee 4.634 metra, dok Materhorn - sa 4.478 metara - zaslu\u017euje kultnu prepoznatljivost. Peninski Alpi tako\u0111e su izvori\u0161te velikih reka - Rajne, In, Ti\u010dina i Rone - koje se razilaze prema svim stranama kompasa, odr\u017eavaju\u0107i evropsku hidrografsku mre\u017eu i hrane \u017denevsko jezero (Lemansko jezero), Bodensko jezero (Bodenze) i jezero Ma\u0111ore. Gle\u010deri pokrivaju oko 1.063 kvadratna kilometra, a hiljadu i po jezera u zemlji \u010dine \u0161est procenata evropskih slatkovodnih zaliha. Opse\u017ena regulacija reke \u2013 kanalizacija, izgradnja brana i podzemni prenos vode \u2013 ubla\u017eava rizike od poplava, klizi\u0161ta i lavina, dok podzemne vode obezbe\u0111uju osamdeset procenata vode za pi\u0107e.<\/p>\n<p>Severno od visokih Alpa, \u0160vajcarska visoravan se prostire kroz valovite pa\u0161njake, vo\u0107njake i \u0161ume, a njeno zemlji\u0161te je plodno za useve i podr\u017eava ispa\u0161u stoke. Na visoravan se nalaze glavne urbane aglomeracije i ve\u0107ina stanovni\u0161tva od devet miliona ljudi. Na severozapadu, planine Jura predstavljaju ni\u017ei, delimi\u010dno po\u0161umljeni venac. Unutar ovih regiona nalaze se dve enklave - Bizingen, kojom upravlja Nema\u010dka, i Kampione d&#039;Italija, kojom upravlja Italija - svaka u potpunosti okru\u017eena \u0161vajcarskom teritorijom.<\/p>\n<p>Klimatski, umereni re\u017eim Konfederacije zna\u010dajno varira sa nadmorskom visinom. Alpske visine tokom cele godine trpe glacijalne uslove, dok ni\u017ee ju\u017ene doline do\u017eivljavaju skoro mediteransku toplinu, \u0161to omogu\u0107ava rast palmi otpornih na hladno\u0107u u osamljenim udubljenjima. Letnji meseci donose toplinu i epizodne padavine korisne za pastoralno zemlji\u0161te, dok stabilni zimski anticiklonalni uslovi u planinama mogu zarobiti hladniji vazduh ispod, stvaraju\u0107i inverzne slojeve koji zaklanjaju sun\u010devu svetlost u dolinama. Fenomen fena - neobi\u010dno topao, suv vetar koji se spu\u0161ta niz severne padine tokom padavina okrenutih ka jugu - mo\u017ee se javiti tokom cele godine, a njegovi efekti su najizra\u017eeniji u dolinama koje se nalaze u pravcu jug-sever. Unutra\u0161nji alpski baseni, poput onih u Graubindenu i Valeu, trpe manje padavina, uslove koji su podr\u017eavali vinogradarstvo jo\u0161 od rimskog doba i nastavljaju da daju vina - uglavnom \u0160aslu u vinogradima po imenu Fendan i Pino Noar, dok Merlo dominira u italijanskom kantonu Ti\u010dino. Najvla\u017enija mesta nalaze se u visokim Alpima i Ti\u010dinu, gde sporadi\u010dne, intenzivne oluje isprekidaju duge sun\u010dane intervale.<\/p>\n<p>Politi\u010dka struktura po\u010diva na federaciji od 26 kantona, od kojih svaki ima svoj ustav, parlament, vladu, sudstvo i policiju. Broj stanovnika kantona kre\u0107e se od ne\u0161to vi\u0161e od \u0161esnaest hiljada u Apencel Anerrodenu do skoro 1,5 miliona u Cirihu, dok njihov teritorijalni obim varira od \u010detrnaest kvadratnih milja u Bazel-\u0160tatu do 7.105 kvadratnih kilometara u Graubindenu. Prema Saveznom ustavu, svaki kanton ima paritet u statusu, osim \u0161est \u201epolukantona\u201c \u010dija je zastupljenost u Savetu dr\u017eava prepolovljena.<\/p>\n<p>Saobra\u0107ajna infrastruktura odra\u017eava posve\u0107enost Konfederacije povezanosti i odr\u017eivosti. NJena \u017eelezni\u010dka mre\u017ea \u2013 duga\u010dka pet hiljada dvesta pedeset kilometara i prakti\u010dno potpuno elektrificirana \u2013 prevozi preko \u0161est stotina miliona putnika godi\u0161nje. U 2015. godini, stanovnici \u0160vajcarske su godi\u0161nje putovali u proseku 2.550 kilometara \u017eeleznicom, \u0161to je evropski rekord. Dr\u017eavne \u0160vajcarske federalne \u017eeleznice upravljaju \u0161ezdeset procenata mre\u017ee standardnog koloseka, dok kompanije poput BLS AG, Retijske \u017eeleznice i Materhorn Gotard Ban opslu\u017euju dodatne rute, uklju\u010duju\u0107i linije koje je priznao UNESKO i Gle\u010der Ekspres. Centralni za alpski tranzit, Bazni tunel Gotard prostire se na 57,1 kilometar ispod Alpa, pojavljuju\u0107i se kao najdu\u017ei i najdublji \u017eelezni\u010dki tunel na svetu i formiraju\u0107i jezgro Nove \u017eelezni\u010dke veze kroz Alpe. Autoputevi, besplatni, ali regulisani godi\u0161njom obavezom pla\u0107anja vinjete, prote\u017eu se 1.638 kilometara, \u0161to ih svrstava me\u0111u najgu\u0161\u0107e autoputske sisteme na svetu.<\/p>\n<p>Vazdu\u0161ni saobra\u0107aj uglavnom opslu\u017euje aerodrom Cirih, koji je 2012. godine opslu\u017eio dvadeset dva, osam miliona putnika, a zatim slede aerodromi \u017deneva, Evroaerodrom Bazel Miluz Frajburg, Bern, Lugano, Sankt Galen-Altenrajn i Sion. Svis Interne\u0161enel Erlajns \u2014 sa sedi\u0161tem u Bazelu i \u010dvori\u0161tem u Cirihu \u2014 funkcioni\u0161e kao nacionalni prevoznik.<\/p>\n<p>Demografski gledano, stanovni\u0161tvo \u0160vajcarske se u\u010detvorostru\u010dilo izme\u0111u 1800. i 1990. godine, podstaknuto industrijalizacijom i imigracijom. Trenutne projekcije predvi\u0111aju kontinuirani rast do 2035. godine, prvenstveno zahvaljuju\u0107i doseljenim stanovnicima. Stopa fertiliteta je blizu nivoa zamene stanovni\u0161tva, a srednja starost od \u010detrdeset \u010detiri i po godine ozna\u010dava jednu od najstarijih nacionalnih populacija na svetu. Etni\u010dki gledano, \u0161vajcarski dr\u017eavljani \u010dine otprilike \u0161ezdeset devet procenata stanovni\u0161tva, dok nema\u010dke, italijanske, portugalske, francuske, kosovske, turske i druge zajednice \u010dine ostatak, zajedno sa romskom manjinom koja se procenjuje na trideset hiljada. Strani dr\u017eavljani \u010dine jednu \u010detvrtinu od skoro devet miliona stanovni\u0161tva, predstavljaju\u0107i neuobi\u010dajenu \u0161irinu globalnog porekla.<\/p>\n<p>Kulturni \u017eivot nastaje iz preplitanja jezi\u010dkih regiona i zajedni\u010dkog alpskog nasle\u0111a. \u010cetiri nacionalna jezika oblikuju lokalne obi\u010daje i umetni\u010dko izra\u017eavanje, dok enklave Graubindena koje govore roman\u0161 \u010duvaju jedinstvene jezi\u010dke tradicije u gornjim dolinama Rajne i Ina. Kreativne li\u010dnosti \u2013 od pisaca do kompozitora \u2013 nastale su u \u0160vajcarskoj i bile su privu\u010dene njome, posebno tokom perioda kontinentalnih sukoba. Oko hiljadu muzeja odra\u017eava posve\u0107enost umetnosti, istoriji i nauci, dok godi\u0161nji doga\u0111aji \u2013 Paleo festival, Lucernski festival, Montre d\u017eez festival, Me\u0111unarodni filmski festival u Lokarnu i Art Bazel \u2013 privla\u010de me\u0111unarodnu publiku. Konfederacija je tri puta bila doma\u0107in Pesme Evrovizije: njenog prvog izdanja 1956. u Luganu, postavljanja u Lozani 1989. i takmi\u010denja u Bazelu 2025. godine; \u0161vajcarski pobednici su Lis Asija 1956. godine, Selin Dion 1988. i Nemo 2024. godine.<\/p>\n<p>Alpski simbolizam je osnova \u0161vajcarskog identiteta, koji se ogleda u muzici, plesu, rezbarenju drveta, poeziji i vezenju. Institucije narodne umetnosti neguju tradicije koje se kre\u0107u od izvo\u0111enja alpskog roga - njegovih rezonantnih drvenih cevi koje evociraju planinske doline - do jodlovanja i muzike harmonike. Pastoralni \u017eivot ostaje sveprisutan u planinskim zajednicama, gde skromne farme i ispa\u0161a stoke predstavljaju kontinuitet sa vekovnim praksama.<\/p>\n<p>Kuhinja odra\u017eava regionalne klime i kulturne afinitete. Univerzalna jela - fondi, raklet i rosti - nalaze se uz lokalne specijalitete kao \u0161to su ciri\u0161ki \u0161nicle, svaki pripremljen od regionalno nabavljenih mle\u010dnih proizvoda i poznatih sireva poput Grijera i Ementala. Zapadna \u0160vajcarska je doma\u0107in koncentracije restorana fine hrane, dok je proizvodnja \u010dokolade - koja datira iz osamnaestog veka - dostigla tehni\u010dko usavr\u0161avanje krajem devetnaestog veka zahvaljuju\u0107i pronalaza\u010dima kao \u0161to je Danijel Peter, \u010dija je formulacija \u010dvrste mle\u010dne \u010dokolade iz 1875. godine dovela \u0160vajcarsku do toga da predvodi svet po potro\u0161nji \u010dokolade po glavi stanovnika.<\/p>\n<p>Vinogradarske tradicije se\u017eu do drevnih rimskih presedana, ali cvetaju u savremenim vinogradima Valea, Voa, \u017deneve i Ti\u010dina. \u0160asla i Pino Noar dominiraju me\u0111u belim i crvenim sortama, respektivno, a njihov uzgoj oblikovan je raznovrsnim zemlji\u0161tima i mikroklimama.<\/p>\n<p>Rekreacija na otvorenom spaja se sa transportnim koridorima kako bi samo putovanje postalo sastavni deo iskustva. Skijanje nizbrdo je svetski poznato, dok planinarenje i vo\u017enja planinskim biciklom prelaze alpske staze koje se prote\u017eu od pristupa\u010dnih dolina do impresivne severne strane Ajgera, \u010diji su usponi \u2013 ispunjeni istorijskim \u017ertvama \u2013 dostigli gotovo mitski status. \u017deleznice i putevi koji prolaze kroz planinske prevoje otkrivaju panorame vrhova, gle\u010dera i jezera, osiguravaju\u0107i da se topografska bogatstva \u0160vajcarske do\u017eivljavaju ne samo kao predmeti razmi\u0161ljanja ve\u0107 i kao vektori kretanja.<\/p>\n<p>Kroz konvergenciju federalne uprave, geografske raznolikosti, ekonomske vitalnosti i kulturnog pluralizma, \u0160vajcarska zadr\u017eava kohezivan nacionalni identitet utemeljen u zajedni\u010dkim vrednostima direktne demokratije i alpskog simbolizma. NJena evolucija od konfederacije srednjovekovnih kantona do moderne dr\u017eave predstavlja primer sinteze lokalne autonomije i kolektivne volje \u2013 modela koji nastavlja da oblikuje konture \u0161vajcarskog \u017eivota usred izazova sveta koji se menja.<\/p>\n<p>Svedo\u010de\u0107i vekovima politi\u010dkih inovacija, in\u017eenjerskih podviga i umetni\u010dkih poduhvata, \u0160vajcarska se name\u0107e ne samo kao destinacija ve\u0107 i kao primer kako se umereno upravljanje, po\u0161tovanje regionalne heterogenosti i odlu\u010dno prihvatanje neutralnosti mogu spojiti u prosperitetno i stabilno dru\u0161tvo \u010dija prirodna veli\u010dina i dru\u0161tvena dostignu\u0107a ostaju neraskidivo isprepleteni.<\/p>","protected":false},"excerpt":{"rendered":"<p>\u0160vajcarska, zemlja bez izlaza na more koja se nalazi u centru zapadne Evrope, sa populacijom od oko 8,7 miliona ljudi od 2023. Strate\u0161ki sme\u0161tena na spoju nekoliko zna\u010dajnih evropskih nacija, ova mala, ali mo\u0107na nacija grani\u010di se sa Nema\u010dkom na severu, Francuskom na zapadu, Italijom na jugu, Austrijom i Lihten\u0161tajnom na istoku. Iako ve\u0107ina ljudi \u017eivi na \u0161vajcarskoj visoravni, koja je dom najve\u0107ih gradova i ekonomskih centara kao \u0161to su Cirih, \u017deneva i Bazel, veli\u010danstveni Alpi dominiraju \u0161vajcarskim pejza\u017eom i obuhvataju zna\u010dajnu povr\u0161inu zemlje.<\/p>","protected":false},"author":1,"featured_media":3506,"parent":24078,"menu_order":0,"comment_status":"closed","ping_status":"closed","template":"elementor_theme","meta":{"_eb_attr":"","footnotes":""},"class_list":["post-12907","page","type-page","status-publish","has-post-thumbnail"],"_links":{"self":[{"href":"https:\/\/travelshelper.com\/sr\/wp-json\/wp\/v2\/pages\/12907","targetHints":{"allow":["GET"]}}],"collection":[{"href":"https:\/\/travelshelper.com\/sr\/wp-json\/wp\/v2\/pages"}],"about":[{"href":"https:\/\/travelshelper.com\/sr\/wp-json\/wp\/v2\/types\/page"}],"author":[{"embeddable":true,"href":"https:\/\/travelshelper.com\/sr\/wp-json\/wp\/v2\/users\/1"}],"replies":[{"embeddable":true,"href":"https:\/\/travelshelper.com\/sr\/wp-json\/wp\/v2\/comments?post=12907"}],"version-history":[{"count":0,"href":"https:\/\/travelshelper.com\/sr\/wp-json\/wp\/v2\/pages\/12907\/revisions"}],"up":[{"embeddable":true,"href":"https:\/\/travelshelper.com\/sr\/wp-json\/wp\/v2\/pages\/24078"}],"wp:featuredmedia":[{"embeddable":true,"href":"https:\/\/travelshelper.com\/sr\/wp-json\/wp\/v2\/media\/3506"}],"wp:attachment":[{"href":"https:\/\/travelshelper.com\/sr\/wp-json\/wp\/v2\/media?parent=12907"}],"curies":[{"name":"wp","href":"https:\/\/api.w.org\/{rel}","templated":true}]}}