{"id":12865,"date":"2024-09-17T00:02:43","date_gmt":"2024-09-17T00:02:43","guid":{"rendered":"https:\/\/travelshelper.com\/staging\/?page_id=12865"},"modified":"2026-03-12T23:49:44","modified_gmt":"2026-03-12T23:49:44","slug":"svedska","status":"publish","type":"page","link":"https:\/\/travelshelper.com\/sr\/destinations\/europe\/sweden\/","title":{"rendered":"\u0160vedska"},"content":{"rendered":"<p>\u0160vedska, zvani\u010dno Kraljevina \u0160vedska, zauzima isto\u010dni deo Skandinavskog poluostrva u severnoj Evropi, obuhvataju\u0107i povr\u0161inu od 450.295 kvadratnih kilometara i odr\u017eavaju\u0107i populaciju od pribli\u017eno 10,6 miliona, od kojih 88% \u017eivi u urbanim centrima uglavnom grupisanim u centralnoj i ju\u017enoj polovini zemlje. Grani\u010di se na zapadu i severu sa Norve\u0161kom, a na istoku sa Finskom, \u0161to je \u010dini najve\u0107om nordijskom naciji po povr\u0161ini i demografiji i petom najve\u0107om na evropskom kontinentu. NJen glavni grad, Stokholm, prostire se preko sazve\u017e\u0111a ostrva na spoju jezera Melaren i Balti\u010dkog mora, slu\u017ee\u0107i kao oslonac politi\u010dkog, ekonomskog i kulturnog \u017eivota dr\u017eave koja je, od svoje konsolidacije krajem desetog veka, isplela trajnu naraciju o pomorskoj snazi, teritorijalnoj nadmo\u0107i i progresivnoj socijalnoj politici.<\/p>\n<p>Najranije ljudsko prisustvo na teritoriji dana\u0161nje \u0160vedske datira iz oko 12.000. godine pre nove ere, kada su pionirski lovci i sakuplja\u010di napredovali ka severu usled povla\u010denja ledenih pokriva\u010da. Tokom narednih milenijuma, ove raznovrsne grupe su se spojile u Gete i Sveare - narode \u010dija \u0107e pomorska ve\u0161tina vremenom obezbediti njihovo mesto me\u0111u nordijskim moreplovcima koji su kartografisali Severni Atlantik. Do kraja desetog veka, po\u010dela je da se pojavljuje jedinstvena \u0161vedska dr\u017eava, \u010diji se autoritet u\u010dvrstio pod monarhijom koja \u0107e kasnije voditi naciju kroz Kalmarsku uniju (1397\u20131523) zajedno sa Danskom i Norve\u0161kom, a potom i kroz burne doga\u0111aje Tridesetogodi\u0161njeg rata. Taj sukob je ozna\u010dio po\u010detak ere imperijalnih ambicija; \u0161vedske zastave su se vijorile nad ve\u0107im delom balti\u010dkog primorja dok se novonastala imperija nametala kao evropska velika sila sve do po\u010detka osamnaestog veka. Iako je isto\u010dna provincija Finske ustupljena Carskoj Rusiji 1809. godine, a poslednji \u0161vedski ratni poduhvat \u2013 prinudno ujedinjenje sa Norve\u0161kom 1814. godine \u2013 pokazao se prolaznim, nacija je nakon toga prihvatila kurs neutralnosti i dru\u0161tvenih reformi koje su nagovestile njen moderni identitet.<\/p>\n<p>U sada\u0161njoj ustavnoj monarhiji i parlamentarnoj demokratiji, zakonodavna vlast se nalazi u jednodomnom Riksdagu, koji se sastoji od 349 \u010dlanova izabranih da predstavljaju unitarnu dr\u017eavu podeljenu na 21 okrug i 290 op\u0161tina. Obele\u017eje \u0161vedske uprave od devetnaestog veka je pro\u0161irenje univerzalne socijalne za\u0161tite: zdravstvena za\u0161tita i visoko obrazovanje se finansiraju javno, \u0161to je temelj dru\u0161tva koje je rangirano na petom mestu u svetu na Indeksu ljudskog razvoja i poznato je po izvrsnosti u oblastima razli\u010ditim kao \u0161to su rodna ravnopravnost, paritet prihoda i gra\u0111anske slobode. Nakon \u0161to je pristupila Evropskoj uniji 1. januara 1995. i NATO-u 7. marta 2024. godine, \u0160vedska odr\u017eava aktivno \u010dlanstvo u Ujedinjenim nacijama, \u0160engenskoj zoni, Savetu Evrope, Nordijskom savetu, STO i OECD-u, istovremeno \u010duvaju\u0107i svoju istorijsku ambivalentnost prema oru\u017eanim sukobima.<\/p>\n<p>Geografski, \u0160vedska se prostire od 55\u00b0 do 69\u00b0 severne geografske \u0161irine, i uglavnom od 11\u00b0 do 25\u00b0 isto\u010dne geografske du\u017eine, \u010dine\u0107i zemlju izuzetne topografske raznolikosti. Skandinavski planinski lanac ocrtava njenu zapadnu granicu sa Norve\u0161kom, daju\u0107i reke impozantne \u0161irine - poznate lokalno kao alvar - \u010diji najopse\u017eniji tok, sistem Klaralven-Geta alv, izvire iz centralne Norve\u0161ke i pru\u017ea se preko 1.160 kilometara pre nego \u0161to stigne do mora u Geteborgu. Nasuprot tome, mlinovi ju\u017ene polovine koriste u\u017ei ov da bi opslu\u017eivali gustu mre\u017eu urbanih i agrarnih naselja. U unutra\u0161njosti, \u0161ume pokrivaju oko 65 procenata terena, daju\u0107i drvne resurse koji, pored hidroenergije i gvozdene rude, podr\u017eavaju izvozno orijentisanu ekonomiju u kojoj ma\u0161inostrojenje \u010dini polovinu proizvodnje i prodaje u inostranstvu. Venern \u2014 tre\u0107e po veli\u010dini jezero u Evropi \u2014 zajedno sa Veternom, Melarenom i Hjelmarenom, oblikuje nizije Jetalanda i Svealanda, dok se severno od Arkti\u010dkog kruga, fjel i borealna divljina spajaju u prostranstva gde lutaju krda irvasa, a aurora borealis ple\u0161e po pono\u0107nom nebu.<\/p>\n<p>Klimatolo\u0161ki, \u0160vedska prkosi pojednostavljenim o\u010dekivanjima severnih geografskih \u0161irina, njenih umerenih zona ubla\u017eenih Golfskom strujom i preovla\u0111uju\u0107im zapadnim vetrovima; leta imaju dnevne temperature od 19 \u00b0C do 24 \u00b0C, zime imaju proseke izme\u0111u -9 \u00b0C i 3 \u00b0C, a krajnji jug mo\u017ee potpuno izbe\u0107i kontinuirani sne\u017eni pokriva\u010d. Dnevni sati dramati\u010dno variraju: Stokholm se kupa u vi\u0161e od 18 sati letnjeg sunca, ali u decembru ima samo \u0161est dnevnih sati. Godi\u0161nje padavine kre\u0107u se od 500 do 800 milimetara u ve\u0107ini regiona, penju\u0107i se do 1.200 milimetara na jugozapadu i prelaze\u0107i 2.000 milimetara u odabranim planinskim lokalitetima, dok dugoro\u010dni trendovi ukazuju na to da smanjenje morskog leda u Barencovom moru mo\u017ee pove\u0107ati budu\u0107e sne\u017ene padavine \u0161irom Skandinavije.<\/p>\n<p>Kulturno nasle\u0111e \u0160vedske je podjednako raznoliko. NJena arhitektonska loza prote\u017ee se od drvenih gra\u0111evina ranog srednjeg veka do romanskih i gotskih kamenih crkava - kao \u0161to su Lundska katedrala (jedanaesti vek) i ciglena Skara katedrala (\u010detrnaesti vek) - a odatle do baroknih zamkova i rokoko gradskih pejza\u017ea iz sedamnaestog veka, uklju\u010duju\u0107i pomorski bastion Karlskrona (lokacija svetske ba\u0161tine UNESKO-a) i kraljevsku palatu Drotningholm na Ekerou. Funkcionalisti\u010dka \u201eStokholmska izlo\u017eba\u201c iz 1930. godine katalizovala je modernisti\u010dki talas poznat kao funkis, koji se u narednim decenijama manifestovao u ekspanzivnim stambenim projektima u okviru Programa \u201eMilion\u201c. Me\u0111u savremenim znamenitostima, Avi\u010di arena u Stokholmu privla\u010di pa\u017enju kao najve\u0107a hemisferi\u010dna struktura na svetu, sa kupolom koja se prostire na 110 metara.<\/p>\n<p>\u0160vedska kuhinja, istorijski stroga i oblikovana ribom, mesom, krompirom i mle\u010dnim proizvodima, evoluirala je u prefinjenu tradiciju. Kultna jela - \u0107ufte sa sosom i d\u017eemom od brusnica, pitipana ha\u0161 i sezonski surstreming ferment - nalaze se uz gostoljubivi smorgasbord i ceremonijalne zdravice uz kola\u010de i akvavit. Hrskavi hleb sada parira svojim preda\u010dkim ravnim oblicima po raznolikosti, a regionalni specijaliteti poput jegulje na jugu i fermentisane haringe na severu svedo\u010de o trajnoj vezi izme\u0111u geografije i gastronomije.<\/p>\n<p>Saobra\u0107ajna infrastruktura zemlje odra\u017eava njenu dvostruku posve\u0107enost povezanosti i za\u0161titi \u017eivotne sredine. Preko 162.000 kilometara asfaltiranih puteva, 1.428 kilometara brzih puteva i most Eresund povezuju \u0160vedsku i unutra\u0161nje i sa Danskom; \u017eelezni\u010dke pruge, iako u privatnom vlasni\u0161tvu, ostaju uglavnom u dr\u017eavnom vlasni\u0161tvu pod upravom Trafikverketa, a stokholmski metro - jedini podzemni sistem - opslu\u017euje 100 stanica. Glavni aerodromi u Arlandi, Landveteru i Skavsti olak\u0161avaju me\u0111unarodna putovanja, dok \u0161iroka mre\u017ea trajekata za automobile i pomorskih brodskih puteva povezuje \u0160vedsku sa njenim balti\u010dkim susedima i pomorskom sferom Severnog mora. Samo unutar Stokholmskog arhipelaga, posetioci mogu iskoristiti pravo javnog pristupa da lutaju ostrvima i vodenim putevima, kampuju na odre\u0111enim lokacijama i stvaraju intimne susrete sa pomorskim okru\u017eenjem koje je vekovima oblikovalo \u0161vedski identitet.<\/p>\n<p>Administrativno i kulturno, \u0160vedska se prostire na tri istorijske zemlje: Norland na severu, Sveland u centru i Jetaland na jugu, svaka sastavljena od pokrajina koje opstaju u narodnoj ma\u0161ti uprkos nedostatku formalne vladine vlasti. Norland \u2013 koji se sastoji od pet okruga \u2013 obuhvata skoro 60 procenata povr\u0161ine zemlje, ali je i dalje retko naseljen, a njegove \u0161ume, reke i alpske visoravni nude mogu\u0107nosti za zimske sportove i ekoturizam. Sveland, sedi\u0161te nacionalnih politi\u010dkih i verskih institucija, obuhvata Stokholm, Upsalu i Erebru i prati svoje poreklo do ranih metalur\u0161kih centara koji su pokretali \u0161vedske kampanje u Tridesetogodi\u0161njem ratu. Jetaland, preda\u010dko carstvo Geata, svedo\u010di o srednjovekovnim katedralama, spomenicima predaka i modernim objektima za razonodu, dok su njegova plodna tla i obimni vodeni putevi odr\u017eavali trgova\u010dke mre\u017ee koje su nagovestile industrijski uspon gradova poput Geteborga i Malmea.<\/p>\n<p>Urbani \u017eivot u \u0160vedskoj se srasta oko njenih glavnih gradova. Stokholmske barokne palate i muzeji savremene umetnosti uokviruju njegovo istorijsko jezgro; Geteborg, nekada najva\u017enija luka zemlje, spaja industrijsko nasle\u0111e sa \u010duvenom botani\u010dkom ba\u0161tom; Malme, povezan mostom sa Kopenhagenom, predstavlja primer kosmopolitske obnove; Upsala, drevno sedi\u0161te \u0161vedskih nadbiskupa, \u010duva najve\u0107u srednjovekovnu katedralu na kontinentu; Lund pulsira snagom svog univerziteta i odjecima vikin\u0161kih temelja; Visbijev zidani predgra\u0111e podse\u0107a na hanzeatsko bogatstvo; a Umeo, najseverniji grad, napreduje usred \u0161uma srebrne breze i obrazovnih inovacija. Pored njih, Lin\u0107epingov vazduhoplovni kampus, Karlskronski drveni pristani i Kirunin rudnik gvozdene rude i Ledeni hotel doprinose zasebnim poglavljima nacionalne pri\u010de.<\/p>\n<p>\u0160vedski kulturni pejza\u017ei prote\u017eu se izvan urbanih podru\u010dja u carstva surove divljine i folklorne tradicije. Dvadeset devet nacionalnih parkova, od subarkti\u010dkog prostranstva Sareka \u2013 dugo slavljenog kao poslednja divljina Evrope \u2013 do potopljenih grebena Kosterhaveta, \u0161tite stani\u0161ta gde losovi i \u017edrebadi slobodno lutaju, a morski \u017eivot cveta ispod talasa. Obilje zemlje podr\u017eava sezonske aktivnosti: skija\u0161ko tr\u010danje i ugledni maraton Vasalopet zimi; planinarenje stazom Kungsleden leti; vo\u017enju kanuom kroz re\u010dne koridore; jedrenje me\u0111u arhipela\u0161kim ostrvcima; i vekovnu potragu za bobicama i pe\u010durkama. \u0160vedski klasi\u010dni krug, kvadratlon izdr\u017eljivosti skijanja, tr\u010danja, vo\u017enje bicikla i plivanja, otelotvoruje etos gra\u0111anstva na otvorenom koji pro\u017eima nacionalni \u017eivot.<\/p>\n<p>U gra\u0111anskoj sferi, \u0161vedske institucije odra\u017eavaju njen etos kolektivnog blagostanja i egalitarnog obe\u0107anja. Sa BDP-om po glavi stanovnika me\u0111u najvi\u0161im na svetu i dvanaestom najbogatijom nijom, ona balansira industrijsku snagu \u2013 koju oli\u010davaju Volvo, Ericsson, SAAB i IKEA \u2013 sa upravljanjem civilnim dru\u0161tvom kroz udru\u017eenja koja \u010duvaju narodnu kulturu, rukotvorine i zajedni\u010dki \u017eivot. Muzeji na otvorenom, poput Skansena, \u010duvaju narodnu arhitekturu i tradicionalne zanate; hembygdsf\u00f6reningar (lokalna dru\u0161tva za za\u0161titu ba\u0161tine) u\u010dvr\u0161\u0107uju kulturni kontinuitet; a pravo javnog pristupa (allemansr\u00e4tten) obezbe\u0111uje zajedni\u010dku odgovornost za prirodna blaga.<\/p>\n<p>Putovanje kroz \u0160vedsku zna\u010di svedok carstva gde se glacijalna topografija susre\u0107e sa \u017euborom metropolitanskog \u017eivota, gde vekovni kameni tornjevi isprekidaju borove \u0161ume i gde etos otvorenosti pro\u017eima svaki aspekt javnog i privatnog poduhvata. Od zale\u0111enih fjelova Laponije do kaldrmisanih kejeva Malmea, slojevita istorija nacije \u2013 vikin\u0161kih poglavica i graditelja carstva, industrijskih inovatora i dru\u0161tvenih reformatora \u2013 ostaje opipljiva i u fizi\u010dkom okru\u017eenju i u kolektivnoj ma\u0161ti. To je zemlja koju defini\u0161u i kontinuitet i promena, zemlja u kojoj elementarne sile prirode koegzistiraju sa prefinjenim izrazima knji\u017eevnosti, dizajna i gra\u0111anskog poretka, stvaraju\u0107i trajnu naraciju kulturne i ekolo\u0161ke rezonancije.<\/p>","protected":false},"excerpt":{"rendered":"<p>\u0160vedska, zvani\u010dno poznata kao Kraljevina \u0160vedska, je nordijska nacija koja se nalazi na Skandinavskom poluostrvu u severnoj Evropi, sa populacijom od oko 10,6 miliona stanovnika. Strate\u0161ki izme\u0111u Norve\u0161ke na zapadu i severu i Finske na istoku nalazi se \u0160vedska. Pokriva neverovatnu povr\u0161inu od 450.295 kvadratnih kilometara (173.656 kvadratnih milja) sa raznolikim terenom, najve\u0107a je nordijska zemlja, kao i peta po veli\u010dini zemlja u Evropi. Mala gustina naseljenosti od oko 25,5 jedinki po kvadratnom kilometru, koja je rezultat velikog prostranstva ove zemlje u kombinaciji sa prili\u010dno malom populacijom, defini\u0161e nordijski region.<\/p>","protected":false},"author":1,"featured_media":3377,"parent":24078,"menu_order":0,"comment_status":"closed","ping_status":"closed","template":"elementor_theme","meta":{"_eb_attr":"","footnotes":""},"class_list":["post-12865","page","type-page","status-publish","has-post-thumbnail"],"_links":{"self":[{"href":"https:\/\/travelshelper.com\/sr\/wp-json\/wp\/v2\/pages\/12865","targetHints":{"allow":["GET"]}}],"collection":[{"href":"https:\/\/travelshelper.com\/sr\/wp-json\/wp\/v2\/pages"}],"about":[{"href":"https:\/\/travelshelper.com\/sr\/wp-json\/wp\/v2\/types\/page"}],"author":[{"embeddable":true,"href":"https:\/\/travelshelper.com\/sr\/wp-json\/wp\/v2\/users\/1"}],"replies":[{"embeddable":true,"href":"https:\/\/travelshelper.com\/sr\/wp-json\/wp\/v2\/comments?post=12865"}],"version-history":[{"count":0,"href":"https:\/\/travelshelper.com\/sr\/wp-json\/wp\/v2\/pages\/12865\/revisions"}],"up":[{"embeddable":true,"href":"https:\/\/travelshelper.com\/sr\/wp-json\/wp\/v2\/pages\/24078"}],"wp:featuredmedia":[{"embeddable":true,"href":"https:\/\/travelshelper.com\/sr\/wp-json\/wp\/v2\/media\/3377"}],"wp:attachment":[{"href":"https:\/\/travelshelper.com\/sr\/wp-json\/wp\/v2\/media?parent=12865"}],"curies":[{"name":"wp","href":"https:\/\/api.w.org\/{rel}","templated":true}]}}