{"id":12741,"date":"2024-09-16T21:10:12","date_gmt":"2024-09-16T21:10:12","guid":{"rendered":"https:\/\/travelshelper.com\/staging\/?page_id=12741"},"modified":"2026-03-13T12:41:19","modified_gmt":"2026-03-13T12:41:19","slug":"jork","status":"publish","type":"page","link":"https:\/\/travelshelper.com\/sr\/destinations\/europe\/united-kingdom\/york\/","title":{"rendered":"Jork"},"content":{"rendered":"<p>Jork se predstavlja kao grad \u010dija izdr\u017eljivost i evolucija zahtevaju pa\u017enju od prve re\u010denice. Sa 141.685 stanovnika zabele\u017eenih u njegovom izgra\u0111enom podru\u010dju 2021. godine, zauzima skromnu povr\u0161inu u Severnom Jork\u0161iru, ali vr\u0161i uticaj nesrazmeran svojoj veli\u010dini. Sme\u0161ten na mestu gde se reke Uz i Fos spajaju, dvadeset sedam milja severoisto\u010dno od Lidsa, devedeset milja ju\u017eno od NJukasla na Tajnu i dvesta sedam milja severno od Londona, istovremeno je administrativno sredi\u0161te \u0161ireg okruga grada Jorka i mesto slojevite istorije koja se prote\u017ee skoro dva milenijuma unazad.<\/p>\n<p>Pri\u010da o ovom lokalitetu po\u010dinje pod rimskom vla\u0161\u0107u 71. godine nove ere, kada je nosilo ime Eborakum. NJegovi po\u010detni planeri su favorizovali uzdignuta, mo\u010dvarna zemlji\u0161ta izme\u0111u reka Uz i Fos za odbranu, osnovav\u0161i tvr\u0111avu koja \u0107e uskoro postati prestonica pokrajine Donja Britanija. Tokom narednih vekova, Eborakum je pre\u0161ao u ruke uzastopnih sila: slu\u017eio je kao sedi\u0161te kraljevstava Deira i Nortumbrija, kasnije je potpao pod skandinavsku vlast, i na kraju se u srednjovekovnom hri\u0161\u0107anstvu pojavio kao crkveni centar severne pokrajine. Trgovci vunom, pronalaze\u0107i plodna zale\u0111a i re\u010dne puteve pogodne za trgovinu, u\u010dvrstili su Jork me\u0111u najzna\u010dajnija trgova\u010dka sredi\u0161ta Engleske tokom srednjeg veka. Skup drvenih ku\u0107a i uskih ulica vremenom je ustupio mesto \u017eelezni\u010dkim \u010dvori\u0161tima i fabrikama poslasti\u010darnica do devetnaestog veka, kada su se gvozdene \u0161ine \u0161irile od ovog srca do industrijskih gradova Man\u010destera, Lidsa i Hala. Pojava \u017eelezni\u010dkog saobra\u0107aja rekonfigurisala je ulogu Jorka u nacionalnim mre\u017eama, temelje\u0107i proizvodni identitet koji se zadr\u017eao kroz generacije.<\/p>\n<p>U septembru i oktobru 1942. godine, vazdu\u0161ni napadi su pogodili severnu Englesku u onome \u0161to je postalo poznato kao Bedekerov blic. Iako je Jork izbegao razmere razaranja koja su zadesila Liverpul ili \u0160efild, nekoliko istorijskih zgrada je pretrpelo te\u0161ku \u0161tetu. Projekti restauracije su se produ\u017eili do 1960-ih, tokom kojih je pa\u017eljiva rekonstrukcija koristila arhivske planove i sa\u010duvane fragmente kako bi o\u017eivela gotske lukove, bedeme i srednjovekovni kameni zid sa gotovo neprimetnom verno\u0161\u0107u. \u010cinjenica da ovaj gradski zid \u2013 mo\u017eda njegov najvidljiviji simbol \u2013 i dalje pru\u017ea neprekinute krugove pe\u0161a\u010dkih prolaza u velikoj meri duguje toj posleratnoj posve\u0107enosti o\u010duvanju.<\/p>\n<p>Upravljanje Jorkom odra\u017eava njegov jedinstveni status. Istorijski konstituisan kao okru\u017ena korporacija nezavisna od izbornih jedinica, evoluirao je kroz faze op\u0161tina i okru\u017enih op\u0161tina. Godine 1996, dobio je oznaku nemetropolitanskog okruga pod upravom Gradskog ve\u0107a Jorka, \u010dija se nadle\u017enost prote\u017ee izvan gradskog jezgra i obuhvata sela, ruralna podru\u010dja i grad Haksbi. Ovaj aran\u017eman stavlja strate\u0161ko planiranje, transportnu infrastrukturu, obrazovanje i kulturne aktivnosti pod upravu jedne lokalne vlasti \u2013 administrativnog oblika koji odjekuje sa nasle\u0111em samouprave Jorka koje datira jo\u0161 iz srednjovekovnih korporacija.<\/p>\n<p>Geografija ovde pru\u017ea plodno zemlji\u0161te i ravan teren karakteristi\u010dan za dolinu Jorka, ograni\u010denu Peninima, Severnojorkskim mo\u010dvarama i Jork\u0161irskim brdima. Zavr\u0161na morena koju je ostavilo poslednje zale\u0111enje uzdigla je prvobitno mesto tvr\u0111ave, ali okolne livade i zajedni\u010dki travnjaci - poznati lokalno kao ingovi i strejovi - zauzimaju ravnice sklone poplavama koje nisu pogodne za intenzivan razvoj. U oktobru i novembru 2000. godine, vode su probile odbrambene zidine u najve\u0107oj meri u poslednjih 375 godina, poplaviv\u0161i vi\u0161e od tri stotine ku\u0107a. Druga velika poplava u decembru 2015. godine izazvala je direktnu ministarsku posetu, isti\u010du\u0107i stalni izazov hidrauli\u010dkog upravljanja. Zidovi se nalaze du\u017e reke Uz, a kod Plavog mosta podizna barijera obezbe\u0111uje reku Fos tamo gde se susre\u0107e sa svojim ve\u0107im susedom. Iza in\u017eenjerskih barijera, poplavne livade bla\u017eavaju talase, a otvorene zajedni\u010dke povr\u0161ine apsorbuju sezonske izlive.<\/p>\n<p>To \u0161to Jork opstaje kroz takve ekstreme delimi\u010dno duguje svojoj umerenoj klimi, klasifikovanoj kao Cfb prema Kepenovoj \u0161emi. Zime donose mraz, maglu i prodorne vetrove preko poplavnih ravnica; sneg mo\u017ee padati od decembra i zadr\u017eati se do aprila, ali otapanje brzo sti\u017ee pod suncem ju\u017ene geografske \u0161irine. Leta \u010desto prema\u0161uju unutra\u0161nja pandana na obali Jork\u0161ira, sa dnevnim maksimumima koji dosti\u017eu dvadeset sedam stepeni Celzijusa ili vi\u0161e. Rekordni ekstremi na Univerzitetu u Jorku izme\u0111u 1998. i 2010. godine zabele\u017eili su vrhunac od 34,5 \u00b0C i minimum od -16,3 \u00b0C 6. decembra 2010. godine. Padavine mogu porasti na skoro devedeset milimetara u jednom danu. Sun\u010devo svetlo dosti\u017ee vrhunac od maja do jula, u proseku \u0161est sati dnevno, daju\u0107i kamenim fasadama grada toplu patinu koja oboga\u0107uje arhitektonske detalje.<\/p>\n<p>Urbani oblik Jorka zadr\u017eava elemente iz svake epohe svoje pro\u0161losti. Rimski bedemi le\u017ee u osnovi normanskog zidarstva; srednjovekovna vrata grani\u010de se sa modernim restauratorskim radovima; ku\u0107e sa drvenim okvirom stoje pored gruzijanskih fasada od cigle. Odbrambeni sistemi ostaju neprekinuti du\u017e kruga od 4 kilometra podignutog na bedemima visokim \u010detiri metra i debljinom \u0161est metara. Unutar ovih zidina nalaze se uske ulice poznate kao sniklvejs - pe\u0161a\u010dke rute koje poti\u010du iz nekada\u0161njih tr\u017enih arterija. \u201e\u0160embls\u201c, \u010dije ime poti\u010de od staroengleske re\u010di za pijacu mesa na otvorenom, ograni\u010dava ulazak vozila i predstavlja hodnik sa nadvi\u0161enim gornjim spratovima, kukama od kovanog gvo\u017e\u0111a i drvenim policama gde su nekada visili trupovi. Velike ku\u0107e poput \u201eLejdi Rou\u201c, podignute po\u010detkom \u010detrnaestog veka za finansiranje crkve Svetog Trojstva, gledaju na crkveno dvori\u0161te Svetog Trojstva. Gudramgejt \u010duva srednjovekovne ku\u0107e oboga\u0107ene kamenim rezbarijama i ukrasnim drvenim radovima.<\/p>\n<p>Jork Minster, sa svojim gotskim svodovima koji se uzdi\u017eu iznad grada, dominira siluetom grada na spoju crkvenog i gra\u0111anskog identiteta. Jedna od najve\u0107ih evropskih katedrala, njeni kontrafori i vitra\u017ei artikuli\u0161u narative vere i mo\u0107i. Slu\u017ei kao katedrala za nadbiskupa Jorka, koji je od 2020. godine Stiven Kotrel, zauzimaju\u0107i funkciju tre\u0107eg ranga u Crkvi Engleske. Okolina katedrale otkriva slojeve ranije gradnje: normanske kripte le\u017ee ispod kasnijih brodova; rezbareni mizerikordi u horskim klupama svedo\u010de o srednjovekovnim zanatlijama.<\/p>\n<p>Javni prevoz unutar zidina favorizuje autobuske linije u odnosu na privatna vozila. Ferst Jork upravlja ve\u0107inom lokalnih ruta i \u0161est parking terminala koji se nalaze u blizini obilaznice, tri milje od centra, nude\u0107i besprekoran prevoz do pe\u0161a\u010dkog jezgra. Transdev Jork dopunjuje gradske veze i upravlja turisti\u010dkim autobusima sa otvorenim krovom pod fran\u0161izom kompanija Siti Sajtsiing i Jork Pulman. Ruralne veze se prote\u017eu do okolnih gradova - me\u0111u kojima su Selbi, Beverli i Nersboro - dok autobusi na velike relacije putuju prema Skarborou i Vitbiju du\u017e koridora Jork\u0161ir Koustlajner.<\/p>\n<p>Pored puteva i reka, \u017eelezni\u010dke mre\u017ee ostaju sastavni deo. Stanica Jork predstavlja glavnu raskrsnicu, gde se spajaju pruge iz Lidsa, Man\u010destera, Hala i NJukasla. Vagoni natovareni slatki\u0161ima nekada su prolazili ovim prugama, isporu\u010duju\u0107i slatki\u0161e lokalne proizvodnje na nacionalna tr\u017ei\u0161ta. Iako je teretni saobra\u0107aj opao, protok putnika i dalje potvr\u0111uje ulogu Jorka u nacionalnom redu vo\u017enje. Nacionalni muzej \u017eeleznice, sme\u0161ten u blizini pruga koje su nekada prevozile novinski papir do \u0161tamparije Foss-sajd do 1997. godine, obuhvata ovo nasle\u0111e kroz ogromnu kolekciju lokomotiva i arhivskog materijala.<\/p>\n<p>Vazdu\u0161ne veze se usredsre\u0111uju na aerodromu Lids Bredford, udaljenom trideset milja, koji nudi veze sa glavnim evropskim i severnoafri\u010dkim destinacijama. Aerodrom u Man\u010desteru, do kog se mo\u017ee do\u0107i \u017eelezni\u010dkom linijom TransPenin Ekspres, pru\u017ea interkontinentalne letove. Sekundarni aerodromi uklju\u010duju Hambersajd, Tisajd i NJukasl, do kojih se mo\u017ee do\u0107i kombinacijom drumskog i \u017eelezni\u010dkog saobra\u0107aja. U okolini Jorka, RAF Elvington, sedam milja jugoisto\u010dno, sme\u0161ta Jork\u0161irski muzej vazduhoplovstva i podr\u017eava privatnu avijaciju; njegove piste su nekada bile mesto za predloge za komercijalno pro\u0161irenje. Biv\u0161i RAF \u010cer\u010d Fenton, sada Lids Ist, zadr\u017eava privatne letove.<\/p>\n<p>Kao priznanje za njegovu kulturnu \u017eivost, UNESKO je proglasio Jork gradom medijske umetnosti. Festivali slave oblike od digitalnih medija do konjskih trka, od ceremonija \u010daja do pozori\u0161nih predstava. Doga\u0111aji tokom cele godine privla\u010de posetioce \u010diji se broj godi\u0161nje pribli\u017eava osam miliona, a svaki od njih tra\u017ei iskustva oblikovana dugogodi\u0161njim tradicijama grada. Specijaliteti poput popodnevnog \u010daja u \u010dajnim sobama Betis Kafea govore o slojevima va\u017enosti: njegov osniva\u010d, Frederik Belmont, anga\u017eovao je dizajnere iz restorana \u201eKraljica Marija\u201c da pretvore objekat na Trgu Svete Jelene u elegantno uto\u010di\u0161te. Bar u podrumu, koji su tokom Drugog svetskog rata pose\u0107ivali piloti stacionirani u blizini, ima ogledalo na kojem su i dalje izlo\u017eeni potpisi, ugravirani dijamantskim olovkama.<\/p>\n<p>Pabovi predstavljaju jo\u0161 jednu dimenziju jor\u0161kog zajedni\u010dkog \u017eivota. Sredinom 2015. godine, Kampanja za pravo pivo (CAMRA) je evidentirala 101 pab u centralnom okrugu, me\u0111u kojima su \u201eZlatno runo\u201c i \u201eJe Olde Stare In\u201c, \u010diji se znak nalazi na Stoungejtu od 1733. godine. \u201ePopis piva\u201c u junu 2016. godine naveo je 328 pravog piva koje se slu\u017ei u vi\u0161e od dvesta objekata, \u0161to isti\u010de reputaciju Jorka za izvrsnost u pivarstvu.<\/p>\n<p>Izvan svog jezgra, predgra\u0111a grada predstavljaju stambene enklave crvenih ciglenih terasa i stambenih naselja iz dvadesetog veka. Moderni kampus u Heslingtonu na jugoistoku sme\u0161ta univerzitet koji privla\u010di studente iz celog sveta, daju\u0107i mladala\u010dku energiju ulicama gde vekovima stare gra\u0111evine opstaju. Hipodrom Knavsmajer na jugozapadu i parkovi u poplavnom podru\u010dju koji se ni\u017eu uz reku Uz na severu i jugu pru\u017eaju otvoreni prostor koji uravnote\u017euje urbanu gustinu. Oko svega grada nalazi se kru\u017eni put koji ocrtava granicu izme\u0111u izgra\u0111enog okru\u017eenja i poljoprivrednih polja Doline.<\/p>\n<p>Politike zelenog pojasa \u0161tite ovo okolno zemlji\u0161te od nekontrolisanog razvoja, \u010duvaju\u0107i vidike na valovite polja i sela \u010dije poreklo prethodi normanskom osvajanju. Ove politike odr\u017eavaju ambijent istorijskih gra\u0111evina i poja\u010davaju vizuelni prelaz iz grada u selo.<\/p>\n<p>Demografske promene tokom poslednjih decenija otkrivaju skroman rast: broj stanovnika u naseljenim podru\u010djima porastao je sa 137.505 u 2001. godini na 153.717 u 2011. godini; do 2021. godine dostigao je 141.685 prema revidiranim definicijama. Unutar podru\u010dja lokalne samouprave, 198.051 stanovnik odra\u017eava etni\u010dki sastav koji uklju\u010duje 94,3% onih koji se identifikuju kao belci, 3,4% kao Azijati, 1,2% me\u0161anci i 0,6% crnci. Osobe starije od \u0161ezdeset pet godina \u010dine 16,9% stanovni\u0161tva, iako je samo 13,2% penzionisano.<\/p>\n<p>Mozaik jor\u0161ke istorije i njegove \u017eive sada\u0161njosti stapa se u iskustvima koja odjekuju kod posetilaca. Bilo da se prate rimski zidovi, prisustvuje slu\u017ebama ispod svodova katedrale ili ku\u0161a regionalna jela u vekovnim pabovima, \u010dovek prime\u0107uje da svaka ulica, raspon i kula otelotvoruju narative kontinuiteta i adaptacije. Malo gradova nudi tako bogat spoj epoha na kompaktnom prostoru. Ovde, trajni kamenovi svedo\u010de o carskim legijama, srednjovekovnim nadbiskupima, viktorijanskim in\u017eenjerima i digitalnim kreativcima dvadeset prvog veka. Takvo slojevitost daje Jorku autenti\u010dnost koja poziva na posmatranje, razmi\u0161ljanje i ponovljene posete. NJegov ugled mo\u017eda poti\u010de od pro\u0161losti, ali njegova vitalnost proizilazi iz sposobnosti da integri\u0161e nasle\u0111e sa sada\u0161njim potrebama, oblikuju\u0107i gradski pejza\u017e gde se\u0107anje i savremeni \u017eivot koegzistiraju bez kompromisa.<\/p>","protected":false},"excerpt":{"rendered":"<p>Jork, katedralni grad koji se nalazi u Severnom Jork\u0161iru, u Engleskoj, predstavlja primer zamr\u0161ene istorije Britanije. Prema popisu stanovni\u0161tva Ujedinjenog Kraljevstva iz 2021. godine, ovaj istorijski grad ima 202.800 stanovnika i ostaje vitalno urbano sredi\u0161te u severnoj Engleskoj. Strate\u0161ka lokacija Jorka - na u\u0161\u0107u reka Uz i Fos - bila je klju\u010dna za njegov rast i zna\u010daj tokom milenijuma. Deluju\u0107i kao okru\u017eni grad Jork\u0161ira, on predstavlja sredi\u0161te regionalnog turizma, vlade i kulture.<\/p>","protected":false},"author":1,"featured_media":3399,"parent":12648,"menu_order":0,"comment_status":"closed","ping_status":"closed","template":"elementor_theme","meta":{"_eb_attr":"","footnotes":""},"class_list":["post-12741","page","type-page","status-publish","has-post-thumbnail"],"_links":{"self":[{"href":"https:\/\/travelshelper.com\/sr\/wp-json\/wp\/v2\/pages\/12741","targetHints":{"allow":["GET"]}}],"collection":[{"href":"https:\/\/travelshelper.com\/sr\/wp-json\/wp\/v2\/pages"}],"about":[{"href":"https:\/\/travelshelper.com\/sr\/wp-json\/wp\/v2\/types\/page"}],"author":[{"embeddable":true,"href":"https:\/\/travelshelper.com\/sr\/wp-json\/wp\/v2\/users\/1"}],"replies":[{"embeddable":true,"href":"https:\/\/travelshelper.com\/sr\/wp-json\/wp\/v2\/comments?post=12741"}],"version-history":[{"count":0,"href":"https:\/\/travelshelper.com\/sr\/wp-json\/wp\/v2\/pages\/12741\/revisions"}],"up":[{"embeddable":true,"href":"https:\/\/travelshelper.com\/sr\/wp-json\/wp\/v2\/pages\/12648"}],"wp:featuredmedia":[{"embeddable":true,"href":"https:\/\/travelshelper.com\/sr\/wp-json\/wp\/v2\/media\/3399"}],"wp:attachment":[{"href":"https:\/\/travelshelper.com\/sr\/wp-json\/wp\/v2\/media?parent=12741"}],"curies":[{"name":"wp","href":"https:\/\/api.w.org\/{rel}","templated":true}]}}