{"id":12613,"date":"2024-09-16T17:14:40","date_gmt":"2024-09-16T17:14:40","guid":{"rendered":"https:\/\/travelshelper.com\/staging\/?page_id=12613"},"modified":"2026-03-13T00:17:05","modified_gmt":"2026-03-13T00:17:05","slug":"ukrajina","status":"publish","type":"page","link":"https:\/\/travelshelper.com\/sr\/destinations\/europe\/ukraine\/","title":{"rendered":"Ukrajina"},"content":{"rendered":"<p>Ukrajina, druga po veli\u010dini zemlja u Evropi, prostire se na 603.550 kvadratnih kilometara uglavnom neograni\u010dene ravnice, ispresecane visoravnima, \u0161umama i dva skromna planinska venca. Prostiru\u0107i se od 44\u00b0 do 53\u00b0 severne geografske \u0161irine i 22\u00b0 do 41\u00b0 isto\u010dne geografske du\u017eine, grani\u010di se sa sedam nacija - Belorusijom na severu, Poljskom i Slova\u010dkom na zapadu, Ma\u0111arskom, Rumunijom i Moldavijom na jugozapadu i Rusijom na istoku i severoistoku - i izlazi na Crno i Azovsko more na jugu i jugoistoku. NJen glavni grad, Kijev, ima populaciju koja je nekada prelazila \u010detrdeset miliona pre nemira poslednjih godina, a zvani\u010dni jezik nacije, ukrajinski, odjekuje od podno\u017eja Karpata do obale Krima.<\/p>\n<p>LJudi su prvi put kro\u010dili na ovo prostranstvo pre trideset dva milenijuma, a njihovo prisustvo potvr\u0111uju paleolitski artefakti koji se povremeno izranjaju iz crne zemlje. U devetom veku nastala je dr\u017eava, kasnije nazvana Kijevska Rusija, koja se do desetog i jedanaestog veka svrstala me\u0111u velike sile Evrope, sa glavnim gradovima koji su blistali pozla\u0107enim kupolama, a trgova\u010dkim putevima koji su se protezali preko stepe. Ipak, unutra\u0161nja rivalstva su razdvojila to carstvo, a 1240. godine Mongoli su u nadiru uni\u0161tili njegove poslednje ostatke, \u0161alju\u0107i pre\u017eivele na istok ili zapad pod vlast Litvanije, Poljske, Osmanskog i Austrijskog carstva ili Moskovskog carstva.<\/p>\n<p>Do sedamnaestog veka, u centralnim stepama se pojavio Koza\u010dki Hetmanat, daju\u0107i prolazni ukus samouprave pre njegove podele izme\u0111u Rusije i Poljske i kona\u010dne apsorpcije u Rusko carstvo. Zora dvadesetog veka obele\u017eila je bujanje ukrajinskog nacionalizma. Usred konvulzija 1917. godine, Ukrajina se proglasila republikom, da bi do 1922. godine bila uklju\u010dena u Sovjetski Savez kao Ukrajinska Sovjetska Socijalisti\u010dka Republika. Po\u010detkom 1930-ih, ve\u0161ta\u010dki izazvana glad, Holodomor, odnela je milione \u017eivota, a tokom Drugog svetskog rata teritorija je pretrpela dve okupacije i zapanjuju\u0107e civilne gubitke, uklju\u010duju\u0107i ve\u0107inu jevrejskog stanovni\u0161tva.<\/p>\n<p>Kada se Sovjetski Savez raspao 1991. godine, Ukrajina je proglasila nezavisnost i 1996. godine usvojila novi ustav, obavezuju\u0107i se na demokratsko upravljanje i tr\u017ei\u0161nu ekonomiju \u2013 ambiciju koju je omela endemska korupcija i upornost dr\u017eavno-centri\u010dnog nasle\u0111a. Narand\u017easta revolucija 2004\u20132005. donela je izborne reforme, dok su se 2014. godine masovne demonstracije zavr\u0161ile aneksijom Krima od strane Kremlja i izbijanjem sukoba u Donbasu. Invazija svih razmera 2022. godine produbila je i nacionalnu re\u0161enost i globalnu zabrinutost.<\/p>\n<p>Danas Ukrajina zadr\u017eava svoj status unitarne, polupredsedni\u010dke republike, sa \u0161estom najve\u0107om vojskom na planeti i vojnim bud\u017eetom me\u0111u deset najve\u0107ih na svetu. Plodna crnica daje ogromne \u017eetve \u017eitarica koje su dugo bile neophodne za globalnu bezbednost hrane, iako su ti prinosi ugro\u017eeni sukobima. NJena ekonomija je najni\u017ea po nominalnoj vrednosti po glavi stanovnika u Evropi, optere\u0107ena korupcijom \u010dak i dok \u0161iri svoje veze sa Evropskom unijom i podnosi zahtev za pridru\u017eivanje NATO-u 2022. godine.<\/p>\n<p>Geografija zemlje se prote\u017ee od \u0161iroke Isto\u010dnoevropske ravnice, gde reke Dnjepar, Dnjestar, Ju\u017eni Bug i Severski Donjec presecaju stepe na svom putu ka jugu do Crnog mora i manjeg Azovskog mora. Na jugozapadu delta Dunava ozna\u010dava vodenu granicu sa Rumunijom, njeni kanali su isprepleteni me\u0111u mo\u010dvarama, a dalje na jug Krimske planine se uzdi\u017eu u skromnim, krutim grebenima, \u010diji je najvi\u0161i vrh jedva dve hiljade metara iznad nivoa mora. Na zapadu se Karpati uzdi\u017eu do Hoverle, koja se nalazi na 2.061 metar, zapetljavaju\u0107i nebo iznad \u0161uma koje najavljuju promenu godi\u0161njih doba. Izme\u0111u ovih visoravni nalaze se visoravni \u2014 Volinsko-Podolska, Pridnjeparska, Donjecki greben, Priazovska \u2014 koje daju ravnici suptilne talase.<\/p>\n<p>Ispod zemlje le\u017ei zna\u010dajno prirodno bogatstvo: litijum u porastu potra\u017enje, kaolin i drvo, ogromne zalihe prirodnog gasa i, pre svega, zemlja \u010dija uzburkana plodnost daje Ukrajini njen istorijski epitet \u201e\u017eitnica Evrope\u201c. Pa ipak, ekolo\u0161ki pritisci nastaju zbog industrijskog zaga\u0111enja, kr\u010denja \u0161uma, nesta\u0161ice vode u nekim regionima i stalne radioaktivne kontaminacije oko \u010cernobilja, ostataka katastrofe reaktora iz 1986. godine. Rat je naneo nove ekolo\u0161ke rane: namerno uni\u0161tavanje brane Kahovka i milioni tona kontaminiranog ru\u0161evina naneli su ono \u0161to stru\u010dnjaci nazivaju ekocidom, a tro\u0161kovi sanacije mere se u desetinama milijardi dolara.<\/p>\n<p>Klimatski, srednjegeografski polo\u017eaj Ukrajine daje kontinentalni re\u017eim na ve\u0107em delu njenog prostora. Prose\u010dne godi\u0161nje temperature na severu kre\u0107u se izme\u0111u 5,5 \u00b0C i 7 \u00b0C, dok ju\u017ena obala ima bla\u017ee vrednosti od 11 \u00b0C do 13 \u00b0C. Padavine opadaju od zapada ka istoku, hrane\u0107i Karpate sa skoro 1,2 metra ki\u0161e godi\u0161nje, a na crnomorskoj obali jedva 0,4 metra. Zime hlade reke do leda, smanjuju\u0107i pomorsku trgovinu; leta su, u nekim sektorima, ugro\u017eena smanjenjem vodenih tokova koji ugro\u017eavaju agrarnu ekonomiju kako se klimatske promene intenziviraju.<\/p>\n<p>Saobra\u0107ajne arterije ispresecavaju naciju. Preko 1.600 km plovnih re\u010dnih puteva pro\u017eima sedam reka - prete\u017eno Dunav, Dnjepar i Pripjat - ali led ih vezuje svake zime. \u017deleznice, najgu\u0161\u0107e u industrijskom Donbasu, prote\u017eu se od lu\u010dkih gradova do fabrika i polja, \u010duvaju\u0107i rang Ukrajine kao jedne od zemalja sveta koje najvi\u0161e zavise od \u017eeleznice. Nacionalni avio-prevoznik zemlje, Ukrajina Interne\u0161enel Erlajns, nekada je povezivao kijevsko \u010dvori\u0161te Borispil sa Evropom, Bliskim istokom, Severnom Amerikom i Azijom, sve dok ratne neda\u0107e nisu ograni\u010dile civilne letove.<\/p>\n<p>Pre 2022. godine, vi\u0161e od osam miliona putnika je godi\u0161nje dolazilo u Ukrajinu, \u0161to je Ukrajinu \u010dinilo osmom najpose\u0107enijom destinacijom u Evropi. Glavni magneti su bili Kijev sa svojim pozla\u0107enim pravoslavnim blagom; terase Odese iznad mora; \u0161iroke avenije Harkova; priobalni delovi Dnjepra. Lavov, zapadni dragulj, \u010duva srednjovekovne ulice koje su pod za\u0161titom UNESKO-a. NJegova palata Kornjakta i crkve sa freskama evociraju raznovrsni uticaj regiona, dok Nacionalna umetni\u010dka galerija \u010duva barokno i modernisti\u010dko nasle\u0111e. Kijevska katedrala Svete Sofije i manastiri Pe\u010derska lavra blistaju na vrhovima plavih kupola, nadvisuju\u0107i Andrejivski uzvoz, gde se umetnici i zanatlije susre\u0107u u bujici boja i zanata. Posetioci su nekada lansirali iz odeske luke do Istanbula ili Varne, a trajekti su plovili Crnim morem pod zastavom Ukrferija.<\/p>\n<p>Prirodna bogatstva Ukrajine prote\u017eu se od zaobljenih karpatskih vrhova \u2014 gde staze vode kroz \u0161umske prolaze do panoramskih visina \u2014 do rezervata biosfere delte Dunava, gde kanali obrasli trskom vrve od ptica vodoplavarica. U Vilkovu, \u201eukrajinskoj Veneciji\u201c, uski kanali vode drvene \u010damce ispod vrba i galebova, dok zimski sportovi cvetaju usred sne\u017enih padina dalje na zapadu.<\/p>\n<p>Broj stanovnika pre sukoba 2022. godine iznosio je preko \u010detrdeset jedan milion, od kojih je oko \u0161ezdeset sedam procenata \u017eivelo u gradovima, uglavnom na industrijskom istoku i jugoistoku. Skromna gustina naseljenosti u gradovima od 69,5 stanovnika po kvadratnom kilometru je u suprotnosti sa evropskim prosekom, ali bezbroj sela se smanjuju kako demografski pritisci rastu. O\u010dekivani \u017eivotni vek pri ro\u0111enju dostigao je sedamdeset tri godine, sa razlikom izme\u0111u polova - sedamdeset osam za \u017eene i \u0161ezdeset osam za mu\u0161karce.<\/p>\n<p>Vera i obi\u010daji se prepli\u0107u. Ukrajina je dom druge najve\u0107e isto\u010dnopravoslavne zajednice na svetu, a njene liturgije odjekuju i u katedralama i u seoskim crkvama. Istra\u017eivanje iz 2021. godine zabele\u017eilo je verovanje kod osamdeset dva procenta ispitanika, pri \u010demu su zapadni regioni najpobo\u017eniji, a Donbas i isto\u010dne pokrajine najmanje. Narodne tradicije opstaju: bake i deke \u010desto nose glavnu odgovornost za decu, a pravoslavni kalendar oblikuje sve\u010danosti. Dekorativne umetnosti poput petrikivskog slikarstva i kosivske keramike prate vekove seoskih zanata, dok koza\u010dke pesme \u010duvaju borbene koreografije i epske stihove.<\/p>\n<p>Knji\u017eevni i umetni\u010dki izraz nosio je otisak politi\u010dkih previranja. Pod Staljinovim dekretom o socijalisti\u010dkom realizmu iz 1932. godine, kreativni glasovi su bili ograni\u010deni, ali je do 1980-ih glasnost vratila prostor za eksperimentisanje, donose\u0107i renesansu koja se nastavlja pod nezavisnom upravom. UNESKO je priznao osam ukrajinskih lokaliteta, a 2023. godine je potvrdio \u0161tetu na preko dvesta kulturnih dobara tokom ratovanja. Istorijsko jezgro Odese sada se nalazi na Listi svetske ba\u0161tine u opasnosti, \u0161to je svedo\u010danstvo o nasle\u0111u ugro\u017eenom sukobom.<\/p>\n<p>Uskr\u0161nja jaja, ili pisanke, predstavljaju umetnost stariju od hri\u0161\u0107anstva na ovim ravnicama. Slo\u017een proces nano\u0161enja voska i slojeva boje \u010dini svako jaje minijaturnom hronikom simbola i boja. Muzej pisanki u Kolomiji, otvoren 2000. godine, otelotvoruje ovo nasle\u0111e, koje je i samo po sebi progla\u0161eno modernim ukrajinskim obele\u017ejem.<\/p>\n<p>Od 2012. godine, dr\u017eavno Ministarstvo kulture sastavilo je inventar nematerijalnog nasle\u0111a, nabrajaju\u0107i 103 predmeta do jula 2024. godine - od usmenog predanja do ritualnih obreda - svaki kao nit u nacionalnom tkivu. Arhitektura odra\u017eava istoriju: vizantijske kupole Kijevske Rusi, poljska renesansa u Galiciji, austrougarski ornament u Lavovu, ruski barok u Kijevu, Hru\u0161\u010dovke iz sovjetskog doba koje se prote\u017eu preko urbanih periferija. Dana\u0161nje siluete grada suprotstavljaju sovjetsku \u0161tednju savremenim intervencijama, sugeri\u0161u\u0107i nere\u0161en dijalog izme\u0111u pro\u0161losti i sada\u0161njosti.<\/p>\n<p>Kulinarske prakse odra\u017eavaju spoj zemlji\u0161ta i obi\u010daja. Piletina dominira u potro\u0161nji mesa, zatim svinjetina i govedina; povr\u0107e - krompir, kupus, pe\u010durke i cvekla - obezbe\u0111uje osnovne namirnice. Kiseli asortiman se predstavlja kao delikatesi, dok salo, slana svinjska mast, u\u017eiva nacionalno priznanje. Hleb napravljen od ra\u017ei i p\u0161enice - oba uspevaju u plodnom \u010dernozemu - je osnova obroka, a repertoar uklju\u010duje vareniki (knedle), nalisniki (pala\u010dinke), kapusnjak (\u010dorba od kupusa), bor\u0161\u010d (\u010dorba od kisele cvekle) i holubci (sarme). Paska i korovaj obele\u017eavaju uskr\u0161nje i bra\u010dne obrede, a slatki kijevski kola\u010d obele\u017eava tradiciju prestonice. Pi\u0107a se kre\u0107u od uzvara (kompota od su\u0161enog vo\u0107a) i rja\u017eanke (fermentisane pavlake) do horilke, sa potro\u0161njom \u017eestokih pi\u0107a po glavi stanovnika me\u0111u najvi\u0161im u svetu uprkos nedavnom padu.<\/p>\n<p>Industrijska snaga, poljoprivredna snaga i kulturno nasle\u0111e Ukrajine spajaju se i defini\u0161u srednju silu u svetskim poslovima, \u010dlanicu osniva\u010dicu Ujedinjenih nacija koja se bori sa spoljnom agresijom dok istovremeno produbljuje veze sa evropskim strukturama. NJena bogata prirodna bogatstva i bogata pro\u0161lost oblikovali su narod otporan usred previranja. Od mrazom prekrivenih obala Dnjepra do zelenih padina Karpata, od pozla\u0107enih tornjeva Kijeva do kanala Vilkovo, raznovrsna ukrajinska podru\u010dja prate narativ prostran i plodan kao i same ravnice.<\/p>","protected":false},"excerpt":{"rendered":"<p>Ukrajina, koja se nalazi u isto\u010dnoj Evropi, druga je po veli\u010dini evropska zemlja posle Rusije, sa populacijom od oko 44 miliona zaklju\u010dno sa 2021. godinom. Strate\u0161ki sme\u0161tena na spoju Evrope i Azije, Ukrajina se prostire na 603.548 kvadratnih kilometara i stoga je glavni akter na geopoliti\u010dkoj sceni tog podru\u010dja. Rusija na istoku i severoistoku; Belorusija na severu; Poljska i Slova\u010dka na zapadu; Ma\u0111arska, Rumunija i Moldavija na jugozapadu; zemlja se grani\u010di sa nekoliko drugih zemalja. \u0160tavi\u0161e, zna\u010dajan pomorski pristup Ukrajini pru\u017ea njena znatna obala du\u017e Crnog mora i Azovskog mora na jugu i jugoistoku.<\/p>","protected":false},"author":1,"featured_media":3198,"parent":24078,"menu_order":0,"comment_status":"closed","ping_status":"closed","template":"elementor_theme","meta":{"_eb_attr":"","footnotes":""},"class_list":["post-12613","page","type-page","status-publish","has-post-thumbnail"],"_links":{"self":[{"href":"https:\/\/travelshelper.com\/sr\/wp-json\/wp\/v2\/pages\/12613","targetHints":{"allow":["GET"]}}],"collection":[{"href":"https:\/\/travelshelper.com\/sr\/wp-json\/wp\/v2\/pages"}],"about":[{"href":"https:\/\/travelshelper.com\/sr\/wp-json\/wp\/v2\/types\/page"}],"author":[{"embeddable":true,"href":"https:\/\/travelshelper.com\/sr\/wp-json\/wp\/v2\/users\/1"}],"replies":[{"embeddable":true,"href":"https:\/\/travelshelper.com\/sr\/wp-json\/wp\/v2\/comments?post=12613"}],"version-history":[{"count":0,"href":"https:\/\/travelshelper.com\/sr\/wp-json\/wp\/v2\/pages\/12613\/revisions"}],"up":[{"embeddable":true,"href":"https:\/\/travelshelper.com\/sr\/wp-json\/wp\/v2\/pages\/24078"}],"wp:featuredmedia":[{"embeddable":true,"href":"https:\/\/travelshelper.com\/sr\/wp-json\/wp\/v2\/media\/3198"}],"wp:attachment":[{"href":"https:\/\/travelshelper.com\/sr\/wp-json\/wp\/v2\/media?parent=12613"}],"curies":[{"name":"wp","href":"https:\/\/api.w.org\/{rel}","templated":true}]}}