{"id":12406,"date":"2024-09-16T00:39:00","date_gmt":"2024-09-16T00:39:00","guid":{"rendered":"https:\/\/travelshelper.com\/staging\/?page_id=12406"},"modified":"2026-03-12T18:32:52","modified_gmt":"2026-03-12T18:32:52","slug":"crna-gora","status":"publish","type":"page","link":"https:\/\/travelshelper.com\/sr\/destinations\/europe\/montenegro\/","title":{"rendered":"Crna Gora"},"content":{"rendered":"<p>Crna Gora, nacija od 623.633 stanovnika koja se prostire na 13.883 km\u00b2, zauzima uzak deo Balkanskog poluostrva u jugoisto\u010dnoj Evropi. Okru\u017eena Jadranskim morem na jugozapadu i ome\u0111ena Hrvatskom, Bosnom i Hercegovinom, Srbijom, Kosovom i Albanijom, ova republika od 25 op\u0161tina otelotvoruje milenijume slojevite istorije i izuzetnu geografsku raznolikost. Od visokih alpskih vrhova do uske priobalne ravnice, od srednjovekovnih crkava do utvr\u0111enja iz osmanskog doba, kompaktna teritorija Crne Gore poziva na bliski, kontemplativan pogled.<\/p>\n<p>Mnogo pre slovenskih migracija u \u0161estom i sedmom veku nove ere, ilirska plemena su oblikovala surove visoravni koje sada defini\u0161u veliki deo severne Crne Gore. Tokom narednih vekova, tri srednjovekovne kne\u017eevine - Duklja na jugu, Travunija na zapadu i Ra\u0161ka na severu - postavile su temelje novonastale dr\u017eave nazvane Zeta do \u010detrnaestog veka. Mleta\u010dki trgovci i pomorski komandanti ostavili su svoj trag du\u017e obale ve\u0107 krajem \u010detrnaestog veka, integri\u0161u\u0107i ju\u017ene obale u oblast poznatu pod nazivom Mleta\u010dka Albanija. Osmanski upadi stigli su do regiona krajem petnaestog veka, ali su gorski klanovi zadr\u017eali izvestan stepen autonomije pod dinastijom Petrovi\u0107-NJego\u0161. Godine 1878, Berlinski kongres je formalno priznao nezavisnost Crne Gore; do 1910. godine, ona je postala Kraljevina Crna Gora. Dvadeseti vek je doneo ujedinjenje sa Kraljevinom Srba, Hrvata i Slovenaca (kasnije Jugoslavijom), kasniji federalni ure\u0111enje sa Srbijom i, kona\u010dno, u junu 2006. godine, obnavljanje suverene dr\u017eavnosti putem referenduma, \u010dime je nacija postala kakva je danas.<\/p>\n<p>Crnogorska ekonomija, sada klasifikovana kao ekonomija vi\u0161eg srednjeg prihoda, prete\u017eno se oslanja na usluge, pri \u010demu turizam dobija na zna\u010daju poslednjih decenija. Evro funkcioni\u0161e kao nacionalna valuta jednostranim usvajanjem, dok razvoj infrastrukture - posebno zavr\u0161etak autoputeva i modernizacija \u017eelezni\u010dke pruge Beograd-Bar - ostaje deklarisani prioritet za podsticanje uravnote\u017eenog rasta. Dva me\u0111unarodna aerodroma u Podgorici i Tivtu opslu\u017euju priliv posetilaca koje privla\u010de pla\u017ee i istorijski gradovi jadranskog primorja; Luka Bar, obnovljena nakon ratnih razaranja, opslu\u017euje koli\u010dine tereta daleko ispod svog projektovanog kapaciteta.<\/p>\n<p>Geografski gledano, Crna Gora je studija kontrasta. Priobalna ravnica, \u0161iroka samo nekoliko kilometara, naglo se pretvara u kre\u010dnja\u010dke masive - me\u0111u kojima su Lov\u0107en i Orjen - koji se spu\u0161taju u Bokokotorski zaliv. U unutra\u0161njosti, kra\u0161ke formacije se uzdi\u017eu do nadmorske visine ve\u0107e od 2.000 m: Orjen na 1.894 m, Bobotov Kuk u Durmitorskom vencu na 2.522 m i, prema triangulaciji iz 2018. godine, Zla Kolata u Prokletijama na 2.534 m. Gle\u010derski izravnane doline i strmi kanjoni, poput klisure reke Tare, koja je na UNESKO-voj listi, usecaju severne planine, dok je Skadarsko jezero - koje deli sa Albanijom i za\u0161ti\u0107eno je kao nacionalni park - ispunjeno jugozapadnim nizijama sa mo\u010dvarama koje vrve pticama selicama.<\/p>\n<p>I u urbanim centrima i u malim gradovima, arhitektonski tragovi prate raznovrsne vladare Crne Gore. U srednjovekovnom jezgru Kotora, ulice poplo\u010dane peskom vijugaju izme\u0111u mleta\u010dkih palata i romanskih crkava: katedrala Svetog Tripuna iz dvanaestog veka stoji na glavnom trgu, dok crkva Svetog Luke gleda na mirni trg pored vode. Budva, kolevka jadranskog turizma, \u010duva drevnu tvr\u0111avu okru\u017eenu devet vekova verskih spomenika, sme\u0161tenih uz pozadinu modernih razvojnih projekata du\u017e njene pe\u0161\u010dane obale. Herceg Novi, na ulazu u zaliv, mo\u017ee se pohvaliti tvr\u0111avama \u0111enovskog dizajna i postepenim amfiteatrom mediteranskog zelenila.<\/p>\n<p>Cetinje, nekada\u0161nja kraljevska prestonica, a sada riznica nacionalne ba\u0161tine, nalazi se ispod planine Lov\u0107en. Na njegovim ulicama nalaze se muzeji, ambasade iz doba diplomatije i pravoslavni Cetinjski manastir, \u010duvar relikvija i ikonografije koje svedo\u010de o duhovnim tradicijama Crne Gore. Na severu, \u017dabljak slu\u017ei kao kapija Nacionalnog parka Durmitor, gde se Crno jezero nalazi na pe\u0161a\u010dkoj udaljenosti, a zimski snegovi podsti\u010du sportski turizam u istoj meri.<\/p>\n<p>Demografski mozaik Crne Gore odra\u017eava njen polo\u017eaj na raskrsnici. Nijedna etni\u010dka grupa ne \u010dini apsolutnu ve\u0107inu; Crnogorci predstavljaju pribli\u017eno 41 odsto stanovni\u0161tva, Srbi 33 odsto, Bo\u0161njaci 9 odsto, Albanci 5 odsto i Rusi 2 odsto, izme\u0111u ostalih manjih zajednica. Pravoslavni hri\u0161\u0107ani, prete\u017eno povezani sa Srpskom pravoslavnom crkvom, \u010dine 71 odsto vernika; muslimani (prvenstveno u regionu Sand\u017eaka) i rimokatolici (uglavnom du\u017e obale) \u010dine glavne verske manjine. Koegzistencija vera tokom vekova dala je kulturni ritam koji se izra\u017eava i u ritualnom \u017eivotu i u prazni\u010dnim okupljanjima.<\/p>\n<p>Koncept \u010cojstva i Juna\u0161tva \u2013 slobodno preveden kao \u201ehumanost i hrabrost\u201c \u2013 temelj je eti\u010dkih i dru\u0161tvenih vrednosti regiona, od klanskih obi\u010daja do modernog gra\u0111anskog identiteta. Narodne tradicije nalaze izraz u Oru, \u201eplesu orla\u201c, u kojem plesa\u010di formiraju koncentri\u010dne krugove, a parovi se penju jedni drugima na ramena u \u017eivoj predstavi koja evocira i \u017eivotinjsku gracioznost i zajedni\u010dku solidarnost.<\/p>\n<p>Gastronomske struje teku od istoka ka zapadu preko crnogorske trpeze. Osmanski uticaji se ose\u0107aju u jelima kao \u0161to su sarma (listovi vinove loze umotani oko mesa i pirin\u010da), musaka, pilav, pita i \u0107evapi. Srednjoevropski elementi se pojavljuju u pala\u010dinkama i krofnama, d\u017eemovima, keksima i bogatim kola\u010dima. Du\u017e jadranskog primorja, gde morski plodovi napreduju, preovladava mediteranska jednostavnost: riba sa ro\u0161tilja, \u0161koljke i karakteristi\u010dno crveno vino regiona, Vranac. U unutra\u0161njosti, planinska hrana slavi mle\u010dne proizvode i jagnjetinu: cicvara (kukuruzno bra\u0161no oboga\u0107eno sirom i pavlakom), kuvana jagnjetina u mleku i pljevaljski i njegu\u0161ki sirevi. NJegu\u0161ki pr\u0161ut - dimljena \u0161unka iz sela NJegu\u0161i - svedo\u010di o vekovnim tehnikama su\u0161enja koje se primenjuju ispod padina Lov\u0107ena.<\/p>\n<p>Crnogorsko vinogradarstvo je usredsre\u0111eno na imanja Planta\u017ee u blizini Podgorice, \u010diji vinogradi daju bela vina Krsta\u010d i Kaberne, zajedno sa crvenim vinima Vranac i Pro Korde. Butik restorani, kao \u0161to su Kne\u017eevi\u0107 u Golubovcima i etiketa Monte Grande, dopunjuju ovu ponudu. Litar Vranaca u lokalnom restoranu ko\u0161ta izme\u0111u osam i petnaest evra; cene u supermarketima po\u010dinju od dva evra, \u0161to isti\u010de pristupa\u010dnost vina.<\/p>\n<p>Eti\u010dko pona\u0161anje prote\u017ee se i van vremena obroka. Javne institucije \u010desto zahtevaju skromnu ode\u0107u; kratke pantalone mogu biti nepo\u017eeljne u bolnicama, vladinim zgradama i verskim objektima. Na pla\u017eama, neograni\u010deno sun\u010danje ostaje ograni\u010deno na odre\u0111ena mesta za nudiste. Obi\u010daji nazdravljanja propisuju direktan kontakt o\u010dima, u suprotnom gest rizikuje pogre\u0161no tuma\u010denje. Rakija, jaka \u0161ljivovica koja registruje oko pedeset tri procenta alkohola, zahteva trezveno po\u0161tovanje: doma\u0107ini mogu ponuditi vi\u0161e rundi, ali se od gosta o\u010dekuje da srkne razborito.<\/p>\n<p>Broj turista je prema\u0161io dva miliona u poslednjim sezonama, privu\u010den panoramom Bokokotorskog zaliva, koji je na listi svetske ba\u0161tine UNESKO-a, manastirom Ostrog iz sedamnaestog veka, use\u010denim u gotovo vertikalnu liticu, i dvanaestokilometarskim peskom ju\u017ene obale Ulcinja, koji je NJujork tajms nekada hvalio me\u0111u svojih \u201e31 najboljih mesta za posetiti 2010. godine\u201c. National Geographic Traveler je uvrstio Crnu Goru na svoju decenijsku listu \u201e50 mesta za \u017eivot\u201c, a hotel-ostrvce na Svetom Stefanu krasi naslovno izdanje. Ipak, pored popularnih atrakcija, Crna Gora nudi i intimne susrete: \u0161etnju po mese\u010dini kroz budvansku tvr\u0111avu, zora koja obasjava crvene krovove Perasta ili vo\u017enju kajakom ispod oblacima obasjanih vrhova Orjena.<\/p>\n<p>Infrastrukturni izazovi i dalje postoje. Putevi retko ispunjavaju zapadnoevropske standarde, a te\u017enja za zavr\u0161etkom autoputskih veza proizilazi i iz ekonomske nu\u017enosti i iz \u017eelje da se turizam ravnomernije rasporedi po republici. \u017deleznica Beograd\u2013Bar, \u010dudo in\u017eenjerstva kroz planinske prevoje i tunele, te\u017ei da obnovi teretni saobra\u0107aj do predvi\u0111enog protoka. Predlozi za sme\u0161taj te\u010dnog prirodnog gasa u luci Bar signaliziraju zaokret ka energetskoj diverzifikaciji i regionalnoj me\u0111usobnoj povezanosti.<\/p>\n<p>Na severu, Durmitorski zimski snegovi i alpske livade privla\u010de ljubitelje prirode tokom cele godine. Kanjon reke Tare, koji se obru\u0161ava vi\u0161e od 1.300 metara na svojim obalama, spada me\u0111u najdu\u017ee i najdublje na svetu, nude\u0107i rafting izlete koji spajaju adrenalin sa tihim posmatranjem kre\u010dnja\u010dkih zidova oblikovanih ledom i vodom. Nacionalni park Skadarsko jezero, nasuprot tome, nudi bla\u017ei program: posmatra\u010di ptica prate pelikane i \u010daplje usred trske, dok tradicionalni ribarski \u010damci klize po bistroj vodi.<\/p>\n<p>Istorijski i kulturni ulozi o\u010duvanja odjekuju crnogorskim pejza\u017eom. Drevni manastiri \u2013 Savina kod Herceg Novog, bazilika Svetog Luke iznad Kotora i pravoslavne enklave Budimlja i Nik\u0161i\u0107 \u2013 \u010duvaju freske koje izra\u017eavaju srednjovekovnu duhovnost. Venecijanske barokne palate u Perastu prepri\u010davaju sudbinu pomorskih kapetana \u010diji su pomorski poduhvati povezivali ovu obalu sa \u0161irim Mediteranom. Na Ostrogu, hodo\u010dasnici prelaze uske staze da bi stigli do \u0107elija gde je u sedamnaestom veku episkop Vasilije Ostro\u0161ki tra\u017eio samo\u0107u, a kasnije i svetost; njegove mo\u0161ti sada svake godine privla\u010de vernike iz celog Balkana.<\/p>\n<p>Podgorica, moderna prestonica i najve\u0107i grad Crne Gore, stvara sopstvenu naraciju obnove. Nekada poznata kao Titograd pod jugoslovenskim pokroviteljstvom, sada manifestuje savremenu arhitekturu i kulturne objekte pored d\u017eamija iz osmanskog doba i ostataka rimskih puteva. U njoj se nalazi glavni univerzitet u zemlji i slu\u017ei kao administrativni centar, \u010dak i dok ruralne op\u0161tine odr\u017eavaju razli\u010dite identitete utemeljene u klanovskoj i regionalnoj pripadnosti.<\/p>\n<p>Uprkos svojoj veli\u010dini, multietni\u010dki sastav Crne Gore se opire homogenizaciji. Srpsko-crnogorske tenzije, iako prigu\u0161ene u svakodnevnom \u017eivotu, izbijaju na povr\u0161inu u debatama o upravljanju crkvom i jezi\u010dkom samoidentifikaciji. Nepriznata Crnogorska pravoslavna crkva ostaje sporni simbol nacionalnog suvereniteta za neke, dok drugi smatraju kanonske veze sa Srpskom pravoslavnom crkvom sastavnim delom verskog kontinuiteta. Lingvisti\u010dki gledano, crnogorski, srpski, bosanski i albanski govorni tira\u017e odra\u017eavaju zajedni\u010dke pripadnosti koliko i pitanja gramatike i vokabulara.<\/p>\n<p>Ukratko, Crna Gora se nalazi na raskrsnici pro\u0161losti i budu\u0107nosti. NJeni gradovi i divlja mesta, njene katedrale i plemenske tradicije, stapaju se u dijalogu izme\u0111u o\u010duvanja i inovacije. Za posetioca koji joj prilazi bez o\u010dekivanja ili hitnosti, koji oslu\u0161kuje ritmove cvr\u010daka na planinskim livadama i posmatra ribare kako izvla\u010de mre\u017ee u zoru, republika se otkriva kao vi\u0161e od koridora do jadranskog sunca. Umesto toga, ona nudi kompaktnu hroniku ljudskog poduhvata: otpornu, idiosinkrati\u010dnu i ispunjenu trajnim ose\u0107ajem mesta koji prevazilazi puku geografiju. U Crnoj Gori, svaki istro\u0161eni kamen i vijugavi zaliv nalik fjordu poziva na razmi\u0161ljanje o protoku vremena - i o trajnoj vezi izme\u0111u zemlje i ljudi koji je naseljavaju.<\/p>","protected":false},"excerpt":{"rendered":"<p>Crna Gora, koja se nalazi u jugoisto\u010dnoj Evropi na Balkanskom poluostrvu, ima populaciju od 633.158 osoba raspore\u0111enih u 25 op\u0161tina, koje obuhvataju povr\u0161inu od 13.812 kvadratnih kilometara (5.333 kvadratnih milja). Ova kompaktna i raznolika nacija je strate\u0161ki locirana, deli granice sa Bosnom i Hercegovinom na severozapadu, Srbijom na severoistoku, Kosovom na istoku i Albanijom na jugoistoku. Zapadna granica grani\u010di sa Hrvatskom, a jugozapadna obala se prote\u017ee uz prelepe azurne vode Jadranskog mora, predstavljaju\u0107i zadivljuju\u0107i morski aspekt ovom planinskom regionu.<\/p>","protected":false},"author":1,"featured_media":4896,"parent":24078,"menu_order":0,"comment_status":"closed","ping_status":"closed","template":"elementor_theme","meta":{"_eb_attr":"","footnotes":""},"class_list":["post-12406","page","type-page","status-publish","has-post-thumbnail"],"_links":{"self":[{"href":"https:\/\/travelshelper.com\/sr\/wp-json\/wp\/v2\/pages\/12406","targetHints":{"allow":["GET"]}}],"collection":[{"href":"https:\/\/travelshelper.com\/sr\/wp-json\/wp\/v2\/pages"}],"about":[{"href":"https:\/\/travelshelper.com\/sr\/wp-json\/wp\/v2\/types\/page"}],"author":[{"embeddable":true,"href":"https:\/\/travelshelper.com\/sr\/wp-json\/wp\/v2\/users\/1"}],"replies":[{"embeddable":true,"href":"https:\/\/travelshelper.com\/sr\/wp-json\/wp\/v2\/comments?post=12406"}],"version-history":[{"count":0,"href":"https:\/\/travelshelper.com\/sr\/wp-json\/wp\/v2\/pages\/12406\/revisions"}],"up":[{"embeddable":true,"href":"https:\/\/travelshelper.com\/sr\/wp-json\/wp\/v2\/pages\/24078"}],"wp:featuredmedia":[{"embeddable":true,"href":"https:\/\/travelshelper.com\/sr\/wp-json\/wp\/v2\/media\/4896"}],"wp:attachment":[{"href":"https:\/\/travelshelper.com\/sr\/wp-json\/wp\/v2\/media?parent=12406"}],"curies":[{"name":"wp","href":"https:\/\/api.w.org\/{rel}","templated":true}]}}