{"id":12252,"date":"2024-09-15T20:08:02","date_gmt":"2024-09-15T20:08:02","guid":{"rendered":"https:\/\/travelshelper.com\/staging\/?page_id=12252"},"modified":"2026-03-12T19:24:46","modified_gmt":"2026-03-12T19:24:46","slug":"norveska","status":"publish","type":"page","link":"https:\/\/travelshelper.com\/sr\/destinations\/europe\/norway\/","title":{"rendered":"Norve\u0161ka"},"content":{"rendered":"<p>Kraljevina Norve\u0161ka zauzima zapadni i najseverniji deo Skandinavskog poluostrva u severnoj Evropi i obuhvata udaljena arkti\u010dka ostrva Jan Majen i arhipelag Svalbard. Ostrvo Buve u Subantarktiku je zavisna teritorija, dok Norve\u0161ka pola\u017ee pravo na antarkti\u010dke teritorije Ostrva Petra I i Zemlje kraljice Mod. Od \u010detvrtog kvartala 2024. godine, njeno stanovni\u0161tvo je iznosilo 5.585.044 stanovnika, a Oslo je bio i glavni i najve\u0107i grad. Ukupna povr\u0161ina kraljevstva iznosi 385.207 kvadratnih kilometara, uklju\u010duju\u0107i Svalbard i Jan Majen, ili 323.808 kvadratnih kilometara bez njih.<\/p>\n<p>Prostiru\u0107i se izme\u0111u 57\u00b0 i 81\u00b0 severne geografske \u0161irine i 4\u00b0 i 32\u00b0 isto\u010dne geografske du\u017eine, Norve\u0161ka deli kopnenu granicu od 1.619 kilometara sa \u0160vedskom, 727 kilometara sa Finskom i 196 kilometara sa Rusijom. NJena opse\u017ena obala okrenuta je ka moreuzu Skagerak, Severnom moru, Norve\u0161kom moru i Barencovom moru. Kopnena obala meri 2.532 kilometra, dok se ukupna obala \u2013 kada se ra\u010dunaju fjordovi \u2013 prote\u017ee na 28.953 kilometra. Uklju\u010duju\u0107i ostrva, ta brojka raste na procenjenih 100.915 kilometara. Skandinavske planine \u010dine ve\u0107i deo isto\u010dne granice sa \u0160vedskom.<\/p>\n<p>Veliki deo norve\u0161kog terena odra\u017eava milenijume oblikovanja gle\u010dera. Fjordovi, me\u0111u kojima je najzna\u010dajniji Sognefjorden sa du\u017einom od 204 kilometra, koji je drugi najdublji na svetu, usecaju duboke zalive u obalu. Hornindalsvatnet, najdublje jezero u Evropi, dosti\u017ee dubinu od preko 500 metara. Norve\u0161ka sadr\u017ei pribli\u017eno 400.000 jezera i 239.057 registrovanih ostrva. Permafrost se opstaje tokom cele godine u uzvi\u0161enim planinskim predelima i \u0161irom unutra\u0161njosti okruga Finmark, dok su gle\u010deri i dalje brojni u visoravnima. Stenska podloga se prete\u017eno sastoji od tvrdog granita i gnajsa, sa \u0161kriljcem, pe\u0161\u010darom i kre\u010dnjakom na ni\u017eim nadmorskim visinama i morskim naslagama du\u017e priobalnih ravnica.<\/p>\n<p>Norve\u0161ka klima zna\u010dajno varira od obale do visoravni u unutra\u0161njosti. Golfska struja i preovla\u0111uju\u0107i zapadni vetrovi podi\u017eu temperature na obali iznad o\u010dekivanja za takve severne geografske \u0161irine i pove\u0107avaju padavine. Nizije oko Osla do\u017eivljavaju najtoplija leta, ali i dalje trpe sneg i hladne zime. Priobalna podru\u010dja izlo\u017eena atlantskim olujama dobijaju obilne padavine, dok se zavetrinske strane priobalnih planina nalaze u ki\u0161noj senci i bele\u017ee manje padavina. Tromse, na arkti\u010dkom severu, nekada je zabele\u017eio 430 sun\u010danih sati u jednom mesecu. Iznad Arkti\u010dkog kruga, pono\u0107no sunce preovladava od kraja maja do kraja jula; ispod njega, dnevno svetlo mo\u017ee dosti\u0107i i do 20 sati dnevno. Nasuprot tome, polarna no\u0107 traje od kraja novembra do kraja januara na severnim teritorijama, sa minimalnim dnevnim svetlom na drugim mestima. Klimatske zone se kre\u0107u od okeanskih i subpolarnih okeanskih du\u017e obala, preko vla\u017enih kontinentalnih u delovima jugoistoka, do pomorskih subarkti\u010dkih i arkti\u010dkih tundra na krajnjem severu i na Svalbardu.<\/p>\n<p>Ujedinjeno kraljevstvo Norve\u0161ke vu\u010de poreklo iz konsolidacije sitnih kraljevstava 872. godine. Od 1537. do 1814. godine bila je deo dansko-norve\u0161ke unije, nakon \u010dega je u\u0161la u personalnu uniju sa \u0160vedskom do 1905. godine. Norve\u0161ka je ostala neutralna u Prvom svetskom ratu, a u po\u010detku i u Drugom svetskom ratu do nema\u010dke invazije u aprilu 1940. godine, traju\u0107i okupaciju do 1945. godine.<\/p>\n<p>Prema ustavu iz 1814. godine, Norve\u0161ka funkcioni\u0161e kao unitarna dr\u017eava sa ustavnom monarhijom. Kralj Harald V iz ku\u0107e Gliksburg zauzima presto, dok Jonas Gar Stere obavlja funkciju premijera od 2021. godine. Zakonodavna vlast nalazi se u jednodomnom parlamentu (Stortingu), izvr\u0161na vlast u kabinetu, a sudska u Vrhovnom sudu. Administrativne podele se sastoje od okruga (filker) i op\u0161tina (komuner). Samijski parlament, potkrepljen Zakonom Finmark, daje starosedela\u010dkom narodu Sami ograni\u010deno samoopredeljenje nad tradicionalnim teritorijama.<\/p>\n<p>Norve\u0161ka odr\u017eava bliske diplomatske i ekonomske veze sa Evropskom unijom preko Evropskog ekonomskog prostora, u\u010destvuje u \u0160engenskoj zoni i intenzivno sara\u0111uje sa Sjedinjenim Dr\u017eavama. Jedna je od osniva\u010dkih \u010dlanica Ujedinjenih nacija, NATO-a, Evropskog udru\u017eenja slobodne trgovine, Saveta Evrope, Antarkti\u010dkog sporazuma i Nordijskog saveta, a \u010dlanica je Svetske trgovinske organizacije i OECD-a. Norve\u0161ki dijalekti su me\u0111usobno razumljivi sa dijalektima Danske i \u0160vedske.<\/p>\n<p>Norve\u0161ki model socijalne za\u0161tite pru\u017ea univerzalnu zdravstvenu za\u0161titu i sveobuhvatno socijalno osiguranje zasnovano na egalitarnim principima. Dr\u017eava zadr\u017eava ve\u0107insko ili zna\u010dajno vlasni\u0161tvo u strate\u0161kim sektorima, uklju\u010duju\u0107i naftu, prirodni gas, minerale, drvnu gra\u0111u, morske plodove i hidroenergiju. Va\u0111enje nafte i gasa doprinosi otprilike jednoj \u010detvrtini bruto doma\u0107eg proizvoda, a Norve\u0161ka se nalazi kao najve\u0107i proizvo\u0111a\u010d ovih resursa po glavi stanovnika van Bliskog istoka. Prihod po glavi stanovnika stavlja Norve\u0161ku me\u0111u najvi\u0161e zemlje u svetu - \u010detvrti prema metrikama Svetske banke i osmi prema MMF-u. Imovina suverenih fondova bogatstva iznosi pribli\u017eno 1,3 biliona ameri\u010dkih dolara, \u0161to je najve\u0107a vrednost na svetu.<\/p>\n<p>Mereno po BDP-u po glavi stanovnika, Norve\u0161ka je na drugom mestu me\u0111u evropskim zemljama, posle Luksemburga, i \u0161estom u svetu po paritetu kupovne mo\u0107i. Zemlja je funkcionisala kao neto spoljni poverilac duga i povratila je vode\u0107u poziciju na Indeksu ljudskog razvoja Programa UN za razvoj 2009. godine. Stabilnost i institucionalni integritet Norve\u0161ke doneli su joj najni\u017ei rang na Indeksu neuspelih dr\u017eava i 2009. i 2023. godine.<\/p>\n<p>Me\u0161ovita ekonomija karakteri\u0161e sna\u017eno privatno preduzetni\u0161tvo uz zna\u010dajno u\u010de\u0161\u0107e dr\u017eave. Javno zdravstvo name\u0107e skromnu godi\u0161nju naknadu za odrasle starije od 16 godina, a roditeljsko odsustvo traje 46 nedelja sa platom. U februaru 2025. godine, nezaposlenost je iznosila 3,9 procenata, sa 69,7 procenata osoba starosti 15\u201374 godine zaposlenih. Naknade za invaliditet dostigle su 10,6 procenata osoba starosti 18\u201367 godina, a zaposlenost u dr\u017eavnoj upravi \u010dinila je 30 procenata radne snage. Prose\u010dna produktivnost po satu i plate su me\u0111u najvi\u0161im u svetu.<\/p>\n<p>Geografska disperzija i neravan teren oblikovali su transportnu infrastrukturu. Javni prevoz je nerazvijen u odnosu na druge evropske dr\u017eave, posebno van urbanih centara. Norve\u0161ka \u017eelezni\u010dka mre\u017ea obuhvata 4.114 kilometara standardnog koloseka, od \u010dega je 62 procenta elektrifikovano na 15 kV 16,7 Hz AC; 64 kilometra podr\u017eava brzine do 210 km\/h. U 2023. godini \u017eeleznice su prevezle 78,22 miliona putnika na 3.153 miliona putni\u010dkih kilometara i prevezle 32,23 miliona tona tereta na 3.928 miliona tona-kilometara. Bane NOR je vlasnik mre\u017ee; operateri uklju\u010duju Vy, SJ, Go-Ahead i Flytoget za putni\u010dke usluge, i CargoNet i OnRail za teretni saobra\u0107aj. Dr\u017eavni bud\u017eeti finansiraju investicije i odr\u017eavanje, dopunjene operativnim subvencijama.<\/p>\n<p>Mre\u017ea javnih puteva prote\u017ee se na 95.120 kilometara, od \u010dega je 72.033 kilometra asfaltirano, a 664 kilometra je ozna\u010deno kao autoput. Rute klasifikovane kao nacionalni i glavni \u017eupanijski putevi integri\u0161u se u evropsku \u0161emu E-puteva, posebno E6 koji se prote\u017ee du\u017e cele zemlje od severa do juga i E39 koji se prote\u017ee du\u017e zapadne obale. Norve\u0161ka uprava za javne puteve nadgleda nacionalne i \u017eupanijske puteve.<\/p>\n<p>Norve\u0161ka je vode\u0107a u svetu po broju elektri\u010dnih vozila sa priklju\u010dkom na struju po glavi stanovnika; od marta 2014. godine, preko jednog od 100 putni\u010dkih automobila na njenim putevima radilo je na struju. Udeo elektri\u010dnih modela u prodaji novih automobila ostaje najve\u0107i na svetu. Zakonodavni predlozi imaju za cilj zabranu prodaje novih automobila na benzin i dizel motore ve\u0107 od 2025. godine.<\/p>\n<p>Avijacija obuhvata oko 146 aerodroma, 52 javna i 43 kojima upravlja dr\u017eavna kompanija Avinor. Sedam aerodroma godi\u0161nje opslu\u017ei preko milion putnika; ukupan protok putnika dostigao je preko 41 milion u 2007. godini. Aerodrom u Oslu, Gardermuen, nalazi se 35 kilometara severoisto\u010dno od glavnog grada i slu\u017ei kao glavna me\u0111unarodna kapija. Funkcioni\u0161e kao \u010dvori\u0161te za Skandinavske erlajnse, Norve\u0161ki er \u0161atl i regionalne prevoznike, nude\u0107i direktne veze \u0161irom Evrope i do odabranih me\u0111ukontinentalnih destinacija. Brzi voz povezuje aerodrom sa Centralnom stanicom u Oslu svakih deset minuta, tokom putovanja od 20 minuta.<\/p>\n<p>Turizam je doprineo 4,2 procenta BDP-a u 2016. godini, a svaki petnaesti Norve\u017eanin je zaposlen u ovom sektoru. Sezonska sezona dosti\u017ee vrhunac izme\u0111u maja i avgusta, kada dolazi vi\u0161e od polovine svih posetilaca. Raznovrsni pejza\u017ei - fjordovi, planine, skijali\u0161ta, jezera i \u0161ume - \u010dine privla\u010dnost Norve\u0161ke. Glavne urbane destinacije uklju\u010duju Oslo, Olesund, Bergen, Stavanger, Trondhajm, Kristijansand, Tromse, Fredrikstad i Tensberg. Posetioci tako\u0111e \u010desto pose\u0107uju prirodne lokacije kao \u0161to su Atlantski okeanski put, visoravan Hardangervida, gle\u010der Jostedalsbrin, planine Jotunhajmen, Lofotska ostrva i litica u Nordkapu. Kulturne znamenitosti kre\u0107u se od skakaonice Holmenkolen i instalacije Vigeland u Oslu do pristani\u0161ta Brigen u Bergenu, katedrale Nidaros u Trondhajmu i ru\u0161evina tvr\u0111ave u Tensbergu i Fredrikstadu.<\/p>\n<p>Etni\u010dki Norve\u017eani \u010dine severnogermanski narod. Ukupna stopa fertiliteta u 2023. godini iznosila je 1,40 dece po \u017eeni, \u0161to je ispod nivoa zamene od 2,1 i manje od vrhunca od 4,69 iz 1877. godine. Srednja starost je dostigla 40 godina u 2024. godini. Laami, starosedeoci arkti\u010dkih regiona Norve\u0161ke, \u0160vedske, Finske i ruskog poluostrva Kola, i Kveni, potomci finskih migranata, predstavljaju priznate manjine. Dr\u017eavne politike norve\u017eizacije tokom devetnaestog i dvadesetog veka dovele su do toga da se mnogi sa laponskim ili kvenskim poreklom identifikuju kao etni\u010dki Norve\u017eani.<\/p>\n<p>Norve\u0161ka kultura zadr\u017eava jake veze sa svojom agrarnom pro\u0161lo\u0161\u0107u. Romanti\u010dni nacionalizam iz devetnaestog veka, koji se pojavio oko poljoprivrednih tradicija, oblikovao je jezik, knji\u017eevnost, umetnost i muziku \u2013 uticaj koji je i danas vidljiv kroz vladinu podr\u0161ku kulturnim institucijama i projektima. Arhitektonsko nasle\u0111e se prote\u017ee od srednjovekovnih drvenih crkava \u2013 Urnesska drvena crkva ima status svetske ba\u0161tine UNESKA \u2013 do drvenih fasada Brigen Vorfa. Kamene katedrale, barokne crkve u Kongsbergu i drveni rudarski domovi u Rerosu svedo\u010de o uzastopnim epohama. Kristijan H. Gro\u0161ov projekat s po\u010detka devetnaestog veka uklju\u010duje Univerzitet u Oslu i Oslovsku berzu. Rekonstrukcija Olesunda iz 1904. godine uvela je secesiju u Norve\u0161ku, dok je funkcionalizam stekao zna\u010daj 1930-ih. Arhitekte kasnog dvadesetog veka stekle su me\u0111unarodno priznanje; sala za rasprave saami parlamenta u blizini Kara\u0161johke, oblo\u017eena drvetom, evocira tradicionalni lavvo.<\/p>\n<p>Kuhinja odra\u017eava pomorske i poljoprivredne resurse. Morski plodovi poput lososa, haringe, pastrmke i bakalara prisutni su uz sireve uklju\u010duju\u0107i brunost, jarlsberg i gamalost, mle\u010dne proizvode i gusti hleb. Sezonski specijaliteti uklju\u010duju lefse, poga\u010dicu od krompira koja se slu\u017ei sa puterom i \u0161e\u0107erom; konzervisana i fermentisana jela kao \u0161to su lutefisk, smalahov, pinekjot, raspebol, farikal i rakefisk; i \u0161iroko rasprostranjeni vafel.<\/p>\n<p>\u0160est kopnenih regiona Norve\u0161ke \u2014 Estlandet oko Osla; Trendelag; Severna Norve\u0161ka; Agder; Zapadna Norve\u0161ka; i unutra\u0161nji okruzi \u2014 predstavljaju raznolik teren i kulturne tradicije. Arkti\u010dko okru\u017eenje Svalbarda je dom polarnih medveda i satelitskih instalacija, dok je Jan Majen uglavnom nepristupa\u010dan bez posebne dozvole.<\/p>\n<p>Od svog ujedinjenja 872. godine, Norve\u0161ka je kontinuirano odr\u017eavala dr\u017eavnost vi\u0161e od jedanaest vekova. NJena kombinacija ustavne monarhije, parlamentarne demokratije i sveobuhvatnih socijalnih odredbi temelj je visokog \u017eivotnog standarda, ekonomske otpornosti i politi\u010dke stabilnosti. Bogati prirodni resursi, od rezervi nafte do hidroenergije i ribarstva, podr\u017eavaju me\u0161ovitu ekonomiju i najve\u0107i svetski suvereni fond bogatstva. Raznovrsna klima i pejza\u017ei pru\u017eaju veliku turisti\u010dku privla\u010dnost, od iskustava pono\u0107nog sunca iznad Arkti\u010dkog kruga do izleta fjordovima u zapadnoj Norve\u0161koj. Trajni kulturni otisak poljoprivrednih tradicija, knji\u017eevnih i arhitektonskih dostignu\u0107a i \u017eivahnih urbanih centara oblikuje nacionalni identitet oblikovan geografijom, istorijom i dru\u0161tvenim egalitarizmom.<\/p>","protected":false},"excerpt":{"rendered":"<p>Norve\u0161ka, formalno poznata kao Kraljevina Norve\u0161ka, je nordijska dr\u017eava koja se nalazi u severnoj Evropi na Skandinavskom poluostrvu, sa populacijom od 5.576.660 od 2024. Deo Kraljevine Norve\u0161ke su i izolovano arkti\u010dko ostrvo Jan Majen i arhipelag Svalbard. Nije deo Kraljevine, ostrvo Buve, na Subantarktiku je zavisnost; Norve\u0161ka tako\u0111e pola\u017ee pravo na antarkti\u010dku teritoriju ostrva Petra I i Zemlje kraljice Mod. Oslo je i glavni i najve\u0107i grad Norve\u0161ke.<\/p>","protected":false},"author":1,"featured_media":3041,"parent":24078,"menu_order":0,"comment_status":"closed","ping_status":"closed","template":"elementor_theme","meta":{"_eb_attr":"","footnotes":""},"class_list":["post-12252","page","type-page","status-publish","has-post-thumbnail"],"_links":{"self":[{"href":"https:\/\/travelshelper.com\/sr\/wp-json\/wp\/v2\/pages\/12252","targetHints":{"allow":["GET"]}}],"collection":[{"href":"https:\/\/travelshelper.com\/sr\/wp-json\/wp\/v2\/pages"}],"about":[{"href":"https:\/\/travelshelper.com\/sr\/wp-json\/wp\/v2\/types\/page"}],"author":[{"embeddable":true,"href":"https:\/\/travelshelper.com\/sr\/wp-json\/wp\/v2\/users\/1"}],"replies":[{"embeddable":true,"href":"https:\/\/travelshelper.com\/sr\/wp-json\/wp\/v2\/comments?post=12252"}],"version-history":[{"count":0,"href":"https:\/\/travelshelper.com\/sr\/wp-json\/wp\/v2\/pages\/12252\/revisions"}],"up":[{"embeddable":true,"href":"https:\/\/travelshelper.com\/sr\/wp-json\/wp\/v2\/pages\/24078"}],"wp:featuredmedia":[{"embeddable":true,"href":"https:\/\/travelshelper.com\/sr\/wp-json\/wp\/v2\/media\/3041"}],"wp:attachment":[{"href":"https:\/\/travelshelper.com\/sr\/wp-json\/wp\/v2\/media?parent=12252"}],"curies":[{"name":"wp","href":"https:\/\/api.w.org\/{rel}","templated":true}]}}