{"id":12053,"date":"2024-09-15T12:59:22","date_gmt":"2024-09-15T12:59:22","guid":{"rendered":"https:\/\/travelshelper.com\/staging\/?page_id=12053"},"modified":"2026-03-12T21:52:09","modified_gmt":"2026-03-12T21:52:09","slug":"ekaterinburg","status":"publish","type":"page","link":"https:\/\/travelshelper.com\/sr\/destinations\/europe\/russian-federation\/yekaterinburg\/","title":{"rendered":"Ekaterinburg"},"content":{"rendered":"<p>Jekaterinburg, sme\u0161ten na obalama reke Iset na isto\u010dnom rubu Uralskih planina, \u010detvrti je po veli\u010dini grad u Rusiji i administrativni centar Sverdlovske oblasti i Uralskog federalnog okruga. Prostire se na povr\u0161ini od 1.111 kvadratnih kilometara i ima 1.544.376 stanovnika prema popisu iz 2021. godine, \u0161to ga \u010dini strate\u0161ki va\u017enim izme\u0111u Evrope i Sibira. Osnovan 1723. godine i kratko preimenovan u Sverdlovsk od 1924. do 1991. godine, grad je i industrijska sila i kulturno sredi\u0161te, a njegovu siluetu sada isprekidaju moderni neboderi, a ulice karakteri\u0161e upe\u010datljiva konstruktivisti\u010dka arhitektura.<\/p>\n<p>Jekaterinburg je osnovan dekretom cara Petra Velikog 18. novembra 1723. godine, po njegovoj supruzi, carici Katarini I. Od svog osnivanja, slu\u017eio je kao rudarska prestonica Ruskog carstva, eksploati\u0161u\u0107i bogate rude Urala i deluju\u0107i kao vitalna veza na Sibirskom putu koji je otvorila Katarina Velika 1781. godine. Ova saobra\u0107ajnica je transformisala grad u kapiju za putnike i robu koja je putovala ka ogromnoj sibirskoj divljini. Krajem devetnaestog veka, Jekaterinburg se pojavio kao centar dru\u0161tvenog i politi\u010dkog vrenja, mesto za revolucionarne pokrete koji \u0107e oblikovati tok ruske istorije. Nakon bolj\u0161evi\u010dke revolucije, grad je preimenovan u Sverdlovsk u \u010dast Jakova Sverdlova, \u0161to odra\u017eava njegovu novu ulogu administrativnog i industrijskog centra pod sovjetskim re\u017eimom. Raspadom Sovjetskog Saveza, povratio je svoje istorijsko ime 23. septembra 1991. godine.<\/p>\n<p>Sme\u0161ten na severoisto\u010dnom rubu Evrope, Jekaterinburg zauzima \u0161umovita brda koja se spu\u0161taju prema blagim padinama Urala. Reka Iset preseca urbano tkivo, ulivaju\u0107i se iz planina u Tobol. Unutar njegovih granica nalaze se dva jezera, \u0160uvaki\u0161 i \u0160arta\u0161, dok obli\u017enji akumulacioni rezervoari i bare odr\u017eavaju i rekreaciju i upravljanje vodama. Vla\u017ena kontinentalna klima grada donosi o\u0161tro izra\u017eena godi\u0161nja doba. Zime mogu pasti i do -40\u00b0C tokom arkti\u010dkih prodora, a zatim se popeti iznad nule tokom iznenadnih otapanja, dok letnje temperature mogu varirati od laganih mrazeva do maksimuma preko 35\u00b0C kako tople vazdu\u0161ne mase napreduju iz Centralne Azije. Ove dramati\u010dne fluktuacije isti\u010du polo\u017eaj grada na raskrsnici kontrastnih vazdu\u0161nih struja.<\/p>\n<p>Demografski rast pratio je rastu\u0107u ekonomiju Jekaterinburga. Izme\u0111u 2010. i 2021. godine, njegovo stanovni\u0161tvo je poraslo za skoro 15 procenata, \u0161to odra\u017eava i unutra\u0161nje migracije i prirodni prira\u0161taj. Grad se prote\u017ee van svojih zvani\u010dnih granica u urbanu aglomeraciju od oko 2,2 miliona stanovnika. Ovo \u0161irenje se poklapa sa gra\u0111evinskim bumom koji je proizveo vi\u0161e od dvadeset nebodera, uklju\u010duju\u0107i Isetsku kulu, koja je sa 209 metara najvi\u0161a gra\u0111evina na Uralu.<\/p>\n<p>Po ekonomskom u\u010dinku, Jekaterinburg je na tre\u0107em mestu me\u0111u ruskim gradovima, ispred njega su samo Moskva i Sankt Peterburg. MekKinzijev globalni indeks City-600 uvr\u0161tava ga me\u0111u vode\u0107e urbane ekonomije sveta, \u010dine\u0107i 60 procenata globalnog bruto doma\u0107eg proizvoda. Sa bruto urbanim proizvodom od 898 milijardi rubalja u 2015. godini i metropolitanskim bruto proizvodom koji prelazi 50 milijardi me\u0111unarodnih dolara, u\u010dvrstio je svoj polo\u017eaj finansijskog i industrijskog centra.<\/p>\n<p>Ekonomski temelji grada po\u010divaju na te\u0161koj industriji, metalur\u0161kim pogonima i odbrambenim preduze\u0107ima koja datiraju iz vremena njegovog sovjetskog vrhunca. U eri pre 1991. godine, Sverdlovsk je 90 procenata svoje aktivnosti ostvarivao iz proizvodnje, od \u010dega su tri \u010detvrtine podr\u017eavale vojnu proizvodnju. Od tr\u017ei\u0161nih reformi 1990-ih, industrijska diverzifikacija je napredovala, privla\u010de\u0107i investicije u tehnologiju, logistiku i poslovne usluge. Sedi\u0161te Centralnog vojnog okruga i Uralski ogranak Ruske akademije nauka isti\u010du dvostruku ulogu Jekaterinburga kao strate\u0161kog i intelektualnog centra.<\/p>\n<p>Turizam je postao zna\u010dajan doprinos profilu grada. Ozna\u010den kao jedna od pet najboljih ruskih destinacija na Globalnom indeksu gradova-destinacija za 2015. godinu, Jekaterinburg je te godine do\u010dekao 2,1 milion posetilaca. Prelazak sa poslovnog na turisti\u010dki turizam je o\u010digledan: dok su poslovni putnici nekada \u010dinili 80% dolazaka, do 2015. godine oni su \u010dinili samo 67%. Posetioci dolaze da istra\u017ee lokalitete povezane sa poslednjim ruskim carem, da prate Ba\u017eovovu tradiciju uralske geologije i folklora i da u\u010destvuju u doga\u0111ajima, od samita \u0160angajske organizacije za saradnju 2008\u201309. do me\u0111unarodne izlo\u017ebe Inoprom. Kao grad doma\u0107in Svetskog prvenstva u fudbalu 2018. godine, Jekaterinburg je predstavio svoj moderni stadion pored istorijskih znamenitosti.<\/p>\n<p>Sveobuhvatna transportna mre\u017ea odr\u017eava i trgovinu i turizam. \u0160est federalnih autoputeva i sedam glavnih \u017eelezni\u010dkih pruga se ovde spajaju, \u0161to ga \u010dini tre\u0107im najve\u0107im transportnim \u010dvori\u0161tem Rusije posle Moskve i Sankt Peterburga. \u010cvor u Jekaterinburgu je deo Transsibirske \u017eeleznice, koja povezuje evropski zapad sa pacifi\u010dkim istokom. Me\u0111unarodni aerodrom Kolcovo godi\u0161nje opslu\u017euje preko pet miliona putnika, dok sekundarni aerodrom u Aramilu prima regionalne letove. Unutar grada, metro sa jednom linijom i devet stanica prevozi skoro pedeset miliona putnika godi\u0161nje, uz tramvajske, trolejbuske i autobuske usluge koje su nekada prevozile stotine miliona godi\u0161nje. Pro\u0161irena obilaznica i mre\u017ea vi\u0161eslojnih raskrsnica re\u0161avaju hroni\u010dnu gu\u017evu uzrokovanu brzim rastom vlasni\u0161tva automobila, koja sada iznosi pribli\u017eno 410 vozila na 1.000 stanovnika.<\/p>\n<p>Kulturni pejza\u017e Jekaterinburga je i dubok i raznolik. Oko pedeset biblioteka, uklju\u010duju\u0107i Univerzalnu nau\u010dnu biblioteku Sverdlovske oblasti i Centralnu gradsku biblioteku \u201eA. I. Hercen\u201c, podr\u017eavaju nau\u010dne aktivnosti. Muzeja ima preko pedeset, sa kolekcijama koje se kre\u0107u od nevjanskih ikona Muzeja ikona Nevjanska do \u0160igirske kolekcije, najstarije drvene skulpture na svetu, koja sada datira iz perioda pre oko 11.500 godina. Muzej likovnih umetnosti Jekaterinburga \u010duva ugledna platna ruskog slikarstva, dok se Kasli paviljon od livenog gvo\u017e\u0111a, remek-delo iz 1900. godine, koje je registrovala UNESKO, nalazi u njegovoj kolekciji.<\/p>\n<p>Pozori\u0161ni \u017eivot cveta na mestima kao \u0161to su Akademsko pozori\u0161te muzi\u010dke komedije, dramsko pozori\u0161te, omladinsko pozori\u0161te i poznato lutkarsko pozori\u0161te. Jekaterinbur\u0161ko pozori\u0161te opere i baleta osvojilo je \u010detiri nagrade Zlatna maska 2020. godine, uklju\u010duju\u0107i i nagradu za najbolju opersku predstavu. Filmsko nasle\u0111e grada prote\u017ee se od njegovog prvog bioskopa 1909. godine do Sverdlovskog filmskog studija, osnovanog 1943. godine, \u010dije su produkcije dosegle nacionalnu publiku. Vi\u0161e od dvadeset bioskopa sada prikazuje doma\u0107e i me\u0111unarodne filmove.<\/p>\n<p>Muzika tako\u0111e pulsira gradskim ulicama. Rok bendovi kao \u0161to su \u010caif, Agata Kristi i Nautilus Pompilijus nastali su ovde, doprinose\u0107i Uralskom rok pokretu. Uralski dr\u017eavni konzervatorijum je diplomirao operske zvezde poput Borisa \u0160tokolova i Vere Bajeve, a Uralski filharmonijski orkestar, pod vo\u0111stvom Dmitrija Lisa, nastupa na me\u0111unarodnom nivou. Cirkuska umetnost cveta u Dr\u017eavnom cirkusu V. I. Filatova, koji je 2012. godine progla\u0161en za ruski cirkus godine.<\/p>\n<p>Jekaterinburg podjednako prihvata javnu umetnost i arhitekturu. Konstruktivisti\u010dkih znamenitosti ima preko 140, od \u200b\u200bBele kule Uralma\u0161 do izdava\u010dke ku\u0107e \u201eUralski rabo\u010dij\u201c. Uli\u010dna umetnost je gradu donela nadimak \u201eRuska prestonica uli\u010dne umetnosti\u201c. Istorijske gra\u0111evine kre\u0107u se od neoklasi\u010dnih imanja arhitekte Mihaila Malahova, aktivnog od 1815. do 1842. godine, do baroknih i eklekti\u010dnih struktura poput Operske ku\u0107e i \u017eelezni\u010dke stanice podignute po\u010detkom dvadesetog veka. Neoklasicizam iz sovjetskog doba krasio je gra\u0111anske zgrade 1930-ih i 1950-ih, dok stambene zgrade iz doba Hru\u0161\u010dova odra\u017eavaju racionalisti\u010dke doktrine 1960-ih i 1980-ih. Tr\u017ei\u0161ne reforme 1990-ih dovele su do restauracije i fenomena \u201efasada\u201c, \u010duvaju\u0107i istorijske fasade dok su se poredile sa modernim ispunjenjima. Prelaz milenijuma doneo je visokotehnolo\u0161ke kule, poslovne centre i luksuzne komplekse, \u0161to je kulminiralo Centralnim poslovnim distriktom koji je projektovao \u017dan Pistr i Isetskom kulom.<\/p>\n<p>U kulturnom kvartu, 2015. godine otvoren je Predsedni\u010dki centar Borisa Jeljcina, koji je 2017. godine progla\u0161en za najbolji muzej u Evropi od strane Saveta Evrope. Uralsko dru\u0161tvo ljubitelja prirodnih nauka osnovalo je zoolo\u0161ki vrt u kojem se sada nalazi preko 1.000 \u017eivotinja, uklju\u010duju\u0107i 350 vrsta. Od 2011. godine, pe\u0161a\u010dka ruta \u201eCrvena linija\u201c vodi posetioce kroz trideset \u010detiri istorijska obele\u017eja u srcu grada, povezuju\u0107i palate, katedrale i javne trgove u samostalnoj turi.<\/p>\n<p>Pri\u010da o Jekaterinburgu je pri\u010da o stalnoj transformaciji na susretu kontinenata i epoha. NJegov nastanak kao rudarskog centra, sazrevanje kao carskog i sovjetskog industrijskog centra i pojava kao moderne metropole finansija, umetnosti i arhitekture podvla\u010duju njegov trajni zna\u010daj. Od doba Katarine Velike do digitalne ere, grad je uravnote\u017eio va\u0111enje resursa i kreativno izra\u017eavanje, strate\u0161ki zna\u010daj i kulturne inovacije. Na njegovim ulicama i silueti grada, \u010dovek mo\u017ee da oseti ne samo te\u017einu istorije, ve\u0107 i neumornu ambiciju grada koji stalno gleda ka istoku i zapadu, pro\u0161losti i budu\u0107nosti.<\/p>","protected":false},"excerpt":{"rendered":"<p>Jekaterinburg, administrativno \u010dvori\u0161te Sverdlovske oblasti i Uralskog federalnog okruga u Rusiji, nalazi se na reci Iset, izme\u0111u Volgo-Uralske oblasti i Sibira. Jekaterinburg, sa oko 1,5 miliona stanovnika unutar gradskih granica i do 2,2 miliona u metropolitanskoj aglomeraciji, \u010detvrti je po veli\u010dini grad u Rusiji i najve\u0107i u Uralskom federalnom okrugu.<\/p>","protected":false},"author":1,"featured_media":4521,"parent":11976,"menu_order":0,"comment_status":"closed","ping_status":"closed","template":"elementor_theme","meta":{"_eb_attr":"","footnotes":""},"class_list":["post-12053","page","type-page","status-publish","has-post-thumbnail"],"_links":{"self":[{"href":"https:\/\/travelshelper.com\/sr\/wp-json\/wp\/v2\/pages\/12053","targetHints":{"allow":["GET"]}}],"collection":[{"href":"https:\/\/travelshelper.com\/sr\/wp-json\/wp\/v2\/pages"}],"about":[{"href":"https:\/\/travelshelper.com\/sr\/wp-json\/wp\/v2\/types\/page"}],"author":[{"embeddable":true,"href":"https:\/\/travelshelper.com\/sr\/wp-json\/wp\/v2\/users\/1"}],"replies":[{"embeddable":true,"href":"https:\/\/travelshelper.com\/sr\/wp-json\/wp\/v2\/comments?post=12053"}],"version-history":[{"count":0,"href":"https:\/\/travelshelper.com\/sr\/wp-json\/wp\/v2\/pages\/12053\/revisions"}],"up":[{"embeddable":true,"href":"https:\/\/travelshelper.com\/sr\/wp-json\/wp\/v2\/pages\/11976"}],"wp:featuredmedia":[{"embeddable":true,"href":"https:\/\/travelshelper.com\/sr\/wp-json\/wp\/v2\/media\/4521"}],"wp:attachment":[{"href":"https:\/\/travelshelper.com\/sr\/wp-json\/wp\/v2\/media?parent=12053"}],"curies":[{"name":"wp","href":"https:\/\/api.w.org\/{rel}","templated":true}]}}