{"id":12006,"date":"2024-09-15T12:20:59","date_gmt":"2024-09-15T12:20:59","guid":{"rendered":"https:\/\/travelshelper.com\/staging\/?page_id=12006"},"modified":"2026-03-12T21:25:29","modified_gmt":"2026-03-12T21:25:29","slug":"moskva","status":"publish","type":"page","link":"https:\/\/travelshelper.com\/sr\/destinations\/europe\/russian-federation\/moscow\/","title":{"rendered":"Moskva"},"content":{"rendered":"<p>Moskva je glavni i najnaseljeniji grad Ruske Federacije, sme\u0161ten na krivudavoj reci Moskva u centralnoj Rusiji. NJene op\u0161tinske granice obuhvataju oko 2.511 kvadratnih kilometara, sa procenjenih 13,0 miliona stanovnika prema popisu iz 2021. godine, dok se \u0161ire gradsko podru\u010dje prostire na 5.891 kvadratnih kilometara i ima vi\u0161e od 19,1 miliona stanovnika. Metropolitanski region prostire se na 26.000 kvadratnih kilometara, sa preko 21,5 miliona stanovnika. Kao najve\u0107i grad u Evropi po broju stanovnika i povr\u0161ini, Moskva igra klju\u010dnu ulogu na kontinentu.<\/p>\n<p>Osnivanje Moskve mo\u017ee se pratiti do njenog prvog dokumentovanog pomena 1147. godine, \u0161to ozna\u010dava po\u010detak onoga \u0161to \u0107e postati Velika kne\u017eevina Moskovska. Vekovima je ta kne\u017eevina predvodila konsolidaciju razjedinjenih ruskih zemalja, \u0161to je kulminiralo progla\u0161enjem Ruskog carstva 1547. godine. Tokom narednih vekova, Moskva je zadr\u017eala svoju poziciju politi\u010dkog i ekonomskog jezgra \u0161ire\u0107eg carstva. Uticaj grada je opao 1712. godine, kada je Petar Veliki premestio prestonicu u Sankt Peterburg, gest koji je pomerio dvorsku veli\u010dinu ka severu. Ipak, nakon revolucije i stvaranja Ruske Sovjetske Federativne Socijalisti\u010dke Republike, Moskva je povratila svoj status prestonice 1918. godine, kasnije slu\u017ee\u0107i kao epicentar Sovjetskog Saveza sve do njegovog raspada.<\/p>\n<p>Upravljana kao federalni grad, Moskva istovremeno funkcioni\u0161e kao politi\u010dko, ekonomsko, kulturno i nau\u010dno srce Rusije i Isto\u010dne Evrope. Ponosi se tim \u0161to je najseverniji i najhladniji megapolis na svetu. NJegova urbana ekonomija je me\u0111u najve\u0107ima na svetu, a sa Hong Kongom deli i drugi najve\u0107i broj milijardera od bilo kog grada. Moskovski me\u0111unarodni poslovni centar, grupa blistavih kula na zapadnom krilu grada, ubraja se me\u0111u najistaknutija finansijska \u010dvori\u0161ta na me\u0111unarodnom nivou i koncentri\u0161e najvi\u0161e nebodere u Evropi. Veliki me\u0111unarodni doga\u0111aji obele\u017eili su njegovu skoriju istoriju, posebno Letnje olimpijske igre 1980. godine i njegova slu\u017eba kao jednog od mesta odr\u017eavanja Svetskog prvenstva u fudbalu 2018. godine.<\/p>\n<p>Arhitektonsko nasle\u0111e grada ogleda se u vi\u0161e lokaliteta svetske ba\u0161tine UNESKO-a. Crveni trg, okru\u017een ukra\u0161enim tornjevima Hrama Svetog Vasilija i impozantnim zidinama Moskovskog Kremlja, predstavlja trajnu sliku srednjovekovne i carske Rusije. Sam Kremlj, sedi\u0161te federalne vlade, ima kamene temelje jo\u0161 iz 15. veka, koju su nadgledali italijanski majstori, \u010diji je rad uveo elemente renesanse u pravoslavnu hri\u0161\u0107ansku tradiciju. Ispod blistavih kupola u obliku luka i pored strogih sivih bedema, moskovske ulice pri\u010daju pri\u010du o gradu oblikovanom vatrom, osvajanjem i ideolo\u0161kim previranjima.<\/p>\n<p>Moskovska tranzitna mre\u017ea je osnova njenih ogromnih razmera i freneti\u010dnog tempa. \u010cetiri me\u0111unarodna aerodroma povezuju metropolu sa svetom, dok deset \u017eelezni\u010dkih terminala svakodnevno prevozi milione putnika. Tramvajski sistem prolazi kroz istorijske \u010detvrti; mono\u0161ina nudi pogled na urbano \u0161irenje; a moskovski metro, \u200b\u200bpoznat po svojim stanicama nalik katedralama ukra\u0161enim mozaicima, skulpturama i svodovima, rangiran je kao najprometniji i jedan od najopse\u017enijih sistema brzog tranzita u svetu. Uprkos svojoj gustini, preko \u010detrdeset procenata moskovske kopnene povr\u0161ine posve\u0107eno je zelenilu - parkovima, ba\u0161tama i \u0161umskim rezervatima - \u0161to je \u010dini jednim od najzelenijih gradova na planeti u pore\u0111enju sa gradovima sli\u010dne populacije.<\/p>\n<p>Reka Moskva, koja te\u010de oko 500 kilometara kroz Isto\u010dnoevropsku ravnicu, defini\u0161e topografiju i ekologiju grada. Unutar op\u0161tinskih granica, \u010detrdeset devet mostova premo\u0161\u0107uje njene vode i susedne kanale. Nadmorske visine se kre\u0107u od 156 metara na Sveruskom izlo\u017ebenom centru, mestu glavne meteorolo\u0161ke stanice u Moskvi, do 255 metara na vrhu Teplostanske visoravni - zenita Moskve. Prostiru\u0107i se skoro \u010detrdeset kilometara od istoka ka zapadu i preko pedeset kilometara od severa ka jugu, silueta grada se odvija na pozadini blago valovitih ravnica isprekidanih \u0161umsko-stepskim i severnim \u0161umama iza njegove periferije.<\/p>\n<p>Vreme u Moskvi je u skladu sa moskovskim standardnim vremenom, UTC + 3, bez sezonskog prilago\u0111avanja. Na osnovu geografske du\u017eine grada, prose\u010dno podne je oko 12:30. Klima spada u vla\u017enu kontinentalnu klasifikaciju, sa zimama koje traju od sredine novembra do kraja marta. Iako hladne po zapadnoevropskim standardima, moskovske zime su umerene u odnosu na druge lokacije na uporedivoj geografskoj \u0161irini, pokazuju\u0107i dnevne temperature koje mogu oscilirati izme\u0111u -25 \u00b0C u urbanim zonama, a ponekad i iznad 5 \u00b0C tokom povremenih otapanja. Leta donose toplinu, sa tipi\u010dnim maksimumima od 20 do 26 \u00b0C, i povremenim toplotnim talasima koji danima podi\u017eu temperaturu iznad 30 \u00b0C. Sezona rasta traje pribli\u017eno 156 dana, od po\u010detka maja do po\u010detka oktobra.<\/p>\n<p>Srednjovekovna Moskva bila je raspore\u0111ena sa koncentri\u010dnim zidovima i radijalnim avenijama, oblikom koji je nastavio da uti\u010de na njeno \u0161irenje. Drvene ku\u0107e, pokrivene brezovom korom ili travenjem, nekada su dominirale siluetom grada sve do sredine 18. veka, kada su po\u017eari i aristokratski zahtevi podstakli rekonstrukciju u klasi\u010dnom kamenu i cigli. Revolucionarna era donela je arhitektonski radikalizam, me\u0111u kojima su najzna\u010dajniji bili konstruktivisti\u010dki eksperimenti li\u010dnosti poput Vladimira \u0160uhova, \u010diji hiperboloidni vodotoranj i metalno-stakleni svodovi u robnoj ku\u0107i GUM ostaju simbol rane sovjetske modernosti. Lenjinov mauzolej, sa svojom strogom geometrijom, i druge avangardne gra\u0111evine nastale su u gradu koji je te\u017eio da otelotvori novi socijalisti\u010dki poredak.<\/p>\n<p>Staljinov mandat je transformisao Moskvu \u0161irokim avenijama i monumentalnim zgradama. Mnoge istorijske gra\u0111evine, uklju\u010duju\u0107i vizantijske crkve i plemi\u0107ke rezidencije, \u017ertvovane su zbog nadvo\u017enjaka i nasipa. Suharevljeva kula i originalna katedrala Hrista Spasitelja pale su u ru\u0161evine, samo da bi mukotrpno rekonstruisane posle 1990. godine. Sedam visokih nebodera, takozvanih Sedam sestara, izdizalo se izvan zidina Kremlja. NJihove filigranske fasade i visoki tornjevi, pod uticajem njujor\u0161ke op\u0161tinske zgrade, nametnuli su novu vertikalnu dimenziju jezgru grada. Ostankinska kula, zavr\u0161ena 1967. godine, vinula se i postala najvi\u0161a samostoje\u0107a gra\u0111evina u Evropi.<\/p>\n<p>Potra\u017enja za stanovanjem tokom sovjetskog perioda dovela je do ogromnih stambenih kompleksa. Okruzi standardizovanih blokova od devet do dvanaest spratova, koji nose imena uzastopnih lidera \u2013 Hru\u0161\u010dovka, Bre\u017enjevka \u2013 prostiru se po periferiji. Liftovi u zajedni\u010dkim \u0161ahtovima opslu\u017euju vi\u0161e stanovnika nego bilo koji drugi megapolis; Moslift odr\u017eava korpus mehani\u010dara kako bi obezbedio kontinuirani rad. Dok mnoge staljinisti\u010dke zgrade ostaju u centru, ukra\u0161ene motivima socijalisti\u010dkog realizma, iza Tverske ulice i Starog Arbata manje gra\u0111evine nasle\u0111a svedo\u010de o bur\u017eoaskoj arhitekturi carskog doba. Plemi\u0107ka imanja na periferiji grada \u2013 Ostankinski dvorac, Kuskovo, Uzkoje \u2013 opstaju pored manastira i manastira, pru\u017eaju\u0107i uvid u ranije epohe.<\/p>\n<p>Od 1990-ih, restauracija je te\u017eila o\u017eivljavanju fasada iz perioda pre Sovjetskog Saveza, iako kriti\u010dari osu\u0111uju fasadizam i gubitak autenti\u010dnosti. Istovremeno, brzi razvoj je doveo do opse\u017enog ru\u0161enja istorijskog tkiva: procene sugeri\u0161u da je do tre\u0107ine moskovskih zgrada nasle\u0111a nestalo poslednjih godina, zamenjeno luksuznim kulama i hotelima. Ikonske gra\u0111evine poput hotela Moskva iz 1930. i robne ku\u0107e Vojentorg iz 1913. su sru\u0161ene i ponovo podignute u modernom izgledu, \u0161to je izazvalo debatu o o\u010duvanju i urbanom pam\u0107enju.<\/p>\n<p>Moskovska mre\u017ea parkova i ba\u0161ta isti\u010de njenu reputaciju zelene metropole. Devedeset \u0161est parkova i osamnaest formalnih ba\u0161ta prostiru se na 450 kvadratnih kilometara zelenih zona, sa dodatnih 100 kvadratnih kilometara \u0161ume. Po glavi stanovnika, Moskovljani u\u017eivaju u oko 27 kvadratnih metara parkovske povr\u0161ine - daleko vi\u0161e nego njihove kolege u Parizu, Londonu ili NJujorku. Park Gorki, osnovan 1928. godine na 689.000 kvadratnih metara du\u017e re\u010dne krivine, nudi \u0161etali\u0161ta, to\u010dak za osmatranje, iznajmljivanje plovila i sportske terene. U blizini se nalazi Nesku\u010dni vrt, najstariji moskovski park i nekada\u0161nje carsko imanje, dom Zelenog pozori\u0161ta, jednog od najve\u0107ih amfiteatara na otvorenom u Evropi.<\/p>\n<p>Izmajlovski park, osnovan 1931. godine, ubraja se me\u0111u najve\u0107e urbane parkove na svetu sa 15,34 kvadratna kilometra \u2013 \u0161est puta ve\u0107e od Central parka u NJujorku. Baumanov vrt, osnovan na nekada\u0161njem Golicinovom imanju 1920. godine, \u010duva pejza\u017e iz osamnaestog veka unutar svojih lisnatih granica. Park Sokolniki, nekada\u0161nji rezervat za sokolarstvo, prostire se na \u0161est kvadratnih kilometara aleja oivi\u010denih brezama, javorima i brestovima, upotpunjenih jezercima i zelenim lavirintom. Losini ostrvo, ili \u201eOstrvo losova\u201c, prvi nacionalni park u Rusiji, grani\u010di se sa Sokolnikijem, nude\u0107i staze kroz divlju \u0161umu gde losovi lutaju.<\/p>\n<p>Botani\u010dka interesovanja nalaze svoj dom u Glavnoj botani\u010dkoj ba\u0161ti Akademije nauka \u201eCicin\u201c, najve\u0107oj u Evropi sa 3,61 kvadratnim kilometrom, koja se mo\u017ee pohvaliti sa preko 20.000 vrsta, stogodi\u0161njim hrastovim gajem i staklenikom od 5.000 kvadratnih metara. Sveruski izlo\u017ebeni centar (VDNH) predstavlja kolosalne paviljone posve\u0107ene industriji i kulturi, okru\u017eene monumentalnim fontanama - Kamenim cvetom i Fontanom prijateljstva - i panoramskim bioskopom. Park jorgovana, otvoren 1958. godine, prikazuje ba\u0161te skulptura i ru\u017ei\u010dne leje, doprinose\u0107i hortikulturnoj privla\u010dnosti grada.<\/p>\n<p>Moskovske kulturne institucije pariraju njenim zelenim povr\u0161inama. Dr\u017eavna Tretjakovska galerija deli svoje fondove izme\u0111u Stare Tretjakovske galerije na ju\u017enoj obali Moskve, gde ikone i realisti\u010dka platna \u2013 dela Rjepina, Rubljova i drugih \u2013 vise u pobo\u017enim dvoranama, i Nove Tretjakovske galerije, koja prikazuje sovjetsku i savremenu umetnost, od Maljevi\u010devih suprematisti\u010dkih apstrakcija do Tatljinovog Spomenika Tre\u0107oj internacionali. Muzej likovnih umetnosti Pu\u0161kin nudi globalnu panoramu, sa replikama klasi\u010dnih skulptura i remek-dela Monea, Sezana i Pikasa.<\/p>\n<p>Istorijska istra\u017eivanja se odvijaju u Dr\u017eavnom istorijskom muzeju izme\u0111u Crvenog trga i Manje\u017ea, gde praistorijski artefakti, blago Romanovih i carske regalije prate narativ Rusije. Politehni\u010dki muzej, osnovan 1872. godine, prikazuje tehnolo\u0161ki napredak sa ranim automatima i sovjetskim ra\u010dunarskim relikvijama me\u0111u svojih 160.000 predmeta. Vojno se\u0107anje nalazi se u Borodino panorami na Kutuzovljevoj aveniji, impresivnoj diorami koja obele\u017eava kampanju 1812. godine, dok Memorijalni muzej kosmonautike ispod visokog Spomenika osvaja\u010dima svemira odaje po\u010dast dostignu\u0107ima van Zemlje. Dr\u017eavni muzej arhitekture \u0160\u010duseva \u010duva dokumente i modele, tuma\u010de\u0107i izgra\u0111eno okru\u017eenje od srednjovekovnih drvenih zidova do modernih nebodera.<\/p>\n<p>Sa nestrpljenjem o\u010dekuje se otvaranje nove filijale Ermita\u017ea u Moskvi, \u010dije je otvaranje planirano za 2024. godinu pod pokroviteljstvom dizajnerskog biroa Asimptote Arhitektura. Projekat obe\u0107ava pro\u0161irenje galerija severne palate u stilu Luvra u rusku prestonicu. U me\u0111uvremenu, gradsko tkivo pulsira trgovinom du\u017e Tverske ulice i duboko u Tretjakovskom prolazu, gde butici kao \u0161to su Bulgari, Prada i Tifani i Ko. uslu\u017euju bogate kupce. No\u0107ni \u017eivot cveta u blizini preure\u0111ene fabrike \u010dokolade, gde galerije, kafi\u0107i i neki od najve\u0107ih no\u0107nih klubova na svetu o\u017eivljavaju nakon sumraka.<\/p>\n<p>Ambicije za slobodno vreme na\u0161le su izraz u Ostrvu snova, najve\u0107em zatvorenom tematskom parku u Evropi, koji je otvoren 29. februara 2020. Prostiru\u0107i se na 300.000 kvadratnih metara, objedinjuje vo\u017enje, koncertnu dvoranu, bioskop, hotel, \u0161kolu jedrenja, restorane i maloprodajne objekte. Dok sunce zalazi iznad Kremlja, a blistavi tornjevi Poslovnog centra isticaju siluetu grada, Moskva ostaje grad kontrasta: srednjeg i modernog, prirode i industrije, tradicije i inovacije.<\/p>\n<p>Tokom milenijuma transformacije, Moskva je opstala kao lonac mo\u0107i i ma\u0161te. NJene \u0161iroke avenije i skrivena dvori\u0161ta, pozla\u0107ene kupole i stakleni tornjevi svedo\u010de o kontinuumu ambicije. Ovo je grad \u010diji svaki kamen svedo\u010di o poglavljima istorije, gde susret pro\u0161losti i sada\u0161njosti otkriva trajni karakter prestonice neuporedive po razmerama i zna\u010daju.<\/p>","protected":false},"excerpt":{"rendered":"<p>Moskva, glavni i najve\u0107i grad Rusije, je ogroman urbani centar sa populacijom koja prelazi 13 miliona stanovnika unutar njenih granica. Sme\u0161ten na reci Moskvi u centralnoj Rusiji, ovaj ogromni grad uti\u010de mnogo izvan svog centralnog jezgra; njegovo gradsko podru\u010dje prema\u0161uje 21,5 miliona ljudi, a gradsko stanovni\u0161tvo je oko 18,8 miliona. Ogromna veli\u010dina Moskve je prikazana u njenom velikom prostranstvu, koje pokriva 2.511 kvadratnih kilometara unutar samog grada, a njen urbani domet prelazi 5.891 kvadratni kilometar, \u010dime se prostire na neverovatnih 26.000 kvadratnih kilometara.<\/p>","protected":false},"author":1,"featured_media":4115,"parent":11976,"menu_order":0,"comment_status":"closed","ping_status":"closed","template":"elementor_theme","meta":{"_eb_attr":"","footnotes":""},"class_list":["post-12006","page","type-page","status-publish","has-post-thumbnail"],"_links":{"self":[{"href":"https:\/\/travelshelper.com\/sr\/wp-json\/wp\/v2\/pages\/12006","targetHints":{"allow":["GET"]}}],"collection":[{"href":"https:\/\/travelshelper.com\/sr\/wp-json\/wp\/v2\/pages"}],"about":[{"href":"https:\/\/travelshelper.com\/sr\/wp-json\/wp\/v2\/types\/page"}],"author":[{"embeddable":true,"href":"https:\/\/travelshelper.com\/sr\/wp-json\/wp\/v2\/users\/1"}],"replies":[{"embeddable":true,"href":"https:\/\/travelshelper.com\/sr\/wp-json\/wp\/v2\/comments?post=12006"}],"version-history":[{"count":0,"href":"https:\/\/travelshelper.com\/sr\/wp-json\/wp\/v2\/pages\/12006\/revisions"}],"up":[{"embeddable":true,"href":"https:\/\/travelshelper.com\/sr\/wp-json\/wp\/v2\/pages\/11976"}],"wp:featuredmedia":[{"embeddable":true,"href":"https:\/\/travelshelper.com\/sr\/wp-json\/wp\/v2\/media\/4115"}],"wp:attachment":[{"href":"https:\/\/travelshelper.com\/sr\/wp-json\/wp\/v2\/media?parent=12006"}],"curies":[{"name":"wp","href":"https:\/\/api.w.org\/{rel}","templated":true}]}}