{"id":11967,"date":"2024-09-15T11:03:38","date_gmt":"2024-09-15T11:03:38","guid":{"rendered":"https:\/\/travelshelper.com\/staging\/?page_id=11967"},"modified":"2026-03-12T21:00:26","modified_gmt":"2026-03-12T21:00:26","slug":"bukurest","status":"publish","type":"page","link":"https:\/\/travelshelper.com\/sr\/destinations\/europe\/romania\/bucharest\/","title":{"rendered":"Bukure\u0161t"},"content":{"rendered":"<p>Bukure\u0161t, glavni grad i najve\u0107a op\u0161tina Rumunije, nalazi se na obalama reke Dimbovice u jugoisto\u010dnom delu zemlje. Dom oko 1,76 miliona stanovnika na urbanoj povr\u0161ini od 240 kvadratnih kilometara i \u0161ire metropolitanske populacije od 2,3 miliona koja se prostire na 1.811 kvadratnih kilometara, rangiran je kao osmi najnaseljeniji grad u Evropskoj uniji. Kao sedi\u0161te vlade, centar regiona Muntenija i centar kulturnih, politi\u010dkih i ekonomskih aktivnosti, zna\u010daj grada se prote\u017ee daleko izvan njegovih administrativnih granica.<\/p>\n<p>Najraniji dokumentarni pomen naselja datira iz 1459. godine, ali tek 1862. godine Bukure\u0161t je formalno progla\u0161en za prestonicu mlade rumunske dr\u017eave. Od tog trenutka pa nadalje, grad je postepeno \u0161irio kulturne institucije, medije i umetni\u010dke krugove. Tokom decenija, stekao je arhitektonski re\u010dnik koji spaja eklekti\u010dne strukture devetnaestog veka sa neoklasi\u010dnim fasadama i vijugavom ornamentikom u stilu art nuvoa. Tokom me\u0111uratnog perioda, nova grupa graditelja prihvatila je minimalizam Bauhausa, geometriju art dekoa i nacionalno-romanti\u010dni idiom preporoda. U tim godinama, elegantne ulice i kosmopolitsko dru\u0161tvo videli su posetioce koji su grad nazivali \u201eMali Pariz\u201c ili \u201ePariz Istoka\u201c.<\/p>\n<p>Dvadeseti vek je testirao tkivo Bukure\u0161ta. Bombardovanja, seizmi\u010dki potresi i ideolo\u0161ka kampanja \u201esistematizacije\u201c pod Nikolajem \u010cau\u0161eskuom o\u0161tetili su velike delove istorijskog jezgra, a veli\u010danstvene gra\u0111evine su se sru\u0161ile ili bile sravnjene sa zemljom. Ipak, mnogi pre\u017eiveli \u2013 gradske ku\u0107e inspirisane Francuskom, vile razmera palata i bulevari sa drvoredom \u2013 pa\u017eljivo su restaurirani. Kulturni preporod u dvadeset prvom veku izazvao je ekonomski i kreativni uspon, transformi\u0161u\u0107i grad u jedan od najbr\u017ee rastu\u0107ih centara u Evropi za investicije i inovacije visoke tehnologije.<\/p>\n<p>Do januara 2023. godine, broj stanovnika op\u0161tine je dostigao 1,74 miliona, a neformalni podatak od 2,3 miliona kada se ura\u010dunaju satelitski gradovi. Tokom pandemije COVID-19, zvani\u010dni izve\u0161taji su navodili 2,5 miliona ljudi u podacima o pra\u0107enju zdravstvenog stanja, \u0161to isti\u010de logisti\u010dku slo\u017eenost upravljanja tako gusto naseljenim sredi\u0161tem. Godine 2017, globalni indeks je zabele\u017eio Bukure\u0161t kao najbr\u017ee rastu\u0107u turisti\u010dku destinaciju u Evropi sa preko no\u0107i, a u naredne dve godine bio je na vrhu rang liste sa potencijalom za razvoj. Ipak, podaci popisa pokazuju blagi pad broja stalnih stanovnika grada, fenomen koji se delimi\u010dno pripisuje migraciji u predgra\u0111e.<\/p>\n<p>Geografski gledano, Bukure\u0161t zauzima pribli\u017eno kru\u017eno podru\u010dje \u010diji se radijus od Univerzitetskog trga do op\u0161tinskih granica prote\u017ee izme\u0111u 10 i 12 kilometara. Reka Dimbovica preseca grad pre nego \u0161to se ulije u Ar\u0111e\u0161, a zatim u Dunav. Na severu, \u010detiri povezana akumulaciona jezera \u2013 Herastrau, Floreaska, Tei i Kolentina \u2013 prate tok reke Kolentine, dok se manji ukrasni bazen, jezero \u010ci\u0161mi\u0111iu, nalazi usred zelenih vrtova \u010ci\u0161mi\u0111iu. Simboli\u010dni marker nultog kilometra nalazi se ju\u017eno od Univerzitetskog trga na Trgu Svetog \u0110or\u0111a, ispred Nove crkve Svetog \u0110or\u0111a.<\/p>\n<p>Nadmorska visina grada varira izme\u0111u otprilike 56 metara kod mosta Dambovita na jugoistoku i 91,5 metara na brdu koje kruni\u0161e vojna crkva na zapadu. Tradicionalno, za Bukure\u0161t se ka\u017ee da po\u010diva na sedam bre\u017euljaka \u2014 Mihai Voda, Dealul Mitropoliei, Radu Voda, Cotroceni, Dealul Spirii, Vacaresti i Sfantu Gheorghe Nou \u2014 poetski eho Rima koji podvla\u010di njegovo predmoderno poreklo koje je nekada davno na plaie Forest blanke.<\/p>\n<p>Slo\u017een mozaik zelenih povr\u0161ina isprekida urbano tkivo. Vrtovi \u010ci\u0161mi\u0111iju, osnovani 1847. godine po projektu nema\u010dkog arhitekte Karla F. V. Majera, nude zeleno uto\u010di\u0161te blizu centra grada i istorijski su privla\u010dili pesnike i romanopisce. Park Herastrau, koji obavija severnu obalu istoimenog jezera, integri\u0161e Muzej rumunskog sela u svoje imanje. Park Tineretuluj, otvoren 1965. godine, slu\u017ei kao glavno podru\u010dje za razonodu u ju\u017enim okrugima i sadr\u017ei veliki \u201eMini grad\u201c za decu.<\/p>\n<p>Botani\u010dka ba\u0161ta u kvartu Kotro\u010deni sadr\u017ei vi\u0161e od 10.000 biljnih vrsta u svojim staklenicima i otvorenim lejama; nastala je kao kraljevsko uto\u010di\u0161te. Ostali zna\u010dajni parkovi uklju\u010duju park kralja Mihaila I, park Karol, park Aleksandru Joana Kuze (kolokvijalno poznat kao park Titan), park Kiselev, park Izvor, Gradina Ikoanej, park Cirkuluj i park Mo\u0111oro\u0161. Dodatna prostranstva kao \u0161to su Nacionalni park, park Tei, park Eroilor i park Kranga\u0161i, zajedno sa jezerom Mori, nude dodatni predah na periferiji grada.<\/p>\n<p>Me\u0111u njima, jezero Vakare\u0161ti zaslu\u017euje posebnu pa\u017enju. Otvoreno kao betonski bazen za vreme \u010cau\u0161eskuovog re\u017eima, ali napu\u0161teno nakon Revolucije 1989. godine, ovo mesto je tokom dve decenije pro\u0161lo kroz proces de fakto ponovnog divljine. Od maja 2016. godine za\u0161ti\u0107eno je kao Prirodni park Vakare\u0161ti, koji se prostire na 190 hektara - od \u010dega polovina je otvorena voda - i doma\u0107in je devedeset sedam vrsta ptica, sedam vrsta sisara i mno\u0161tvu vodozemaca i insekata. Neformalno nazvano \u201eDelta Bukure\u0161ta\u201c, ono ostaje upe\u010datljiv dokaz ponovnog o\u017eivljavanja prirode usred gustog gradskog naselja.<\/p>\n<p>Teritorija koja neposredno okru\u017euje glavni grad bila je uglavnom agrarna do kraja dvadesetog veka. Od pada komunizma, okrug Ilfov se brzo urbanizovao: njegovo stanovni\u0161tvo je poraslo na 542.686 do 2021. godine, \u0161to je pove\u0107anje koje je prema\u0161ilo sve ostale okruge u Rumuniji izme\u0111u 2011. i 2021. godine. Sela kao \u0161to su Pope\u0161ti-Leordeni, Voluntari, Kjajna, Bragadiru, Pantelimon, Buftea i Otopeni su se transformisala u bogate gradove za putovanje na posao, povezuju\u0107i grad sa \u0161irom metropolitanskom konstelacijom.<\/p>\n<p>Bukure\u0161tska klima se kre\u0107e izme\u0111u vla\u017ene kontinentalne i vla\u017ene suptropske klime, \u0161to rezultira toplim, vla\u017enim letima i hladnim, sne\u017enim zimama. Sredinom leta prose\u010dna dnevna temperatura je 29,8 \u00b0C, sa \u010destim vrhuncima od 35\u201340 \u00b0C u centralnim okruzima. Zimske temperature obi\u010dno padaju ispod nule i mogu pasti i na -10 \u00b0C, uz pomo\u0107 vetrova koji duvaju preko ravnice. Prole\u0107ni i jesenji dani variraju izme\u0111u 17 i 22 \u00b0C; padavine su obi\u010dno ve\u0107e u prole\u0107e, a leti ih isprekidaju iznenadne, ali kratke oluje.<\/p>\n<p>Demografski gledano, grad je, prema popisu iz 2021. godine, imao 1.716.961 stanovnika, \u0161to je blago smanjenje od 2011. godine. Niska stopa nataliteta i migracija iz predgra\u0111a objasnili su ovaj trend. Studija Ujedinjenih nacija rangirala je Bukure\u0161t na devetnaesto mesto me\u0111u dvadeset osam evropskih prestonica koje su zabele\u017eile pad broja stanovnika od skoro \u010detiri procenta izme\u0111u 1990. i sredine 2010-ih; egzodus porodica i mladih stru\u010dnjaka u satelitske op\u0161tine zna\u010dajno je doprineo tome.<\/p>\n<p>Ekonomski gledano, Bukure\u0161t generi\u0161e pribli\u017eno 24 odsto bruto doma\u0107eg proizvoda Rumunije i skoro \u010detvrtinu njene industrijske proizvodnje, uprkos tome \u0161to stanovni\u0161tvo \u010dini manje od deset odsto nacionalnog stanovni\u0161tva. Skoro jedna tre\u0107ina svih nacionalnih poreskih prihoda poti\u010de iz glavnog grada. BDP po glavi stanovnika regiona Bukure\u0161t-Ilfov, prilago\u0111en kupovnoj mo\u0107i, dostigao je 145 odsto proseka Evropske unije u 2017. godini, nadma\u0161uju\u0107i uporedive brojke za Budimpe\u0161tu (139 odsto), Madrid (125 odsto), Berlin (118 odsto), Rim (110 odsto), Lisabon (102 odsto) i Sofiju (79 odsto).<\/p>\n<p>Nakon perioda relativne stagnacije tokom 1990-ih, grad se sna\u017eno oporavio: obnova infrastrukture, komercijalni kompleksi, stambene \u010detvrti i staklene zgrade promenili su siluetu grada. U januaru 2013. godine, stopa lokalne nezaposlenosti iznosila je 2,1%, \u0161to je znatno ispod nacionalnog proseka od 5,8%. Danas, usluge dominiraju u ekonomiji, a sedi\u0161ta oko 186.000 preduze\u0107a \u2013 uklju\u010duju\u0107i prakti\u010dno sve glavne rumunske firme \u2013 nalaze se ovde. Sektor nekretnina i gra\u0111evinarstva pokrenuo je veliki deo postmilenijumske ekspanzije, dok se Bukure\u0161t tako\u0111e pojavio kao vode\u0107i centar za informacione tehnologije i komunikacije; brojne me\u0111unarodne softverske kompanije posluju sa of\u0161or isporu\u010dionicama u gradu.<\/p>\n<p>Bukure\u0161tanska berza, spojena krajem 2005. godine sa elektronskom platformom Rasdaq, oslonac je finansijskog sektora. Od kraja 1990-ih, nastalo je preko dvadeset tr\u017enih centara i molova: zna\u010dajni primeri uklju\u010duju B\u0103neasa Shopping City, AFI Palace Cotroceni, Mega Mall, Bucure\u0219ti Mall, ParkLake Shopping Centre, Sun Plaza, Promenada Mall i Unirea Shopping Centre. Globalne korporacije kao \u0161to su Amazon, Microsoft, Ubisoft, Oracle i IBM uspostavile su lokalne operacije. Grad je tako\u0111e doma\u0107in velikih kompanija za naftu i gas, automobilsku industriju, telekomunikacije i robu \u0161iroke potro\u0161nje, uklju\u010duju\u0107i Petrom, najve\u0107i energetski koncern u Rumuniji. Godine 2023, Bukure\u0161t je bio \u0161esti u svetu po brzini fiksnog \u0161irokopojasnog interneta, sa prose\u010dnom brzinom od 250 Mbps.<\/p>\n<p>Transportna infrastruktura obuhvata metro mre\u017eu od pet linija \u2014 od M1 do M5 \u2014 kojima upravlja Metroreks, opslu\u017euju\u0107i \u0161ezdeset \u010detiri stanice. Prvi segment otvoren je 1979. godine, a najnovija linija je po\u010dela sa radom 2020. godine; \u0161esta linija je u izgradnji. Na povr\u0161inskom nivou, Societatea de Transport Bucure\u0219ti upravlja autobusima, tramvajima, trolejbusima i lakim \u0161inskim vozilima, dopunjenim privatnim minibusevima i ograni\u010denom flotom od do 10.000 taksija.<\/p>\n<p>\u017delezni\u010dke veze se pru\u017eaju od Gara de Nord, glavne stanice \u017eelezni\u010dkog saobra\u0107aja Kaile Ferate Romane, povezuju\u0107i Bukure\u0161t sa glavnim doma\u0107im i me\u0111unarodnim destinacijama, uklju\u010duju\u0107i Beograd, Sofiju, Be\u010d, Budimpe\u0161tu, Istanbul i Kijev. Sekundarne stanice \u2014 Basarab, Obor, Baneasa i Progresul \u2014 integri\u0161u se u mre\u017eu prigradske \u017eeleznice koja opslu\u017euje op\u0161tinu i okrug Ilfov. Najstarija \u017eelezni\u010dka stanica u gradu, Filaret, otvorena je 1869. godine, a kasnije je prenamenjena u autobuski terminal pod komunisti\u010dkim re\u017eimom.<\/p>\n<p>Centri vazdu\u0161nog saobra\u0107aja su Me\u0111unarodni aerodrom Henri Koanda (OTP), koji se nalazi 16,5 kilometara severno od gradskog jezgra Otopenija; 2017. godine je opslu\u017eio preko 12,8 miliona putnika, \u0161to ga \u010dini najprometnijim u Rumuniji. Me\u0111unarodni aerodrom Aurel Vlajku (BBU), osam kilometara severno unutar gradskih granica, opslu\u017euje luksuzne i \u010darter letove.<\/p>\n<p>Drumskim putem, Bukure\u0161t je sidro klju\u010dnih arterija nacionalne mre\u017ee i panevropskih koridora IV i IX. Glavni autoputevi - A1 do Pite\u0161tija (koji nastavlja ka Ma\u0111arskoj), autoput A2 Sunce do Konstance i A3 do Ploje\u0161tija - po\u010dinju ovde. Udaljenosti autoputem uklju\u010duju 183 kilometra do Bra\u0161ova, 203 do Konstance, 408 do Ja\u0161ija, 451 do Klu\u017e-Napoke i 544 do Temi\u0161vara. Unutra\u0161nja i spolja\u0161nja obilaznica dopunjuju mre\u017eu radijalnih bulevara. Zagu\u0161enja u \u0161picu ostaju endemska, \u0161to se pripisuje rastu\u0107em broju vlasni\u0161tva automobila - 1,13 miliona vozila registrovanih do 2013. godine - iako je sistematska popravka puteva re\u0161ila mnoge zapu\u0161tene saobra\u0107ajnice. Registarske tablice su usvojile trocifreni format 2010. godine kako bi se prilagodile koli\u010dini saobra\u0107aja. Dana 17. juna 2011. godine, otvoren je nadvo\u017enjak Basarab \u2014 najdu\u017ei most sa kosa\u010dkim kablovima u Rumuniji i naj\u0161iri na kontinentu \u2014 \u010dime je zna\u010dajno pobolj\u0161an protok saobra\u0107aja u blizini Grant mosta i Severne stanice.<\/p>\n<p>Kulturni \u017eivot u Bukure\u0161tu je poslednjih godina do\u017eiveo porast u oblastima vizuelnih umetnosti, scenskih umetnosti i no\u0107nog \u017eivota. Za razliku od drugih rumunskih regiona, kreativni milje grada izmi\u010de jedinstvenom karakteru, umesto toga sinteti\u0161u\u0107i lokalnu tradiciju sa globalnim uticajima. Galerije, koncertne dvorane, pozori\u0161ta i klubovi se mno\u017ee, privla\u010de\u0107i \u0161irok spektar stanovnika i posetilaca.<\/p>\n<p>Monumentalna arhitektura defini\u0161e mnoge znamenitosti Bukure\u0161ta. Palata parlamenta, podignuta 1980-ih godina pod \u010cau\u0161eskuovim re\u017eimom, najve\u0107a je parlamentarna gra\u0111evina na svetu; njene masivne zapremine sadr\u017ee sale za zakonodavne domove i Nacionalni muzej savremene umetnosti, kao i jedan od najprostranijih kongresnih centara na svetu. Podignuta u svom sada\u0161njem obliku 1935. godine i napravljena po uzoru na pariski Trijumfalni luk, Trijumfalni luk obele\u017eava rumunska ratna dostignu\u0107a. Spomenik preporoda - polirani mermerni obelisk otkriven 2005. godine u \u010dast \u017ertava Revolucije 1989. godine - izazvao je javnu debatu o svom apstraktnom obliku i politi\u010dkim konotacijama.<\/p>\n<p>Rumunski ateneum, zavr\u0161en izme\u0111u 1886. i 1888. godine putem javne pretplate, predstavlja simbol nacionalne kulture i nosi oznaku evropske ba\u0161tine. Interkontinental Bukure\u0161t, hotel sa pet zvezdica u neboderu u blizini Univerzitetskog trga, nudi panoramski pogled iz svake jedinstveno konfigurisane sobe za goste. Kasa Skantei \u2013 zavr\u0161ena 1957. godine i stilizovana po Moskovskom dr\u017eavnom univerzitetu \u2013 nekada je bila dom zvani\u010dnih \u0161tampanih organa Komunisti\u010dke partije; njena fasada ostaje jedina zgrada u gradu koja prikazuje motive srpa i \u010deki\u0107a u svojoj ornamentici.<\/p>\n<p>Muzejske institucije su brojne: Nacionalni muzej umetnosti, Nacionalni muzej prirodne istorije Grigore Antipa, Muzej rumunskog seljaka, Nacionalni istorijski muzej i Vojni muzej zajedno \u010duvaju i predstavljaju rumunsko nasle\u0111e. Sam centar grada je palimpsest srednjovekovnih ostataka, neoklasi\u010dnih palata, blokova u stilu art dekoa, vila u stilu art nuvoa i neoromunskih prototipova s po\u010detka dvadesetog veka, isprepletenih sa utilitarnim stambenim kompleksima iz komunisti\u010dke ere i rasutim savremenim neboderima.<\/p>\n<p>U prvoj \u010detvrtini dvadeset prvog veka, Bukure\u0161t je transformisan zahvaljuju\u0107i grantovima Evropske unije i doma\u0107im investicijama. Revitalizovani stari gradski deo grada prikazuje restaurirane fasade i prenamenjene enterijere, dok infrastrukturni poduhvati - me\u0111u kojima je i kolosalni nadvo\u017enjak Basarab - prate evoluiraju\u0107e konture grada. Ono \u0161to se nekada slavilo kao \u201eMali Pariz\u201c sada se odvija kao metropola dinami\u010dnih kontrasta: \u017eiva hronika istorije, modernosti i stalne interakcije izme\u0111u njih. U svojim ulicama sa istorijskim trakama, preko parkova i prolaza, Bukure\u0161t nastavlja da potvr\u0111uje svoju ulogu \u017eivahne prestonice na raskrsnici pro\u0161losti i budu\u0107nosti.<\/p>","protected":false},"excerpt":{"rendered":"<p>Bukure\u0161t, glavni i najve\u0107i grad Rumunije, je napredna metropola sa oko 1,76 miliona ljudi koji \u017eive unutar njenih granica. Sme\u0161ten na obalama reke Dambovice na jugoistoku Rumunije, ovo energi\u010dno urbano sredi\u0161te je centar ve\u0107e gradske oblasti sa oko 2,3 miliona stanovnika. Sa ovom izuzetnom populacijom, Bukure\u0161t se svrstava kao osmi najnaseljeniji grad u Evropskoj uniji, \u010dime se isti\u010de njegov zna\u010daj na kontinentalnoj sceni.<\/p>","protected":false},"author":1,"featured_media":3400,"parent":11908,"menu_order":0,"comment_status":"closed","ping_status":"closed","template":"elementor_theme","meta":{"_eb_attr":"","footnotes":""},"class_list":["post-11967","page","type-page","status-publish","has-post-thumbnail"],"_links":{"self":[{"href":"https:\/\/travelshelper.com\/sr\/wp-json\/wp\/v2\/pages\/11967","targetHints":{"allow":["GET"]}}],"collection":[{"href":"https:\/\/travelshelper.com\/sr\/wp-json\/wp\/v2\/pages"}],"about":[{"href":"https:\/\/travelshelper.com\/sr\/wp-json\/wp\/v2\/types\/page"}],"author":[{"embeddable":true,"href":"https:\/\/travelshelper.com\/sr\/wp-json\/wp\/v2\/users\/1"}],"replies":[{"embeddable":true,"href":"https:\/\/travelshelper.com\/sr\/wp-json\/wp\/v2\/comments?post=11967"}],"version-history":[{"count":0,"href":"https:\/\/travelshelper.com\/sr\/wp-json\/wp\/v2\/pages\/11967\/revisions"}],"up":[{"embeddable":true,"href":"https:\/\/travelshelper.com\/sr\/wp-json\/wp\/v2\/pages\/11908"}],"wp:featuredmedia":[{"embeddable":true,"href":"https:\/\/travelshelper.com\/sr\/wp-json\/wp\/v2\/media\/3400"}],"wp:attachment":[{"href":"https:\/\/travelshelper.com\/sr\/wp-json\/wp\/v2\/media?parent=11967"}],"curies":[{"name":"wp","href":"https:\/\/api.w.org\/{rel}","templated":true}]}}