{"id":11945,"date":"2024-09-14T21:20:02","date_gmt":"2024-09-14T21:20:02","guid":{"rendered":"https:\/\/travelshelper.com\/staging\/?page_id=11945"},"modified":"2026-03-12T21:15:34","modified_gmt":"2026-03-12T21:15:34","slug":"transilvanija","status":"publish","type":"page","link":"https:\/\/travelshelper.com\/sr\/destinations\/europe\/romania\/transylvania\/","title":{"rendered":"Transilvanija"},"content":{"rendered":"<p>Transilvanija zauzima srce Rumunije, njene konture definisane su \u0161irokim lukovima Isto\u010dnih, Ju\u017enih i Zapadnih Karpata i prostranstvom visoravni povr\u0161ine pribli\u017eno 100.290 kvadratnih kilometara. Obuhvataju\u0107i \u0161esnaest modernih administrativnih okruga, nalazi se u geografskom centru Centralne Evrope, a njene granice su se nekada menjale kroz vekove osvajanja, saveza i sporazuma. Od strmih grebena Apuseni planina do blagih talasa njene unutra\u0161nje ravnice, topografija regiona je osnova tapiserije kultura, istorija i ekonomija. Odra\u017eavaju\u0107i stanovni\u0161tvo koje su oblikovale rumunske, ma\u0111arske, nema\u010dke i romske zajednice, Transilvanija danas predstavlja jedinstvenu fuziju srednjovekovnih citadela, utvr\u0111enih sela i ogromnih prirodnih rezervata, a njen identitet podjednako se nosi na krilima drevnih da\u010dkih legendi i impozantnog kamena tvr\u0111ava iz doba Habzburga.<\/p>\n<p>LJudska naracija Transilvanije se\u017ee u antiku, njene zemlje su prvo dr\u017eali Agatirsi pre nego \u0161to su postale sastavni deo Da\u010dkog kraljevstva do drugog veka pre nove ere. Rimskim osvajanjem Dakije 106. godine nove ere do\u0161lo je do uvo\u0111enja puteva i naselja koja su polako isprepletala lokalne obi\u010daje sa carskim uticajem. Vi\u0161e od jednog i po veka, rimske legije i upravnici su ostavljali trag in\u017eenjerstva i prava koji \u0107e trajati u imenima reka i ru\u0161evina razbacanih po visoravni. Nakon toga su usledili uzastopni talasi gotskog prisustva i potresi Hunskog carstva u \u010detvrtom i petom veku, pri \u010demu je svaki sloj vladavine prekrivao ranije nasle\u0111e regiona, a da ga nije u potpunosti izbrisao. U petom i \u0161estom veku, Gepidsko kraljevstvo je uspostavilo kontrolu, a nasledio ga je Avarski kaganat \u010dija se vlast protezala do devetog veka. Kada su slovenski narodi prodrli u to podru\u010dje, i oni su prona\u0161li scenu ve\u0107 postavljenu milenijumima naseljavanja, doprinose\u0107i narodnom jeziku lokalnim dijalektima i malim naseljima koja \u0107e trajati u imenima sela i zaseoka.<\/p>\n<p>Dolazak ma\u0111arskih plemena krajem devetog veka ozna\u010dio je prekretnicu. Osvajanje od strane potomka jednog od sedam ma\u0111arskih poglavica, \u0110ule, odvijalo se tokom narednih decenija, samo da bi se formalizovalo pod pokroviteljstvom kralja Stefana I od Ugarske. Do 1002. godine, Transilvanija je pripojena novonastaloj Ma\u0111arskoj kruni, a njena budu\u0107nost je bila vezana za politi\u010dki sistem \u010diji \u0107e se obim protezati daleko izvan Karpata. Vekovima je region bio administriran kao sastavni deo Kraljevine Ugarske, a njegovi ma\u0111arski i saksonski doseljenici su dobijali privilegije u zamenu za vojnu slu\u017ebu na pograni\u010dnim podru\u010djima. Bastion Klu\u017e-Napoka, sada drugi po veli\u010dini grad u Rumuniji, slu\u017eio je kao pokrajinska prestonica pod razli\u010ditim oblicima izme\u0111u 1790. i 1848. godine, a njegovi srednjovekovni zidovi tvr\u0111ave bili su nemi svedoci promenljivih odanosti vladara i pobunjenika.<\/p>\n<p>Seizmi\u010dki poraz ma\u0111arske vojske kod Moha\u010da 1526. godine razbio je srednjovekovnu ma\u0111arsku dr\u017eavu i doveo do stvaranja Isto\u010dnoma\u0111arskog kraljevstva, iz kojeg je 1570. godine nastala kne\u017eevina Transilvanija prema \u0160pajerskom sporazumu. Tokom ve\u0107eg dela narednog veka, ova kne\u017eevina se nalazila u delikatnoj dvostrukoj suverenosti, nominalno pot\u010dinjena i osmanskom sultanu i habzbur\u0161kom caru. NJeni dvorovi postali su uto\u010di\u0161ta verske tolerancije po standardima tog doba, pru\u017eaju\u0107i uto\u010di\u0161te unitarijancima, kalvinistima, luteranima i rimokatolicima pod budnim okom prin\u010deva \u010dija se diplomatija zasnivala na jednakoj udaljenosti izme\u0111u dve carske sile. Do po\u010detka osamnaestog veka habzbur\u0161ke snage su u\u010dvrstile kontrolu nad kne\u017eevinom; neuspeh Rakocijevog poku\u0161aja nezavisnosti 1711. godine zape\u010datio je sudbinu Transilvanije kao krunske zemlje kojom se upravlja iz Be\u010da. Iako je Ma\u0111arska revolucija iz 1848. godine nakratko ponovo rasplamsala te\u017enje za ujedinjenjem sa samom Ma\u0111arskom \u2013 kodifikovane u Aprilskim zakonima \u2013 kasniji Martovski ustav Austrije ponovo je uspostavio Transilvaniju kao poseban entitet. NJegov poseban status trajno je ukinut Austrougarskim kompromisom iz 1867. godine, nakon \u010dega je region vra\u0107en u ma\u0111arsku polovinu dvojne monarhije.<\/p>\n<p>Ovi vekovi carske uprave podstakli su bu\u0111enje me\u0111u rumunskim stanovni\u0161tvom Transilvanije, kristalizovano u Transilvanskoj \u0161koli krajem osamnaestog i po\u010detkom devetnaestog veka. Samuil Miku-Klajn, Petru Major i George Sincaj predvodili su napore da se usavr\u0161i rumunska azbuka i artikuli\u0161e kulturni identitet koji bi premostio selja\u010dke tradicije i nau\u010dne te\u017enje. NJihove peticije, posebno Supplex Libellus Valachorum, insistirale su na politi\u010dkom priznanju Rumuna unutar habzbur\u0161ke dr\u017eave. Pa ipak, tek u previranjima na kraju Prvog svetskog rata, rumunska ve\u0107ina Transilvanije iskoristila je priliku, proglasiv\u0161i ujedinjenje sa Kraljevinom Rumunijom 1. decembra 1918. godine na istorijskoj skup\u0161tini u Alba Juliji. Ovaj \u010din je ratifikovan dve godine kasnije Trijanonskim sporazumom, \u010dak i dok je vi\u0161e od 100.000 Ma\u0111ara i Nemaca nastavilo da naziva region svojim domom. Prolazni povratak pod ma\u0111arsku vlast u severnoj Transilvaniji tokom Drugog svetskog rata je poni\u0161ten na njegovom kraju, \u010dvrsto u\u010dvr\u0161\u0107uju\u0107i region unutar posleratnih granica Rumunije.<\/p>\n<p>Tokom ovih vekova, gradovi i mesta u Transilvaniji su evoluirali od vojnih bedema do centara trgovine i kulture. Klu\u017e-Napoka \u2014 Klu\u017e za svoje stanovnike \u2014 vrvi sa vi\u0161e od 300.000 stanovnika, njegove \u0161iroke avenije oivi\u010dene baroknim fasadama i ispresecane rimskim ru\u0161evinama kod statue Matije Korvina. Sibiu, nekada\u0161nji centar saksonske administracije, stekao je poseban zna\u010daj 2007. godine kada je podelio titulu Evropske prestonice kulture sa gradom Luksemburgom, \u0161to je istaklo njegovu renesansu kao epicentra festivala i muzeja. Bra\u0161ov, sme\u0161ten uz planinske padine na jugoistoku, funkcioni\u0161e kao raskrsnica turizma i trgovine, privla\u010de\u0107i posetioce u svoju Crnu crkvu i tvr\u0111avu Ra\u0161nov, a istovremeno slu\u017ei kao usputna ta\u010dka za izlete ka moldavskim manastirima ili crnomorskim odmarali\u0161tima. Alba Julija, sme\u0161tena na obalama reke Mure\u0161, \u010duva svoju srednjovekovnu katedralu i renesansnu tvr\u0111avu, mesta sveta i za rimokatoli\u010dku dijecezu i za se\u0107anje na unijatski pokret iz 1918. godine.<\/p>\n<p>Van ovih ve\u0107ih urbanih centara, srednjovekovni manji gradovi \u2014 Bistrica, Medija\u0161, Sebe\u0161, Sigi\u0161oara \u2014 \u010duvaju utvr\u0111ene zidine i trgova\u010dke ku\u0107e koje do\u010daravaju prosperitet saksonskih esnafa iz \u010detrnaestog i petnaestog veka. Istorijski centar Sigi\u0161oare, koji je na listi svetske ba\u0161tine UNESKO-a, predstavlja neprekinuti arhitektonski narativ uskih ulica, oslikanih esnafskih sala i Sat-kule, svaki element odr\u017eavan generacijama lokalnog starateljstva. Da\u010dke tvr\u0111ave u planinama Ora\u0161tije, grupisane na jugozapadu, tako\u0111e svedo\u010de o civilizaciji gvozdenog doba koja je nekada odolela vi\u0161estrukim invazijama pre nego \u0161to je podlegla Rimu. Sela sa utvr\u0111enim crkvama, kojih ima preko 150, ostaju simbol prilago\u0111avanja regiona osmanskim upadima, njihove \u010dvrste kule i \u0161tale spajaju veru i samoodbranu u kre\u010dnja\u010dkim zidovima.<\/p>\n<p>Ispod svojih sela i gradova, podzemna bogatstva Transilvanije oblikovala su veliki deo njenog srednjovekovnog zna\u010daja. Naslage zlata oko Ro\u0161ija Montane podstakle su austrougarske ambicije, dok rudnici soli u Praidu i Turdi i dalje privla\u010de posetioce radi terapeutskih boravaka. Unutar ovih pe\u0107inskih komora, gde halit svetluca u svetlosti baklji, oboleli od astme i hroni\u010dnog bronhitisa provode sate udi\u0161u\u0107i vazduh oboga\u0107en salinitetom. \u010cak i kada su se mnogi rudnici uru\u0161ili ili utihnuli, ova dva ostaju uto\u010di\u0161ta i istorije i zdravlja, njihove drvene galerije i slana jezera podse\u0107aju na prolazak rudara koji su nekada crpili \u017eivotnu krv Evropi.<\/p>\n<p>Povr\u0161inski minerali su tako\u0111e doprineli industrijskom dobu Transilvanije. \u017delezari i \u010deli\u010dane u Hunedoari i Timi\u0161u dugo su obezbe\u0111ivale zaposlenje i prihode od izvoza, dok su hemijske fabrike i tekstilne fabrike nicale du\u017e reka koje napajaju ravnicu. Poljoprivreda opstaje kao osnovna delatnost: \u017eitarice, povr\u0107e i vinova loza cvetaju na ilova\u010di visoravni, a stoka poput goveda, ovaca, svinja i \u017eivine daje tradicionalne sireve i su\u0161enomesnate proizvode koji hrane lokalna tr\u017ei\u0161ta. Va\u0111enje drveta se nastavlja unutar Karpata, iako moderni propisi nastoje da uravnote\u017ee ekonomske potrebe sa imperativima za\u0161tite prirode. U makroekonomskom smislu, nominalni BDP Transilvanije pribli\u017eava se dvesta milijardi ameri\u010dkih dolara, njena cifra po glavi stanovnika blizu je 28.600 dolara - pore\u0111enje koje se \u010desto pravi sa \u010ce\u0161kom Republikom ili Estonijom u kontekstu Evropske unije - a njen rang na indeksu ljudskog razvoja stavlja je na drugo mesto u Rumuniji, odmah iza Bukure\u0161t-Ilfova.<\/p>\n<p>Prirodni pejza\u017ei ostaju me\u0111u najzanimljivijim karakteristikama Transilvanije. Planinski venci Ha\u0161ma\u0161 i Pjatra Krajuluj okru\u017euju duboke doline gde medvedi, vukovi i risovi prelaze kroz drevne \u0161umske ekosisteme. Iako se procenjuje da u Rumuniji \u017eivi otprilike \u0161ezdeset procenata evropske populacije medveda \u2013 isklju\u010duju\u0107i Rusiju \u2013 vi\u0111enja od strane putnika su i dalje retka, \u0161to svedo\u010di o neuhvatljivoj prirodi ovih stvorenja. Reke poput Mure\u0161a, Some\u0161a, Kri\u0161a i Olta teku preko visoravni, provla\u010de\u0107i se obalama obraslim vrbama koje su negovale naselja milenijumima. Nacionalni parkovi unutar ovih planinskih enklava \u0161tite i biodiverzitet i kulturno nasle\u0111e, gde pastirske kolibe i brdske livade pokazuju pejza\u017ee malo izmenjene od srednjeg veka.<\/p>\n<p>Transilvanijsko graditeljsko nasle\u0111e podjednako privla\u010di pa\u017enju. Gotski tornjevi se uzdi\u017eu iznad istorijskog jezgra Bra\u0161ova, a najzna\u010dajniji su Crna crkva, \u010diji svodovi naosa i legenda o doba Crne smrti privla\u010de i nau\u010dnike i hodo\u010dasnike. Zamak Bran, sme\u0161ten iznad doline Ra\u0161nov, evocira vi\u0161e mitove nego dokumentovane \u010dinjenice: iako je uglavnom nepotvr\u0111en kao rezidencija Vlada III Drakule, u njemu se nalazi stalna izlo\u017eba o vampirskom folkloru i okrutnosti \u01ecmpelera, informisana tekstovima na nema\u010dkom i rumunskom jeziku. U blizini, tvr\u0111ava Ra\u0161nov, koja datira iz trinaestog veka, kruni\u0161e stenoviti izdanak, a njeni stambeni prostori i uske ulice pru\u017eaju uvid u odbranu selja\u010dke zajednice od osmanskih napada. U Hunedoari, zamak Hunjad iz petnaestog veka prostire se u tapiseriji renesansnih blokova i srednjovekovnih kula, a njegovi kameni hodnici nose freske i heraldi\u010dke rezbarije koje govore o ma\u0111arskom kne\u017eevskom poreklu lokaliteta.<\/p>\n<p>Popularna ma\u0161ta neumoljivo povezuje Transilvaniju sa legendom o vampirima koju je pokrenuo roman Brema Stokera \u201eDrakula\u201c iz 1897. godine. Dok je Stokerov lik bio spoj folklora i istorijske figure Vlada III Cepe\u0161a, lokalni saksonski pesnici i trgovci su nekada \u0161irili novine osu\u0111uju\u0107i jezive kazne vla\u0161kog princa, pripisuju\u0107i mu zasluge za nabijanje na kolac vi\u0161e od sto hiljada \u017ertava. Takvi izve\u0161taji, pro\u017eeti propagandom, dobili su svoj \u017eivot, me\u0161aju\u0107i \u010dinjenice i fantaziju sve dok krvo\u017eedni osvetnici nisu postali simbol mra\u010dnih \u0161uma i ru\u0161evina obavijenih maglom regiona. Danas, turizam kapitalizuje na ovoj privla\u010dnosti sveta senki, \u010dak i dok kulturni zvani\u010dnici isti\u010du raznolikost \u017eivih tradicija Transilvanije i njenu ulogu u stvaranju modernog rumunskog identiteta.<\/p>\n<p>Kulturni \u017eivot u Transilvaniji oblikovali su ma\u0111arski, nema\u010dki i rumunski uticaji u muzici, knji\u017eevnosti i arhitekturi. Intelektualno nasle\u0111e Transilvanske \u0161kole traje u delima Livijua Rebreanua, \u010diji roman \u201eJon\u201c prikazuje seljake i intelektualce sa saose\u0107anjem i kriti\u010dkim stavom, i Lucijana Blage, \u010dija je poezija i filozofija crpela iz egzistencijalne te\u017eine planinske samo\u0107e. Ma\u0111arski pisci poput Endrea Adija i Eleka Benedeka odra\u017eavali su ma\u0111arski senzibilitet u svojim stihovima i de\u010djim pri\u010dama, dok su Elie Vizelove rane godine u Sigetu Marmacijeju nagovestile njegovo do\u017eivotno bavljenje se\u0107anjem i zlo\u010dinima. Transilvanijski gotski stil ostaje vidljiv ne samo na svodovima katedrala ve\u0107 i u sekularnim vilama i op\u0161tinskim zgradama, a njihovi lancetni lukovi i lete\u0107i potporni zidovi podse\u0107aju na doba kada su se zanatlije, trgovci i sve\u0161tenici nadmetali u velikodu\u0161nosti prema svojim gradovima.<\/p>\n<p>Sve vreme, mozaik seoskih obi\u010daja opstaje. Seklerske uskr\u0161nje loma\u010de osvetljavaju visoravni okruga Hargita, njihov plamen se rasplamsava uprkos zimskoj vrelini, a ma\u0111arske pastirske igre odjekuju kroz bra\u0161ovske festivale svake jeseni. Saksonci koji govore nema\u010dki jezik u regionima kao \u0161to je Bistrica-Nasaud odr\u017eavaju ku\u0107ne muzeje koji \u010duvaju narodni rezbarski rad i zamr\u0161ene tekstilne \u0161are. Romske zajednice doprinose muzi\u010dkim tradicijama koje spajaju improvizaciju i ritam, a njihovi ansambli cimbala i violina odjekuju na seoskim trgovima. Zajedno, ove tradicije artikuli\u0161u teku\u0107e razgovore me\u0111u etni\u010dkim grupama Transilvanije, dijalog koji se vodi na zajedni\u010dkim pijacama i u senci katedrala.<\/p>\n<p>Za savremenog putnika, Transilvanija nudi vi\u0161e od izvedenih legendi. Planinske \u0161ume pozivaju na penjanje i planinarenje du\u017e grebena koji otkrivaju \u0161iroke vidike borova i bukve. Ekspedicije u pe\u0107ine spu\u0161taju se u kre\u010dnja\u010dke galerije gde stalaktiti i slepi mi\u0161evi kuju zaveru u podzemnoj ti\u0161ini. Vinski putevi vijugaju kroz vinograde Kotnarija i Hu\u0161ija, njihovo autohtono gro\u017e\u0111e daje hrskava bela i sna\u017ena crvena vina pogodna za lokalne sireve. Tezge na pijaci su pune dimljenih kobasica i zanatskog meda, dok kr\u010dme pored puta slu\u017ee sarme od kupusa punjene mesom u stilu hrenvale. Glavni gradovi - Klu\u017e-Napoka, Sibiu, Bra\u0161ov - pru\u017eaju infrastrukturu me\u0111unarodnih aerodroma, \u017eeleznica i autoputeva, ali \u010dak i ovde se otkrivaju uli\u010dice neobele\u017eene neonskim zvu\u010dnicima, gde protok vremena izgleda vo\u0111en crkvenim zvonima i lukom sunca.<\/p>\n<p>Transilvanijski \u0161arm le\u017ei u ovoj ravnote\u017ei izme\u0111u velikih narativa i intimnih razmi\u0161ljanja. To je region \u010dija nenametljiva lepota koegzistira sa o\u017eiljcima osvajanja i trijumfom kulturne otpornosti. Svaki grad je skup kamenja i pri\u010da: zidovi podignuti protiv invazije, crkve osve\u0161tane prkose\u0107i verskim propisima, muzeji koji \u010duvaju artefakte nestalih \u017eivota. Polja i \u0161ume visoravni podse\u0107aju na legije i pastire, da\u010dka utvr\u0111enja i habzbur\u0161ku konjicu. Reke usecaju doline gde su prona\u0111eni rimski nov\u010di\u0107i me\u0111u dana\u0161njim ribarima. A iznad, Karpati odr\u017eavaju svoje sporo bdenje kao \u0161to su to \u010dinili dva milenijuma, ozna\u010davaju\u0107i ivicu carstva i srce domovine.<\/p>\n<p>U okolnostima gde neosnovane legende \u010desto zasenjuju \u017eivu stvarnost, Transilvanija stoji kao svedo\u010danstvo mo\u0107i mesta da se razvija bez brisanja. Ovde se mogu pratiti obrisi da\u010dkih bedema, gotskih portala i habzbur\u0161kih vila tokom jednog popodnevnog putovanja. Uve\u010de, lampe Sigi\u0161oarske tvr\u0111ave svetle du\u017e kaldrmisanih staza, a vetar nosi odjek zaboravljenog zvona. Ovo je zemlja oblikovana rekama, planinama i carstvima; nadama prin\u010deva i trudom seljaka; prorocima kulturnog bu\u0111enja i pesnicima koji su dali glas ti\u0161ini visoravni. Takva slo\u017eenost prkosi svo\u0111enju na jednu tropu. Ona zahteva od pa\u017eljivog putnika da oslu\u0161kuje ritam istorije u kapelnim horovima, da oseti te\u017einu kamenja ispod svodova katedrale i da prizna da je svaki korak na ovoj visoravni tako\u0111e korak kroz vreme.<\/p>","protected":false},"excerpt":{"rendered":"<p>Transilvanija, istorijska i kulturna regija srednje Evrope, nalazi se u centralnoj Rumuniji. NJegova povr\u0161ina je oko 100.000 kvadratnih kilometara, a njegova populacija je otprilike 6,5 miliona. Prirodna utvr\u0111enja formirana od Karpatskih planina na istoku i jugu i planine Apuseni na zapadu definisala su njihovu istoriju i kulturu eonima.<\/p>","protected":false},"author":1,"featured_media":4302,"parent":11908,"menu_order":0,"comment_status":"closed","ping_status":"closed","template":"elementor_theme","meta":{"_eb_attr":"","footnotes":""},"class_list":["post-11945","page","type-page","status-publish","has-post-thumbnail"],"_links":{"self":[{"href":"https:\/\/travelshelper.com\/sr\/wp-json\/wp\/v2\/pages\/11945","targetHints":{"allow":["GET"]}}],"collection":[{"href":"https:\/\/travelshelper.com\/sr\/wp-json\/wp\/v2\/pages"}],"about":[{"href":"https:\/\/travelshelper.com\/sr\/wp-json\/wp\/v2\/types\/page"}],"author":[{"embeddable":true,"href":"https:\/\/travelshelper.com\/sr\/wp-json\/wp\/v2\/users\/1"}],"replies":[{"embeddable":true,"href":"https:\/\/travelshelper.com\/sr\/wp-json\/wp\/v2\/comments?post=11945"}],"version-history":[{"count":0,"href":"https:\/\/travelshelper.com\/sr\/wp-json\/wp\/v2\/pages\/11945\/revisions"}],"up":[{"embeddable":true,"href":"https:\/\/travelshelper.com\/sr\/wp-json\/wp\/v2\/pages\/11908"}],"wp:featuredmedia":[{"embeddable":true,"href":"https:\/\/travelshelper.com\/sr\/wp-json\/wp\/v2\/media\/4302"}],"wp:attachment":[{"href":"https:\/\/travelshelper.com\/sr\/wp-json\/wp\/v2\/media?parent=11945"}],"curies":[{"name":"wp","href":"https:\/\/api.w.org\/{rel}","templated":true}]}}