{"id":11927,"date":"2024-09-14T21:03:19","date_gmt":"2024-09-14T21:03:19","guid":{"rendered":"https:\/\/travelshelper.com\/staging\/?page_id=11927"},"modified":"2026-03-12T21:17:22","modified_gmt":"2026-03-12T21:17:22","slug":"sibiu","status":"publish","type":"page","link":"https:\/\/travelshelper.com\/sr\/destinations\/europe\/romania\/sibiu\/","title":{"rendered":"Sibiu"},"content":{"rendered":"<p>Sibiu se nalazi u srcu rumunske Transilvanije, grad sa 134.309 stanovnika prema popisu iz 2021. godine, zauzimaju\u0107i plodnu Cibinsku depresiju oko 275 kilometara severozapadno od Bukure\u0161ta i sme\u0161ten na reci Cibin, pritoci Olta. Nekada prestonica Kne\u017eevine Transilvanije izme\u0111u 1692\u20131791. i 1849\u20131865. godine, i sedi\u0161te Transilvanskog saksonskog univerziteta do 1876. godine, Sibiu danas slu\u017ei kao sedi\u0161te okruga Sibiu. NJegovo srednjovekovno jezgro, upisano na UNESKO-vu preliminarnu listu svetske ba\u0161tine od 2004. godine, svedo\u010di o me\u0161avini rumunskih, germanskih i ma\u0111arskih uticaja koji su oblikovali kulturu, ekonomiju i urbano tkivo trajnog me\u0111unarodnog ugleda.<\/p>\n<p>Poreklo Sibiua le\u017ei u njegovom nastanku kao glavnog administrativnog i kulturnog centra transilvanskih Sasa u visokom srednjem veku. Osnovan od strane nema\u010dkih doseljenika tokom Ostzidlunga, grad je bio poznat na njihovom dijalektu kao H\u00e4rmeschtat - blisko srodno luksembur\u0161kom - a na latinskom kao Cibinium. Konsolidacija saksonske autonomije u \u010detrnaestom i petnaestom veku obdarila je Sibiu utvr\u0111enjima i institucijama koje su poduprle njegov regionalni zna\u010daj. Ku\u0107a Heht, sedi\u0161te Transilvanskog saksonskog univerziteta do kraja devetnaestog veka, ozna\u010davala je ulogu grada kao obrazovnog centra za saksonske zajednice ra\u0161trkane \u0161irom Transilvanije. Tokom osamnaestog veka, op\u0161tinska elita je nadgledala pro\u0161irenje zidina i izgradnju gra\u0111anskih znamenitosti koje su opstale do danas, uklju\u010duju\u0107i i njegove \u010duvene krovne prozore, koji su Sibiuu doneli nadimak \u201eGrad sa o\u010dima\u201c.<\/p>\n<p>Geografski gledano, Sibiu zauzima strate\u0161ki polo\u017eaj blizu geografskog centra Rumunije na 45.7928\u00b0 severne geografske \u0161irine, 24.1521\u00b0 isto\u010dne geografske du\u017eine, obuhva\u0107en planinskim vencima Fagara\u0161, Cibin i Lotru. Plato Tarnavelor ozna\u010dava njegove severne i isto\u010dne granice, spu\u0161taju\u0107i se do re\u010dne doline preko brda Gu\u0161tericej. Ove okolne visoravni nisu samo oblikovale mikroklimu grada \u2014 koja u proseku iznosi 8 do 9 \u00b0C godi\u0161nje sa oko 120 dana jakog mraza i 643,7 milimetara padavina \u2014 ve\u0107 i njegovu privla\u010dnost kao kapije za alpske aktivnosti. Obli\u017enja skijali\u0161ta Paltini\u0161 i Arena Plato\u0161 privla\u010de ljubitelje zimskih sportova, dok planinari leti odlaze u planine Fagara\u0161.<\/p>\n<p>Sibiuovo izgra\u0111eno okru\u017eenje odra\u017eava slojevitost perioda i stilova. Srednjovekovna citadela, o\u010duvana u odli\u010dnom stanju, obuhvata lavirint uskih ulica okru\u017eenih gotskim i renesansnim ku\u0107ama. Veliki trg (Pia\u0163a Mare) i Mali trg (Pia\u0163a Mic\u0103) \u010dine jezgro javnog \u017eivota. NJihove okolne arkade, kule i gra\u0111anske zgrade - me\u0111u njima i palata Brukental - sada sme\u0161taju sazve\u017e\u0111e muzeja. Nacionalni muzej Brukental obuhvata umetni\u010dku galeriju, biblioteku starih knjiga, istorijski muzej, muzej apoteke iz \u0161esnaestog veka, prirodnja\u010dku zbirku i skladi\u0161te oru\u017eja i lova\u010dkih trofeja. Izvan gradskih zidina, Nacionalni muzejski kompleks ASTRA prostire se na 96 hektara u \u0161umi Dumbrava, predstavljaju\u0107i etnografsku izlo\u017ebu na otvorenom i manje institucije u zatvorenom prostoru posve\u0107ene narodnoj umetnosti, transilvanskoj civilizaciji i romskoj kulturi.<\/p>\n<p>Kulturni \u017eivot u Sibijuu pulsira tokom cele godine. Narodno pozori\u0161te Radu Stanka, osnovano 1787. godine, odr\u017eava repertoar na rumunskom i nema\u010dkom jeziku pod vo\u0111stvom reditelja kao \u0161to su Gabor Tompa i Silviu Purkarete. Dr\u017eavna filharmonija odr\u017eava nedeljne koncerte u restauriranoj dvorani Talija, koja je i sama bila mesto izvo\u0111enja predstava iz osamnaestog veka. Pozori\u0161te Gong je specijalizovano za lutkarstvo i pantomimu, anga\u017euju\u0107i mla\u0111u publiku. Orguljski recitali u Evangelisti\u010dkoj katedrali i horski nastupi u Pravoslavnoj katedrali dodaju liturgijski odjek koncertnom kalendaru grada. Svake godine, od 1993. godine, Me\u0111unarodni pozori\u0161ni festival u Sibijuu je izrastao u najve\u0107e svetsko okupljanje scenskih umetnosti, dok srednjovekovne predstave, d\u017eez, filmski i rok festivali animiraju grad tokom cele godine. Najva\u017eniji doga\u0111aji uklju\u010duju Srednjovekovni festival u avgustu, festivale Artmanija i Rokin Transilvanija leti, festival dokumentarnog filma Astra Film i takmi\u010denje u pijanizmu Karl Fil\u010d.<\/p>\n<p>Od 2007. godine, kada su Sibiu i Luksemburg podelili titulu Evropske prestonice kulture, urbano jezgro grada je pro\u0161lo kroz sveobuhvatnu obnovu. Zajedni\u010dki kulturni program proslavio je saksonsko nasle\u0111e Sibiua i negovao veze sa Luksemburgom, generi\u0161u\u0107i porast me\u0111unarodnog turizma. Forbs je 2008. godine proglasio Sibiu \u201e8. najidili\u010dnijim mestom za \u017eivot u Evropi\u201c, a 2019. godine grad je progla\u0161en Evropskim regionom gastronomije od strane IGCAT-a, priznaju\u0107i njegovu posve\u0107enost kulinarskom nasle\u0111u i multietni\u010dkim tradicijama. Lokalni proizvo\u0111a\u010di, radionice u okolnim selima i gastronomski krugovi sada isti\u010du kulturu zanatske hrane u regionu.<\/p>\n<p>Bo\u017ei\u0107na pijaca koja se odr\u017eava na trgu Pjata Mare od 2007. godine privla\u010di posetioce iz cele Rumunije i \u0161ire. Inspirisana be\u010dkim tradicijama, a koju je uvela Barbara \u0160efnagel, ata\u0161e za socijalna pitanja ambasade Austrije, pijaca se pro\u0161irila sa trideset osam tezgi na Malom trgu na oko sedamdeset na Velikom trgu, uz pratnju koncerata bo\u017ei\u0107nih pesama, klizali\u0161ta i de\u010djih radionica. Godine 2013, pijaca je uvr\u0161tena me\u0111u petnaest najlep\u0161ih bo\u017ei\u0107nih pijaca u Evropi.<\/p>\n<p>Demografski, Sibiu je do\u017eiveo fluktuacije. Popis iz 2011. godine zabele\u017eio je 147.245 stanovnika, \u0161to je pad od pet procenata u odnosu na 2002. godinu, dok je procena iz 2017. godine pokazala broj stanovnika od 169.316 \u2013 \u0161to je ponovni porast koji je prevazi\u0161ao vrhunac iz 1992. godine. Me\u0111utim, popis iz 2021. godine zabele\u017eio je 134.309 stanovnika unutar gradskih granica. Etni\u010dki Rumuni sada \u010dine 95,9 procenata stanovni\u0161tva, dok Ma\u0111ari, Nemci (transilvanski Saksonci), Romi i manje manjine upotpunjuju multikulturalni mozaik.<\/p>\n<p>Ekonomski, Sibiu se ubraja me\u0111u najdinami\u010dnije gradove Rumunije. Strane investicije su procvetale u proizvodnji automobilskih komponenti, a fabrike kojima upravljaju TisenKrup Bil\u0161tajn-Kompa, Takata, Kontinental Automotiv Sistems, Markvard Grupa i NTN-SNR. Tekstilna, agroindustrijska i proizvodnja elektri\u010dnih komponenti \u2013 kao \u0161to je Simens \u2013 dopunjuju te\u0161ku industriju. Sibiujska berza, nekada druga po veli\u010dini u Rumuniji, spojila se sa Bukure\u0161tanskom 2018. godine. Dve industrijske zone nalaze se du\u017e isto\u010dne i zapadne periferije grada, dok se u komercijalnom centru u obli\u017enjem \u0160elimbaru nalazi veliki tr\u017eni centar i maloprodajni objekti. Turizam je tako\u0111e postao stub lokalne ekonomije, a njegov doprinos je rastao od godine kulturne prestonice 2007. godine.<\/p>\n<p>Sibiu ima koristi od dobro razvijene transportne mre\u017ee. Me\u0111unarodni aerodrom Sibiu direktno povezuje grad sa destinacijama u Nema\u010dkoj, Austriji, Ujedinjenom Kraljevstvu, Irskoj i \u0160paniji. Na kopnu, obilaznica autoputa A1 otvorena je u decembru 2010. godine, olak\u0161avaju\u0107i gust saobra\u0107aj i \u010dine\u0107i deo rute prema ma\u0111arskoj granici, a preostali segmenti bi trebalo da budu zavr\u0161eni do 2025. godine. Nacionalni putevi DN1, DN7 i DN14 spajaju se u Sibiuu, dok evropski putevi E68 i E81 prelaze njegove granice. \u017delezni\u010dke linije saobra\u0107aju du\u017e glavne linije 200 \u2014 koja povezuje Bra\u0161ov, Fagara\u0161, Sibiu, Simeriju i Arad \u2014 i linije 206 do Medija\u0161a, koju opslu\u017euje pet stanica, uklju\u010duju\u0107i Glavnu stanicu (Gara Mare) i Malu stanicu (Gara Mika). Me\u0111uregionalni vozovi \u201ePlava strela\u201c povezuju Sibiu sa Klu\u017e-Napokom, Bra\u0161ovom, Krajovom, Temi\u0161varom i Bukure\u0161tom. Interno, Tursib upravlja sveobuhvatnom mre\u017eom autobuskog saobra\u0107aja, a biciklisti\u010dka infrastruktura je pro\u0161irena na 43 kilometra staza, sa zelenim koridorom reke Cibin koji bi trebalo da bude zavr\u0161en 2023. godine. Usluge deljenja bicikala dodatno podsti\u010du odr\u017eivu mobilnost.<\/p>\n<p>Zelene povr\u0161ine pro\u017eimaju grad. Park \u010cetaci, koji obuhvata \u0161etali\u0161te iz kasnog osamnaestog veka, i park Sub Arini, osnovan izme\u0111u 1857. i 1859. godine, svrstavaju se me\u0111u najbolje odr\u017eavane u zemlji. Park Astra, osnovan 1879. godine, i niz manjih vrtova - Tineretuluj, Rekonstrukcija, Korneliju Koposu, Petefi \u0160andor, Trg Klu\u017e, \u0160trand, Kristijanuluj, Ciceica, Vasile Aron i Lira - osiguravaju da raspodela zelenih povr\u0161ina u Sibiuu prema\u0161uje raspodelu mnogih rumunskih op\u0161tina. Prirodni park Dumbrava Sibiuluj, \u010detiri kilometra jugozapadno od centra, obuhvata 960 hektara \u0161ume, gradski zoolo\u0161ki vrt i Etnografski muzej, dok obli\u017enji muzej parnih lokomotiva \u010duva oko \u010detrdeset lokomotiva, od kojih su dve jo\u0161 uvek u funkciji.<\/p>\n<p>Nematerijalno nasle\u0111e Sibiua tako\u0111e odra\u017eava njegovo saksonsko poreklo i rumunsku evoluciju. Utvr\u0111ene crkve regiona, ostaci srednjovekovne odbrane zajednice, ra\u0161trkane su po selu izvan gradskih granica. Lokalne li\u010dnosti poput Konrada Hasa i Hermana Oberta - pionira u raketotehnici - svedo\u010de o intelektualnoj tradiciji koju neguje Transilvanijski saksonski univerzitet. U digitalnom dobu, kompanija Elrond, osnovana u Sibiuu, postigla je me\u0111unarodni zna\u010daj sa svojom platformom za kriptovalute eGold.<\/p>\n<p>Tako ispleten od niti istorije, kulture, industrije i geografije, Sibiu predstavlja jedinstven slu\u010daj urbanog kontinuiteta i adaptacije. NJegovo srednjovekovno jezgro \u010duva lekcije o komunalnoj autonomiji i arhitektonskoj otpornosti. NJegova pozori\u0161ta, muzeji i festivali svedo\u010de o trajnoj posve\u0107enosti umetnosti. NJegova industrija i saobra\u0107ajne veze osiguravaju njegovu ulogu u modernoj rumunskoj ekonomiji. U ovom gradu gde prozori sa obrvama gledaju u kaldrmisane ulice, a karpatski vrhovi se nadvijaju na horizontu, pro\u0161lost i sada\u0161njost se spajaju kako bi stvorili urbanu naraciju koja je i danas podjednako ubedljiva kao i u vekovima koji su oblikovali njegovo kamenje.<\/p>","protected":false},"excerpt":{"rendered":"<p>Sibiu, \u0161armantan grad u Transilvaniji u Rumuniji, ima 134.309 stanovnika prema popisu iz 2021. godine, \u0161to ga \u010dini 15. najve\u0107im gradom u zemlji. Bogat istorijom i kulturom, ovaj grad srednje veli\u010dine le\u017ei otprilike 275 kilometara severozapadno od Bukure\u0161ta na reci Cibin, pritoci reke Olt.<\/p>","protected":false},"author":1,"featured_media":3373,"parent":11908,"menu_order":0,"comment_status":"closed","ping_status":"closed","template":"elementor_theme","meta":{"_eb_attr":"","footnotes":""},"class_list":["post-11927","page","type-page","status-publish","has-post-thumbnail"],"_links":{"self":[{"href":"https:\/\/travelshelper.com\/sr\/wp-json\/wp\/v2\/pages\/11927","targetHints":{"allow":["GET"]}}],"collection":[{"href":"https:\/\/travelshelper.com\/sr\/wp-json\/wp\/v2\/pages"}],"about":[{"href":"https:\/\/travelshelper.com\/sr\/wp-json\/wp\/v2\/types\/page"}],"author":[{"embeddable":true,"href":"https:\/\/travelshelper.com\/sr\/wp-json\/wp\/v2\/users\/1"}],"replies":[{"embeddable":true,"href":"https:\/\/travelshelper.com\/sr\/wp-json\/wp\/v2\/comments?post=11927"}],"version-history":[{"count":0,"href":"https:\/\/travelshelper.com\/sr\/wp-json\/wp\/v2\/pages\/11927\/revisions"}],"up":[{"embeddable":true,"href":"https:\/\/travelshelper.com\/sr\/wp-json\/wp\/v2\/pages\/11908"}],"wp:featuredmedia":[{"embeddable":true,"href":"https:\/\/travelshelper.com\/sr\/wp-json\/wp\/v2\/media\/3373"}],"wp:attachment":[{"href":"https:\/\/travelshelper.com\/sr\/wp-json\/wp\/v2\/media?parent=11927"}],"curies":[{"name":"wp","href":"https:\/\/api.w.org\/{rel}","templated":true}]}}