{"id":11747,"date":"2024-09-13T17:13:02","date_gmt":"2024-09-13T17:13:02","guid":{"rendered":"https:\/\/travelshelper.com\/staging\/?page_id=11747"},"modified":"2026-03-12T16:41:41","modified_gmt":"2026-03-12T16:41:41","slug":"sanremo","status":"publish","type":"page","link":"https:\/\/travelshelper.com\/sr\/destinations\/europe\/italy\/sanremo\/","title":{"rendered":"Sanremo"},"content":{"rendered":"<p>\u0421\u0430\u043d\u0440\u0435\u043c\u043e, \u043a\u043e\u0458\u0438 \u0441\u0435 \u043f\u043e\u043d\u0435\u043a\u0430\u0434 \u043d\u0430\u0437\u0438\u0432\u0430 \u0438 \u0421\u0430\u043d \u0420\u0435\u043c\u043e, \u0458\u0435 \u043e\u0447\u0430\u0440\u0430\u0432\u0430\u0458\u0443\u045b\u0430 \u043f\u0440\u0438\u043c\u043e\u0440\u0441\u043a\u0430 \u043e\u043f\u0448\u0442\u0438\u043d\u0430 \u043a\u043e\u0458\u0430 \u0441\u0435 \u043d\u0430\u043b\u0430\u0437\u0438 \u0434\u0443\u0436 \u043c\u0435\u0434\u0438\u0442\u0435\u0440\u0430\u043d\u0441\u043a\u0435 \u043e\u0431\u0430\u043b\u0435 \u041b\u0438\u0433\u0443\u0440\u0438\u0458\u0435 \u0443 \u0441\u0435\u0432\u0435\u0440\u043d\u043e\u0458 \u0418\u0442\u0430\u043b\u0438\u0458\u0438. \u041e\u0432\u0430\u0458 \u0448\u0430\u0440\u043c\u0430\u043d\u0442\u043d\u0438 \u0433\u0440\u0430\u0434\u0438\u045b, \u0441\u0430 55.000 \u0441\u0442\u0430\u043d\u043e\u0432\u043d\u0438\u043a\u0430, \u043f\u043e\u0441\u0442\u0430\u043e \u0458\u0435 \u043e\u043c\u0438\u0459\u0435\u043d\u0430 \u0442\u0443\u0440\u0438\u0441\u0442\u0438\u0447\u043a\u0430 \u0434\u0435\u0441\u0442\u0438\u043d\u0430\u0446\u0438\u0458\u0430 \u043d\u0430 \u0438\u0442\u0430\u043b\u0438\u0458\u0430\u043d\u0441\u043a\u043e\u0458 \u0440\u0438\u0432\u0438\u0458\u0435\u0440\u0438. \u041e\u0431\u0438\u043c\u043d\u0430 \u0438\u0441\u0442\u043e\u0440\u0438\u0458\u0430 \u0421\u0430\u043d\u0440\u0435\u043c\u0430 \u043f\u043e\u0442\u0438\u0447\u0435 \u0438\u0437 \u0440\u0438\u043c\u0441\u043a\u043e\u0433 \u0434\u043e\u0431\u0430 \u0438 \u0442\u043e\u043a\u043e\u043c \u0433\u043e\u0434\u0438\u043d\u0430 \u0441\u0435 \u0440\u0430\u0437\u0432\u0438\u043e \u0443 \u0434\u0438\u043d\u0430\u043c\u0438\u0447\u0430\u043d \u043a\u0443\u043b\u0442\u0443\u0440\u043d\u0438 \u0446\u0435\u043d\u0442\u0430\u0440, \u043a\u043e\u0458\u0438 \u043e\u0434\u0440\u0436\u0430\u0432\u0430 \u043c\u043d\u043e\u0448\u0442\u0432\u043e \u0434\u043e\u0433\u0430\u0452\u0430\u0458\u0430 \u043a\u043e\u0458\u0438 \u043f\u0440\u0438\u0432\u043b\u0430\u0447\u0435 \u0459\u0443\u0434\u0435 \u0448\u0438\u0440\u043e\u043c \u0441\u0432\u0435\u0442\u0430.<\/p>\n<p>Mediteranska klima i \u017eivopisna obala grada zna\u010dajno su doprineli privla\u010dnosti grada kod turista. Sanremo ima izuzetnu kombinaciju prirodnog sjaja, istorijske privla\u010dnosti i savremenih pogodnosti, \u0161to ga \u010dini optimalnim mestom za turiste koji \u017eele iskustvo italijanske dol\u010de vite. Tirkizni talasi Sredozemnog mora ne\u017eno miluju obale Sanrema, pru\u017eaju\u0107i o\u010daravaju\u0107e okru\u017eenje za lagane \u0161etnje \u0161etali\u0161tem ili mirne dane na pla\u017ei.<\/p>\n<p>Iako je turizam zna\u010dajan segment privrede Sanrema, grad je tako\u0111e poznat po svojoj poljoprivrednoj izvrsnosti. Ekstra devi\u010dansko maslinovo ulje, veoma cenjen proizvod ovog kraja, steklo je presti\u017enu oznaku Denominazione di Origine Protetta (DOP). Ova oznaka za\u0161tite porekla garantuje da maslinovo ulje proizvedeno u Sanremu i njegovoj okolini po\u0161tuje stroge zahteve kvaliteta i odr\u017eava tradicionalne proizvodne prakse. Zlatno-zelena te\u010dnost predstavlja primer bujne zemlje i povoljne klime u regionu, \u010dine\u0107i je osloncem u lokalnoj kuhinji i \u017eeljenim izvozom.<\/p>\n<p>Ozna\u010davanje Sanrema kao \u201eGrad cve\u0107a\u201c (la Citta dei Fiori) predstavlja fundamentalni aspekt njegove ekonomije i kulturnog karaktera. Grad i njegove susedne regije, kao \u0161to su Arma di Taggia, Bordighera i Ospedaletti, istorijski su bili lideri u uzgoju cve\u0107a na globalnom tr\u017ei\u0161tu. Umerena klima i iskusni lokalni hortikulturisti su podstakli okru\u017eenje koje je pogodno za celogodi\u0161nju proliferaciju raznovrsne, \u017eivahne flore. Bogatstvo cve\u0107a pove\u0107ava privla\u010dnost grada i podsti\u010de prosperitetno poslovanje koje zna\u010dajno doprinosi lokalnoj ekonomiji.<\/p>\n<p>Posve\u0107enost grada kulturi i zabavi vidi se u brojnim mestima i doga\u0111ajima. Op\u0161tinski kazino, arhitektonsko remek-delo izgra\u0111eno 1905. godine, predstavlja primer arhitekture u stilu Art Nouvea. NJegov prefinjeni eksterijer i rasko\u0161ni enterijeri uranjaju posetioce u pro\u0161lu epohu elegancije i sofisticiranosti. Pored svojih kockarskih stolova, kazino funkcioni\u0161e kao kulturno sredi\u0161te, predstavljaju\u0107i razne doga\u0111aje i predstave godi\u0161nje.<\/p>\n<p>Pozori\u0161te Ariston je neophodna lokacija za entuzijaste scenskih umetnosti. Ovaj cenjeni objekat ima izuzetan godi\u0161nji raspored koncerata, opera i dramskih predstava. Pozori\u0161te je povezano sa muzi\u010dkim festivalom u Sanremu, jednim od najcenjenijih muzi\u010dkih festivala u Italiji. Godi\u0161nje festival ujedinjuje kako renomirane tako i budu\u0107e izvo\u0111a\u010de, predstavljaju\u0107i najbolju italijansku i svetsku muziku.<\/p>\n<p>LJubitelji muzike \u0107e ceniti uklju\u010divanje Simfonijskog orkestra iz Sanrema, jednog od samo dvanaest orkestara koje je odobrila dr\u017eava u Italiji. Orkestar izvodi oko 120 nastupa svake godine, upotpunjuju\u0107i kulturni pejza\u017e grada klasi\u010dnom veli\u010dinom. Brojni koncerti odr\u017eavaju se u Operskom pozori\u0161tu op\u0161tinskog kazina, nude\u0107i idealan spoj muzike i arhitektonske veli\u010dine.<\/p>\n<p>Privla\u010dnost Sanrema prevazilazi njegove kulturne doprinose i obuhvata oblast sporta, posebno biciklizma. Grad funkcioni\u0161e kao krajnja stanica za klasik biciklizma Milano-San Remo, jedan od najcenjenijih jednodnevnih profesionalnih biciklisti\u010dkih doga\u0111aja na svetu. Ova trka, koja se naziva \u201eLa Primavera\u201c (Prole\u0107e), privla\u010di elitne bicikliste i ljubitelje biciklizma \u0161irom sveta, ja\u010daju\u0107i istaknutost Sanrema na globalnoj sceni.<\/p>\n<p>Pristupa\u010dnost je klju\u010dni element privla\u010dnosti Sanrema, sa nekoliko tranzitnih alternativa koje ga povezuju sa velikim gradovima i susednim nacijama. Autoput A10, prikladno ozna\u010den kao \u201eAutostrada dei Fiori\u201c, povezuje Sanremo sa \u0110enovom i Ventimiljom, pri \u010demu ova poslednja slu\u017ei kao grani\u010dni grad sa Francuskom. Ovaj \u017eivopisni put, sa uzvi\u0161enim segmentima i vijaduktima, pru\u017ea zadivljuju\u0107i panoramski pogled na obalu. A10 blizu francuske granice se bez napora integri\u0161e sa francuskim autoputem A8, postaju\u0107i segment evropske rute E80 i omogu\u0107avaju\u0107i zgodan tranzit izme\u0111u Italije i Francuske.<\/p>\n<p>Za pojedince koji preferiraju alternativne rute, SS1 ili \u201eAurelia Bis\u201c nudi besplatnu pre\u010dicu koja povezuje Sanremo sa Ta\u0111ijom. Istorijska Via Aurelia, du\u017e toka starog rimskog puta, funkcioni\u0161e kao primarna primorska saobra\u0107ajnica. Iako u gradskim centrima mo\u017ee do\u0107i do zagu\u0161enja, obalna ruta pru\u017ea opu\u0161tenije iskustvo putovanja.<\/p>\n<p>Javni prevoz obuhvata trolejbusku rutu du\u017e Via Aurelije, koja povezuje Sanremo sa Ta\u0111om i Ventimiljom. Ova usluga nudi jednostavan i ekolo\u0161ki odr\u017eiv metod za lokalno stanovni\u0161tvo i turiste da se kre\u0107u okolnim regionima.<\/p>\n<p>Sanremu nema sopstveni aerodrom, ali je na dobroj lokaciji na 45 minuta od me\u0111unarodnog aerodroma Azurna obala u Nici, Francuska. Blizina zna\u010dajnog me\u0111unarodnog centra zna\u010dajno pove\u0107ava atraktivnost Sanrema kao turisti\u010dkog centra.<\/p>\n<p>Gradska \u017eelezni\u010dka infrastruktura je zna\u010dajno pobolj\u0161ana poslednjih godina. Drevna priobalna \u017eelezni\u010dka linija, poznata po pogledu na more koji oduzima dah, zamenjena je efikasnijom podzemnom prugom. Ovo pobolj\u0161anje je ubrzalo trajanje putovanja do istaknutih gradova kao \u0161to su Imperija, \u0110enova, Nica, Milano, Torino i Rim. Preme\u0161tanje \u017eelezni\u010dke stanice u Sanremu pored Gradske ku\u0107e pobolj\u0161alo je urbani dizajn grada.<\/p>\n<p>Sanremo je uspe\u0161no pretvorio svoju biv\u0161u \u017eelezni\u010dku liniju u privla\u010dnu biciklisti\u010dku stazu i pe\u0161a\u010dku zonu, \u0161to predstavlja primer urbanog razvoja. Ova ruta od 24 kilometra, koja se prote\u017ee od Ospedaletija na zapadu do San Lorenco al Marea na istoku, pru\u017ea stanovnicima i turistima prepoznatljiv na\u010din da pre\u0111u obalu. Ova preure\u0111ena \u017eelezni\u010dka linija postala je popularna atrakcija, sa mnogim kioscima za iznajmljivanje bicikala du\u017e rute i raznim pla\u017eama dostupnim u oba smera, integri\u0161u\u0107i fitnes, zadovoljstvo i vizuelnu lepotu.<\/p>","protected":false},"excerpt":{"rendered":"<p>\u0421\u0430\u043d\u0440\u0435\u043c\u043e, \u043a\u043e\u0458\u0438 \u0441\u0435 \u043f\u043e\u043d\u0435\u043a\u0430\u0434 \u043d\u0430\u0437\u0438\u0432\u0430 \u0438 \u0421\u0430\u043d \u0420\u0435\u043c\u043e, \u0458\u0435 \u043e\u0447\u0430\u0440\u0430\u0432\u0430\u0458\u0443\u045b\u0430 \u043f\u0440\u0438\u043c\u043e\u0440\u0441\u043a\u0430 \u043e\u043f\u0448\u0442\u0438\u043d\u0430 \u043a\u043e\u0458\u0430 \u0441\u0435 \u043d\u0430\u043b\u0430\u0437\u0438 \u0434\u0443\u0436 \u043c\u0435\u0434\u0438\u0442\u0435\u0440\u0430\u043d\u0441\u043a\u0435 \u043e\u0431\u0430\u043b\u0435 \u041b\u0438\u0433\u0443\u0440\u0438\u0458\u0435 \u0443 \u0441\u0435\u0432\u0435\u0440\u043d\u043e\u0458 \u0418\u0442\u0430\u043b\u0438\u0458\u0438. \u041e\u0432\u0430\u0458 \u0448\u0430\u0440\u043c\u0430\u043d\u0442\u043d\u0438 \u0433\u0440\u0430\u0434\u0438\u045b, \u0441\u0430 55.000 \u0441\u0442\u0430\u043d\u043e\u0432\u043d\u0438\u043a\u0430, \u043f\u043e\u0441\u0442\u0430\u043e \u0458\u0435 \u043e\u043c\u0438\u0459\u0435\u043d\u0430 \u0442\u0443\u0440\u0438\u0441\u0442\u0438\u0447\u043a\u0430 \u0434\u0435\u0441\u0442\u0438\u043d\u0430\u0446\u0438\u0458\u0430 \u043d\u0430 \u0438\u0442\u0430\u043b\u0438\u0458\u0430\u043d\u0441\u043a\u043e\u0458 \u0440\u0438\u0432\u0438\u0458\u0435\u0440\u0438. \u041e\u0431\u0438\u043c\u043d\u0430 \u0438\u0441\u0442\u043e\u0440\u0438\u0458\u0430 \u0421\u0430\u043d\u0440\u0435\u043c\u0430 \u043f\u043e\u0442\u0438\u0447\u0435 \u0438\u0437 \u0440\u0438\u043c\u0441\u043a\u043e\u0433 \u0434\u043e\u0431\u0430 \u0438 \u0442\u043e\u043a\u043e\u043c \u0433\u043e\u0434\u0438\u043d\u0430 \u0441\u0435 \u0440\u0430\u0437\u0432\u0438\u043e \u0443 \u0434\u0438\u043d\u0430\u043c\u0438\u0447\u0430\u043d \u043a\u0443\u043b\u0442\u0443\u0440\u043d\u0438 \u0446\u0435\u043d\u0442\u0430\u0440, \u043a\u043e\u0458\u0438 \u043e\u0434\u0440\u0436\u0430\u0432\u0430 \u043c\u043d\u043e\u0448\u0442\u0432\u043e \u0434\u043e\u0433\u0430\u0452\u0430\u0458\u0430 \u043a\u043e\u0458\u0438 \u043f\u0440\u0438\u0432\u043b\u0430\u0447\u0435 \u0459\u0443\u0434\u0435 \u0448\u0438\u0440\u043e\u043c \u0441\u0432\u0435\u0442\u0430.<\/p>","protected":false},"author":1,"featured_media":11753,"parent":11663,"menu_order":0,"comment_status":"closed","ping_status":"closed","template":"elementor_theme","meta":{"_eb_attr":"","footnotes":""},"class_list":["post-11747","page","type-page","status-publish","has-post-thumbnail"],"_links":{"self":[{"href":"https:\/\/travelshelper.com\/sr\/wp-json\/wp\/v2\/pages\/11747","targetHints":{"allow":["GET"]}}],"collection":[{"href":"https:\/\/travelshelper.com\/sr\/wp-json\/wp\/v2\/pages"}],"about":[{"href":"https:\/\/travelshelper.com\/sr\/wp-json\/wp\/v2\/types\/page"}],"author":[{"embeddable":true,"href":"https:\/\/travelshelper.com\/sr\/wp-json\/wp\/v2\/users\/1"}],"replies":[{"embeddable":true,"href":"https:\/\/travelshelper.com\/sr\/wp-json\/wp\/v2\/comments?post=11747"}],"version-history":[{"count":0,"href":"https:\/\/travelshelper.com\/sr\/wp-json\/wp\/v2\/pages\/11747\/revisions"}],"up":[{"embeddable":true,"href":"https:\/\/travelshelper.com\/sr\/wp-json\/wp\/v2\/pages\/11663"}],"wp:featuredmedia":[{"embeddable":true,"href":"https:\/\/travelshelper.com\/sr\/wp-json\/wp\/v2\/media\/11753"}],"wp:attachment":[{"href":"https:\/\/travelshelper.com\/sr\/wp-json\/wp\/v2\/media?parent=11747"}],"curies":[{"name":"wp","href":"https:\/\/api.w.org\/{rel}","templated":true}]}}