{"id":11663,"date":"2024-09-13T15:44:11","date_gmt":"2024-09-13T15:44:11","guid":{"rendered":"https:\/\/travelshelper.com\/staging\/?page_id=11663"},"modified":"2026-03-12T16:03:56","modified_gmt":"2026-03-12T16:03:56","slug":"italy","status":"publish","type":"page","link":"https:\/\/travelshelper.com\/sr\/destinations\/europe\/italy\/","title":{"rendered":"Italija"},"content":{"rendered":"<p>Italija, koja se nalazi u ju\u017enoj i zapadnoj Evropi, ima skoro 60 miliona stanovnika, \u0161to je \u010dini tre\u0107om najnaseljenijom dr\u017eavom \u010dlanicom Evropske unije. Ovo poluostrvo u obliku \u010dizme str\u0161i u Sredozemno more, sa veli\u010danstvenim Alpima koji ocrtavaju njegovu severnu granicu. Teritorija nacije obuhvata nekoliko ostrva, uklju\u010duju\u0107i Siciliju i Sardiniju. Italija, koja obuhvata povr\u0161inu od 301.340 kvadratnih kilometara, deseta je po veli\u010dini zemlja u Evropi. Grani\u010di se sa Francuskom, \u0160vajcarskom, Austrijom i Slovenijom i uklju\u010duje dve suverene enklave: Vatikan i San Marino. Rim, glavni i najve\u0107i grad, predstavlja primer duboke istorije i kulturnog zna\u010daja nacije. Dodatna istaknuta urbana sredi\u0161ta su Milano, Napulj, Torino, Firenca i Venecija, od kojih svaki unapre\u0111uje vi\u0161estruki pejza\u017e umetnosti, kulture i inovacija Italije.<\/p>\n<p>Italijansko poluostrvo je slu\u017eilo kao rodno mesto civilizacije tokom antike, gde su se nalazili mnogi drevni narodi i kulture. Rim, koji je prvo uspostavljen kao kraljevina, transformisan je u mo\u0107nu republiku koja je na kraju dominirala i upravljala mediteranskim regionom kao carstvo vekovima. Era rimske nadmo\u0107i duboko je uticala na zapadnu kulturu, oblikuju\u0107i jezik, zakon, arhitekturu i administraciju \u0161irom Evrope i \u0161ire. Sa proliferacijom hri\u0161\u0107anstva, Rim se pojavio kao epicentar Katoli\u010dke crkve i papstva, \u010dime je u\u010dvrstio svoj zna\u010daj u globalnim pitanjima.<\/p>\n<p>Propadanje Zapadnog rimskog carstva u ranom srednjem veku pokrenulo je period zna\u010dajne transformacije za Italiju. Poluostrvo je imalo unutra\u0161nju migraciju iz germanskih plemena, menjaju\u0107i njegovo kulturno i politi\u010dko okru\u017eenje. Do 11. veka Italija je do\u017eivela preporod kako su gradovi-dr\u017eave i pomorske republike \u0161irile svoju mo\u0107. Ovaj period je bio svedok pojave modernog kapitalizma, kada su italijanski trgovci i bankari inovirali ekonomske sisteme koji \u0107e uticati na budu\u0107nost svetske trgovine.<\/p>\n<p>Italijanska renesansa, vreme izuzetnih kulturnih i intelektualnih dostignu\u0107a, cvetala je tokom 15. i 16. veka. Ovo doba procvata umetnosti, knji\u017eevnosti i nau\u010dnih istra\u017eivanja pro\u017eimalo je Evropu, zna\u010dajno oblikuju\u0107i evoluciju zapadne civilizacije. Italijanski istra\u017eiva\u010di, poput Kristofora Kolumba i Ameriga Vespu\u010dija, bili su instrumentalni u evropskom dobu otkri\u0107a, uspostavljaju\u0107i nove trgova\u010dke puteve ka Dalekom istoku i mapiraju\u0107i Ameriku. Ove ekspedicije nisu samo pro\u0161irile geografsko razumevanje, ve\u0107 su pokrenule i novu epohu globalnog anga\u017eovanja i razmene.<\/p>\n<p>Uprkos ovim dostignu\u0107ima, politi\u010dki pejza\u017e Italije je decenijama opstao u svojoj fragmentaciji. Konkurencija i nesloga me\u0111u gradovima-dr\u017eavama ometali su uspostavljanje kohezivne zemlje, \u0161to je rezultiralo fragmentiranim poluostrvom podlo\u017enim spoljnim uticajima. Odsustvo jedinstva imalo je zna\u010dajne reperkusije, po\u0161to je ekonomski zna\u010daj Italije opao tokom 17. i 18. veka, dok su druge evropske nacije porasle na zna\u010daju.<\/p>\n<p>Projekat ujedinjenja Italije, nazvan Risorgimento, ubrzao se tokom 19. veka. Posle decenija politi\u010dke i teritorijalne fragmentacije, Italija je postigla skoro potpuno ujedinjenje 1861. Ovo zna\u010dajno dostignu\u0107e je proiza\u0161lo iz borbi za nezavisnost i \u010duvene Ekspedicije Hiljadu, koju je re\u017eirao \u0110uzepe Garibaldi. Novoformirana Kraljevina Italija imala je nekoliko prepreka u potrazi za nacionalnim identitetom i ekonomskom modernizacijom.<\/p>\n<p>Izme\u0111u kasnog 19. i po\u010detka 20. veka, Italija je imala brzu industrijalizaciju, posebno u severnim oblastima. Ova ekonomska tranzicija, me\u0111utim, nije bila dosledna u celoj zemlji. Jug je ostao prete\u017eno siroma\u0161an, \u0161to je rezultiralo zna\u010dajnim unutra\u0161njim raskolom i podstaklo ekstenzivnu emigraciju u Ameriku. Ovaj egzodus bi imao trajne uticaje i na italijansku kulturu i na nacije koje su prihvatile ove imigrante.<\/p>\n<p>U\u010de\u0161\u0107e Italije u me\u0111unarodnim bitkama uticalo je na njenu istoriju tokom 20. veka. Od 1915. do 1918. godine, nacija je u\u010destvovala u Prvom svetskom ratu u savezu sa zemljama Antante protiv centralnih zemalja. Posledice rata dovele su do dru\u0161tvenih i politi\u010dkih previranja, \u0161to je dovelo do formiranja fa\u0161isti\u010dke diktature pod Benitom Musolinijem 1922. Ova diktatura je povezivala Italiju sa nacisti\u010dkom Nema\u010dkom tokom Drugog svetskog rata, prvo kao \u010dlanicu sila Osovine od 1940. do 1943. Nakon Musolinijeve alijanse, cela Italija je nestala. subornik sa saveznicima tokom italijanskog otpora i oslobo\u0111enja Italije od 1943. do 1945. godine.<\/p>\n<p>Posleratna era bila je klju\u010dna ta\u010dka za Italiju. Monarhija je razbijena, a republika je uspostavljena 1946. Bez obzira na ratnu \u0161tetu, Italija je do\u017eivela zna\u010dajan ekonomski oporavak, koji se ponekad naziva \u201eitalijanskim ekonomskim \u010dudom\u201c. Ova era ekspanzije pretvorila je naciju u savremenu, industrijalizovanu dr\u017eavu i \u010dlana osniva\u010da Evropske ekonomske zajednice, prethodnice Evropske unije.<\/p>\n<p>Trenutno se Italija smatra razvijenom nacijom sa zna\u010dajnim uticajem \u0161irom sveta. Poseduje deveti najve\u0107i nominalni BDP na svetu i drugi najve\u0107i industrijski sektor u Evropi. Nacija zna\u010dajno uti\u010de na regionalna i globalna pitanja, u\u010destvuju\u0107i u ekonomskim, vojnim, kulturnim i diplomatskim poduhvatima. Italija, kao osniva\u010dka \u010dlanica Evropske unije, duboko je isprepletena u politi\u010dke i ekonomske okvire kontinenta. Aktivno u\u010destvuje u nekoliko me\u0111unarodnih organizacija, uklju\u010duju\u0107i NATO, G7 i G20, pokazuju\u0107i svoju posve\u0107enost globalnoj saradnji i rastu.<\/p>","protected":false},"excerpt":{"rendered":"<p>Italija, koja se nalazi u ju\u017enoj i zapadnoj Evropi, ima skoro 60 miliona stanovnika, \u0161to je \u010dini tre\u0107om najnaseljenijom dr\u017eavom \u010dlanicom Evropske unije. Ovo poluostrvo u obliku \u010dizme str\u0161i u Sredozemno more, sa veli\u010danstvenim Alpima koji ocrtavaju njegovu severnu granicu. Teritorija nacije obuhvata nekoliko ostrva, uklju\u010duju\u0107i Siciliju i Sardiniju. Italija, koja obuhvata povr\u0161inu od 301.340 kvadratnih kilometara, deseta je po veli\u010dini zemlja u Evropi. Grani\u010di se sa Francuskom, \u0160vajcarskom, Austrijom i Slovenijom i uklju\u010duje dve suverene enklave: Vatikan i San Marino. Rim, glavni i najve\u0107i grad, predstavlja primer duboke istorije i kulturnog zna\u010daja nacije. Dodatna istaknuta urbana sredi\u0161ta su Milano, Napulj, Torino, Firenca i Venecija, od kojih svaki unapre\u0111uje vi\u0161estruki pejza\u017e umetnosti, kulture i inovacija Italije.<\/p>","protected":false},"author":1,"featured_media":2856,"parent":24078,"menu_order":0,"comment_status":"closed","ping_status":"closed","template":"elementor_theme","meta":{"_eb_attr":"","footnotes":""},"class_list":["post-11663","page","type-page","status-publish","has-post-thumbnail"],"_links":{"self":[{"href":"https:\/\/travelshelper.com\/sr\/wp-json\/wp\/v2\/pages\/11663","targetHints":{"allow":["GET"]}}],"collection":[{"href":"https:\/\/travelshelper.com\/sr\/wp-json\/wp\/v2\/pages"}],"about":[{"href":"https:\/\/travelshelper.com\/sr\/wp-json\/wp\/v2\/types\/page"}],"author":[{"embeddable":true,"href":"https:\/\/travelshelper.com\/sr\/wp-json\/wp\/v2\/users\/1"}],"replies":[{"embeddable":true,"href":"https:\/\/travelshelper.com\/sr\/wp-json\/wp\/v2\/comments?post=11663"}],"version-history":[{"count":0,"href":"https:\/\/travelshelper.com\/sr\/wp-json\/wp\/v2\/pages\/11663\/revisions"}],"up":[{"embeddable":true,"href":"https:\/\/travelshelper.com\/sr\/wp-json\/wp\/v2\/pages\/24078"}],"wp:featuredmedia":[{"embeddable":true,"href":"https:\/\/travelshelper.com\/sr\/wp-json\/wp\/v2\/media\/2856"}],"wp:attachment":[{"href":"https:\/\/travelshelper.com\/sr\/wp-json\/wp\/v2\/media?parent=11663"}],"curies":[{"name":"wp","href":"https:\/\/api.w.org\/{rel}","templated":true}]}}