{"id":11622,"date":"2024-09-13T14:30:05","date_gmt":"2024-09-13T14:30:05","guid":{"rendered":"https:\/\/travelshelper.com\/staging\/?page_id=11622"},"modified":"2026-03-12T16:14:57","modified_gmt":"2026-03-12T16:14:57","slug":"irska","status":"publish","type":"page","link":"https:\/\/travelshelper.com\/sr\/destinations\/europe\/ireland\/","title":{"rendered":"Irska"},"content":{"rendered":"<p>Irska je ostrvo sa ne\u0161to vi\u0161e od sedam miliona stanovnika, povr\u0161ine 84.421 kvadratnih kilometara, na severozapadnoj ivici Evrope. Odvojeno od Velike Britanije Severnim kanalom, Irskim morem i kanalom Svetog \u0110or\u0111a, drugo je po veli\u010dini od Britanskih ostrva, tre\u0107e po veli\u010dini u Evropi i dvadeseto po veli\u010dini u svetu. Geopoliti\u010dki, pet \u0161estina ostrva \u010dini suverenu Republiku Irsku, dok preostalu \u0161estinu \u010dini Severna Irska, deo Ujedinjenog Kraljevstva.<\/p>\n<p>Irski teren je definisan niskim planinama koje formiraju prsten oko centralne ravnice, sa rekom \u0160enon \u2013 sa 360,5 kilometara najdu\u017eom na ostrvu \u2013 koja krivuda od svog izvora u okrugu Kavan do u\u0161\u0107a blizu Limerika. Najvi\u0161i vrh, Karantuhil u okrugu Keri, uzdi\u017ee se na 1.039 metara nadmorske visine. Blaga, okeanska klima, ubla\u017eena vla\u017enim atlantskim vetrovima, odr\u017eava bujne travnjake koji su zemlji doneli nadimak \u201eSmaragdno ostrvo\u201c. Zime su bla\u017ee nego \u0161to bi se o\u010dekivalo na geografskim \u0161irinama izme\u0111u 51\u00b0 i 56\u00b0 severne geografske \u0161irine, iako leta ostaju hladnija nego u kontinentalnoj Evropi; preovla\u0111uju padavine i obla\u010dnost, pri \u010demu zapadni regioni snose najve\u0107i teret atlantskih oluja, povremenog snega, grada i munja, dok istok te\u017ei ka manjim padavinama.<\/p>\n<p>Dokazi o ljudskom naseljavanju se\u017eu unazad preko devet milenijuma. Do prvog veka nove ere, galski dru\u0161tveni poredak se kristalizovao, organizovan u brojna mala kraljevstva pod pokrajinskim vrhovnim kraljevima, od kojih se svako borilo za prevlast i titulu vrhovnog kralja u Tari. Hri\u0161\u0107anstvo je zapo\u010delo svoj neizbrisivi trag u petom veku, kada su misionari poput Svetog Patrika osnovali manastirska naselja koja \u0107e postati centri u\u010denja, ukra\u0161avanja i kulturne razmene. Ova ranohri\u0161\u0107anska mesta - \u0107elije pustinjaka, ili \u201ecilovi\u201c, \u010desto ozna\u010dena imenima mesta koja po\u010dinju sa \u201eKil\u201c - pro\u0161irila su se u veli\u010danstvenije temelje u normanskoj eri i danas opstaju kao evokativne ru\u0161evine u Glendalohu, Klonmaknoisu i Roku Ka\u0161el.<\/p>\n<p>Krajem osmog veka po\u010deli su vikin\u0161ki napadi, koji su se razvili u naselja i trgovinu, a kulminirali su bitkom kod Klontarfa 23. aprila 1014. godine, gde je visok kralj Brajan Boru efikasno okon\u010dao nordijsku mo\u0107. Dolazak Anglo-Normana u dvanaestom veku pokrenuo je povremene engleske pretenzije na suverenitet, u\u010dvrstiv\u0161i se tek ponovnim osvajanjem pod upravom Tjudora u \u0161esnaestom i sedamnaestom veku. Planta\u017ee i konfiskacije zemlji\u0161ta uvele su protestantsku vlast, kodifikovanu u krivi\u010dnim zakonima iz 1690-ih kako bi se pot\u010dinili katoli\u010dka ve\u0107ina i protestantski disidenti. Zakoni o uniji iz 1801. godine uklju\u010dili su Irsku u Ujedinjeno Kraljevstvo, status koji je ostao do dvadesetog veka.<\/p>\n<p>Devetnaesti vek je do\u017eiveo dramati\u010dne demografske promene. Porast stanovni\u0161tva od renesanse nadalje nakratko je prekinuo glad 1740\u201341, koja je odnela skoro dve petine stanovnika. Oporavak je pratila Velika glad 1840-ih, koja je prouzrokovala pribli\u017eno milion smrtnih slu\u010dajeva i podstakla isti broj na emigraciju. Tokom narednog veka, stanovni\u0161tvo Irske je opalo za vi\u0161e od polovine, \u0161to je zna\u010dajno odstupalo od rasta koji je do\u017eivljen \u0161irom Evrope.<\/p>\n<p>Nacionalisti\u010dki \u017ear i oru\u017eani otpor po\u010detkom dvadesetog veka kulminirali su ratom za nezavisnost (1919\u201321), podelom i stvaranjem Irske slobodne dr\u017eave. Tokom narednih decenija, Slobodna dr\u017eava je potvr\u0111ivala sve ve\u0107u autonomiju sve dok Zakonom o Republici Irskoj (1948) nije progla\u0161en puni republikanski status. U Severnoj Irskoj, sekta\u0161ke tenzije su izbile u dugotrajni sukob od kraja 1960-ih; mir se vratio tek nakon Sporazuma na Veliki petak 1998. Godine 1973, obe jurisdikcije su se pridru\u017eile Evropskoj ekonomskoj zajednici, da bi Ujedinjeno Kraljevstvo (a samim tim i Severna Irska) napustilo Evropsku uniju 2020. godine nakon referenduma 2016. Severna Irska je nakon toga zadr\u017eala jedinstven polo\u017eaj, u\u010destvuju\u0107i na jedinstvenom tr\u017ei\u0161tu EU za robu \u2013 kompromis osmi\u0161ljen da podr\u017ei mirovni proces i o\u010duva otvorenu granicu na ostrvu.<\/p>\n<p>Irsko kulturno nasle\u0111e odjekuje daleko van njenih obala. Autohtona galska kultura opstaje kroz fudbalske i hurling igre koje organizuje Galsko atletsko udru\u017eenje po \u017eupanijama, irske muzi\u010dke sesije u pabovima i opstanak irskog jezika \u2013 sada manjinskog jezika, ali nekada narodnog govora ostrva i medija bogatog korpusa knji\u017eevnosti koji obuhvata stari, srednji i rani moderni irski jezik. Doprinosi Irske svetskoj knji\u017eevnosti, posebno na engleskom jeziku, neuporediv su po gustini, od srednjovekovnih saga i anala do modernih romanopisaca, pesnika i dramskih pisaca.<\/p>\n<p>Umetni\u010dke tradicije se najprepoznatljivije manifestuju u zamr\u0161enim keltskim \u010dvorovima, koji su nekada krasili iluminirane rukopise i kamene rezbarije, a sada su sveprisutni u nakitu i grafi\u010dkim motivima kao simbol \u201ekeltskog\u201c identiteta. Pabska kultura je tako\u0111e postala me\u0111unarodni simbol irske dru\u0161tvenosti: mesta gde se okupljaju pripoveda\u010di, te\u010de razgovor, a tradicionalna muzika odjekuje od toplog drveta.<\/p>\n<p>Topografija ostrva pogoduje raznovrsnim aktivnostima na otvorenom. Zapadna obala izlo\u017eena Atlantiku mo\u017ee se pohvaliti poznatim pla\u017eama za surfovanje - me\u0111u kojima su Bandoran, Lahin\u010d i Donegol Bej - gde zimski talasi privla\u010de Evropljane na \u0161ampionske doga\u0111aje. Ronioci istra\u017euju bistre vode, prepune morskog \u017eivota oko olupina kod Malin Heda i okruga Kork. Ribolovci love lososa u \u0160enonu i pastrmku na preko \u010detrnaest hiljada kilometara reka i sedam hiljada kilometara obale, a ribolov na \u0161ljunak i morski ribolov tako\u0111e cveta na mapiranim, ozna\u010denim pla\u017eama.<\/p>\n<p>Kulinarsko nasle\u0111e odra\u017eava dru\u0161tvenu istoriju. Srednjovekovno oslanjanje na sto\u010darstvo, gde je goveda bila mera bogatstva, promovisalo je mle\u010dne proizvode u odnosu na govedinu; slana slanina (\u201ere\u0161ers\u201c), puter i crni puding na bazi krvi ostaju dugogodi\u0161nje osnovne namirnice. Uvo\u0111enje krompira u \u0161esnaestom veku revolucionisalo je ishranu, postaju\u0107i gotovo jedina namirnica do sredine devetnaestog veka i inspiri\u0161u\u0107i kultna jela: \u010dorbu, slaninu i kupus, krompir \u201eboksti\u201c i \u201ekolkanon\u201c. Savremena \u201eNova irska kuhinja\u201c nadovezuje se na ovu osnovu \u2013 sve\u017ee povr\u0107e, \u0161koljke, zanatske sireve i hleb \u2013 dok \u010duva centralnu ulogu krompira; \u201eDablin Lawyer\u201c sa jastogom i viskijem predstavlja primer spoja tradicije i inovacije.<\/p>\n<p>\u017destoka pi\u0107a i piva predstavljaju jo\u0161 jednu dimenziju nacionalnog identiteta. Destilerija \u201eOld Bushmills\u201c u okrugu Antrim nekada je proizvodila devedeset procenata svetske proizvodnje viskija; kasniji padovi tokom ameri\u010dke prohibicije i me\u0111uratni trgovinski sporovi smanjili su tr\u017ei\u0161ni udeo irskog viskija na dva procenta do sredine dvadesetog veka. Ponovni uspon od kraja 1990-ih vratio je me\u0111unarodni zna\u010daj, sa destilovanim sortama koje se odlikuju lak\u0161im dimom i uravnote\u017eenom slatko\u0107om. Viski je osnova kremastih likera kao \u0161to su \u201eBaileys\u201c i svetski poznata \u201eirska kafa\u201c. Podjednako simboli\u010dan je staut \u200b\u200b\u2013 posebno \u201eGuinness\u201c \u2013 i jabukova\u010da, uz doma\u0107e bezalkoholno pi\u0107e, crvenu limunadu.<\/p>\n<p>Ekonomske mere ilustruju o\u0161tre kontraste. U 2021. godini, nominalni BDP Republike Irske iznosio je 423,5 milijardi evra, sa proizvodnjom po glavi stanovnika od 84.049,9 evra; bruto dodata vrednost Severne Irske iznosila je 52 milijarde funti, odnosno 27.154 funte po osobi. Uprkos odvojenim valutama i statisti\u010dkim metodama, komercijalna integracija \u0161irom ostrva nastavlja da se produbljuje, \u0161to podsti\u010de pozive na \u201eekonomiju cele Irske\u201c kako bi se iskoristili obim i konkurentnost.<\/p>\n<p>Bogata irska tapiserija istorijskih mesta privla\u010di milione posetilaca. Dve lokacije imaju status svetske ba\u0161tine UNESKO-a: neolitska palata i grobni kompleks u Bru na Boinu i bazaltni stubovi na nasipu D\u017dinovog druma. Buren, Sejd Filds i Maunt Stjuart \u010dekaju formalni upis. Me\u0111u najpose\u0107enijim atrakcijama su zamak Banrati, litice Mohera, zamak Blarni - gde posetioci tra\u017ee legendarni dar elokvencije - i manastirske ru\u0161evine u Glendalohu i Klonmaknoisu. Dablin, glavni grad i glavna ulazna ta\u010dka, mami Kelskom knjigom u Triniti koled\u017eu i Ginisovim skladi\u0161tem, dok surovi zapad - Kilarni, Konemara i Aranska ostrva - nude panoramske pejza\u017ee i kulturno uranjanje. Veli\u010danstvene ku\u0107e i zamkovi u paladinskom, neoklasi\u010dnom i gotskom stilu, kao \u0161to su Bantri Haus, Kasl Vord i zamak A\u0161ford, pru\u017eaju i arhitektonski uvid i luksuzno gostoprimstvo.<\/p>\n<p>Urbani \u017eivot se odvija u gradovima pro\u017eetim istorijom i modernim sadr\u017eajima. Dablin pulsira kosmopolitskom energijom; Kork, koji je osnovao Sent Finbar oko 600. godine nove ere na reci Li, slavi se po svojim morskim plodovima i festivalima. Golvej spaja \u017eivahnu umetnost sa pristupom zadivljuju\u0107oj lepoti Konemara. Kilkeni evocira srednjovekovni \u0161arm; Leterkeni slu\u017ei kao kapija ka divljoj obali Donegola. Limerikova gruzijska mre\u017ea i mra\u010dna tvr\u0111ava podse\u0107aju na njegovu vikin\u0161ko-anglosaksonsku pro\u0161lost, dok Slajgo - voljen od strane V. B. Jitsa - evocira lirske pejza\u017ee. Voterford, najstariji grad na ostrvu, ima vikin\u0161ke temelje i gruzijske fasade.<\/p>\n<p>Lokalni obi\u010daji ostaju su\u0161tinski deo iskustva posetioca: iskreno \u201ekako ste?\u201c razmenjeno na seoskim putevima; ljubazno \u201enije bilo ni\u0161ta\u201c ponu\u0111eno kao odgovor na zahvalnost; fleksibilan pristup vremenskom pomaknutom ta\u010dno\u0161\u0107u za formalne anga\u017emane; i oprezno izbegavanje delikatnih tema - sekta\u0161kih istorija, politi\u010dkih raskola, crkvenih skandala - osim ako se ne poseduje duboka osetljivost. Okru\u017ene utakmice Galskog atletskog saveza nude autenti\u010dno anga\u017eovanje, iako su karte za finale Krok Parka veoma tra\u017eene. Hipodromi u svakom okrugu slave nacionalnu strast prema konjskim trkama i uzgoju paradelja. Golf tereni - od Adara, budu\u0107eg doma\u0107ina Rajder kupa, do Rojal Portra\u0161a - nalaze se u obnovljenim hotelima u obliku zamkova.<\/p>\n<p>Podvodna struja radoznalosti predaka dovodi mnoge u irske arhive i mati\u010dne knjige \u017eupanija, prate\u0107i poreklo kroz vekove migracija i previranja. Genealo\u0161ka istra\u017eivanja, iako ote\u017eana prazninama i gubicima, imaju koristi od napora za digitalizaciju, posebno u okrugu Kler.<\/p>\n<p>Kroz svoje pejza\u017ee i zajednice, Irska potvr\u0111uje me\u0161avinu drevnog i savremenog, lokalne topline i dinamizma okrenutog ka spolja. Poezija i proza, muzika i ples, surove planine i blage ravnice, stoi\u010dka istorija i trajna otpornost spajaju se na ostrvu koje poziva i na razmi\u0161ljanje i na slavlje.<\/p>\n<p>U zemlji gde se pro\u0161lost i sada\u0161njost prepli\u0107u u kamenu i pri\u010di, svaki putnik pronalazi aspekt jedinstvenog irskog identiteta \u2013 identiteta oblikovanog geologijom i genealogijom, invazijom i nezavisno\u0161\u0107u, verom i sve\u010dano\u0161\u0107u. Me\u0111utim, pravo blago ostrva le\u017ei u neopipljivom: dobrodo\u0161lici koja se pru\u017ea na pragu, zajedni\u010dkom smehu uz pivo, tihom po\u0161tovanju pred kamenim krugom u zoru. Irska opstaje ne samo kao mesto na mapi, ve\u0107 kao poziv da se otkriju veze koje povezuju zemlju, nasle\u0111e i ma\u0161tu.<\/p>","protected":false},"excerpt":{"rendered":"<p>Irska je ostrvska republika koja se nalazi u severnom Atlantskom okeanu kod severozapadne obale kopnene Evrope, sa populacijom od oko 7 miliona od 2022. Ovo ostrvo, tre\u0107e po veli\u010dini u Evropi i dvadeseto po veli\u010dini u svetu, geopoliti\u010dki je podeljeno izme\u0111u Republike Irske, uklju\u010duju\u0107i teritoriju od pet do \u0161est zemalja koja se nalazi na teritoriji Severne Irske i Ujedinjenog Kraljevstva. Republika Irska ima 5,1 milion stanovnika, dok Severna Irska ima 1,9 miliona gra\u0111ana, \u0161to Irsku \u010dini drugim najnaseljenijim ostrvom u Evropi, iza Velike Britanije.<\/p>","protected":false},"author":1,"featured_media":4036,"parent":24078,"menu_order":0,"comment_status":"closed","ping_status":"closed","template":"elementor_theme","meta":{"_eb_attr":"","footnotes":""},"class_list":["post-11622","page","type-page","status-publish","has-post-thumbnail"],"_links":{"self":[{"href":"https:\/\/travelshelper.com\/sr\/wp-json\/wp\/v2\/pages\/11622","targetHints":{"allow":["GET"]}}],"collection":[{"href":"https:\/\/travelshelper.com\/sr\/wp-json\/wp\/v2\/pages"}],"about":[{"href":"https:\/\/travelshelper.com\/sr\/wp-json\/wp\/v2\/types\/page"}],"author":[{"embeddable":true,"href":"https:\/\/travelshelper.com\/sr\/wp-json\/wp\/v2\/users\/1"}],"replies":[{"embeddable":true,"href":"https:\/\/travelshelper.com\/sr\/wp-json\/wp\/v2\/comments?post=11622"}],"version-history":[{"count":0,"href":"https:\/\/travelshelper.com\/sr\/wp-json\/wp\/v2\/pages\/11622\/revisions"}],"up":[{"embeddable":true,"href":"https:\/\/travelshelper.com\/sr\/wp-json\/wp\/v2\/pages\/24078"}],"wp:featuredmedia":[{"embeddable":true,"href":"https:\/\/travelshelper.com\/sr\/wp-json\/wp\/v2\/media\/4036"}],"wp:attachment":[{"href":"https:\/\/travelshelper.com\/sr\/wp-json\/wp\/v2\/media?parent=11622"}],"curies":[{"name":"wp","href":"https:\/\/api.w.org\/{rel}","templated":true}]}}