{"id":11569,"date":"2024-09-13T13:33:55","date_gmt":"2024-09-13T13:33:55","guid":{"rendered":"https:\/\/travelshelper.com\/staging\/?page_id=11569"},"modified":"2026-03-12T18:25:35","modified_gmt":"2026-03-12T18:25:35","slug":"palanga","status":"publish","type":"page","link":"https:\/\/travelshelper.com\/sr\/destinations\/europe\/lithuania\/palanga\/","title":{"rendered":"Palanga"},"content":{"rendered":"<p>Palanga, gradska op\u0161tina na zapadnoj obali Litvanije, obuhvata pribli\u017eno 24 kilometra dug pojas balti\u010dke obale i pet nekada\u0161njih ribarskih sela, izdr\u017eavaju\u0107i tokom cele godine 18.132 stanovnika (2023). Sme\u0161tena na u\u0161\u0107u reka \u0160vjantoji i Ra\u017ee, ova turisti\u010dka op\u0161tina zauzima prostranstvo pe\u0161\u010danih pla\u017ea du\u017eine skoro 18 kilometara i \u0161irine do 300 metara, okru\u017eenih valovitim dinama i primorskim \u0161umama. Nalazi se oko 25 kilometara severno od Klajpede, grani\u010di se sa letonskom granicom na severu i integri\u0161e Me\u0111unarodni aerodrom Palanga u svoj administrativni okvir.<\/p>\n<p>U najranijim vekovima drugog milenijuma, mnogo pre nego \u0161to je postala poznata kao letnje uto\u010di\u0161te, mesto Palange bilo je posve\u0107eno paganskim ritualima. Prema Litvanskoj hronici Bihovjec, sve\u0161tenica po imenu Birute negovala je ve\u010dni plamen u svetili\u0161tu na vrhu \u0161umovitog brda. NJen strogi zavet devstvenosti privukao je pa\u017enju velikog kneza Kestutisa, koji ju je, podstaknut dinasti\u010dkim ambicijama i dramatizacijom hronika, odveo u Trakaj radi braka. Legenda i dalje postoji da se Birute, udovica Kestutisovim ubistvom, vratila na vetrovito brdo - sada brdo Birute - i nastavila svoje liturgijske slu\u017ebe do smrti. NJena sahrana na tom uzvi\u0161enju zave\u0161tala je i toponim i mitski odjek gradu koji \u0107e nositi njeno ime.<\/p>\n<p>Tokom narednih vekova Palanga se razvila od grupe zaseoka \u2014 Nemirseta, Vanagupe, Kunigi\u0161kjaj, Manci\u0161kjaj i \u0160vjantoji \u2014 u jedinstvenu op\u0161tinu koja je u modernom dobu zvani\u010dno progla\u0161ena gradom. NJen obalni front je definisan pe\u0161\u010danim grebenima, oblikovanim kroz milenijume balti\u010dkim vetrovima i strujama, i molom u obliku slova L podignutim 1882. godine radi olak\u0161avanja izvoza cigle. Iako je prvobitno zami\u0161ljen za trgovinu, mol je brzo dobio sekundarnu funkciju kao \u0161etali\u0161te, njegove vitke drvene daske popu\u0161tale su mrazevima i olujnim udarima sve dok sveobuhvatna rekonstrukcija 1998. godine nije produ\u017eila njegovu du\u017einu na 420 metara. Slobodan za javnost u svako doba, mol opstaje kao simbol i mesto za ve\u010deri ispunjene slabim sjajem morske fosforescencije.<\/p>\n<p>U me\u0111uratnom periodu Palanga se integrisala u Klajpedski region, koji je Litvanija anektirala nakon Prvog svetskog rata. Zbog nedostatka prirodne luke, grad se na\u0161ao nepogodnim za pomorsku trgovinu; njegovi plitki prilazi pru\u017eali su oskudno skloni\u0161te od hirovitih vetrova i leda Baltika. Umesto toga, njegova sudbina se okrenula ka rekreaciji. Doma\u0107i posetioci, privu\u010deni prostranstvom bledog peska i osve\u017eavaju\u0107om hladno\u0107om morskog kupanja, po\u010deli su da zamenjuju trgovce. Ostaci njenog statusa nema\u010dkog grani\u010dnog kontrolnog punkta u Nemirseti nestali su u previranju dvadesetog veka, a Palanga, olak\u0161ana putnim vezama sa Klajpedom i \u0160auljajem, nametnula se kao najva\u017enije letnje odmarali\u0161te u zemlji.<\/p>\n<p>Administrativno, op\u0161tina obuhvata aerodrom \u2014 vezu sa Skandinavijom, Britanskim ostrvima, Nema\u010dkom, Poljskom i Rigom \u2014 ipak, ve\u0107ina dolazaka dolazi automobilima ili autobusima radi sezonskog boravka u porodi\u010dnim pansionima, gostionicama ili modernim velnes centrima. Potonji svedo\u010de o tome da je Palanga balneolo\u0161ko odmarali\u0161te \u201erepublikanskog zna\u010daja\u201c, koje nudi programe za kardiovaskularne, nervne, mi\u0161i\u0107no-skeletne i respiratorne bolesti, uz terapije u vodama sa niskom do visokom mineralizacijom i lokalnom tresetnom blatu. \u0160etali\u0161ta oivi\u010dena \u017eutim borovima kanali\u0161u obilno sun\u010devo zra\u010denje koje, statisti\u010dki, prema\u0161uje zra\u010denje bilo kog drugog litvanskog odmarali\u0161ta.<\/p>\n<p>Po danu, obala je prekrivena le\u017ealjkama i jarko prugastim kabinama; dalje na sever, blizu \u0160ventoja, gomila se razilazi u samo\u0107u. Botani\u010dki park, ispresecan dinama, obuhvata Palatu Ti\u0161kevi\u010dijai (sada Muzej \u0107ilibara), \u010dija se neoklasi\u010dna fasada uzdi\u017ee usred rododendrona i hrastovih proplanaka. Unutra, petnaest galerija prati nastanak \u0107ilibara, \u0161to kulminira u \u201eSun\u010devom kamenu\u201c od 3,5 kilograma. Posetioci lutaju ispod svodnih plafona, zastaju\u0107i pred primercima u \u0107ilibarskoj zamci \u2013 muvama, komarcima ili si\u0107u\u0161nim bubama, fosilizovanim u smoli desetinama miliona godina.<\/p>\n<p>U Vrtu skulptura pored brda Birute, dvadeset osam dela umetnika iz celog regiona \u2013 Jermenije, Estonije, Letonije, Litvanije, Ukrajine \u2013 suo\u010davaju posetioca sa oblicima koji se kre\u0107u od figurativnih do apstraktnih. Kamen, bronza i \u010delik susre\u0107u se u dijalozima teksture i volumena na peskovitom terenu. Sam teren povremeno pru\u017ea arheolo\u0161ke nalaze praistorijskih naselja; interpretativna signalizacija razja\u0161njava kontinuitet ljudskog anga\u017eovanja sa ovom uskom priobalnom trakom.<\/p>\n<p>Ulica Jonasa Basanavi\u010dijusa, nominalno pe\u0161a\u010dki centar tokom \u0161pica sezone, funkcioni\u0161e kao dru\u0161tvena arterija Palange. Prostiru\u0107i se skoro jedan kilometar od pristani\u0161ta u unutra\u0161njosti do ulice Vitauto, obiluje kafi\u0107ima, poslasti\u010darnicama, zanatskim radnjama i prolaznim zabavnim sadr\u017eajima koji se grupi\u0161u du\u017e njenih kamenih plo\u010da. No\u0107u, svetli pod ven\u010di\u0107ima svetla, a buka \u017eive muzike dopire iz mesta kao \u0161to je \u201eVolim Palangu\u201c, gde lokalni bendovi interpretiraju d\u017eez, rok inspirisan folkom ili elektronske ritmove za publiku koja se zadr\u017eava za stolovima na trotoaru.<\/p>\n<p>Iza ure\u0111ene ulice stoji Crkva Uspenja Device Marije, \u010dvrsta gra\u0111evina od crvene cigle podignuta po\u010detkom dvadesetog veka. NJeni dva tornja presecaju horizont, a unutra\u0161njost, ofarbana u bledom malteru i poliranom hrastu, slu\u017ei kao mesto za liturgijske slu\u017ebe skromnoj parohiji. U blizini, Vila Anapilis \u2013 izgra\u0111ena 1898. godine i pa\u017eljivo restaurirana u svom me\u0111uratnom izgledu \u2013 podse\u0107a na legendarnu planinu Anapilis iz litvanske mitologije, mesto zagrobnog \u017eivota i po\u0161tovanja predaka.<\/p>\n<p>Kulturne institucije dopunjuju zabavu na pla\u017ei. Muzej odmarali\u0161ta, sme\u0161ten u vili iz kraja devetnaestog veka, bele\u017ei lokalnu istoriju artefaktima koji se kre\u0107u od ribarskog alata do skutera za vodu iz sovjetskog doba. Ku\u0107a-muzej A. Mon\u010disa predstavlja monolitne skulpture Antanasa Mon\u010disa (1921\u20131993), pionira modernisti\u010dke forme u Litvaniji. Kratke izlo\u017ebe se smenjuju u susednim galerijama, podsti\u010du\u0107i dijalog izme\u0111u etabliranih majstora i novih glasova.<\/p>\n<p>Na javnoj zelenoj povr\u0161ini izme\u0111u pristani\u0161ta i Botani\u010dkog parka, panoramski to\u010dak \u2013 podignut 2021. godine \u2013 uzdi\u017ee se \u010detrdeset metara u visinu, a njegove bele gondole nude panoramski pogled na obalu, grad i zale\u0111e obraslo borovima. Promovisan kao najvi\u0161a takva instalacija u balti\u010dkim dr\u017eavama, slu\u017ei manje da uzbudi, a vi\u0161e da vizualizuje geografske me\u0111uprostore Palange: u\u0161\u0107e reke, greben dina, naselje i more.<\/p>\n<p>Sezonski rituali potvr\u0111uju zajedni\u010dke veze. Svakog februara, izdr\u017eljivi u\u010desnici \u201ePalan\u0161kih foka\u201c zarone u ledene vode, pevaju\u0107i prkos zimskoj letargiji dok posmatra\u010di u\u017eivaju u za\u010dinjenoj ribi i toplim napicima. U julu, ljubitelji moto-sporta okupljaju se na drumskoj trci Aurum od 1006 km, vi\u0161ekategorijskom doga\u0111aju izdr\u017eljivosti koji povezuje Palangu sa regionalnim gradovima. Ova okupljanja, iako neupadljivih razmera, odra\u017eavaju lokalne sklonosti ka surovosti prirode i mehani\u010dkoj ve\u0161tini.<\/p>\n<p>Trajni identitet Palange zavisi od me\u0111uigre pro\u0161losti i sada\u0161njosti. Pe\u0161\u010dane dine kriju praistorijske ostatke i paganska svetinja; sanatorijumi iz sovjetskog doba stoje pored luksuznih velnes centara. \u0106ilibar, kojim su nekada trgovali hanzeatski trgovci, sada privla\u010di turiste u svoj muzej; mol sa kog su se transportovale cigle postao je mesto odmora. Stanovni\u0161tvo op\u0161tine raste svakog leta doma\u0107im posetiocima - decom koja grade zamkove od peska, penzionerima koji \u0161etaju pristani\u0161tem, porodicama koje isprobavaju nakit od \u0107ilibara - ipak, grad se opire prekomernoj izgradnji. Visina zgrada ostaje skromna; borovi hodnici opstaju izme\u0111u grupa kafi\u0107a i hotela; kulturni objekti su intimni, a ne monumentalni.<\/p>\n<p>U mirnijim mesecima, Palanga poprima druga\u010diji izgled. Pla\u017ea se povla\u010di u monohromatsku paletu sivog neba i srebrnog mora; posetioci banja prate propisane re\u017eime u gotovo praznim sanatorijumima; ribari popravljaju mre\u017ee na mirnim, pustim kejevima. Posmatra\u010di ptica prelaze dinama, prime\u0107uju\u0107i jata ptica selica koje sle\u0107u na obale. Op\u0161tinska radio stanica, FM Palanga, nastavlja svoje lokalne emisije, uvla\u010de\u0107i vesti sa sastanaka op\u0161tinskog ve\u0107a, meteorolo\u0161ka upozorenja i kulturne programe u arkti\u010dku ti\u0161inu.<\/p>\n<p>Tokom svoje evolucije, Palanga je uravnote\u017eila terapeutsku svrhu i razonodu, prirodnu topografiju i kulturni prira\u0161taj. Stroge ostatke paganskog obo\u017eavanja obele\u017eava kapela na brdu Birute; njena dva ljiljana na bosanskim spomenicima odjekuju u gracioznim krivinama dinske \u0161ume. Legende oblikuju imena mesta: Ra\u017ee, ranije Alanga, daje etimolo\u0161ki koren samoj Palangi. Reke i more, vetar i \u0161uma, mit i istorija - ovi elementi se spajaju u iskustvo koje prkosi povr\u0161nom svo\u0111enju na puko sunce i pesak.<\/p>\n<p>Budu\u0107nost op\u0161tine zavisi od upravljanja. Erozija obale, poja\u010dana klimatskim promenama, ugro\u017eava dine i njihove skrivene ostatke. Broj turista, iako uglavnom doma\u0107ih, vr\u0161i pritisak na lokalnu infrastrukturu u julu i avgustu. Pa ipak, op\u0161tinski planeri su uveli stroga ograni\u010denja zoniranja i programe za\u0161tite dina, anga\u017euju\u0107i volontere u postavljanju ograda od pokretnog peska i ponovnom zasa\u0111ivanju obale. Osoblje botani\u010dke ba\u0161te prati zdravlje ekosistema; proizvodnja soli za kupanje iz lokalne slane vode ostaje zanatska, a ne industrijska.<\/p>","protected":false},"excerpt":{"rendered":"<p>Palanga, letovali\u0161te koje se nalazi na zapadnoj obali Litvanije, predstavlja primer prirodne lepote i kulturnog nasle\u0111a nacije. Letnji odmor i privla\u010dnost na obali povezivali su se sa ovom za\u010daranom lokacijom gde se Balti\u010dko more susre\u0107e sa obalom Litvanije. Ime grada poti\u010de od fraze \u201ena reci Alanga\u201c (sada Ra\u017ee), ime grada sugeri\u0161e njegovu sna\u017enu vezu sa rekama koje su oblikovale njegov teren i pro\u0161lost.<\/p>","protected":false},"author":1,"featured_media":4872,"parent":11553,"menu_order":0,"comment_status":"closed","ping_status":"closed","template":"elementor_theme","meta":{"_eb_attr":"","footnotes":""},"class_list":["post-11569","page","type-page","status-publish","has-post-thumbnail"],"_links":{"self":[{"href":"https:\/\/travelshelper.com\/sr\/wp-json\/wp\/v2\/pages\/11569","targetHints":{"allow":["GET"]}}],"collection":[{"href":"https:\/\/travelshelper.com\/sr\/wp-json\/wp\/v2\/pages"}],"about":[{"href":"https:\/\/travelshelper.com\/sr\/wp-json\/wp\/v2\/types\/page"}],"author":[{"embeddable":true,"href":"https:\/\/travelshelper.com\/sr\/wp-json\/wp\/v2\/users\/1"}],"replies":[{"embeddable":true,"href":"https:\/\/travelshelper.com\/sr\/wp-json\/wp\/v2\/comments?post=11569"}],"version-history":[{"count":0,"href":"https:\/\/travelshelper.com\/sr\/wp-json\/wp\/v2\/pages\/11569\/revisions"}],"up":[{"embeddable":true,"href":"https:\/\/travelshelper.com\/sr\/wp-json\/wp\/v2\/pages\/11553"}],"wp:featuredmedia":[{"embeddable":true,"href":"https:\/\/travelshelper.com\/sr\/wp-json\/wp\/v2\/media\/4872"}],"wp:attachment":[{"href":"https:\/\/travelshelper.com\/sr\/wp-json\/wp\/v2\/media?parent=11569"}],"curies":[{"name":"wp","href":"https:\/\/api.w.org\/{rel}","templated":true}]}}