{"id":11553,"date":"2024-09-13T12:45:10","date_gmt":"2024-09-13T12:45:10","guid":{"rendered":"https:\/\/travelshelper.com\/staging\/?page_id=11553"},"modified":"2026-03-12T17:15:33","modified_gmt":"2026-03-12T17:15:33","slug":"litvanija","status":"publish","type":"page","link":"https:\/\/travelshelper.com\/sr\/destinations\/europe\/lithuania\/","title":{"rendered":"Litvanija"},"content":{"rendered":"<p>Litvanija, balti\u010dka nacija sa 2,89 miliona stanovnika koja zauzima 65.300 km\u00b2 du\u017e isto\u010dne balti\u010dke obale Evrope, grani\u010di se sa Letonijom, Belorusijom, Poljskom i Kalinjingradskom obla\u0161\u0107u, sa pomorskom granicom nasuprot \u0160vedskoj. NJen glavni grad, Viljnus, nalazi se na zemlji koju oblikuju glacijalne ravnice, guste \u0161ume i razu\u0111ena obala koju isprekida Kur\u0161ska prevlaka.<\/p>\n<p>Milenijumima je region danas poznat kao Litvanija bio domen balti\u010dkih plemena \u010dije su isprepletene re\u010dne doline i jezera podstakli rana naseljavanja. Do 1230-ih, Mindaugas je ujedinio ove raznovrsne zajednice, \u0161to je kulminiralo njegovim krunisanjem za kralja 6. jula 1253. Tokom narednih generacija, litvanski vladari su pro\u0161irili vlast preko ravnica i \u0161uma Isto\u010dne Evrope. Do sredine \u010detrnaestog veka, Veliko Kne\u017eevstvo Litvanija se svrstavalo me\u0111u najve\u0107e politi\u010dke zajednice na kontinentu, a njegovi saveti i vojske su se borili za uticaj od balti\u010dkog primorja do obala Crnog mora.<\/p>\n<p>Unija sa Kraljevinom Poljskom 1386. godine ozna\u010dila je klju\u010dnu preorijentaciju. Dinasti\u010dki brak je doneo velikom vojvodi Jogajli poljsku krunu, \u010dime je ostvaren de fakto personalni savez. Formalizovana 1569. godine kao Poljsko-litvanski Komonvelt, ova dvojna dr\u017eava predstavljala je jedno od najmnogoljudnijih i najprosperitetnijih kraljevstava u Evropi. NJena izborna monarhija i kodifikovano plemstvo unapredili su pravne inovacije i odr\u017eali procvat barokne umetnosti i arhitekture u gradovima poput Viljnusa i Kaunasa. Pa ipak, unutra\u0161nje podele i spoljni pritisci Komonvelta kulminirali su njegovim raspar\u010davanjem od strane Rusije, Pruske i Austrije izme\u0111u 1772. i 1795. godine. Litvanske zemlje su uglavnom pale pod rusku vlast, razbijaju\u0107i vekove samouprave.<\/p>\n<p>Godine 1918, nakon Prvog svetskog rata, Litvanci su proglasili obnovljenu republiku, formiraju\u0107i ministarstva, zakonodavna tela i \u017eeleznice na temeljima nacionalnog preporoda. Taj me\u0111uratni period obele\u017eio je konsolidaciju Viljnusa kao kulturnog oslonca, a Kaunas kao privremenog sedi\u0161ta vlade. Ipak, turbulentni dvadeseti vek doneo je okupaciju od strane Sovjetskog Saveza 1940. godine, kratak period nacisti\u010dke kontrole i ponovno uspostavljanje sovjetske vlasti 1944. godine. Oru\u017eani otpor je trajao u \u0161umama do ranih 1950-ih, \u0161to svedo\u010di o odlu\u010dnosti da se \u010duva nacionalna sloboda.<\/p>\n<p>Litvanija je 11. marta 1990. godine preduzela izvanredan korak obnavljanja nezavisnosti kao prva sovjetska republika koja je to u\u010dinila. Ta smela tvrdnja prethodila je formalnom raspadu Sovjetskog Saveza i uvela je eru brzog institucionalnog preure\u0111enja. Valutna reforma, uskla\u0111ivanje zakona sa zapadnim normama i pregovori o pristupanju doveli su do ulaska u NATO i Evropsku uniju 2004. godine, \u0160engen 2007. i OECD 2018. godine. Usvajanje evra 1. januara 2015. godine zavr\u0161ilo je integraciju sa evrozonom, dok je \u010dlanstvo u Nordijskoj investicionoj banci i Svetskoj trgovinskoj organizaciji naglasilo globalni ekonomski anga\u017eman Litvanije.<\/p>\n<p>Litvanski teren, oblikovan povla\u010denjem gle\u010dera, predstavlja suprotstavljanje blago valovitih visoravni i ravnih nizija. Brdo Auk\u0161tojas, sa 294 metra, je vrh zemlje, dok reka Nemunas - njena glavna arterija - plovi jugozapadno do Kur\u0161skog zaliva pre nego \u0161to se ulije u Balti\u010dko more kod Klajpede. Kur\u0161ska kosa \u0161titi morsku obalu, smanjuju\u0107i izlo\u017eenost olujnim talasima i neguju\u0107i jedinstvene ekosisteme dina i grebena obraslih borovima. Vi\u0161e od jedne tre\u0107ine kopna je prekriveno me\u0161ovitom \u0161umom, pro\u0161arano jezerima kao \u0161to su Druk\u0161ijaj, najve\u0107e u Litvaniji, i Tauragnas, najdublje.<\/p>\n<p>Sme\u0161tena izme\u0111u 53\u00b0 i 57\u00b0 severne geografske \u0161irine, Litvanija ima umerenu klimu sa kontinentalnim izbo\u010dinama u unutra\u0161njosti i umereno primorskom klimom du\u017e obale. Viljnus ima prose\u010dne januarske minimume od -6 \u00b0C, koje dosti\u017eu julske maksimume od 17 \u00b0C, dok priobalne zone bele\u017ee januarske temperature oko -2,5 \u00b0C i julske maksimume od 16 \u00b0C. Zime povremeno padaju ispod -40 \u00b0C u isto\u010dnim dolinama, a leta mogu porasti do 35 \u00b0C. Godi\u0161nja koli\u010dina padavina varira od 600 mm na istoku do 900 mm u brdskoj \u017demagutiji, sa sne\u017enim padavinama uobi\u010dajenim od oktobra do aprila i sporadi\u010dnom susne\u017eicom u prelaznim sezonama.<\/p>\n<p>Ekonomski mozaik zemlje je pre\u0161ao sa agrarne prete\u017ene ka diverzifikovanoj strukturi sa visokim prihodima. Usluge \u010dine preko 60 procenata BDP-a, industrija otprilike \u010detvrtinu, a poljoprivreda skroman preostali deo. Litvanija se nalazi me\u0111u digitalno najpovezanijim dru\u0161tvima u Evropi, pokazuju\u0107i sna\u017enu penetraciju \u0161irokopojasnog interneta i sisteme elektronske uprave. NJene luke, posebno dubokovodni terminal u Klajpedi, odr\u017eavaju trgovinu \u017eitaricama, naftnim proizvodima i drvetom. Ambiciozni planovi za revitalizaciju teretnog brodarstva sa sedi\u0161tem u Nemanusu elektri\u010dnim brodovima obe\u0107avaju ekolo\u0161ke koristi i smanjenje teretnog optere\u0107enja na drumskim putevima.<\/p>\n<p>Transportne arterije uklju\u010duju 1.762 km \u0161irokotra\u010dne \u017eeleznice \u2014 od kojih je 122 km elektrifikovano \u2014 i 115 km evropskog standardnog koloseka, premo\u0161\u0107uju\u0107i kompatibilnost sa zapadnim mre\u017eama. Predstoje\u0107i koridor \u201eRail Baltika\u201c poveza\u0107e Kaunas sa Var\u0161avom i dalje, bli\u017ee poveza\u0107e severoistok Evrope i zameniti ka\u0161njenja u pretovaru. Litvanski autoputevi, koje me\u0111unarodni indeksi povoljno ocenjuju, pro\u017eimaju glavni grad i regionalne centre. Me\u0111unarodni aerodrom u Viljnusu, koji opslu\u017euje skoro 4 miliona putnika, predstavlja primarnu kapiju, a dopunjuju ga \u010dvori\u0161ta u Kaunasu, Palangi i \u0160auljaju.<\/p>\n<p>Urbani centri oli\u010davaju slojevitu istoriju. Stari grad Viljnusa, koji je na listi svetske ba\u0161tine UNESKO-a, okuplja goti\u010dke crkve, barokne palate i renesansne rezidencije oko vitke kule Gediminas. Kaunas, nekada\u0161nja prestonica izme\u0111u dva rata, \u010duva nasle\u0111e art dekoa koje je sada za\u0161ti\u0107eno oznakom evropske ba\u0161tine. Klajpedske fasade sa drvenim okvirom podse\u0107aju na hanzeatsku trgovinu, dok \u0160iauljajevo Brdo krstova svedo\u010di o veri i otporu kroz mno\u0161tvo zavetnih spomenika. Paneve\u017eis \u0161iri pozori\u0161nu tradiciju u svojim parkovima, gde uskotra\u010dne pruge evociraju pro\u0161lo doba.<\/p>\n<p>Pored gradova, etnografski regioni Litvanije odr\u017eavaju narodne na\u010dine \u017eivota. U Auk\u0161taitiji, seljani odr\u017eavaju drvene ku\u0107e u blizini bistrih jezera i reka. \u017demagitijski dijalekat i folklor opstaju usred vresi\u0161ta i mo\u010dvara. Guste borove \u0161ume i mo\u010dvare Dzukije podsti\u010du sakupljanje pe\u010duraka i medarstvo. Ogromna polja Suvalkije daju skilandske svinjske delikatese. Mala Litvanija, nekada pod germanskom vla\u0161\u0107u, otelotvoruje pomorsku kulturu du\u017e dina i ribarskih sela Kur\u0161ske prevlake, koje su pod za\u0161titom UNESKO-a.<\/p>\n<p>Kuhinja odra\u017eava klimu i nasle\u0111e: ra\u017eeni hleb \u2013 nezaobilazna namirnica \u2013 prati supe od cvekle, dimljeno meso i mle\u010dne proizvode, od pavlake do kvarka. Priobalne zajednice vi\u0161e vole haringu i slatkovodnu ribu, dok hrana iz unutra\u0161njosti podse\u0107a na nema\u010dke i balti\u010dke uticaje. Pivo, kako seosko tako i pivo iz malih pivara, kuva se u stotinama kuhinja i malih pivara, odr\u017eavaju\u0107i poziciju me\u0111u vode\u0107im evropskim potro\u0161a\u010dima po glavi stanovnika. Na kraju trpeze \u010desto se nalazi medus, medovina \u010dija tradicija se\u017ee do prethri\u0161\u0107anskih obreda.<\/p>\n<p>Kulturni izrazi se prote\u017eu od narodnih igara i krivudavih pesama \u201esutartine\u201c do pozori\u0161ta u ambarima i etnografskih sajmova. Solarni motivi, uklju\u010duju\u0107i drevne svastike, opstaju kao talismani za\u0161tite pre njihovog iskrivljavanja u dvadesetom veku. Po\u0161tovanje u paganskim gradinama i neogotskim crkvama ostaje klju\u010dno za razumevanje dvostrukih duhovnih linija Litvanije.<\/p>\n<p>Turizam zna\u010dajno doprinosi BDP-u, sa preko 1,1 milion stranih posetilaca u 2023. godini - otprilike jednim od svakih tri stanovnika - i doma\u0107im putovanjima koja prelaze 12 miliona. Barokne ulice Viljnusa, banjska svetili\u0161ta Druskininkaja i beli pesak Kur\u0161ske prevlake privla\u010de ljubitelje arhitekture, velnesa i prirodnih \u010duda. Letenje balonom iznad jezera Trakaja sa zamkovima i vo\u017enja biciklom EuroVelo rutama kroz \u0161ume i priobalne panorame izazivaju opipljiv ose\u0107aj mesta.<\/p>\n<p>Demografski, Litvanija je me\u0111u najhomogenijim nacijama u Evropi: Balti \u010dine ve\u0107inu, govore\u0107i litvanski \u2014 najarhai\u010dniji \u017eivi indoevropski jezik u Evropi. Srednja starost je 44 godine, a stope fertiliteta ostaju ispod nivoa zamene, \u0161to je nusproizvod urbanih migracija i odlo\u017eenog formiranja porodice. Odnos polova favorizuje mu\u0161karce u mla\u0111im kohortama, dok stariji rangovi prevazilaze \u017eene. Genetske studije usko povezuju Litvance sa Letoncima, Estoncima i susednim slovenskim i ugrofinskim populacijama, isti\u010du\u0107i milenijume regionalne me\u0111usobne povezanosti.<\/p>\n<p>Moderni identitet Litvanije je neodvojiv od njenih istorijskih isku\u0161enja \u2013 tevtonski napadi, podele, okupacije i pokreti otpora stvorili su etos umerene istrajnosti. Javno se\u0107anje na sovjetsku represiju i tragedije Holokausta oblikuje gra\u0111anski diskurs. Savremene spoljne odnose oblikuje oprezan anga\u017eman sa Rusijom i Kinom, uz \u010dvrstu podr\u0161ku samoopredeljenju Ukrajine i Tajvana, \u0161to odra\u017eava paralele sa borbom Litvanije za nezavisnost.<\/p>\n<p>Na po\u010detku dvadeset prvog veka, Litvanija oli\u010dava naciju koja je ponovo uspostavila svoj suverenitet, spajaju\u0107i isto\u010dnoevropske tradicije sa zapadnim integracijama. NJene \u0161ume i polja, palate i parlament, narodni obi\u010daji i digitalne ambicije \u010dine portret zemlje koja po\u0161tuje svoje nasle\u0111e dok istovremeno trasira put ka inovacijama. Bilo da se posmatra sa kaldrmisanih ulica Viljnusa ili preko vetrovitih dina Nide, Litvanija ostaje oblast gde je pro\u0161lost uvek prisutna, vode\u0107i stanovni\u0161tvo ka otvorenoj, ali budnoj budu\u0107nosti.<\/p>","protected":false},"excerpt":{"rendered":"<p>Litvanija, koja se nalazi u severnoj Evropi, poseduje zna\u010dajno istorijsko, kulturno i prirodno nasle\u0111e. Zvani\u010dno Republika Litvanija, ova mala, ali energi\u010dna nacija se nalazi strate\u0161ki na isto\u010dnom Balti\u010dkom moru. Litvanija ima granice na severu od Letonije, isto\u010dno od Belorusije, ju\u017eno od Poljske i ruske eksklave Kalinjingradske oblasti na jugozapadu preko svog raznolikog terena od 65.300 kvadratnih kilometara. Odr\u017eavaju\u0107i pomorsku granicu sa \u0160vedskom na zapadu, nacija tako\u0111e ja\u010da svoje veze sa ve\u0107im balti\u010dkim podru\u010djem.<\/p>","protected":false},"author":1,"featured_media":4909,"parent":24078,"menu_order":0,"comment_status":"closed","ping_status":"closed","template":"elementor_theme","meta":{"_eb_attr":"","footnotes":""},"class_list":["post-11553","page","type-page","status-publish","has-post-thumbnail"],"_links":{"self":[{"href":"https:\/\/travelshelper.com\/sr\/wp-json\/wp\/v2\/pages\/11553","targetHints":{"allow":["GET"]}}],"collection":[{"href":"https:\/\/travelshelper.com\/sr\/wp-json\/wp\/v2\/pages"}],"about":[{"href":"https:\/\/travelshelper.com\/sr\/wp-json\/wp\/v2\/types\/page"}],"author":[{"embeddable":true,"href":"https:\/\/travelshelper.com\/sr\/wp-json\/wp\/v2\/users\/1"}],"replies":[{"embeddable":true,"href":"https:\/\/travelshelper.com\/sr\/wp-json\/wp\/v2\/comments?post=11553"}],"version-history":[{"count":0,"href":"https:\/\/travelshelper.com\/sr\/wp-json\/wp\/v2\/pages\/11553\/revisions"}],"up":[{"embeddable":true,"href":"https:\/\/travelshelper.com\/sr\/wp-json\/wp\/v2\/pages\/24078"}],"wp:featuredmedia":[{"embeddable":true,"href":"https:\/\/travelshelper.com\/sr\/wp-json\/wp\/v2\/media\/4909"}],"wp:attachment":[{"href":"https:\/\/travelshelper.com\/sr\/wp-json\/wp\/v2\/media?parent=11553"}],"curies":[{"name":"wp","href":"https:\/\/api.w.org\/{rel}","templated":true}]}}