{"id":11538,"date":"2024-09-13T12:05:14","date_gmt":"2024-09-13T12:05:14","guid":{"rendered":"https:\/\/travelshelper.com\/staging\/?page_id=11538"},"modified":"2026-03-12T17:15:57","modified_gmt":"2026-03-12T17:15:57","slug":"lihtenstajn","status":"publish","type":"page","link":"https:\/\/travelshelper.com\/sr\/destinations\/europe\/liechtenstein\/","title":{"rendered":"Lihten\u0161tajn"},"content":{"rendered":"<p>Kne\u017eevina Lihten\u0161tajn je nema\u010dkogovore\u0107a mikrodr\u017eava sa 40.023 stanovnika, prostire se na 160 kvadratnih kilometara u dolini Gornje Rajne u Centralnoevropskim Alpima, sme\u0161tena izme\u0111u Austrije na istoku i severu i \u0160vajcarske na zapadu i jugu.<\/p>\n<p>Lihten\u0161tajnski teren se naglo uzdi\u017ee od poplavne ravnice Rajne do strmih alpskih vrhova. Kne\u017eevina se prote\u017ee pribli\u017eno 24 kilometra od juga ka severu i 12 kilometara u naj\u0161irem delu, sa granicama koje se prote\u017eu na 77,9 kilometara nakon preciznih istra\u017eivanja zavr\u0161enih 2006. godine. NJena zapadna granica je u potpunosti definisana Rajnom, koja je oblikovala i hidrologiju zemlje i njene rane obrasce naseljavanja. Uprkos svojoj maloj veli\u010dini, skoro polovina zemlje je klasifikovana kao planinska, topografska podela koja je osnova i njenih klimatskih varijacija i raspodele ljudskih aktivnosti.<\/p>\n<p>Klimu ubla\u017eavaju preovla\u0111uju\u0107i ju\u017eni vetrovi i za\u0161titna barijera susednih planinskih venca. Zime ostaju hladne, a ne o\u0161tre, sa mrazevima koji retko padaju ispod -15 \u00b0C, a ju\u017eni fenovi vetrovi \u010desto podi\u017eu temperature na 15 \u00b0C \u010dak i sredinom zime. Leta su blaga, sa dnevnim temperaturama koje retko prelaze 28 \u00b0C. Prose\u010dna godi\u0161nja koli\u010dina padavina u dolini je izme\u0111u 900 i 1.200 milimetara, a na visokim padinama raste do skoro 1.900 milimetara, odr\u017eavaju\u0107i zelene livade i vo\u0107njake koji se nalaze na ni\u017eim nadmorskim visinama.<\/p>\n<p>Hidrolo\u0161ke karakteristike dodatno defini\u0161u kne\u017eevinu. Rajna, duga skoro 27 kilometara unutar granica Lihten\u0161tajna, funkcioni\u0161e i kao spasila\u010dka kucavica za vodosnabdevanje i kao rekreativno uto\u010di\u0161te. NJeno jedino prirodno jezero, Gampriner Zelajn, nastalo je 1927. godine kada su poplavne vode oblikovale novi basen; dodatni akumulacioni rezervoari, poput akumulacije Steg, koriste alpski oticaj za proizvodnju hidroelektri\u010dne energije. Reka Samina, koja prati tok od 10 kilometara od svog planinskog izvora u Trizenbergu do u\u0161\u0107a u reku Il u Austriji, nudi delove brzaka koje cene entuzijasti.<\/p>\n<p>Istorijski gledano, ku\u0107a Lihten\u0161tajn, uzdignuta na suverenu vlast 1719. godine, uspostavila je kne\u017eevinu kao poluustavnu monarhiju. Vladaju\u0107i princ zadr\u017eava zna\u010dajna ovla\u0161\u0107enja, uklju\u010duju\u0107i zakonodavni veto, imenovanja sudija i raspu\u0161tanje vlade \u2013 ovla\u0161\u0107enja su ponovo potvr\u0111ena i pro\u0161irena na referendumu 2003. godine. Glavni grad, Vaduc, slu\u017ei kao sedi\u0161te vlade, a dopunjuje ga jo\u0161 deset op\u0161tina. \u0160an, najve\u0107a komuna, spaja industrijsku aktivnost sa stambenim okruzima, dok Balcers, Trizen i Trizenberg zauzimaju terase i padine koje se uzdi\u017eu ka alpskim planinama.<\/p>\n<p>Jedanaest op\u0161tina (Gomeinden) u Lihten\u0161tajnu grupisane su u dva izborna okruga: Oberland (gornji kraj) i Unterland (donji kraj). Oberland obuhvata Vaduc, \u0160an, Trizen, Trizenberg i Planken, svaki iznad kojih se nalazi na uzvi\u0161enim padinama ili brdima. Unterland, koji se nalazi bli\u017ee re\u010dnoj ravnici, obuhvata E\u0161en, Gamprin, Mauren, Rugel i \u0160elenberg. Svaka op\u0161tina \u010duva razli\u010dite lokalne tradicije - od vinogradarskih terasa u \u0160anu do poljoprivrednih zajedni\u010dkih imanja u Rugelu - ali sve se pridr\u017eavaju jedinstvenog nacionalnog okvira.<\/p>\n<p>Ekonomija kne\u017eevine je poznata po jednom od najve\u0107ih BDP-a po glavi stanovnika na svetu (paritet kupovne mo\u0107i). Sna\u017ean industrijski sektor proizvodi visokoprecizne instrumente, elektri\u010dne alate i elektroniku, a Hilti - proizvo\u0111a\u010d sistema za pri\u010dvr\u0161\u0107ivanje - je me\u0111u najve\u0107im poslodavcima. Male farme i vo\u0107njaci pro\u017eimaju sela, daju\u0107i \u017eitarice, krompir, mle\u010dne proizvode i vino. Pa\u017enja posve\u0107ena zanatstvu, sli\u010dna esnafskoj, opstaje u firmama za obradu metala i precizno ma\u0161instvo koje opslu\u017euju globalna tr\u017ei\u0161ta.<\/p>\n<p>Finansijske usluge su temelj ekonomskog pejza\u017ea. Siluetu Vaduca obele\u017eavaju sedi\u0161ta banaka \u010dije su fiducijarne operacije stekle i zna\u010daj i ozlogla\u0161enost po\u010detkom 2000-ih. Nakon me\u0111unarodne kontrole i skupe poreske afere 2008. godine, vlada je usvojila mere transparentnosti kako bi se uskladila sa globalnim standardima. Danas, Lihten\u0161tajn odr\u017eava ugledno regulatorno okru\u017eenje, istovremeno \u010duvaju\u0107i svoju ulogu specijalizovanog centra za upravljanje bogatstvom i povereni\u010dke usluge.<\/p>\n<p>Turizam predstavlja vitalni tercijarni sektor, sa godi\u0161njim brojem posetilaca koji se pribli\u017eava 80.000. Goste privla\u010di me\u0161avina alpskih aktivnosti i kulturne ponude kne\u017eevine. Skija\u0161ke staze Malbuna, sme\u0161tene na 1.600 do 2.000 metara, pru\u017eaju staze za skijanje i snoubording; planinarske staze presecaju brdske livade i penju se na vrhove kao \u0161to je Grauspic (2.599 m), najvi\u0161a ta\u010dka na Lihten\u0161tajnskom planinskom spisku od 32 planine iznad 2.000 m.<\/p>\n<p>Kulturni identitet oblikuje ve\u0107insko stanovni\u0161tvo koje govori alemanski jezik, od kojih 92 odsto navodi nema\u010dki kao svoj primarni jezik, dok dijalekti blisko srodni \u0161vajcarskim i austrijskim oblicima opstaju u svakodnevnom govoru. Trizenberg odr\u017eava prepoznatljiv valzerski dijalekat, koji se promovi\u0161e kroz lokalne inicijative. Stanovnici ro\u0111eni u inostranstvu, jedna tre\u0107ina ukupnog stanovni\u0161tva, poti\u010du uglavnom iz Nema\u010dke, Austrije i \u0160vajcarske, doprinose\u0107i vi\u0161ejezi\u010dnom miljeu.<\/p>\n<p>Institucije nasle\u0111a i obrazovanja su u izobilju. Muzej umetnosti Lihten\u0161tajn, zavr\u0161en 2000. godine, predstavlja gra\u0111evinu \u201ecrne kutije\u201c od betona i bazalta, u kojoj se nalaze moderna i savremena dela koja \u010dine javni izgled kne\u017eevske kolekcije. Nacionalni muzej Lihten\u0161tajna u Vaducu \u010duva arheolo\u0161ke, kulturne i prirodnja\u010dke artefakte; manji objekti uklju\u010duju muzej seoskog na\u010dina \u017eivota, muzej skijanja i filatelisti\u010dku izlo\u017ebu.<\/p>\n<p>Saobra\u0107ajna infrastruktura nagla\u0161ava povezanost Lihten\u0161tajna uprkos odsustvu aerodroma. Jedna \u017eelezni\u010dka linija \u2014 ruta Feldkirh-Buks \u2014 prelazi njegovu teritoriju, koju opslu\u017euje Forarlbergska gradska \u017eeleznica S2. \u010cetiri stanice (Forst Hilti, Nendeln, \u0160an-Vaduc i \u0160anvald) povezane su sa austrijskim i \u0161vajcarskim mre\u017eama, iako usluge ostaju orijentisane na putnike u \u0161picu. Dobro kontrolisana autobuska mre\u017ea saobra\u0107a u intervalima od petnaest minuta, integri\u0161u\u0107i se sa sistemima \u0161vajcarskog Postbusa i austrijskog OEBB-a; nosioci \u0161vajcarske propusnice za prevoz slobodno putuju autobusima Lihten\u0161tajna.<\/p>\n<p>Putevi se prote\u017eu pribli\u017eno 250 kilometara, sa obele\u017eenim biciklisti\u010dkim stazama koje se prote\u017eu na 90 kilometara. Propisi o brzini odra\u017eavaju zahteve uskih, krivudavih koridora kroz naseljene doline. Prekograni\u010dni mostovi kod Balcersa i Vaduca povezani su sa \u0161vajcarskim autoputem A13\/E34, olak\u0161avaju\u0107i teretni i privatni prevoz. Putovanje vozilima iz Feldkirha ili Buhsa omogu\u0107ava ulaz bez putarine, ali \u0161vajcarske i austrijske \u0161eme vinjeta uti\u010du na izbor rute i za stanovnike i za posetioce.<\/p>\n<p>Zdravstvena za\u0161tita i socijalne usluge koncentrisane su u jedinoj bolnici u Vaducu, Lihten\u0161tajnskoj landespitali. Obrazovne institucije nude vi\u0161ejezi\u010dne nastavne planove i programe za osnovne i srednje \u0161kole; visoko obrazovanje se \u010desto odvija u inostranstvu. Nacionalna biblioteka u Vaducu \u010duva obavezni primerak svih doma\u0107ih publikacija i podr\u017eava istra\u017eivanja u oblasti kulturnih i istorijskih studija.<\/p>\n<p>Sve\u010danosti nagla\u0161avaju nacionalnu solidarnost. Svakog avgusta stanovni\u0161tvo se okuplja u zamku Vaduc na proslavi Dana vladara. Podanici su pozvani na kne\u017eevsko imanje da prisustvuju govorima, u\u010destvuju u zajedni\u010dkim zdravicama i probaju besplatno pivo \u2013 ritual koji ja\u010da lojalnost monarhiji i isti\u010de kolektivni identitet negovan vekovima.<\/p>\n<p>O\u010duvanje suvereniteta i kulturne posebnosti Lihten\u0161tajna usred ve\u0107ih suseda svedo\u010di o njegovoj otpornosti. NJegova poluustavna monarhija balansira tradiciju i adaptaciju, dok njegova ekonomija spaja ve\u0161tinu preciznog in\u017eenjerstva sa o\u017eivljenim finansijskim sektorom. Alpski teren kne\u017eevine oblikuje i klimu i na\u010din \u017eivota, nude\u0107i livade, padine i vrhove koji su odr\u017eali poljoprivredu, rekreaciju i ose\u0107aj mesta. Na kompaktnoj teritoriji gde turisti koji govore francuski retko sle\u0107u, stanovnici koji govore nema\u010dki odr\u017eavaju obi\u010daje ukorenjene u \u017eivotu u dolinskim selima, crkvenim obredima i po\u0161tovanju tihog dostojanstva planinskih prebivali\u0161ta. Postojanje nacije, vi\u0161e od tri veka od njenog uzdizanja na suverenitet, nastavlja da odra\u017eava umereno upravljanje resursima, prihvatanje me\u0111unarodnog anga\u017emana i posve\u0107enost o\u010duvanju i nasle\u0111a i inovacija.<\/p>","protected":false},"excerpt":{"rendered":"<p>Lihten\u0161tajn, formalno nazvan Kne\u017eevina Lihten\u0161tajn, je mala evropska nacija koja se nalazi u Alpima. Ova mikrodr\u017eava predstavlja zanimljivu me\u0161avinu stare monarhije i savremene demokratije sa svojom bogatom istorijom i posebnim politi\u010dkim sistemom. Lihten\u0161tajn, jedna od samo dve nacije na svetu sa dvostrukim izlazom na more, le\u017ei izme\u0111u Austrije i \u0160vajcarske; drugi je Uzbekistan.<\/p>","protected":false},"author":1,"featured_media":4559,"parent":24078,"menu_order":0,"comment_status":"closed","ping_status":"closed","template":"elementor_theme","meta":{"_eb_attr":"","footnotes":""},"class_list":["post-11538","page","type-page","status-publish","has-post-thumbnail"],"_links":{"self":[{"href":"https:\/\/travelshelper.com\/sr\/wp-json\/wp\/v2\/pages\/11538","targetHints":{"allow":["GET"]}}],"collection":[{"href":"https:\/\/travelshelper.com\/sr\/wp-json\/wp\/v2\/pages"}],"about":[{"href":"https:\/\/travelshelper.com\/sr\/wp-json\/wp\/v2\/types\/page"}],"author":[{"embeddable":true,"href":"https:\/\/travelshelper.com\/sr\/wp-json\/wp\/v2\/users\/1"}],"replies":[{"embeddable":true,"href":"https:\/\/travelshelper.com\/sr\/wp-json\/wp\/v2\/comments?post=11538"}],"version-history":[{"count":0,"href":"https:\/\/travelshelper.com\/sr\/wp-json\/wp\/v2\/pages\/11538\/revisions"}],"up":[{"embeddable":true,"href":"https:\/\/travelshelper.com\/sr\/wp-json\/wp\/v2\/pages\/24078"}],"wp:featuredmedia":[{"embeddable":true,"href":"https:\/\/travelshelper.com\/sr\/wp-json\/wp\/v2\/media\/4559"}],"wp:attachment":[{"href":"https:\/\/travelshelper.com\/sr\/wp-json\/wp\/v2\/media?parent=11538"}],"curies":[{"name":"wp","href":"https:\/\/api.w.org\/{rel}","templated":true}]}}