{"id":9831,"date":"2024-09-09T09:48:01","date_gmt":"2024-09-09T09:48:01","guid":{"rendered":"https:\/\/travelshelper.com\/staging\/?page_id=9831"},"modified":"2026-03-13T21:41:29","modified_gmt":"2026-03-13T21:41:29","slug":"perth","status":"publish","type":"page","link":"https:\/\/travelshelper.com\/pt\/destinations\/australia-and-oceania\/australia\/perth\/","title":{"rendered":"Perth"},"content":{"rendered":"<p>Perth, a capital da Austr\u00e1lia Ocidental, fica perto da foz do Rio Swan, na costa oeste da Austr\u00e1lia. Uma cidade de avenidas ensolaradas e jardins perfumados de eucalipto, estende-se ao longo do Oceano \u00cdndico com um clima tropical de ver\u00f5es quentes e invernos amenos. A Grande Perth abrigava mais de 2,3 milh\u00f5es de pessoas em 2023, tornando-se a quarta maior metr\u00f3pole da Austr\u00e1lia. \u00c9 frequentemente chamada de a cidade grande mais isolada do mundo \u2013 a mais de 2.000 km de qualquer cidade maior \u2013 o que confere a Perth um ritmo \u00fanico e ligeiramente mais lento. Os arranha-c\u00e9us do distrito comercial central erguem-se abruptamente da verdejante Plan\u00edcie Costeira de Swan, tendo como pano de fundo a antiga Escarpa Darling a leste. Praias amplas (como a famosa Praia de Cottesloe) e o tranquilo Rio Swan definem a paisagem; o Kings Park (um vasto jardim bot\u00e2nico no centro da cidade) oferece enormes extens\u00f5es de mata nativa bem em contraste com o n\u00facleo urbano. Perth \u00e9 limpa e arejada, com uma qualidade de luz brilhante sob o sol quase perp\u00e9tuo.<\/p>\n<p>Atualmente, a popula\u00e7\u00e3o metropolitana de Perth ultrapassa 2,3 milh\u00f5es de habitantes, refletindo o forte crescimento da migra\u00e7\u00e3o e uma economia em expans\u00e3o. A cidade \u00e9 altamente multicultural: cerca de 45% dos moradores nasceram no exterior, com comunidades significativas da Inglaterra, \u00cdndia, China, Nova Zel\u00e2ndia e outros lugares. A economia de Perth \u00e9 dominada pela minera\u00e7\u00e3o e recursos naturais (a Austr\u00e1lia Ocidental fornece uma grande parte dos minerais e exporta\u00e7\u00f5es de GNL do pa\u00eds) e por servi\u00e7os profissionais. Sedes de empresas de minera\u00e7\u00e3o, transporte mar\u00edtimo, finan\u00e7as, tecnologia e educa\u00e7\u00e3o pontilham o horizonte. Perth \u00e9 regularmente classificada entre as cidades mais &#034;habit\u00e1veis&#034; do mundo e \u00e9 classificada como uma cidade global Alpha, em parte gra\u00e7as ao seu alto PIB per capita. O turismo tamb\u00e9m \u00e9 fundamental: os visitantes se re\u00fanem para aproveitar a orla, as praias e as vin\u00edcolas do vizinho Margaret River, bem como as atra\u00e7\u00f5es da cidade.<\/p>\n<p>A cidade em si \u00e9 relativamente extensa (cerca de 6.418 km\u00b2 de \u00e1rea total), com um sistema de transporte p\u00fablico bem desenvolvido. Sua hist\u00f3ria oficial remonta a 1829, quando o Capit\u00e3o James Stirling fundou a Col\u00f4nia do Rio Swan aqui, mas as verdadeiras origens de Perth remontam a dezenas de milhares de anos de ocupa\u00e7\u00e3o abor\u00edgene Noongar nestas terras. Hoje, a cidade est\u00e1 dividida em 30 \u00e1reas de governo local com mais de 350 sub\u00farbios. A economia de Perth \u00e9 aproximadamente equilibrada entre recursos e servi\u00e7os; o PIB do estado foi de cerca de A$ 260 bilh\u00f5es em 2019 (17,5% do PIB da Austr\u00e1lia). As principais ind\u00fastrias incluem min\u00e9rio de ferro, ouro, alumina e energia, al\u00e9m de manufatura, finan\u00e7as e turismo.<\/p>\n<p>Perth fica no extremo oeste da Austr\u00e1lia, de frente para o Oceano \u00cdndico. A leste, encontram-se as colinas onduladas da Cordilheira Darling (florestas Jarrah e Marri). A regi\u00e3o sudoeste da Austr\u00e1lia Ocidental, mais ampla, \u00e9 conhecida por suas matas e vin\u00edcolas; ao norte, encontra-se uma vasta savana seca. A posi\u00e7\u00e3o costeira modera o clima de Perth: os ver\u00f5es podem ser quentes (dias com temperaturas de at\u00e9 35\u201340 \u00b0C), mas as brisas mar\u00edtimas costumam refrescar as tardes. As m\u00ednimas no inverno caem para cerca de 8\u201310 \u00b0C em m\u00e9dia. A chuva tende a cair no inverno e na primavera (precipita\u00e7\u00e3o anual de aproximadamente 731 mm). O Rio Swan \u2013 frequentemente visto do Kings Park de Perth \u2013 serpenteia pela cidade antes de se alargar em um porto em Fremantle. Fremantle, rio abaixo, mant\u00e9m uma atmosfera portu\u00e1ria hist\u00f3rica com edif\u00edcios do s\u00e9culo XIX e um mercado animado. Mais para o interior, o clima rapidamente d\u00e1 lugar a campos de trigo, vinhedos e matas.<\/p>\n<p>A separa\u00e7\u00e3o de Perth de outras grandes cidades lhe d\u00e1 uma sensa\u00e7\u00e3o de espa\u00e7o de fronteira. Fica a 3.845 km de Sydney, 4.238 km de Brisbane e ainda mais distante da Europa ou da \u00c1sia por terra. No entanto, fica aproximadamente na mesma latitude de Casablanca, Marrocos, o que proporciona longos dias de ver\u00e3o. Apesar da dist\u00e2ncia, Perth parece voltada para o exterior; o porto movimenta grande parte do com\u00e9rcio internacional e a cidade mant\u00e9m voos diretos para destinos na \u00c1sia, Oriente M\u00e9dio e at\u00e9 mesmo na \u00c1frica.<\/p>\n<p>A hist\u00f3ria de Perth combina heran\u00e7a ind\u00edgena e empreendimento colonial. A regi\u00e3o fica na terra ancestral do povo Whadjuk Noongar, que a chamava de Boorloo. Colonizadores europeus chegaram em 1829, liderados pelo Capit\u00e3o Stirling, estabelecendo a Col\u00f4nia do Rio Swan. Os primeiros anos foram dif\u00edceis, com os colonos dependendo da agricultura e da m\u00e3o de obra de condenados (a partir de 1850) para construir a cidade. Perth foi oficialmente proclamada cidade em 1856, e sua prosperidade melhorou drasticamente com as descobertas de ouro no final do s\u00e9culo XIX na Austr\u00e1lia Ocidental \u2013 essa corrida do ouro impulsionou o r\u00e1pido crescimento populacional e de riqueza.<\/p>\n<p>No s\u00e9culo XX, Perth modernizou-se de forma constante. Grandes projetos de engenharia, como represas e irriga\u00e7\u00e3o, abriram as fronteiras agr\u00edcolas, enquanto, em meados do s\u00e9culo, migrantes da Gr\u00e3-Bretanha e da Europa infundiram novas culturas na cidade. Perth, no p\u00f3s-guerra, permaneceu relativamente isolada at\u00e9 as d\u00e9cadas de 1960 e 1970, quando o boom da minera\u00e7\u00e3o (min\u00e9rio de ferro em Pilbara, por exemplo) transformou a economia. Nas \u00faltimas d\u00e9cadas, Perth amadureceu e se tornou uma cidade globalmente conectada. Sediou eventos internacionais como a vela das Olimp\u00edadas de 2000 e a final da Copa do Mundo Feminina da FIFA de 2023. No entanto, muitos bairros hist\u00f3ricos sobrevivem \u2013 Albany Highway e Guildford Road refletem os padr\u00f5es dos primeiros colonos, enquanto o porto de Fremantle preserva a alvenaria da era dos condenados. Hoje, placas e pequenos museus comemoram a heran\u00e7a Noongar, as primeiras explora\u00e7\u00f5es (o desembarque de Cook em Botany Bay e a viagem de Phillip at\u00e9 aqui) e a expans\u00e3o gradual da cidade ao longo do Swan.<\/p>\n<p>Os moradores de Perth apreciam um estilo de vida definido por atividades ao ar livre, cultura e tranquilidade. O ritmo de vida \u00e9 frequentemente descrito como mais tranquilo do que nas capitais do Leste; raramente se ouve falar de multid\u00f5es lotando a cidade na hora do rush. Os moradores locais s\u00e3o amig\u00e1veis \u200b\u200be informais. Ao entrar em um caf\u00e9, \u00e9 normal cumprimentar o barista com um &#034;Ol\u00e1&#034; ou &#034;Bom dia&#034; e perguntar sobre o surfe do fim de semana. A cultura do caf\u00e9 \u00e9 forte \u2013 os moradores de Perth levam seus flat whites e torradas com abacate a s\u00e9rio. Os esportes tamb\u00e9m unem a cidade, com um apoio fervoroso ao futebol australiano (times da AFL como o West Coast Eagles e o Fremantle Dockers fazem parte do bate-papo di\u00e1rio).<\/p>\n<p>Ingl\u00eas \u00e9 a l\u00edngua do dia a dia, mas Perth \u00e9 multil\u00edngue. Muitas fam\u00edlias falam canton\u00eas, malaiala, italiano ou l\u00ednguas ind\u00edgenas em casa. A cultura abor\u00edgene \u00e9 celebrada com orgulho; por exemplo, o Festival anual de Perth (final do ver\u00e3o) frequentemente apresenta eventos que destacam as hist\u00f3rias e a arte Noongar. O Festival Everlasting Kings Park, em setembro, atrai multid\u00f5es com exposi\u00e7\u00f5es e passeios que apresentam as flores silvestres \u00fanicas da Austr\u00e1lia Ocidental. Em outros lugares, o Festival Midsumma e a Marcha do Orgulho refletem a comunidade LGBTQIA+ de Perth, enquanto a exposi\u00e7\u00e3o Sculpture by the Sea na Praia de Cottesloe (todo m\u00eas de janeiro) transforma a costa em uma galeria a c\u00e9u aberto. Durante todo o ano, h\u00e1 eventos comunit\u00e1rios ao redor de Elizabeth Quay e Yagan Square, de feiras de produtores a fogos de artif\u00edcio de Ano Novo, ressaltando um esp\u00edrito comunit\u00e1rio e festivo.<\/p>\n<p>Artes e vida noturna se concentram perto de Northbridge e Mount Lawley, onde ruas de arte de rua levam a casas de shows e cervejarias artesanais. Em contraste, os sub\u00farbios s\u00e3o tranquilos: as noites podem terminar com um churrasco no quintal ou um mergulho na areia ao p\u00f4r do sol. Tradi\u00e7\u00f5es antigas e novas coexistem: pode-se assistir a uma partida de futebol da A-League do Fremantle FC na TV e, em seguida, sair para ouvir didgeridoo em um festival local. No centro de Perth, arranha-c\u00e9us de vidro brilham sobre arenito hist\u00f3rico (por exemplo, a Casa da Moeda de Perth e a Prefeitura), enquanto Parrklands, como o Kings Park, convidam \u00e0 contempla\u00e7\u00e3o da paisagem antiga. No geral, a cultura de Perth \u00e9 ecl\u00e9tica e tranquila \u2013 cosmopolita, mas com uma distinta hospitalidade do oeste australiano.<\/p>\n<p>Os visitantes de Perth encontram uma infinidade de atra\u00e7\u00f5es imperd\u00edveis. O Kings Park e o Jardim Bot\u00e2nico s\u00e3o um eterno favorito \u2013 um dos maiores parques urbanos do mundo. Sua passarela entre as copas das \u00e1rvores e seus arranjos de flores silvestres oferecem vistas panor\u00e2micas do horizonte da cidade e do rio. Logo abaixo, a orla de Perth (South Perth Foreshore ou Matilda Bay) permite que os visitantes mergulhem os p\u00e9s no Rio Swan ou fa\u00e7am um piquenique sob eucaliptos nativos. A Praia de Cottesloe, com seu recife de calc\u00e1rio alaranjado e p\u00eder, fica a uma curta dist\u00e2ncia de carro da cidade e \u00e9 famosa pelos banhos e pelo p\u00f4r do sol.<\/p>\n<p>Os marcos da cidade incluem a Torre do Sino (um campan\u00e1rio escultural para os sinos hist\u00f3ricos de Perth) e edif\u00edcios hist\u00f3ricos como a Galeria de Arte da Austr\u00e1lia Ocidental e o Museu da Austr\u00e1lia Ocidental (Boola Bardip). Os amantes da gastronomia apreciam os mercados de peixes da Cooperativa de Pescadores de Fremantle e o mundialmente famoso tour pela Pris\u00e3o de Fremantle (Patrim\u00f4nio Mundial da UNESCO). Vin\u00edcolas e cervejarias artesanais pr\u00f3ximas tamb\u00e9m s\u00e3o atra\u00e7\u00f5es. O Centro Cultural de Perth abriga teatros, galerias e o festival anual Fringe World. A paisagem litor\u00e2nea de Perth continua com a Ilha Rottnest (acess\u00edvel por balsa), um ref\u00fagio em alto-mar famoso pelos quokkas e mergulho com snorkel.<\/p>\n<p>Quem busca aventura pode surfar na Praia de Scarborough, andar de caiaque no Rio Swan ou escalar a Torre DNA de King&#039;s Park, com quase 100 m de altura, para apreciar a malha urbana. No inverno, uma vis\u00e3o \u00fanica \u00e9 a rara chegada de baleias-austrais \u00e0s \u00e1guas da Austr\u00e1lia Ocidental. Para uma experi\u00eancia ind\u00edgena comovente, visitar a Trilha dos Sonhos Nyungar Njookenbooroo em Kings Park ou a cole\u00e7\u00e3o de arte abor\u00edgene da Galeria de Arte da Austr\u00e1lia Ocidental \u00e9 inspirador.<\/p>\n<p>Em suma, Perth oferece uma mistura de atra\u00e7\u00f5es urbanas e naturais. Seja passeando sob o arco-\u00edris do meio-dia (martim-pescador) ou correndo \u00e0 beira do rio ao nascer do sol, a cidade aproveita seu clima ensolarado e seu porto para criar um estilo de vida ao ar livre de classe mundial. Suas principais atra\u00e7\u00f5es n\u00e3o s\u00e3o apenas pontos tur\u00edsticos, mas tamb\u00e9m espa\u00e7os comunit\u00e1rios \u2013 parques, praias, museus e festivais onde a personalidade local ganha vida.<\/p>\n<p>O principal aeroporto de Perth \u00e9 o Aeroporto Internacional Kingsford Smith, com boas conex\u00f5es internacionais e nacionais. Voos da \u00c1sia, Europa e dos Estados do Leste chegam diariamente. Do aeroporto para o centro da cidade, trens (a Linha do Aeroporto) circulam com frequ\u00eancia para o centro da cidade (aproximadamente 40 minutos at\u00e9 o centro financeiro de Perth). As principais rodovias tamb\u00e9m ligam Perth a outras regi\u00f5es da Austr\u00e1lia Ocidental (por exemplo, a Mitchell Freeway, em dire\u00e7\u00e3o ao norte, para os sub\u00farbios litor\u00e2neos, ou a Great Eastern Highway, em dire\u00e7\u00e3o ao deserto).<\/p>\n<p>Dentro da cidade, uma moderna rede de trens e \u00f4nibus cobre a maioria das \u00e1reas. A pequena malha vi\u00e1ria do centro da cidade \u00e9 acess\u00edvel a p\u00e9, especialmente ao redor de Elizabeth Quay, do CBD e de Northbridge. Balsas cruzam o rio (para South Perth e Fremantle), e um servi\u00e7o gratuito de \u00f4nibus CAT circula pelas \u00e1reas centrais. Dirigir \u00e9 f\u00e1cil pelo lado esquerdo, embora a expans\u00e3o suburbana possa levar a longas dist\u00e2ncias. O tr\u00e2nsito \u00e9 geralmente mais tranquilo do que nas cidades do leste da Austr\u00e1lia, exceto em corredores congestionados nos hor\u00e1rios de pico. Os motoristas devem ficar atentos \u00e0s muitas rotat\u00f3rias de Perth e aos ocasionais cangurus ao amanhecer ou ao anoitecer fora da cidade.<\/p>\n<p>Os Perthers carregam o d\u00f3lar australiano (AUD) como em toda a Austr\u00e1lia. O ingl\u00eas \u00e9 suficiente, mas algumas palavras Noongar como <em>boodjar<\/em> (terra) ou <em>cad\u00e1ver<\/em> (cacatua branca) demonstram a heran\u00e7a local. A etiqueta \u00e9 educada e informal: normalmente acena-se para os motoristas, cumprimenta-se os lojistas e espera-se na faixa de pedestres at\u00e9 o tr\u00e2nsito parar. Gorjetas n\u00e3o s\u00e3o esperadas, embora pequenas moedas por um bom servi\u00e7o em restaurantes ou hot\u00e9is sejam apreciadas. O sol \u00e9 intenso o ano todo; chap\u00e9us largos e protetor solar FPS 50 s\u00e3o recomendados, mesmo em dias nublados. Em termos de seguran\u00e7a, Perth \u00e9 muito segura \u2013 sua taxa de criminalidade \u00e9 baixa para uma cidade de seu tamanho \u2013 mas ainda assim \u00e9 preciso usar o bom senso sobre pertences em multid\u00f5es ou caminhadas noturnas em \u00e1reas tranquilas. Como na maior parte da Austr\u00e1lia, a vida selvagem \u00e9 menos perigosa na cidade propriamente dita (mas fique atento a cobras e aranhas nas bordas da mata).<\/p>\n<p>Perth sedia v\u00e1rios feriados estaduais celebrados (por exemplo, o Dia da Austr\u00e1lia Ocidental em junho). Nesses dias, muitas empresas fecham ou abrem mais tarde, especialmente lojas menores. Os australianos s\u00e3o conhecidos por sua mod\u00e9stia: as normas de vestimenta s\u00e3o casual-praia no ver\u00e3o (trajes de banho durante o dia), mas casual-elegante em outros lugares (n\u00e3o h\u00e1 necessidade de casacos e gravatas, a menos que se frequente eventos sofisticados). Protetor solar e hidrata\u00e7\u00e3o s\u00e3o essenciais no calor seco de Perth; procure sombra por volta do meio-dia no ver\u00e3o. Por fim, por ser uma ex-col\u00f4nia brit\u00e2nica, a cultura abor\u00edgene \u00e9 formalmente reconhecida: em eventos, pode-se ouvir discursos de &#034;Bem-vindo ao Pa\u00eds&#034;, e os visitantes devem respeitar os locais sagrados (fotografias s\u00e3o frequentemente proibidas l\u00e1).<\/p>\n<p>No geral, Perth \u00e9 uma cidade acess\u00edvel. Ao chegar, a aclimata\u00e7\u00e3o \u00e9 t\u00e3o simples quanto se acomodar para um passeio \u00e0 beira do rio ou um mergulho na praia. O ambiente \u00e9 acolhedor e os moradores locais costumam estar ansiosos para compartilhar dicas sobre enseadas escondidas ou seus caf\u00e9s favoritos. Com sua mistura de modernidade e beleza natural, Perth oferece aos viajantes tanto o ritmo de uma cidade vibrante quanto a tranquilidade do oceano e da mata nativa \u00e0 sua porta.<\/p>","protected":false},"excerpt":{"rendered":"<p>Chamada de Boorloo na l\u00edngua Nyungar, Perth \u00e9 a capital da Austr\u00e1lia Ocidental e a quarta cidade mais populosa do pa\u00eds. A Grande Perth, com uma popula\u00e7\u00e3o de mais de 2,3 milh\u00f5es em 2023, \u00e9 uma metr\u00f3pole din\u00e2mica com import\u00e2ncia hist\u00f3rica, cultural e econ\u00f4mica. Situada na Divis\u00e3o de Terras do Sudoeste da Austr\u00e1lia Ocidental, a regi\u00e3o metropolitana de Perth atravessa a Plan\u00edcie Costeira de Swan, cercada a leste pela Escarpa Darling e a oeste pelo Oceano \u00cdndico. Desde seus prim\u00f3rdios como col\u00f4nia brit\u00e2nica no Rio Swan at\u00e9 seu status atual como um vibrante centro metropolitano, o crescimento e o desenvolvimento de Perth foram moldados por essa topografia incomum.<\/p>","protected":false},"author":1,"featured_media":4621,"parent":9806,"menu_order":0,"comment_status":"closed","ping_status":"closed","template":"elementor_theme","meta":{"_eb_attr":"","footnotes":""},"class_list":["post-9831","page","type-page","status-publish","has-post-thumbnail"],"_links":{"self":[{"href":"https:\/\/travelshelper.com\/pt\/wp-json\/wp\/v2\/pages\/9831","targetHints":{"allow":["GET"]}}],"collection":[{"href":"https:\/\/travelshelper.com\/pt\/wp-json\/wp\/v2\/pages"}],"about":[{"href":"https:\/\/travelshelper.com\/pt\/wp-json\/wp\/v2\/types\/page"}],"author":[{"embeddable":true,"href":"https:\/\/travelshelper.com\/pt\/wp-json\/wp\/v2\/users\/1"}],"replies":[{"embeddable":true,"href":"https:\/\/travelshelper.com\/pt\/wp-json\/wp\/v2\/comments?post=9831"}],"version-history":[{"count":0,"href":"https:\/\/travelshelper.com\/pt\/wp-json\/wp\/v2\/pages\/9831\/revisions"}],"up":[{"embeddable":true,"href":"https:\/\/travelshelper.com\/pt\/wp-json\/wp\/v2\/pages\/9806"}],"wp:featuredmedia":[{"embeddable":true,"href":"https:\/\/travelshelper.com\/pt\/wp-json\/wp\/v2\/media\/4621"}],"wp:attachment":[{"href":"https:\/\/travelshelper.com\/pt\/wp-json\/wp\/v2\/media?parent=9831"}],"curies":[{"name":"wp","href":"https:\/\/api.w.org\/{rel}","templated":true}]}}