{"id":9800,"date":"2024-09-08T23:47:48","date_gmt":"2024-09-08T23:47:48","guid":{"rendered":"https:\/\/travelshelper.com\/staging\/?page_id=9800"},"modified":"2026-03-13T22:57:40","modified_gmt":"2026-03-13T22:57:40","slug":"suva","status":"publish","type":"page","link":"https:\/\/travelshelper.com\/pt\/destinations\/australia-and-oceania\/fiji\/suva\/","title":{"rendered":"Suva"},"content":{"rendered":"<p>Suva \u00e9 a capital e a maior cidade de Fiji. Funciona como o centro da maior regi\u00e3o metropolitana do pa\u00eds e opera como seu principal porto. Suva, localizada na costa sudeste de Viti Levu, a maior ilha de Fiji, est\u00e1 situada na Prov\u00edncia de Rewa, na Divis\u00e3o Central. Esta cidade representa uma combina\u00e7\u00e3o de import\u00e2ncia hist\u00f3rica e vitalidade contempor\u00e2nea, consolidando-se como um local crucial no Pac\u00edfico Sul.<\/p>\n<p>A designa\u00e7\u00e3o de Suva como capital de Fiji teve in\u00edcio em 1877, ap\u00f3s sua mudan\u00e7a de Levuka, que era o principal assentamento colonial europeu na \u00e9poca. As restri\u00e7\u00f5es geogr\u00e1ficas de Levuka, situada entre montanhas \u00edngremes e o mar, tornaram a expans\u00e3o impratic\u00e1vel. Em 1882, a administra\u00e7\u00e3o foi oficialmente transferida para Suva, dando in\u00edcio ao seu papel como centro de governan\u00e7a e desenvolvimento em Fiji.<\/p>\n<p>De acordo com o censo de 2017, a popula\u00e7\u00e3o de Suva era de 93.970 habitantes. A regi\u00e3o metropolitana, juntamente com seus sub\u00farbios aut\u00f4nomos, tinha uma popula\u00e7\u00e3o de 185.913 habitantes. A popula\u00e7\u00e3o urbana, quando somada \u00e0s cidades adjacentes de Lami, Nasinu e Nausori, chega a aproximadamente 330.000 habitantes, representando mais de um ter\u00e7o da popula\u00e7\u00e3o total de Fiji. O complexo urbano conhecido como corredor Suva-Nausori ressalta a import\u00e2ncia de Suva como um polo central na estrutura urbana de Fiji.<\/p>\n<p>Suva serve como centro pol\u00edtico e capital econ\u00f4mica e cultural de Fiji. A cidade \u00e9 o principal local para sedes regionais de in\u00fameras corpora\u00e7\u00f5es, ag\u00eancias e miss\u00f5es diplom\u00e1ticas internacionais. A cidade se destaca por sua vibrante paisagem art\u00edstica e perform\u00e1tica e vem ganhando reconhecimento como a capital da moda do Pac\u00edfico Sul. S\u00edtios hist\u00f3ricos que destacam a heran\u00e7a colonial de Suva, como a Biblioteca Carnegie da Cidade de Suva e o complexo governamental, enriquecem o ambiente cultural da cidade.<\/p>\n<p>Suva est\u00e1 localizada em uma pen\u00ednsula montanhosa que circunda um porto, adjacente \u00e0 Ba\u00eda de Laucala e ao Porto de Suva. As montanhas ao norte e oeste interceptam os ventos al\u00edsios de sudeste, resultando em um clima \u00famido consistente durante todo o ano. Apesar de estar perto do oceano, o litoral de Suva apresenta vegeta\u00e7\u00e3o de manguezal, sendo o Porto do Pac\u00edfico a praia mais pr\u00f3xima. O contexto geogr\u00e1fico distinto refor\u00e7a o apelo e a identidade de Suva.<\/p>\n<p>Suva \u00e9 caracterizada por uma composi\u00e7\u00e3o cultural diversificada, predominantemente composta por ind\u00edgenas fijianos e indo-fijianos. A cidade abriga uma variedade de minorias \u00e9tnicas, como rotumanos, lauanos, europeus e chineses. A diversidade lingu\u00edstica em Suva \u00e9 evidente, com o ingl\u00eas, o fijiano e o hindi fijiano como l\u00ednguas predominantes.<\/p>\n<p>A cidade serve como um importante polo educacional, abrigando o campus principal da Universidade do Pac\u00edfico Sul (USP). Esta institui\u00e7\u00e3o atrai estudantes de diversas regi\u00f5es do Pac\u00edfico, refor\u00e7ando assim a diversidade cultural de Suva. O Museu de Fiji, situado nos Jardins Thurston, oferece uma vis\u00e3o geral da extensa hist\u00f3ria e cultura de Fiji, contendo o maior acervo de artefatos fijianos do mundo.<\/p>\n<p>O surgimento de shopping centers contempor\u00e2neos como o Suva Central Shopping Mall e o TappooCity, que conferem \u00e0 cidade uma est\u00e9tica moderna, caracteriza a paisagem urbana de Suva como estando em constante evolu\u00e7\u00e3o. A integra\u00e7\u00e3o desses empreendimentos com \u00e1reas comerciais tradicionais como a Cumming Street cria uma justaposi\u00e7\u00e3o de elementos hist\u00f3ricos e contempor\u00e2neos, contribuindo para o status de Suva como um centro urbano din\u00e2mico e sofisticado.<\/p>","protected":false},"excerpt":{"rendered":"<p>Suva \u00e9 a capital e a maior cidade de Fiji. Funciona como o centro da maior regi\u00e3o metropolitana do pa\u00eds e opera como seu principal porto. Suva, localizada na costa sudeste de Viti Levu, a maior ilha de Fiji, est\u00e1 situada na Prov\u00edncia de Rewa, na Divis\u00e3o Central. Esta cidade representa uma combina\u00e7\u00e3o de import\u00e2ncia hist\u00f3rica e vitalidade contempor\u00e2nea, consolidando-se como um local crucial no Pac\u00edfico Sul.<\/p>","protected":false},"author":1,"featured_media":3855,"parent":9785,"menu_order":0,"comment_status":"closed","ping_status":"closed","template":"elementor_theme","meta":{"_eb_attr":"","footnotes":""},"class_list":["post-9800","page","type-page","status-publish","has-post-thumbnail"],"_links":{"self":[{"href":"https:\/\/travelshelper.com\/pt\/wp-json\/wp\/v2\/pages\/9800","targetHints":{"allow":["GET"]}}],"collection":[{"href":"https:\/\/travelshelper.com\/pt\/wp-json\/wp\/v2\/pages"}],"about":[{"href":"https:\/\/travelshelper.com\/pt\/wp-json\/wp\/v2\/types\/page"}],"author":[{"embeddable":true,"href":"https:\/\/travelshelper.com\/pt\/wp-json\/wp\/v2\/users\/1"}],"replies":[{"embeddable":true,"href":"https:\/\/travelshelper.com\/pt\/wp-json\/wp\/v2\/comments?post=9800"}],"version-history":[{"count":0,"href":"https:\/\/travelshelper.com\/pt\/wp-json\/wp\/v2\/pages\/9800\/revisions"}],"up":[{"embeddable":true,"href":"https:\/\/travelshelper.com\/pt\/wp-json\/wp\/v2\/pages\/9785"}],"wp:featuredmedia":[{"embeddable":true,"href":"https:\/\/travelshelper.com\/pt\/wp-json\/wp\/v2\/media\/3855"}],"wp:attachment":[{"href":"https:\/\/travelshelper.com\/pt\/wp-json\/wp\/v2\/media?parent=9800"}],"curies":[{"name":"wp","href":"https:\/\/api.w.org\/{rel}","templated":true}]}}