{"id":9779,"date":"2024-09-08T23:26:08","date_gmt":"2024-09-08T23:26:08","guid":{"rendered":"https:\/\/travelshelper.com\/staging\/?page_id=9779"},"modified":"2026-03-13T23:07:55","modified_gmt":"2026-03-13T23:07:55","slug":"honiara","status":"publish","type":"page","link":"https:\/\/travelshelper.com\/pt\/destinations\/australia-and-oceania\/solomon-islands\/honiara\/","title":{"rendered":"Honiara"},"content":{"rendered":"<p>Honiara, a movimentada capital das Ilhas Salom\u00e3o, est\u00e1 localizada na costa norte de Guadalcanal. A principal cidade das Ilhas Salom\u00e3o, Honiara, \u00e9 famosa por seu rico passado e cultura diversificada. A popula\u00e7\u00e3o atual \u00e9 de 92.344 habitantes. Esta cidade vibrante \u00e9 um fervilhante centro de atividades, com uma combina\u00e7\u00e3o \u00fanica de valor hist\u00f3rico e expans\u00e3o moderna.<\/p>\n<p>Estrategicamente posicionada ao longo da Rodovia Kukum, Honiara \u00e9 facilmente acess\u00edvel por via a\u00e9rea e mar\u00edtima. Importantes centros de transporte nacionais e internacionais, que permitem o fluxo de pessoas e produtos, incluem o Aeroporto Internacional de Honiara e o Porto Mar\u00edtimo de Point Cruz. Estabelecida como territ\u00f3rio capital em 1983, a cidade ostenta uma \u00e1rea metropolitana de 22 quil\u00f4metros quadrados. Atualmente, Honiara \u00e9 a capital da prov\u00edncia de Guadalcanal e possui autonomia provincial.<\/p>\n<p>Grandes eventos hist\u00f3ricos \u2014 especialmente a Segunda Guerra Mundial \u2014 moldaram irreversivelmente a hist\u00f3ria de Honiara. Durante a Campanha de Guadalcanal, especialmente a Batalha de Henderson Field, em 1942, a \u00e1rea leste do aer\u00f3dromo da cidade foi um local vital. Tropas americanas e japonesas se engajaram nessa luta, com as primeiras vencendo. Sendo um ponto de virada que finalmente resultou no triunfo dos Aliados, essa vit\u00f3ria foi crucial na regi\u00e3o do Pac\u00edfico da guerra.<\/p>\n<p>Ap\u00f3s a guerra, o papel de Honiara mudou quando se tornou a nova sede administrativa do Protetorado Brit\u00e2nico das Ilhas Salom\u00e3o em 1952. A constru\u00e7\u00e3o de v\u00e1rios pr\u00e9dios governamentais destacou essa mudan\u00e7a e acelerou o crescimento populacional e o desenvolvimento municipal.<\/p>\n<p>Apesar de sua expans\u00e3o, Honiara enfrentou muitos desafios, incluindo instabilidade pol\u00edtica e viol\u00eancia \u00e9tnica. O in\u00edcio dos anos 2000 e o final dos anos 1990 foram um tanto turbulentos. Representando alternadamente os malaitanos e os moradores de Guadalcanal, a For\u00e7a \u00c1guia Malaita (MEF) e o Movimento pela Liberdade de Isatabu (IFM) travaram batalhas mortais ap\u00f3s uma tentativa de golpe em junho de 2000. Embora um pacto de paz tenha sido firmado em outubro de 2000, a viol\u00eancia eclodiu novamente em mar\u00e7o de 2002, matando dois diplomatas neozelandeses e muitos outros.<\/p>\n<p>A situa\u00e7\u00e3o havia se agravado ainda mais em julho de 2003; por isso, o Governo das Ilhas Salom\u00e3o solicitou \u00e0 Miss\u00e3o Regional de Assist\u00eancia \u00e0s Ilhas Salom\u00e3o (RAMSI) aux\u00edlio para o restabelecimento da paz. Essa miss\u00e3o, que inclu\u00eda diversas na\u00e7\u00f5es do Pac\u00edfico e a Austr\u00e1lia como l\u00edder, foi crucial para o restabelecimento da estabilidade regional.<\/p>\n<p>Ap\u00f3s a nomea\u00e7\u00e3o de Snyder Rini como primeiro-ministro, Honiara passou por outro per\u00edodo de turbul\u00eancia em 2006. Revoltas eclodiram, demolindo partes da Chinatown e deixando cerca de 1.000 moradores chineses desabrigados. O turismo \u00e9 um setor importante para a cidade e as ilhas; portanto, esses eventos tiveram um grande impacto sobre ela.<\/p>\n<p>A maioria dos pr\u00e9dios governamentais e institui\u00e7\u00f5es das Ilhas Salom\u00e3o est\u00e1 localizada em Honiara. O Parlamento Nacional, a Faculdade de Educa\u00e7\u00e3o Superior das Ilhas Salom\u00e3o e o campus da Universidade do Pac\u00edfico Sul nas Ilhas Salom\u00e3o tamb\u00e9m est\u00e3o localizados na cidade. Importantes atra\u00e7\u00f5es culturais e comerciais tamb\u00e9m s\u00e3o o museu nacional e o movimentado Mercado de Honiara.<\/p>\n<p>Honiara Oriental, Honiara Central e Honiara Ocidental s\u00e3o tr\u00eas assentos parlamentares. Honiara tem tr\u00eas c\u00edrculos eleitorais parlamentares: entre os seis no pa\u00eds com eleitorados de mais de 10.000 pessoas, esses assentos refletem a import\u00e2ncia pol\u00edtica da cidade.<\/p>\n<p>Embora muitas outras religi\u00f5es estejam representadas, o ambiente religioso de Honiara \u00e9 essencialmente crist\u00e3o. Entre outras coisas, a cidade abriga a sede da Arquidiocese Cat\u00f3lica Romana de Honiara, a Igreja Evang\u00e9lica dos Mares do Sul, a Igreja Unida, a Igreja da Prov\u00edncia da Melan\u00e9sia (Anglicana) e a Igreja Adventista do S\u00e9timo Dia. Essa variedade reflete o tecido cultural mais amplo das Ilhas Salom\u00e3o, que combina aspectos modernos e tradicionais.<\/p>","protected":false},"excerpt":{"rendered":"<p>Honiara, a movimentada capital das Ilhas Salom\u00e3o, est\u00e1 localizada na costa norte de Guadalcanal. A principal cidade das Ilhas Salom\u00e3o, Honiara, \u00e9 famosa por seu rico passado e cultura diversificada. A popula\u00e7\u00e3o atual \u00e9 de 92.344 habitantes. Esta cidade vibrante \u00e9 um fervilhante centro de atividades, com uma combina\u00e7\u00e3o \u00fanica de valor hist\u00f3rico e expans\u00e3o moderna.<\/p>","protected":false},"author":1,"featured_media":3238,"parent":9773,"menu_order":0,"comment_status":"closed","ping_status":"closed","template":"elementor_theme","meta":{"_eb_attr":"","footnotes":""},"class_list":["post-9779","page","type-page","status-publish","has-post-thumbnail"],"_links":{"self":[{"href":"https:\/\/travelshelper.com\/pt\/wp-json\/wp\/v2\/pages\/9779","targetHints":{"allow":["GET"]}}],"collection":[{"href":"https:\/\/travelshelper.com\/pt\/wp-json\/wp\/v2\/pages"}],"about":[{"href":"https:\/\/travelshelper.com\/pt\/wp-json\/wp\/v2\/types\/page"}],"author":[{"embeddable":true,"href":"https:\/\/travelshelper.com\/pt\/wp-json\/wp\/v2\/users\/1"}],"replies":[{"embeddable":true,"href":"https:\/\/travelshelper.com\/pt\/wp-json\/wp\/v2\/comments?post=9779"}],"version-history":[{"count":0,"href":"https:\/\/travelshelper.com\/pt\/wp-json\/wp\/v2\/pages\/9779\/revisions"}],"up":[{"embeddable":true,"href":"https:\/\/travelshelper.com\/pt\/wp-json\/wp\/v2\/pages\/9773"}],"wp:featuredmedia":[{"embeddable":true,"href":"https:\/\/travelshelper.com\/pt\/wp-json\/wp\/v2\/media\/3238"}],"wp:attachment":[{"href":"https:\/\/travelshelper.com\/pt\/wp-json\/wp\/v2\/media?parent=9779"}],"curies":[{"name":"wp","href":"https:\/\/api.w.org\/{rel}","templated":true}]}}