{"id":9773,"date":"2024-09-08T23:18:28","date_gmt":"2024-09-08T23:18:28","guid":{"rendered":"https:\/\/travelshelper.com\/staging\/?page_id=9773"},"modified":"2026-03-13T23:08:16","modified_gmt":"2026-03-13T23:08:16","slug":"ilhas-salomao","status":"publish","type":"page","link":"https:\/\/travelshelper.com\/pt\/destinations\/australia-and-oceania\/solomon-islands\/","title":{"rendered":"Ilhas Salom\u00e3o"},"content":{"rendered":"<p>As Ilhas Salom\u00e3o, tamb\u00e9m conhecidas como Ilhas Salom\u00e3o, s\u00e3o um belo pa\u00eds localizado no cora\u00e7\u00e3o da Melan\u00e9sia, parte da regi\u00e3o da Oceania, a nordeste da Austr\u00e1lia. Composto por 21 ilhas de grande porte, cada uma com mais de 100 quil\u00f4metros quadrados, este arquip\u00e9lago inclui Guadalcanal, Malaita, Makira e Santa Isabel. Al\u00e9m dessas vastas extens\u00f5es de terra, as Ilhas Salom\u00e3o s\u00e3o cercadas por cerca de 900 ilhas menores, criando assim uma rica e complexa tape\u00e7aria de terra e mar. De Papua Nova Guin\u00e9 a oeste, Austr\u00e1lia a sudoeste, Nova Caled\u00f4nia e Vanuatu a sudeste, Fiji, Wallis e Futuna e Tuvalu a leste, as Ilhas Salom\u00e3o est\u00e3o geograficamente pr\u00f3ximas de muitas outras na\u00e7\u00f5es, incluindo Nauru e os Estados Federados da Micron\u00e9sia ao norte.<\/p>\n<p>Com uma \u00e1rea total de 28.896 quil\u00f4metros quadrados (11.157 milhas quadradas), as Ilhas Salom\u00e3o projetam uma popula\u00e7\u00e3o de 734.887 habitantes em meados de 2023. Localizadas na maior ilha, Guadalcanal, Honiara, a capital, \u00e9 o centro pol\u00edtico e econ\u00f4mico do pa\u00eds. O nome &#034;Ilhas Salom\u00e3o&#034; descreve todo o arquip\u00e9lago das Ilhas Salom\u00e3o, que compreende a Regi\u00e3o Aut\u00f4noma de Bougainville, atualmente parte da Papua-Nova Guin\u00e9, mas exclui as Ilhas de Santa Cruz.<\/p>\n<p>Entre 30.000 e 28.800 a.C., os humanos come\u00e7aram a viver nestas ilhas; muitas ondas migrat\u00f3rias ajudaram a criar a mistura gen\u00e9tica que define a popula\u00e7\u00e3o ind\u00edgena atual. Entre esses primeiros imigrantes estava o povo Lapita, famoso por sua cer\u00e2mica e habilidades \u00fanicas de navega\u00e7\u00e3o, que ajudaram a definir o cen\u00e1rio cultural das ilhas.<\/p>\n<p>O explorador espanhol \u00c1lvaro de Menda\u00f1a chegou \u00e0s Ilhas Salom\u00e3o pela primeira vez entre os europeus em 1568. Menda\u00f1a n\u00e3o nomeou as ilhas; outros que escreveram sobre sua descoberta passaram a se referir a elas como &#034;as Ilhas Salom\u00e3o&#034;. Menda\u00f1a voltou \u00e0s ilhas em 1595, e ent\u00e3o outra expedi\u00e7\u00e3o espanhola liderada pelo navegador portugu\u00eas Pedro Fernandes de Queir\u00f3s chegou em 1606.<\/p>\n<p>As ilhas tiveram uma relev\u00e2ncia estrat\u00e9gica bastante evidente durante a Segunda Guerra Mundial. De 1942 a 1945, a Campanha das Ilhas Salom\u00e3o foi um conjunto crucial de confrontos entre as for\u00e7as aliadas \u2014 principalmente dos Estados Unidos e do Imp\u00e9rio Brit\u00e2nico \u2014 e o Imp\u00e9rio do Jap\u00e3o. A Batalha de Guadalcanal, em particular, foi um ponto de virada no teatro de opera\u00e7\u00f5es do Pac\u00edfico, uma vez que combates ferozes ressaltaram a import\u00e2ncia vital das ilhas na guerra.<\/p>\n<p>O sul das Ilhas Salom\u00e3o tornou-se um protetorado brit\u00e2nico em junho de 1893, sob o comando do Capit\u00e3o Herbert Gibson, do HMS Curacoa. A era colonial come\u00e7aria aqui e se estenderia at\u00e9 meados do s\u00e9culo XX. Aproximando-se da autogovernan\u00e7a, o governo brit\u00e2nico mudou seu nome oficial de &#034;Protetorado Brit\u00e2nico das Ilhas Salom\u00e3o&#034; para &#034;Ilhas Salom\u00e3o&#034;, em 1975. Esse processo atingiu o \u00e1pice em 1976, quando as ilhas conquistaram a autogovernan\u00e7a; a independ\u00eancia definitiva subsequente veio em 1978. Uma vez independente, a na\u00e7\u00e3o adotou o nome &#034;Ilhas Salom\u00e3o&#034;, abandonou o artigo definido e passou a ser conhecida como uma monarquia constitucional.<\/p>\n<p>As Ilhas Salom\u00e3o reconhecem hoje Carlos III como seu rei; o rei \u00e9 representado localmente por um governador-geral escolhido por recomenda\u00e7\u00e3o do Primeiro-Ministro. Ao mesmo tempo em que confere \u00e0s ilhas sua pr\u00f3pria identidade nacional, essa estrutura pol\u00edtica reconhece seus la\u00e7os hist\u00f3ricos com a Coroa Brit\u00e2nica. Baseadas em sua rica hist\u00f3ria, culturas variadas e localiza\u00e7\u00e3o privilegiada no Oceano Pac\u00edfico, as Ilhas Salom\u00e3o ainda enfrentam desafios e oportunidades contempor\u00e2neos.<\/p>","protected":false},"excerpt":{"rendered":"<p>As Ilhas Salom\u00e3o, tamb\u00e9m conhecidas como Ilhas Salom\u00e3o, s\u00e3o um belo pa\u00eds localizado no cora\u00e7\u00e3o da Melan\u00e9sia, parte da regi\u00e3o da Oceania, a nordeste da Austr\u00e1lia. Composto por 21 ilhas de grande porte, cada uma com mais de 100 quil\u00f4metros quadrados, este arquip\u00e9lago inclui Guadalcanal, Malaita, Makira e Santa Isabel. Al\u00e9m dessas vastas extens\u00f5es de terra, as Ilhas Salom\u00e3o s\u00e3o cercadas por cerca de 900 ilhas menores, criando assim uma rica e complexa tape\u00e7aria de terra e mar. De Papua Nova Guin\u00e9 a oeste, Austr\u00e1lia a sudoeste, Nova Caled\u00f4nia e Vanuatu a sudeste, Fiji, Wallis e Futuna e Tuvalu a leste, as Ilhas Salom\u00e3o est\u00e3o geograficamente pr\u00f3ximas de muitas outras na\u00e7\u00f5es, incluindo Nauru e os Estados Federados da Micron\u00e9sia ao norte.<\/p>","protected":false},"author":1,"featured_media":2859,"parent":24105,"menu_order":0,"comment_status":"closed","ping_status":"closed","template":"elementor_theme","meta":{"_eb_attr":"","footnotes":""},"class_list":["post-9773","page","type-page","status-publish","has-post-thumbnail"],"_links":{"self":[{"href":"https:\/\/travelshelper.com\/pt\/wp-json\/wp\/v2\/pages\/9773","targetHints":{"allow":["GET"]}}],"collection":[{"href":"https:\/\/travelshelper.com\/pt\/wp-json\/wp\/v2\/pages"}],"about":[{"href":"https:\/\/travelshelper.com\/pt\/wp-json\/wp\/v2\/types\/page"}],"author":[{"embeddable":true,"href":"https:\/\/travelshelper.com\/pt\/wp-json\/wp\/v2\/users\/1"}],"replies":[{"embeddable":true,"href":"https:\/\/travelshelper.com\/pt\/wp-json\/wp\/v2\/comments?post=9773"}],"version-history":[{"count":0,"href":"https:\/\/travelshelper.com\/pt\/wp-json\/wp\/v2\/pages\/9773\/revisions"}],"up":[{"embeddable":true,"href":"https:\/\/travelshelper.com\/pt\/wp-json\/wp\/v2\/pages\/24105"}],"wp:featuredmedia":[{"embeddable":true,"href":"https:\/\/travelshelper.com\/pt\/wp-json\/wp\/v2\/media\/2859"}],"wp:attachment":[{"href":"https:\/\/travelshelper.com\/pt\/wp-json\/wp\/v2\/media?parent=9773"}],"curies":[{"name":"wp","href":"https:\/\/api.w.org\/{rel}","templated":true}]}}