{"id":9692,"date":"2024-09-08T21:38:41","date_gmt":"2024-09-08T21:38:41","guid":{"rendered":"https:\/\/travelshelper.com\/staging\/?page_id=9692"},"modified":"2026-03-13T23:02:05","modified_gmt":"2026-03-13T23:02:05","slug":"nova-zelandia","status":"publish","type":"page","link":"https:\/\/travelshelper.com\/pt\/destinations\/australia-and-oceania\/new-zealand\/","title":{"rendered":"Nova Zel\u00e2ndia"},"content":{"rendered":"<p>A Nova Zel\u00e2ndia, chamada de Aotearoa em maori, \u00e9 uma intrigante na\u00e7\u00e3o insular situada no sudoeste do Oceano Pac\u00edfico. \u00c9 famosa por suas paisagens de tirar o f\u00f4lego e seu profundo legado cultural. Composta por duas massas de terra principais \u2014 a Ilha Norte (Te Ika-a-M\u0101ui) e a Ilha Sul (Te Waipounamu) \u2014 e mais de 700 ilhas menores, a Nova Zel\u00e2ndia \u00e9 a sexta maior na\u00e7\u00e3o insular em \u00e1rea. Localizada a leste da Austr\u00e1lia, atrav\u00e9s do Mar da Tasm\u00e2nia e ao sul da Nova Caled\u00f4nia, Fiji e Tonga, apresenta uma paisagem variada marcada por picos montanhosos proeminentes, especialmente os impressionantes Alpes do Sul. Essa geografia distinta resulta principalmente da eleva\u00e7\u00e3o tect\u00f4nica e da atividade vulc\u00e2nica que esculpiram o terreno ao longo de milh\u00f5es de anos.<\/p>\n<p>A capital da Nova Zel\u00e2ndia \u00e9 Wellington, embora Auckland seja a cidade mais populosa. Essas \u00e1reas metropolitanas s\u00e3o centros vibrantes de cultura e com\u00e9rcio, personificando a identidade din\u00e2mica e crescente da na\u00e7\u00e3o. Apesar de seu status contempor\u00e2neo, a Nova Zel\u00e2ndia foi a \u00faltima grande massa de terra a ser habitada por humanos. De 1280 a 1350, navegadores polin\u00e9sios come\u00e7aram a colonizar as ilhas, cultivando, em \u00faltima an\u00e1lise, a cultura maori \u00fanica que continua sendo um aspecto essencial da identidade da Nova Zel\u00e2ndia at\u00e9 hoje.<\/p>\n<p>A descoberta europeia da Nova Zel\u00e2ndia come\u00e7ou com o aventureiro holand\u00eas Abel Tasman em 1642, que foi o primeiro europeu a observar e documentar as ilhas. Foi somente em 1769 que o Capit\u00e3o James Cook, um explorador brit\u00e2nico, chegou e mapeou a Nova Zel\u00e2ndia, facilitando contatos subsequentes e a eventual coloniza\u00e7\u00e3o. O Tratado de Waitangi, assinado em 1840 entre delegados do Reino Unido e chefes maoris, representou um momento crucial na hist\u00f3ria da Nova Zel\u00e2ndia. Este tratado estabeleceu as bases para a soberania brit\u00e2nica e a cria\u00e7\u00e3o da Col\u00f4nia da Coroa da Nova Zel\u00e2ndia em 1841. Posteriormente, a era foi caracterizada por disputas entre a administra\u00e7\u00e3o colonial e as tribos maoris, levando \u00e0 aliena\u00e7\u00e3o e apropria\u00e7\u00e3o de consider\u00e1vel territ\u00f3rio maori.<\/p>\n<p>A progress\u00e3o da Nova Zel\u00e2ndia rumo \u00e0 independ\u00eancia foi gradual. O pa\u00eds alcan\u00e7ou o status de dom\u00ednio em 1907 e conquistou a independ\u00eancia formal completa em 1947, mantendo o monarca brit\u00e2nico como chefe de Estado. Atualmente, a Nova Zel\u00e2ndia \u00e9 um pa\u00eds din\u00e2mico e cosmopolita, com uma popula\u00e7\u00e3o de cerca de 5,25 milh\u00f5es de habitantes. A popula\u00e7\u00e3o predominante \u00e9 de ascend\u00eancia europeia, com os ind\u00edgenas maoris constituindo o maior grupo minorit\u00e1rio, seguidos pelas minorias asi\u00e1tica e pasifika. O diversificado cen\u00e1rio demogr\u00e1fico \u00e9 vis\u00edvel na cultura da Nova Zel\u00e2ndia, que se origina predominantemente dos costumes maoris e dos primeiros colonizadores brit\u00e2nicos, juntamente com os impactos contempor\u00e2neos do aumento da imigra\u00e7\u00e3o.<\/p>\n<p>O pa\u00eds reconhece tr\u00eas l\u00ednguas oficiais: ingl\u00eas, maori e a l\u00edngua de sinais da Nova Zel\u00e2ndia, sendo o ingl\u00eas a l\u00edngua predominante. A Nova Zel\u00e2ndia, como uma na\u00e7\u00e3o avan\u00e7ada, tem sido l\u00edder em avan\u00e7o social. Foi a primeira na\u00e7\u00e3o a estabelecer um sal\u00e1rio m\u00ednimo e a conferir sufr\u00e1gio \u00e0s mulheres. O pa\u00eds alcan\u00e7a consistentemente altas classifica\u00e7\u00f5es em avalia\u00e7\u00f5es globais de qualidade de vida e direitos humanos, e \u00e9 reconhecido por possuir um dos menores n\u00edveis de percep\u00e7\u00e3o de corrup\u00e7\u00e3o do mundo. No entanto, persiste em lidar com disparidades estruturais, especialmente entre sua demografia maori e europeia.<\/p>\n<p>Durante a d\u00e9cada de 1980, a Nova Zel\u00e2ndia passou por transforma\u00e7\u00f5es econ\u00f4micas substanciais, passando de uma economia protecionista para uma economia liberalizada e de livre com\u00e9rcio. O setor de servi\u00e7os predomina na economia nacional, seguido pelo setor industrial e pela agricultura. O turismo internacional \u00e9 uma fonte vital de renda. A Nova Zel\u00e2ndia participa ativamente de diversas organiza\u00e7\u00f5es internacionais, como as Na\u00e7\u00f5es Unidas, a Comunidade das Na\u00e7\u00f5es, a ANZUS e a Coopera\u00e7\u00e3o Econ\u00f4mica \u00c1sia-Pac\u00edfico. Mant\u00e9m la\u00e7os notavelmente fortes com os Estados Unidos, o Reino Unido e outras na\u00e7\u00f5es do Pac\u00edfico, abrangendo uma identidade distinta &#034;Trans-Tasman&#034; compartilhada com a Austr\u00e1lia.<\/p>\n<p>A Nova Zel\u00e2ndia funciona dentro de um sistema parlamentar caracterizado por uma legislatura unicameral. A administra\u00e7\u00e3o \u00e9 chefiada pelo Primeiro-Ministro Christopher Luxon. O soberano da na\u00e7\u00e3o \u00e9 o Rei Carlos III, representado localmente pela Governadora-Geral Cindy Kiro. A Nova Zel\u00e2ndia est\u00e1 dividida em 11 conselhos regionais e 67 autoridades territoriais para a governan\u00e7a local. O territ\u00f3rio da Nova Zel\u00e2ndia abrange n\u00e3o apenas suas ilhas principais, mas tamb\u00e9m Tokelau, as Ilhas Cook, Niue e a Depend\u00eancia de Ross, na Ant\u00e1rtida.<\/p>","protected":false},"excerpt":{"rendered":"<p>A Nova Zel\u00e2ndia, chamada de Aotearoa em maori, \u00e9 uma intrigante na\u00e7\u00e3o insular situada no sudoeste do Oceano Pac\u00edfico. \u00c9 famosa por suas paisagens de tirar o f\u00f4lego e seu profundo legado cultural. Composta por duas massas de terra principais \u2014 a Ilha Norte (Te Ika-a-M\u0101ui) e a Ilha Sul (Te Waipounamu) \u2014 e mais de 700 ilhas menores, a Nova Zel\u00e2ndia \u00e9 a sexta maior na\u00e7\u00e3o insular em \u00e1rea. Localizada a leste da Austr\u00e1lia, atrav\u00e9s do Mar da Tasm\u00e2nia e ao sul da Nova Caled\u00f4nia, Fiji e Tonga, apresenta uma paisagem variada marcada por picos montanhosos proeminentes, especialmente os impressionantes Alpes do Sul. Essa geografia distinta resulta principalmente da eleva\u00e7\u00e3o tect\u00f4nica e da atividade vulc\u00e2nica que esculpiram o terreno ao longo de milh\u00f5es de anos.<\/p>","protected":false},"author":1,"featured_media":4203,"parent":24105,"menu_order":0,"comment_status":"closed","ping_status":"closed","template":"elementor_theme","meta":{"_eb_attr":"","footnotes":""},"class_list":["post-9692","page","type-page","status-publish","has-post-thumbnail"],"_links":{"self":[{"href":"https:\/\/travelshelper.com\/pt\/wp-json\/wp\/v2\/pages\/9692","targetHints":{"allow":["GET"]}}],"collection":[{"href":"https:\/\/travelshelper.com\/pt\/wp-json\/wp\/v2\/pages"}],"about":[{"href":"https:\/\/travelshelper.com\/pt\/wp-json\/wp\/v2\/types\/page"}],"author":[{"embeddable":true,"href":"https:\/\/travelshelper.com\/pt\/wp-json\/wp\/v2\/users\/1"}],"replies":[{"embeddable":true,"href":"https:\/\/travelshelper.com\/pt\/wp-json\/wp\/v2\/comments?post=9692"}],"version-history":[{"count":0,"href":"https:\/\/travelshelper.com\/pt\/wp-json\/wp\/v2\/pages\/9692\/revisions"}],"up":[{"embeddable":true,"href":"https:\/\/travelshelper.com\/pt\/wp-json\/wp\/v2\/pages\/24105"}],"wp:featuredmedia":[{"embeddable":true,"href":"https:\/\/travelshelper.com\/pt\/wp-json\/wp\/v2\/media\/4203"}],"wp:attachment":[{"href":"https:\/\/travelshelper.com\/pt\/wp-json\/wp\/v2\/media?parent=9692"}],"curies":[{"name":"wp","href":"https:\/\/api.w.org\/{rel}","templated":true}]}}