{"id":9661,"date":"2024-09-08T21:01:07","date_gmt":"2024-09-08T21:01:07","guid":{"rendered":"https:\/\/travelshelper.com\/staging\/?page_id=9661"},"modified":"2026-03-13T23:10:04","modified_gmt":"2026-03-13T23:10:04","slug":"papua-nova-guine","status":"publish","type":"page","link":"https:\/\/travelshelper.com\/pt\/destinations\/australia-and-oceania\/papua-new-guinea\/","title":{"rendered":"Papua-Nova Guin\u00e9"},"content":{"rendered":"<p>Uma na\u00e7\u00e3o intrigante, Papua-Nova Guin\u00e9, tamb\u00e9m conhecida como Estado Independente de Papua-Nova Guin\u00e9, est\u00e1 localizada na Oceania. Juntamente com a metade oriental da ilha da Nova Guin\u00e9, compreende v\u00e1rias ilhas costeiras na Melan\u00e9sia, uma \u00e1rea do sudoeste do Oceano Pac\u00edfico ao norte da Austr\u00e1lia. A localiza\u00e7\u00e3o estrat\u00e9gica de Papua-Nova Guin\u00e9 a coloca perto de v\u00e1rios vizinhos importantes: a Austr\u00e1lia ao sul, as Ilhas Salom\u00e3o a leste e a Indon\u00e9sia a oeste. Port Moresby, na costa sul, \u00e9 a capital da na\u00e7\u00e3o e centro de sua pol\u00edtica e neg\u00f3cios.<\/p>\n<p>Terceira maior na\u00e7\u00e3o insular do mundo, Papua-Nova Guin\u00e9 tem 462.840 quil\u00f4metros quadrados (178.700 milhas quadradas). De manguezais e praias costeiras a colinas \u00edngremes e florestas tropicais densas, muitos cen\u00e1rios definem esta vasta \u00e1rea. Al\u00e9m de apresentar uma paisagem deslumbrante, a topografia do pa\u00eds \u00e9 crucial para sua diversidade biol\u00f3gica e cultural.<\/p>\n<p>Importantes eventos mundiais e influ\u00eancias coloniais moldaram a hist\u00f3ria da Papua-Nova Guin\u00e9 como pa\u00eds. Na d\u00e9cada de 1880, a Nova Guin\u00e9 Alem\u00e3, ao norte, e o Territ\u00f3rio Brit\u00e2nico de Papua, ao sul, separaram o territ\u00f3rio. Ap\u00f3s a Primeira Guerra Mundial, todo o territ\u00f3rio ficou sob controle australiano, ap\u00f3s o estabelecimento do Territ\u00f3rio da Nova Guin\u00e9 como uma miss\u00e3o da Liga das Na\u00e7\u00f5es, a partir da col\u00f4nia alem\u00e3. Um importante campo de batalha, a na\u00e7\u00e3o testemunhou combates ferozes que marcaram sua hist\u00f3ria contempor\u00e2nea durante a campanha da Nova Guin\u00e9 na Segunda Guerra Mundial.<\/p>\n<p>Ap\u00f3s conquistar a independ\u00eancia em 1975, Papua-Nova Guin\u00e9 tornou-se um pa\u00eds da Commonwealth sob o governo de Elizabeth II. Essa posi\u00e7\u00e3o permaneceu at\u00e9 sua morte em 2022, quando Carlos III a sucedeu. Devido ao seu passado colonial, o sistema pol\u00edtico e a pol\u00edtica externa do pa\u00eds demonstram sua vontade de ser um participante importante em eventos regionais e globais.<\/p>\n<p>Uma das caracter\u00edsticas mais not\u00e1veis \u200b\u200bde Papua-Nova Guin\u00e9 \u00e9 a sua diversidade lingu\u00edstica. Com 840 l\u00ednguas conhecidas, incluindo o ingl\u00eas, este pa\u00eds \u00e9 o mais diversificado linguisticamente do mundo. Essa variedade lingu\u00edstica \u00e9 prova tanto da variedade cultural do pa\u00eds quanto da perseveran\u00e7a de seus povos ind\u00edgenas. Embora haja diversidade, Papua-Nova Guin\u00e9 ainda \u00e9 essencialmente uma na\u00e7\u00e3o rural; apenas 13,25% da popula\u00e7\u00e3o residia em cidades em 2019. Viver em aldeias tradicionais ajuda a maior parte da popula\u00e7\u00e3o a manter estilos de vida tradicionais que s\u00e3o vitais para sua estrutura social e identidade.<\/p>\n<p>Em termos populacionais, Papua-Nova Guin\u00e9 ostenta a maior popula\u00e7\u00e3o entre todas as na\u00e7\u00f5es insulares do Pac\u00edfico. As previs\u00f5es para dezembro de 2022 indicam que a popula\u00e7\u00e3o pode estar mais pr\u00f3xima de 17 milh\u00f5es do que a estimativa anterior do governo, de 9,4 milh\u00f5es. Essa diferen\u00e7a destaca o qu\u00e3o desafiador \u00e9 contabilizar uma na\u00e7\u00e3o com uma topografia t\u00e3o variada e complexa. A gest\u00e3o de recursos e o desenvolvimento s\u00e3o amplamente influenciados pela forma como a popula\u00e7\u00e3o do pa\u00eds cresce e se espalha.<\/p>\n<p>A grande abund\u00e2ncia de animais de Papua-Nova Guin\u00e9 \u00e9 outro atributo bem conhecido. Algumas estimativas colocam os variados ecossistemas do pa\u00eds como lar de muitas esp\u00e9cies vegetais e animais desconhecidas, o que o torna um local desej\u00e1vel para estudos biol\u00f3gicos e programas de conserva\u00e7\u00e3o. Essa riqueza natural \u00e9 tanto um benef\u00edcio quanto um problema, pois exige uma gest\u00e3o cuidadosa para conciliar a preserva\u00e7\u00e3o ecol\u00f3gica com o crescimento econ\u00f4mico.<\/p>\n<p>O Fundo Monet\u00e1rio Internacional classifica a economia de Papua-Nova Guin\u00e9 como em desenvolvimento. Cerca de 40% da popula\u00e7\u00e3o trabalha como agricultores de subsist\u00eancia, essencialmente fora do sistema monet\u00e1rio. Reconhecendo e defendendo especificamente esse modo de vida tradicional, a Constitui\u00e7\u00e3o de Papua-Nova Guin\u00e9 enfatiza o valor das aldeias e comunidades tradicionais como entidades sociais funcionais. Esse reconhecimento constitucional destaca a import\u00e2ncia das estruturas sociais ind\u00edgenas na defini\u00e7\u00e3o permanente da identidade e do governo da na\u00e7\u00e3o.<\/p>\n<p>No cen\u00e1rio mundial, Papua-Nova Guin\u00e9 participa ativamente de diversas organiza\u00e7\u00f5es regionais e internacionais. Originalmente um estado observador desde 1976, solicitou a ades\u00e3o plena \u00e0 Associa\u00e7\u00e3o das Na\u00e7\u00f5es do Sudeste Asi\u00e1tico (ASEAN). Entre os membros plenos reconhecidos pela Comunidade do Pac\u00edfico, F\u00f3rum das Ilhas do Pac\u00edfico, Comunidade das Na\u00e7\u00f5es e Na\u00e7\u00f5es Unidas est\u00e3o. Esses la\u00e7os demonstram o comprometimento de Papua-Nova Guin\u00e9 com a coopera\u00e7\u00e3o regional e o quanto deseja influenciar os assuntos mundiais.<\/p>","protected":false},"excerpt":{"rendered":"<p>Uma na\u00e7\u00e3o intrigante, Papua-Nova Guin\u00e9, tamb\u00e9m conhecida como Estado Independente de Papua-Nova Guin\u00e9, est\u00e1 localizada na Oceania. Juntamente com a metade oriental da ilha da Nova Guin\u00e9, compreende v\u00e1rias ilhas costeiras na Melan\u00e9sia, uma \u00e1rea do sudoeste do Oceano Pac\u00edfico ao norte da Austr\u00e1lia. A localiza\u00e7\u00e3o estrat\u00e9gica de Papua-Nova Guin\u00e9 a coloca perto de v\u00e1rios vizinhos importantes: a Austr\u00e1lia ao sul, as Ilhas Salom\u00e3o a leste e a Indon\u00e9sia a oeste. Port Moresby, na costa sul, \u00e9 a capital da na\u00e7\u00e3o e centro de sua pol\u00edtica e neg\u00f3cios.<\/p>","protected":false},"author":1,"featured_media":3890,"parent":24105,"menu_order":0,"comment_status":"closed","ping_status":"closed","template":"elementor_theme","meta":{"_eb_attr":"","footnotes":""},"class_list":["post-9661","page","type-page","status-publish","has-post-thumbnail"],"_links":{"self":[{"href":"https:\/\/travelshelper.com\/pt\/wp-json\/wp\/v2\/pages\/9661","targetHints":{"allow":["GET"]}}],"collection":[{"href":"https:\/\/travelshelper.com\/pt\/wp-json\/wp\/v2\/pages"}],"about":[{"href":"https:\/\/travelshelper.com\/pt\/wp-json\/wp\/v2\/types\/page"}],"author":[{"embeddable":true,"href":"https:\/\/travelshelper.com\/pt\/wp-json\/wp\/v2\/users\/1"}],"replies":[{"embeddable":true,"href":"https:\/\/travelshelper.com\/pt\/wp-json\/wp\/v2\/comments?post=9661"}],"version-history":[{"count":0,"href":"https:\/\/travelshelper.com\/pt\/wp-json\/wp\/v2\/pages\/9661\/revisions"}],"up":[{"embeddable":true,"href":"https:\/\/travelshelper.com\/pt\/wp-json\/wp\/v2\/pages\/24105"}],"wp:featuredmedia":[{"embeddable":true,"href":"https:\/\/travelshelper.com\/pt\/wp-json\/wp\/v2\/media\/3890"}],"wp:attachment":[{"href":"https:\/\/travelshelper.com\/pt\/wp-json\/wp\/v2\/media?parent=9661"}],"curies":[{"name":"wp","href":"https:\/\/api.w.org\/{rel}","templated":true}]}}