{"id":9641,"date":"2024-09-08T20:35:23","date_gmt":"2024-09-08T20:35:23","guid":{"rendered":"https:\/\/travelshelper.com\/staging\/?page_id=9641"},"modified":"2026-03-13T23:10:46","modified_gmt":"2026-03-13T23:10:46","slug":"palau","status":"publish","type":"page","link":"https:\/\/travelshelper.com\/pt\/destinations\/australia-and-oceania\/palau\/","title":{"rendered":"Palau"},"content":{"rendered":"<p>Palau, oficialmente conhecida como Rep\u00fablica de Palau, \u00e9 uma encantadora na\u00e7\u00e3o insular aninhada na sub-regi\u00e3o da Micron\u00e9sia, na Oceania, situada no oeste do Oceano Pac\u00edfico. Composta por cerca de 340 ilhas, esta rep\u00fablica encantada cria um arquip\u00e9lago deslumbrante que abrange a cadeia ocidental das Ilhas Carolinas e \u00e1reas dos Estados Federados da Micron\u00e9sia. Embora pequeno, Palau \u00e9 um pa\u00eds repleto de belezas naturais, hist\u00f3ria e cultura.<\/p>\n<p>Com 466 quil\u00f4metros quadrados (180 milhas quadradas), Palau \u00e9 o quarto menor pa\u00eds do mundo. Embora pequeno em extens\u00e3o territorial, o arquip\u00e9lago oferece paisagens variadas, que v\u00e3o de praias imaculadas a ricas florestas tropicais e recifes de corais vibrantes. Com o mesmo nome, Koror \u00e9 a ilha mais populosa e a maior cidade do pa\u00eds. Dentro do estado de Melekeok, a capital, Ngerulmud, fica na maior ilha, Babeldaob. A localiza\u00e7\u00e3o estrat\u00e9gica de Palau o coloca pr\u00f3ximo a in\u00fameras fronteiras mar\u00edtimas internacionais, compartilhando-as com os Estados Federados da Micron\u00e9sia a leste, a Indon\u00e9sia ao sul e as Filipinas a noroeste.<\/p>\n<p>T\u00e3o rica e variada quanto a topografia de Palau \u00e9 sua hist\u00f3ria. Originalmente colonizada por imigrantes do Sudeste Asi\u00e1tico mar\u00edtimo h\u00e1 aproximadamente 3.000 anos, a distinta tape\u00e7aria cultural das ilhas de Palau originou-se dessa comunidade primitiva. Gra\u00e7as ao trabalho do mission\u00e1rio bo\u00eamio Paul Klein, que registrou as ilhas com base em relatos de n\u00e1ufragos palauenses que chegaram \u00e0 costa filipina em Samar, elas apareceram pela primeira vez em um mapa europeu.<\/p>\n<p>Palau juntou-se \u00e0s \u00cdndias Orientais Espanholas em 1885, iniciando assim a influ\u00eancia europeia. Mas, sob o Tratado Germano-Espanhol, a Alemanha comprou as ilhas da Espanha ap\u00f3s sua derrota na Guerra Hispano-Americana em 1898. Durante todo esse tempo, elas permaneceram sob o dom\u00ednio da Nova Guin\u00e9 Alem\u00e3. Sob o Mandato dos Mares do Sul da Liga das Na\u00e7\u00f5es, as ilhas passaram para o dom\u00ednio japon\u00eas ap\u00f3s a Primeira Guerra Mundial.<\/p>\n<p>Com intensos confrontos entre for\u00e7as americanas e japonesas como parte da campanha das Ilhas Marianas e Palau, a Segunda Guerra Mundial trouxe graves conflitos a Palau. Palau juntou-se ao Territ\u00f3rio Fiduci\u00e1rio das Ilhas do Pac\u00edfico, governado pelos Estados Unidos, em 1947, durante a Segunda Guerra Mundial. Palau optou por n\u00e3o se juntar aos Estados Federados da Micron\u00e9sia em um referendo de 1978, alcan\u00e7ando assim a soberania completa em 1994, sob um Pacto de Livre Associa\u00e7\u00e3o com os Estados Unidos, em uma mudan\u00e7a marcante em dire\u00e7\u00e3o \u00e0 autodetermina\u00e7\u00e3o.<\/p>\n<p>Palau \u00e9 hoje uma rep\u00fablica presidencialista em livre associa\u00e7\u00e3o com os Estados Unidos. Essa liga\u00e7\u00e3o garante que os Estados Unidos forne\u00e7am defesa, recursos financeiros e acesso a servi\u00e7os sociais, criando assim um ambiente pol\u00edtico est\u00e1vel. O Congresso Nacional de Palau, de car\u00e1ter bicameral, possui autoridade legislativa investida e, portanto, \u00e9 fundamental na formula\u00e7\u00e3o das pol\u00edticas do pa\u00eds.<\/p>\n<p>Economicamente, Palau depende principalmente da pesca, da agricultura de subsist\u00eancia e do turismo. A beleza natural de tirar o f\u00f4lego de suas ilhas \u2013 incluindo pontos de mergulho de n\u00edvel internacional \u2013 atrai turistas de todos os cantos. Refletindo a import\u00e2ncia das alian\u00e7as globais para a manuten\u00e7\u00e3o da economia de Palau, uma fra\u00e7\u00e3o consider\u00e1vel de seu Produto Interno Bruto (PIB) prov\u00e9m da ajuda externa. A moeda oficial \u00e9 o d\u00f3lar americano, o que fortalece os la\u00e7os com a economia americana.<\/p>\n<p>Elementos micron\u00e9sios, melan\u00e9sios, asi\u00e1ticos e ocidentais abundam na cultura de Palau. Os palauenses \u00e9tnicos \u2014 que misturam ascend\u00eancia micron\u00e9sia, melan\u00e9sia e austron\u00e9sia \u2014 constituem a maior parte da popula\u00e7\u00e3o. O cen\u00e1rio lingu\u00edstico do pa\u00eds tamb\u00e9m reflete essa variedade cultural. Oficialmente, o ingl\u00eas e o palauano, parte da fam\u00edlia lingu\u00edstica austron\u00e9sia, s\u00e3o reconhecidos como l\u00ednguas regionais, incluindo tamb\u00e9m o japon\u00eas, o sonsorolese e o tobiano, destacando assim o car\u00e1ter cosmopolita do pa\u00eds.<\/p>","protected":false},"excerpt":{"rendered":"<p>Palau, oficialmente conhecida como Rep\u00fablica de Palau, \u00e9 uma encantadora na\u00e7\u00e3o insular aninhada na sub-regi\u00e3o da Micron\u00e9sia, na Oceania, situada no oeste do Oceano Pac\u00edfico. Composta por cerca de 340 ilhas, esta rep\u00fablica encantada cria um arquip\u00e9lago deslumbrante que abrange a cadeia ocidental das Ilhas Carolinas e \u00e1reas dos Estados Federados da Micron\u00e9sia. Embora pequeno, Palau \u00e9 um pa\u00eds repleto de belezas naturais, hist\u00f3ria e cultura.<\/p>","protected":false},"author":1,"featured_media":3589,"parent":24105,"menu_order":0,"comment_status":"closed","ping_status":"closed","template":"elementor_theme","meta":{"_eb_attr":"","footnotes":""},"class_list":["post-9641","page","type-page","status-publish","has-post-thumbnail"],"_links":{"self":[{"href":"https:\/\/travelshelper.com\/pt\/wp-json\/wp\/v2\/pages\/9641","targetHints":{"allow":["GET"]}}],"collection":[{"href":"https:\/\/travelshelper.com\/pt\/wp-json\/wp\/v2\/pages"}],"about":[{"href":"https:\/\/travelshelper.com\/pt\/wp-json\/wp\/v2\/types\/page"}],"author":[{"embeddable":true,"href":"https:\/\/travelshelper.com\/pt\/wp-json\/wp\/v2\/users\/1"}],"replies":[{"embeddable":true,"href":"https:\/\/travelshelper.com\/pt\/wp-json\/wp\/v2\/comments?post=9641"}],"version-history":[{"count":0,"href":"https:\/\/travelshelper.com\/pt\/wp-json\/wp\/v2\/pages\/9641\/revisions"}],"up":[{"embeddable":true,"href":"https:\/\/travelshelper.com\/pt\/wp-json\/wp\/v2\/pages\/24105"}],"wp:featuredmedia":[{"embeddable":true,"href":"https:\/\/travelshelper.com\/pt\/wp-json\/wp\/v2\/media\/3589"}],"wp:attachment":[{"href":"https:\/\/travelshelper.com\/pt\/wp-json\/wp\/v2\/media?parent=9641"}],"curies":[{"name":"wp","href":"https:\/\/api.w.org\/{rel}","templated":true}]}}