{"id":9611,"date":"2024-09-08T19:59:37","date_gmt":"2024-09-08T19:59:37","guid":{"rendered":"https:\/\/travelshelper.com\/staging\/?page_id=9611"},"modified":"2026-03-13T22:56:56","modified_gmt":"2026-03-13T22:56:56","slug":"ilhas-marshall","status":"publish","type":"page","link":"https:\/\/travelshelper.com\/pt\/destinations\/australia-and-oceania\/marshall-islands\/","title":{"rendered":"Ilhas Marshall"},"content":{"rendered":"<p>As Ilhas Marshall, chamadas em marshall\u00eas de \u1e42aje\u1e37, oficialmente conhecidas como Rep\u00fablica das Ilhas Marshall (Aolep\u0101n Aor\u014dkin \u1e42aje\u1e37), s\u00e3o uma na\u00e7\u00e3o insular soberana situada na regi\u00e3o da Micron\u00e9sia, no noroeste do Oceano Pac\u00edfico. Localizadas a oeste da Linha Internacional de Data e ao norte do Equador, as Ilhas Marshall s\u00e3o uma na\u00e7\u00e3o distinta, com uma hist\u00f3ria rica e caracter\u00edsticas geogr\u00e1ficas \u00fanicas. A na\u00e7\u00e3o \u00e9 composta por 29 at\u00f3is de coral e cinco ilhas, categorizadas em duas cadeias de ilhas: Ratak a leste e Ralik a oeste. Notavelmente, 97,87% do territ\u00f3rio do pa\u00eds \u00e9 composto por \u00e1gua, tornando-o o estado soberano com a maior propor\u00e7\u00e3o de \u00e1gua em rela\u00e7\u00e3o \u00e0 terra.<\/p>\n<p>As Ilhas Marshall t\u00eam fronteiras mar\u00edtimas com m\u00faltiplos territ\u00f3rios e na\u00e7\u00f5es: a Ilha Wake ao norte, Kiribati a sudeste, Nauru ao sul e os Estados Federados da Micron\u00e9sia a oeste. Majuro, a capital e maior cidade, abriga cerca de cinquenta por cento da popula\u00e7\u00e3o do pa\u00eds, atuando como centro pol\u00edtico e econ\u00f4mico.<\/p>\n<p>A hist\u00f3ria das Ilhas Marshall est\u00e1 fundamentalmente ancorada na migra\u00e7\u00e3o austron\u00e9sica que chegou \u00e0s ilhas j\u00e1 no segundo mil\u00eanio a.C. Os primeiros imigrantes introduziram culturas do Sudeste Asi\u00e1tico, como cocos, taro-do-p\u00e2ntano e fruta-p\u00e3o, al\u00e9m de aves dom\u00e9sticas, tornando as ilhas permanentemente habit\u00e1veis. V\u00e1rias expedi\u00e7\u00f5es espanholas chegaram \u00e0s ilhas em meados do s\u00e9culo XVI; no entanto, os gale\u00f5es espanh\u00f3is geralmente navegavam pelo Pac\u00edfico mais ao norte, contornando assim as Ilhas Marshall.<\/p>\n<p>As ilhas foram nomeadas em homenagem ao capit\u00e3o brit\u00e2nico John Marshall, que conduziu uma explora\u00e7\u00e3o da \u00e1rea em 1788. Na d\u00e9cada de 1850, mission\u00e1rios protestantes americanos e interesses comerciais ocidentais come\u00e7aram sua chegada, significando o in\u00edcio de consider\u00e1vel influ\u00eancia estrangeira. Nas d\u00e9cadas de 1870 e 1880, os comerciantes de copra alem\u00e3es predominaram na economia, resultando na anexa\u00e7\u00e3o das Ilhas Marshall pelo Imp\u00e9rio Alem\u00e3o como um protetorado em 1885. Durante a Primeira Guerra Mundial, o Imp\u00e9rio do Jap\u00e3o invadiu as ilhas, que posteriormente formaram parte do Mandato Japon\u00eas dos Mares do Sul ap\u00f3s a guerra. Ap\u00f3s a Segunda Guerra Mundial, os Estados Unidos assumiram a autoridade e governaram as ilhas como parte do Territ\u00f3rio Fiduci\u00e1rio das Ilhas do Pac\u00edfico. De 1946 a 1958, os Estados Unidos executaram 67 testes nucleares no Atol de Bikini e no Atol de Enewetak, resultando em um profundo impacto nas ilhas.<\/p>\n<p>A busca pela autogovernan\u00e7a teve in\u00edcio com a cria\u00e7\u00e3o do Congresso da Micron\u00e9sia em 1965, com o objetivo de ampliar a autonomia das ilhas do Pac\u00edfico. Em maio de 1979, os Estados Unidos reconheceram a constitui\u00e7\u00e3o das Ilhas Marshall e sua presidente, Amata Kabua, conferindo independ\u00eancia \u00e0 na\u00e7\u00e3o. A soberania completa foi alcan\u00e7ada pelo Pacto de Livre Associa\u00e7\u00e3o com os Estados Unidos, que ofereceu defesa, apoio financeiro e acesso a institui\u00e7\u00f5es americanas como a Comiss\u00e3o Federal de Comunica\u00e7\u00f5es e o Servi\u00e7o Postal dos Estados Unidos. As Ilhas Marshall s\u00e3o membros da Comunidade do Pac\u00edfico desde 1983 e tornaram-se membros das Na\u00e7\u00f5es Unidas em 1991.<\/p>\n<p>A economia das Ilhas Marshall \u00e9 predominantemente voltada para servi\u00e7os, complementada pela pesca e agricultura, com assist\u00eancia financeira substancial dos Estados Unidos representando uma parte consider\u00e1vel do seu PIB. A assist\u00eancia financeira fornecida pelo Pacto de Livre Associa\u00e7\u00e3o, originalmente prevista para terminar em 2023, foi prorrogada por mais 20 anos. O pa\u00eds utiliza o d\u00f3lar americano como moeda e declarou inten\u00e7\u00f5es em 2018 de implementar uma nova criptomoeda como moeda legal.<\/p>\n<p>A popula\u00e7\u00e3o das Ilhas Marshall \u00e9 composta principalmente por indiv\u00edduos de ascend\u00eancia marshallesa, al\u00e9m de pequenas comunidades de imigrantes dos Estados Unidos, China, Filipinas e outras ilhas do Pac\u00edfico. O marshall\u00eas e o ingl\u00eas s\u00e3o as l\u00ednguas oficiais, personificando o legado cultural e as conex\u00f5es hist\u00f3ricas da na\u00e7\u00e3o. A religi\u00e3o \u00e9 parte integrante da cultura, com quase toda a popula\u00e7\u00e3o aderindo a algum tipo de sistema de cren\u00e7as. As afilia\u00e7\u00f5es predominantes s\u00e3o com a Igreja Unida de Cristo \u2013 Congregacional nas Ilhas Marshall ou com as Assembleias de Deus.<\/p>","protected":false},"excerpt":{"rendered":"<p>As Ilhas Marshall, chamadas em marshall\u00eas de \u1e42aje\u1e37, oficialmente conhecidas como Rep\u00fablica das Ilhas Marshall (Aolep\u0101n Aor\u014dkin \u1e42aje\u1e37), s\u00e3o uma na\u00e7\u00e3o insular soberana situada na regi\u00e3o da Micron\u00e9sia, no noroeste do Oceano Pac\u00edfico. Localizadas a oeste da Linha Internacional de Data e ao norte do Equador, as Ilhas Marshall s\u00e3o uma na\u00e7\u00e3o distinta, com uma hist\u00f3ria rica e caracter\u00edsticas geogr\u00e1ficas \u00fanicas. A na\u00e7\u00e3o \u00e9 composta por 29 at\u00f3is de coral e cinco ilhas, categorizadas em duas cadeias de ilhas: Ratak a leste e Ralik a oeste. Notavelmente, 97,87% do territ\u00f3rio do pa\u00eds \u00e9 composto por \u00e1gua, tornando-o o estado soberano com a maior propor\u00e7\u00e3o de \u00e1gua em rela\u00e7\u00e3o \u00e0 terra.<\/p>","protected":false},"author":1,"featured_media":3354,"parent":24105,"menu_order":0,"comment_status":"closed","ping_status":"closed","template":"elementor_theme","meta":{"_eb_attr":"","footnotes":""},"class_list":["post-9611","page","type-page","status-publish","has-post-thumbnail"],"_links":{"self":[{"href":"https:\/\/travelshelper.com\/pt\/wp-json\/wp\/v2\/pages\/9611","targetHints":{"allow":["GET"]}}],"collection":[{"href":"https:\/\/travelshelper.com\/pt\/wp-json\/wp\/v2\/pages"}],"about":[{"href":"https:\/\/travelshelper.com\/pt\/wp-json\/wp\/v2\/types\/page"}],"author":[{"embeddable":true,"href":"https:\/\/travelshelper.com\/pt\/wp-json\/wp\/v2\/users\/1"}],"replies":[{"embeddable":true,"href":"https:\/\/travelshelper.com\/pt\/wp-json\/wp\/v2\/comments?post=9611"}],"version-history":[{"count":0,"href":"https:\/\/travelshelper.com\/pt\/wp-json\/wp\/v2\/pages\/9611\/revisions"}],"up":[{"embeddable":true,"href":"https:\/\/travelshelper.com\/pt\/wp-json\/wp\/v2\/pages\/24105"}],"wp:featuredmedia":[{"embeddable":true,"href":"https:\/\/travelshelper.com\/pt\/wp-json\/wp\/v2\/media\/3354"}],"wp:attachment":[{"href":"https:\/\/travelshelper.com\/pt\/wp-json\/wp\/v2\/media?parent=9611"}],"curies":[{"name":"wp","href":"https:\/\/api.w.org\/{rel}","templated":true}]}}