{"id":9598,"date":"2024-09-08T19:45:06","date_gmt":"2024-09-08T19:45:06","guid":{"rendered":"https:\/\/travelshelper.com\/staging\/?page_id=9598"},"modified":"2026-03-13T22:54:30","modified_gmt":"2026-03-13T22:54:30","slug":"nauru","status":"publish","type":"page","link":"https:\/\/travelshelper.com\/pt\/destinations\/australia-and-oceania\/nauru\/","title":{"rendered":"Nauru"},"content":{"rendered":"<p>Nauru, oficialmente conhecida como Rep\u00fablica de Nauru, \u00e9 um pequeno pa\u00eds insular e microestado localizado na Micron\u00e9sia, parte da vasta regi\u00e3o da Oceania, no Pac\u00edfico Central. Historicamente conhecida como Ilha Agrad\u00e1vel, Nauru \u00e9 uma na\u00e7\u00e3o \u00fanica, com uma hist\u00f3ria rica e um cen\u00e1rio socioecon\u00f4mico complexo. Sua vizinha mais pr\u00f3xima \u00e9 a Ilha Banaba, em Kiribati, situada a aproximadamente 300 quil\u00f4metros (190 milhas) a leste. Geograficamente, Nauru est\u00e1 localizada a noroeste de Tuvalu, 1.300 quil\u00f4metros (810 milhas) a nordeste das Ilhas Salom\u00e3o, a leste-nordeste de Papua-Nova Guin\u00e9, a sudeste dos Estados Federados da Micron\u00e9sia e ao sul das Ilhas Marshall.<\/p>\n<p>Com uma \u00e1rea total de apenas 21 quil\u00f4metros quadrados (8,1 milhas quadradas), Nauru det\u00e9m a distin\u00e7\u00e3o de ser o terceiro menor pa\u00eds do mundo, superado apenas pela Cidade do Vaticano e M\u00f4naco. Isso o torna a menor rep\u00fablica e na\u00e7\u00e3o insular do mundo, bem como o menor estado-membro da Comunidade das Na\u00e7\u00f5es em \u00e1rea. Apesar de seu tamanho diminuto, Nauru abriga aproximadamente 10.800 pessoas, o que o coloca como a terceira menor popula\u00e7\u00e3o do mundo, sem incluir col\u00f4nias ou territ\u00f3rios ultramarinos. Como membro das Na\u00e7\u00f5es Unidas, da Comunidade das Na\u00e7\u00f5es e da Organiza\u00e7\u00e3o dos Estados Africanos, Caribenhos e Pac\u00edficos, Nauru desempenha um papel na diplomacia e coopera\u00e7\u00e3o internacionais.<\/p>\n<p>A hist\u00f3ria de Nauru remonta a cerca de 1000 a.C., quando foi colonizada pela primeira vez pelos micron\u00e9sios. A localiza\u00e7\u00e3o estrat\u00e9gica e os recursos da ilha atra\u00edram a aten\u00e7\u00e3o das pot\u00eancias coloniais e, no final do s\u00e9culo XIX, foi anexada e reivindicada como col\u00f4nia pelo Imp\u00e9rio Alem\u00e3o. Ap\u00f3s a Primeira Guerra Mundial, Nauru tornou-se um mandato da Liga das Na\u00e7\u00f5es, administrado pela Austr\u00e1lia, Nova Zel\u00e2ndia e Reino Unido. Durante a Segunda Guerra Mundial, as for\u00e7as japonesas ocuparam Nauru, e a ilha foi contornada pelo avan\u00e7o dos Aliados pelo Pac\u00edfico. Ap\u00f3s a guerra, Nauru passou a ser tutelada pelas Na\u00e7\u00f5es Unidas, conquistando a independ\u00eancia em 1968.<\/p>\n<p>Nas \u00faltimas d\u00e9cadas, a rela\u00e7\u00e3o de Nauru com a Austr\u00e1lia tem sido particularmente significativa. Desde 2001, o pa\u00eds aceita ajuda do governo australiano em troca de sediar o Centro Regional de Processamento de Nauru, um centro de deten\u00e7\u00e3o de imigrantes australianos offshore. Esse acordo tem sido controverso e levou alguns a descrever Nauru como um estado cliente da Austr\u00e1lia devido \u00e0 sua forte depend\u00eancia do apoio australiano.<\/p>\n<p>A economia de Nauru historicamente se concentrou em seus ricos dep\u00f3sitos de rocha fosf\u00e1tica, facilmente acess\u00edveis para minera\u00e7\u00e3o a c\u00e9u aberto. Por mais de um s\u00e9culo, a minera\u00e7\u00e3o de fosfato foi a espinha dorsal da economia de Nauru, proporcionando riqueza substancial e oportunidades de desenvolvimento. No entanto, o impacto ambiental da minera\u00e7\u00e3o extensiva tem sido devastador, levando a uma grave degrada\u00e7\u00e3o ecol\u00f3gica. Na d\u00e9cada de 1990, as reservas de fosfato estavam em grande parte esgotadas e os dep\u00f3sitos restantes n\u00e3o eram economicamente vi\u00e1veis \u200b\u200bpara extra\u00e7\u00e3o. Essa situa\u00e7\u00e3o deixou Nauru \u00e0s voltas com a &#034;maldi\u00e7\u00e3o dos recursos&#034;, em que a depend\u00eancia de um \u00fanico recurso natural levou a desafios econ\u00f4micos e danos ambientais.<\/p>\n<p>Para administrar a riqueza acumulada com a minera\u00e7\u00e3o de fosfato, Nauru criou um fundo fiduci\u00e1rio com o objetivo de garantir o futuro financeiro do pa\u00eds ap\u00f3s o esgotamento das reservas de fosfato. Infelizmente, o valor desse fundo diminuiu com o tempo, levando \u00e0 instabilidade econ\u00f4mica. Na tentativa de diversificar suas fontes de renda, Nauru tornou-se brevemente um para\u00edso fiscal e um centro de atividades ilegais de lavagem de dinheiro. Esses empreendimentos, no entanto, n\u00e3o eram solu\u00e7\u00f5es sustent\u00e1veis \u200b\u200ba longo prazo para os problemas econ\u00f4micos do pa\u00eds.<\/p>\n<p>Hoje, Nauru enfrenta o desafio de reconstruir sua economia e seu meio ambiente, enquanto navega por suas complexas rela\u00e7\u00f5es pol\u00edticas e legados hist\u00f3ricos. Apesar desses desafios, a hist\u00f3ria de Nauru \u00e9 de resili\u00eancia e adapta\u00e7\u00e3o, refletindo a din\u00e2mica mais ampla das pequenas na\u00e7\u00f5es insulares no cen\u00e1rio global. \u00c0 medida que Nauru continua buscando caminhos de desenvolvimento sustent\u00e1vel, continua sendo um estudo \u00fanico e fascinante da intera\u00e7\u00e3o entre geografia, hist\u00f3ria e economia.<\/p>","protected":false},"excerpt":{"rendered":"<p>Nauru, oficialmente conhecida como Rep\u00fablica de Nauru, \u00e9 um pequeno pa\u00eds insular e microestado localizado na Micron\u00e9sia, parte da vasta regi\u00e3o da Oceania, no Pac\u00edfico Central. Historicamente conhecida como Ilha Agrad\u00e1vel, Nauru \u00e9 uma na\u00e7\u00e3o \u00fanica, com uma hist\u00f3ria rica e um cen\u00e1rio socioecon\u00f4mico complexo. Sua vizinha mais pr\u00f3xima \u00e9 a Ilha Banaba, em Kiribati, situada a aproximadamente 300 quil\u00f4metros (190 milhas) a leste. Geograficamente, Nauru est\u00e1 localizada a noroeste de Tuvalu, 1.300 quil\u00f4metros (810 milhas) a nordeste das Ilhas Salom\u00e3o, a leste-nordeste de Papua-Nova Guin\u00e9, a sudeste dos Estados Federados da Micron\u00e9sia e ao sul das Ilhas Marshall.<\/p>","protected":false},"author":1,"featured_media":3089,"parent":24105,"menu_order":0,"comment_status":"closed","ping_status":"closed","template":"elementor_theme","meta":{"_eb_attr":"","footnotes":""},"class_list":["post-9598","page","type-page","status-publish","has-post-thumbnail"],"_links":{"self":[{"href":"https:\/\/travelshelper.com\/pt\/wp-json\/wp\/v2\/pages\/9598","targetHints":{"allow":["GET"]}}],"collection":[{"href":"https:\/\/travelshelper.com\/pt\/wp-json\/wp\/v2\/pages"}],"about":[{"href":"https:\/\/travelshelper.com\/pt\/wp-json\/wp\/v2\/types\/page"}],"author":[{"embeddable":true,"href":"https:\/\/travelshelper.com\/pt\/wp-json\/wp\/v2\/users\/1"}],"replies":[{"embeddable":true,"href":"https:\/\/travelshelper.com\/pt\/wp-json\/wp\/v2\/comments?post=9598"}],"version-history":[{"count":0,"href":"https:\/\/travelshelper.com\/pt\/wp-json\/wp\/v2\/pages\/9598\/revisions"}],"up":[{"embeddable":true,"href":"https:\/\/travelshelper.com\/pt\/wp-json\/wp\/v2\/pages\/24105"}],"wp:featuredmedia":[{"embeddable":true,"href":"https:\/\/travelshelper.com\/pt\/wp-json\/wp\/v2\/media\/3089"}],"wp:attachment":[{"href":"https:\/\/travelshelper.com\/pt\/wp-json\/wp\/v2\/media?parent=9598"}],"curies":[{"name":"wp","href":"https:\/\/api.w.org\/{rel}","templated":true}]}}