{"id":9583,"date":"2024-09-08T19:33:00","date_gmt":"2024-09-08T19:33:00","guid":{"rendered":"https:\/\/travelshelper.com\/staging\/?page_id=9583"},"modified":"2026-03-13T23:17:37","modified_gmt":"2026-03-13T23:17:37","slug":"vanuatu","status":"publish","type":"page","link":"https:\/\/travelshelper.com\/pt\/destinations\/australia-and-oceania\/vanuatu\/","title":{"rendered":"Vanuatu"},"content":{"rendered":"<p>Vanuatu, oficialmente conhecido como Rep\u00fablica de Vanuatu, \u00e9 uma intrigante na\u00e7\u00e3o insular situada na regi\u00e3o central da Melan\u00e9sia, no Oceano Pac\u00edfico Sul. 1.750 quil\u00f4metros (1.090 milhas) a leste do norte da Austr\u00e1lia, 540 quil\u00f4metros (340 milhas) a nordeste da Nova Caled\u00f4nia, a leste da Nova Guin\u00e9, a sudeste das Ilhas Salom\u00e3o e a oeste de Fiji, situa-se este arquip\u00e9lago, conhecido por suas origens vulc\u00e2nicas. A localiza\u00e7\u00e3o geogr\u00e1fica \u00fanica de Vanuatu levou a uma converg\u00eancia de influ\u00eancias culturais, definindo-o como um pa\u00eds proeminente do Pac\u00edfico.<\/p>\n<p>A hist\u00f3ria de Vanuatu est\u00e1 intimamente ligada \u00e0 dos povos melan\u00e9sios que se estabeleceram nas ilhas h\u00e1 milhares de anos. Os primeiros imigrantes trouxeram costumes culturais e l\u00ednguas sofisticadas que perduraram ao longo do tempo. O primeiro contato europeu com Vanuatu ocorreu em 1606, quando uma expedi\u00e7\u00e3o espanhola rumou \u00e0 maior ilha, Esp\u00edrito Santo, sob a lideran\u00e7a do navegador portugu\u00eas Fernandes de Queir\u00f3s. Inspirado pelo apelo e pelas oportunidades da ilha, Queir\u00f3s reivindicou a soberania da Espanha sobre o arquip\u00e9lago como parte das \u00cdndias Orientais espanholas coloniais, designando assim La Austrialia del Esp\u00edritu Santo. Embora tenham levado s\u00e9culos para que atividades coloniais significativas surgissem, isso marcou o in\u00edcio da intera\u00e7\u00e3o europeia com a regi\u00e3o.<\/p>\n<p>No final do s\u00e9culo XIX, a intera\u00e7\u00e3o europeia com as ilhas do Pac\u00edfico \u2014 incluindo Vanuatu \u2014 estava aumentando. A Fran\u00e7a e o Reino Unido reivindicaram territ\u00f3rios do arquip\u00e9lago na d\u00e9cada de 1880. O encontro de interesses produziu uma estrutura colonial \u00fanica em 1906, quando ambas as na\u00e7\u00f5es concordaram em monitorar conjuntamente as ilhas sob um condom\u00ednio anglo-franc\u00eas conhecido como Novas H\u00e9bridas. Como duas pot\u00eancias coloniais diferentes \u2014 cada uma delas distinta por l\u00ednguas, sistemas jur\u00eddicos e t\u00e9cnicas administrativas singulares \u2014 devem cooperar, esse arranjo se destaca na hist\u00f3ria colonial. O per\u00edodo dos condom\u00ednios exibiu uma estrutura de governan\u00e7a complexa e frequentemente controversa que finalmente estabeleceu as bases para o cen\u00e1rio pol\u00edtico moderno de Vanuatu.<\/p>\n<p>Sem que Vanuatu fosse uma exce\u00e7\u00e3o a essa regra, meados do s\u00e9culo XX foi um per\u00edodo de grande agita\u00e7\u00e3o e mudan\u00e7as vivenciadas globalmente. Impulsionado pela crescente consci\u00eancia da identidade nacional e por um forte desejo de autodetermina\u00e7\u00e3o, um movimento de independ\u00eancia surgiu na d\u00e9cada de 1970. Enfatizando o compromisso dos ilh\u00e9us em conquistar a liberdade por meio da comunica\u00e7\u00e3o e da coopera\u00e7\u00e3o, o movimento concentrou-se claramente em manifesta\u00e7\u00f5es e negocia\u00e7\u00f5es n\u00e3o violentas. Ap\u00f3s anos de trabalho, esses esfor\u00e7os foram concretizados em 1980, com o surgimento da Rep\u00fablica de Vanuatu. A transi\u00e7\u00e3o para a independ\u00eancia ocorreu de forma bastante natural, permitindo que o pa\u00eds em desenvolvimento rapidamente estabelecesse seu perfil no cen\u00e1rio mundial.<\/p>\n<p>Vanuatu tem interagido metodicamente com a comunidade mundial desde sua independ\u00eancia, comprovando sua participa\u00e7\u00e3o em diversos grupos not\u00e1veis. Ao ingressar nas Na\u00e7\u00f5es Unidas, o pa\u00eds demonstrou seu compromisso com a paz mundial e com projetos coletivos. Sendo membro da Comunidade das Na\u00e7\u00f5es, Vanuatu mant\u00e9m fortes la\u00e7os com outras ex-col\u00f4nias brit\u00e2nicas, utilizando sua heran\u00e7a cultural e hist\u00f3rica compartilhada. Sua participa\u00e7\u00e3o na Organiza\u00e7\u00e3o Internacional da Francofonia tamb\u00e9m demonstra seus v\u00ednculos hist\u00f3ricos com o colonialismo franc\u00eas e a influ\u00eancia cont\u00ednua da l\u00edngua e da cultura francesas. Vanuatu \u00e9 membro do F\u00f3rum das Ilhas do Pac\u00edfico, um organismo regional destinado a promover a coopera\u00e7\u00e3o e o desenvolvimento entre os pa\u00edses das Ilhas do Pac\u00edfico.<\/p>\n<p>Uma qualidade especialmente not\u00e1vel de Vanuatu \u00e9 sua grande variedade cultural. Com mais de 100 l\u00ednguas ind\u00edgenas, o pa\u00eds est\u00e1 entre as na\u00e7\u00f5es com maior diversidade lingu\u00edstica do mundo. Uma gama din\u00e2mica de pr\u00e1ticas culturais, incluindo m\u00fasicas e dan\u00e7as antigas, al\u00e9m de ritos e cerim\u00f4nias \u00fanicos, acentua a diversidade lingu\u00edstica. Com ricas florestas tropicais, praias imaculadas e vulc\u00f5es ativos que se somam a uma variedade de cen\u00e1rios incr\u00edveis e ecossistemas variados, a beleza natural do pa\u00eds \u00e9 um forte argumento a favor.<\/p>\n<p>A economia de Vanuatu gira essencialmente em torno de servi\u00e7os financeiros offshore, turismo e agricultura. O rico solo vulc\u00e2nico facilita o cultivo de uma variedade de culturas, incluindo caf\u00e9, cacau e coco \u2014 todas importantes exporta\u00e7\u00f5es. Visitantes atra\u00eddos pela incr\u00edvel beleza natural das ilhas, pelo diversificado legado cultural e pelas possibilidades de aventura e lazer impulsionam o crescimento do setor de viagens.<\/p>","protected":false},"excerpt":{"rendered":"<p>Vanuatu, oficialmente conhecido como Rep\u00fablica de Vanuatu, \u00e9 uma intrigante na\u00e7\u00e3o insular situada na regi\u00e3o central da Melan\u00e9sia, no Oceano Pac\u00edfico Sul. 1.750 quil\u00f4metros (1.090 milhas) a leste do norte da Austr\u00e1lia, 540 quil\u00f4metros (340 milhas) a nordeste da Nova Caled\u00f4nia, a leste da Nova Guin\u00e9, a sudeste das Ilhas Salom\u00e3o e a oeste de Fiji, situa-se este arquip\u00e9lago, conhecido por suas origens vulc\u00e2nicas. A localiza\u00e7\u00e3o geogr\u00e1fica \u00fanica de Vanuatu levou a uma converg\u00eancia de influ\u00eancias culturais, definindo-o como um pa\u00eds proeminente do Pac\u00edfico.<\/p>","protected":false},"author":1,"featured_media":4267,"parent":24105,"menu_order":0,"comment_status":"closed","ping_status":"closed","template":"elementor_theme","meta":{"_eb_attr":"","footnotes":""},"class_list":["post-9583","page","type-page","status-publish","has-post-thumbnail"],"_links":{"self":[{"href":"https:\/\/travelshelper.com\/pt\/wp-json\/wp\/v2\/pages\/9583","targetHints":{"allow":["GET"]}}],"collection":[{"href":"https:\/\/travelshelper.com\/pt\/wp-json\/wp\/v2\/pages"}],"about":[{"href":"https:\/\/travelshelper.com\/pt\/wp-json\/wp\/v2\/types\/page"}],"author":[{"embeddable":true,"href":"https:\/\/travelshelper.com\/pt\/wp-json\/wp\/v2\/users\/1"}],"replies":[{"embeddable":true,"href":"https:\/\/travelshelper.com\/pt\/wp-json\/wp\/v2\/comments?post=9583"}],"version-history":[{"count":0,"href":"https:\/\/travelshelper.com\/pt\/wp-json\/wp\/v2\/pages\/9583\/revisions"}],"up":[{"embeddable":true,"href":"https:\/\/travelshelper.com\/pt\/wp-json\/wp\/v2\/pages\/24105"}],"wp:featuredmedia":[{"embeddable":true,"href":"https:\/\/travelshelper.com\/pt\/wp-json\/wp\/v2\/media\/4267"}],"wp:attachment":[{"href":"https:\/\/travelshelper.com\/pt\/wp-json\/wp\/v2\/media?parent=9583"}],"curies":[{"name":"wp","href":"https:\/\/api.w.org\/{rel}","templated":true}]}}